{"id":3799,"date":"2021-03-06T13:08:24","date_gmt":"2021-03-06T12:08:24","guid":{"rendered":"http:\/\/pozega-tz.hr\/en\/?page_id=3799"},"modified":"2021-11-01T23:01:12","modified_gmt":"2021-11-01T22:01:12","slug":"zabava-nocni-zivot","status":"publish","type":"page","link":"https:\/\/pozega-tz.hr\/en\/vidi-i-dozivi\/zabava-nocni-zivot\/","title":{"rendered":"Entertainment &#038; Nightlife"},"content":{"rendered":"<p>[et_pb_section fb_built=&#8221;1&#8243; _builder_version=&#8221;4.9.0&#8243; _module_preset=&#8221;default&#8221; custom_padding=&#8221;0px||22px|||&#8221; global_module=&#8221;3220&#8243; saved_tabs=&#8221;all&#8221; global_colors_info=&#8221;{}&#8221;][et_pb_row _builder_version=&#8221;4.9.0&#8243; _module_preset=&#8221;default&#8221; background_color=&#8221;#ededed&#8221; width=&#8221;100%&#8221; max_width=&#8221;2560px&#8221; custom_padding=&#8221;|3%||3%|false|true&#8221; global_colors_info=&#8221;{}&#8221;][et_pb_column type=&#8221;4_4&#8243; _builder_version=&#8221;4.9.0&#8243; _module_preset=&#8221;default&#8221; global_colors_info=&#8221;{}&#8221;][et_pb_menu menu_id=&#8221;35&#8243; submenu_direction=&#8221;upwards&#8221; _builder_version=&#8221;4.9.0&#8243; _module_preset=&#8221;default&#8221; background_enable_color=&#8221;off&#8221; global_colors_info=&#8221;{}&#8221;][\/et_pb_menu][\/et_pb_column][\/et_pb_row][et_pb_row _builder_version=&#8221;4.9.0&#8243; _module_preset=&#8221;default&#8221; custom_margin=&#8221;20px||||false|false&#8221; global_colors_info=&#8221;{}&#8221;][et_pb_column type=&#8221;4_4&#8243; _builder_version=&#8221;4.9.0&#8243; _module_preset=&#8221;default&#8221; global_colors_info=&#8221;{}&#8221;][et_pb_text _builder_version=&#8221;4.11.3&#8243; _dynamic_attributes=&#8221;content&#8221; _module_preset=&#8221;default&#8221; text_font=&#8221;Ubuntu||||||||&#8221; text_font_size=&#8221;41px&#8221; header_font=&#8221;Ubuntu|700|||||||&#8221; header_font_size=&#8221;54px&#8221; global_colors_info=&#8221;{}&#8221;]@ET-DC@eyJkeW5hbWljIjp0cnVlLCJjb250ZW50IjoicG9zdF90aXRsZSIsInNldHRpbmdzIjp7ImJlZm9yZSI6IiIsImFmdGVyIjoiIn19@[\/et_pb_text][\/et_pb_column][\/et_pb_row][\/et_pb_section][et_pb_section fb_built=&#8221;1&#8243; _builder_version=&#8221;4.9.0&#8243; _module_preset=&#8221;default&#8221; background_color=&#8221;#f9f9f9&#8243; custom_padding=&#8221;0px||0px|||&#8221; global_colors_info=&#8221;{}&#8221;][et_pb_row column_structure=&#8221;1_2,1_2&#8243; use_custom_gutter=&#8221;on&#8221; gutter_width=&#8221;1&#8243; make_equal=&#8221;on&#8221; _builder_version=&#8221;4.9.0&#8243; _module_preset=&#8221;default&#8221; width=&#8221;100%&#8221; max_width=&#8221;2560px&#8221; module_alignment=&#8221;center&#8221; custom_padding=&#8221;0%||0%||true|true&#8221; global_colors_info=&#8221;{}&#8221;][et_pb_column type=&#8221;1_2&#8243; _builder_version=&#8221;4.9.0&#8243; _module_preset=&#8221;default&#8221; custom_padding=&#8221;5%|5%|5%|5%|true|false&#8221; global_colors_info=&#8221;{}&#8221;][et_pb_text _builder_version=&#8221;4.9.0&#8243; _module_preset=&#8221;default&#8221; global_colors_info=&#8221;{}&#8221;]<\/p>\n<p>Although Po\u017eega and Slavonia region are known for their love for the traditional \u201cTamburica\u201d music, mostly because of the nation-wide popular music festival \u201cZlatne \u017dice Slavonije\u201d (The Golden Strings of Slavonia), our city is maybe just as known as the cradle of Croatian original pop, rock and punk sounds.<\/p>\n<p>\u00a0Many local pubs are places of a good beat with all kinds of popular music styles. Even though most of them close at midnight, you can continue to party in some of the nearby night clubs located in the city centre. You\u2019ll find the best party atmosphere on Fridays and Saturdays.<\/p>\n<p>&nbsp;<\/p>\n<p>&nbsp;<\/p>\n<p><span style=\"font-size: 16px;\">.<\/span><\/p>\n<p>[\/et_pb_text][\/et_pb_column][et_pb_column type=&#8221;1_2&#8243; _builder_version=&#8221;4.9.0&#8243; _module_preset=&#8221;default&#8221; background_image=&#8221;http:\/\/pozega-tz.hr\/en\/wp-content\/uploads\/2021\/03\/pexels-photo-340996.jpeg&#8221; global_colors_info=&#8221;{}&#8221;][et_pb_text _builder_version=&#8221;4.9.0&#8243; _module_preset=&#8221;default&#8221; min_height=&#8221;410px&#8221; global_colors_info=&#8221;{}&#8221;][\/et_pb_text][\/et_pb_column][\/et_pb_row][\/et_pb_section]<\/p>\n","protected":false},"excerpt":{"rendered":"<p>Although Po\u017eega and Slavonia region are known for their love for the traditional \u201cTamburica\u201d music, mostly because of the nation-wide popular music festival \u201cZlatne \u017dice Slavonije\u201d (The Golden Strings of Slavonia), our city is maybe just as known as the cradle of Croatian original pop, rock and punk sounds.<\/p>\n","protected":false},"author":1,"featured_media":3801,"parent":3216,"menu_order":0,"comment_status":"closed","ping_status":"closed","template":"","meta":{"_acf_changed":false,"_et_pb_use_builder":"on","_et_pb_old_content":"","_et_gb_content_width":"","footnotes":""},"class_list":["post-3799","page","type-page","status-publish","has-post-thumbnail","hentry"],"acf":[],"yoast_head":"<!-- This site is optimized with the Yoast SEO plugin v25.7 - https:\/\/yoast.com\/wordpress\/plugins\/seo\/ -->\n<title>Entertainment &amp; Nightlife - Po\u017eega Tourist board<\/title>\n<meta name=\"description\" content=\"Iako Po\u017eegu kao i cijelu Slavoniju \u010desto poistovje\u0107ujemo samo s tradicionalnom tambura\u0161kom glazbom, ponajprije zbog popularnog festivala Zlatne \u017dice Slavonije, na\u0161 je grad barem jednako tako poznat i kao kolijevka hrvatskog pop, rock i punk zvuka.\" \/>\n<meta name=\"robots\" content=\"index, follow, max-snippet:-1, max-image-preview:large, max-video-preview:-1\" \/>\n<link rel=\"canonical\" href=\"http:\/\/pozega-tz.hr\/en\/vidi-i-dozivi\/zabava-nocni-zivot\/\" \/>\n<meta property=\"og:locale\" content=\"en_US\" \/>\n<meta property=\"og:type\" content=\"article\" \/>\n<meta property=\"og:title\" content=\"Entertainment &amp; Nightlife - Po\u017eega Tourist board\" \/>\n<meta property=\"og:description\" content=\"Iako Po\u017eegu kao i cijelu Slavoniju \u010desto poistovje\u0107ujemo samo s tradicionalnom tambura\u0161kom glazbom, ponajprije zbog popularnog festivala Zlatne \u017dice Slavonije, na\u0161 je grad barem jednako tako poznat i kao kolijevka hrvatskog pop, rock i punk zvuka.\" \/>\n<meta property=\"og:url\" content=\"http:\/\/pozega-tz.hr\/en\/vidi-i-dozivi\/zabava-nocni-zivot\/\" \/>\n<meta property=\"og:site_name\" content=\"Po\u017eega Tourist board\" \/>\n<meta property=\"article:modified_time\" content=\"2021-11-01T22:01:12+00:00\" \/>\n<meta property=\"og:image\" content=\"http:\/\/pozega-tz.hr\/en\/wp-content\/uploads\/2021\/03\/pexels-photo-340996.jpeg\" \/>\n\t<meta property=\"og:image:width\" content=\"1880\" \/>\n\t<meta property=\"og:image:height\" content=\"1246\" \/>\n\t<meta property=\"og:image:type\" content=\"image\/jpeg\" \/>\n<meta name=\"twitter:card\" content=\"summary_large_image\" \/>\n<meta name=\"twitter:label1\" content=\"Est. reading time\" \/>\n\t<meta name=\"twitter:data1\" content=\"2 minutes\" \/>\n<script type=\"application\/ld+json\" class=\"yoast-schema-graph\">{\"@context\":\"https:\/\/schema.org\",\"@graph\":[{\"@type\":\"WebPage\",\"@id\":\"http:\/\/pozega-tz.hr\/en\/vidi-i-dozivi\/zabava-nocni-zivot\/\",\"url\":\"http:\/\/pozega-tz.hr\/en\/vidi-i-dozivi\/zabava-nocni-zivot\/\",\"name\":\"Entertainment & Nightlife - Po\u017eega Tourist board\",\"isPartOf\":{\"@id\":\"https:\/\/pozega-tz.hr\/en\/#website\"},\"primaryImageOfPage\":{\"@id\":\"http:\/\/pozega-tz.hr\/en\/vidi-i-dozivi\/zabava-nocni-zivot\/#primaryimage\"},\"image\":{\"@id\":\"http:\/\/pozega-tz.hr\/en\/vidi-i-dozivi\/zabava-nocni-zivot\/#primaryimage\"},\"thumbnailUrl\":\"https:\/\/pozega-tz.hr\/en\/wp-content\/uploads\/2021\/03\/pexels-photo-340996.jpeg\",\"datePublished\":\"2021-03-06T12:08:24+00:00\",\"dateModified\":\"2021-11-01T22:01:12+00:00\",\"description\":\"Iako Po\u017eegu kao i cijelu Slavoniju \u010desto poistovje\u0107ujemo samo s tradicionalnom tambura\u0161kom glazbom, ponajprije zbog popularnog festivala Zlatne \u017dice Slavonije, na\u0161 je grad barem jednako tako poznat i kao kolijevka hrvatskog pop, rock i punk zvuka.\",\"breadcrumb\":{\"@id\":\"http:\/\/pozega-tz.hr\/en\/vidi-i-dozivi\/zabava-nocni-zivot\/#breadcrumb\"},\"inLanguage\":\"en-US\",\"potentialAction\":[{\"@type\":\"ReadAction\",\"target\":[\"http:\/\/pozega-tz.hr\/en\/vidi-i-dozivi\/zabava-nocni-zivot\/\"]}]},{\"@type\":\"ImageObject\",\"inLanguage\":\"en-US\",\"@id\":\"http:\/\/pozega-tz.hr\/en\/vidi-i-dozivi\/zabava-nocni-zivot\/#primaryimage\",\"url\":\"https:\/\/pozega-tz.hr\/en\/wp-content\/uploads\/2021\/03\/pexels-photo-340996.jpeg\",\"contentUrl\":\"https:\/\/pozega-tz.hr\/en\/wp-content\/uploads\/2021\/03\/pexels-photo-340996.jpeg\",\"width\":1880,\"height\":1246},{\"@type\":\"BreadcrumbList\",\"@id\":\"http:\/\/pozega-tz.hr\/en\/vidi-i-dozivi\/zabava-nocni-zivot\/#breadcrumb\",\"itemListElement\":[{\"@type\":\"ListItem\",\"position\":1,\"name\":\"Vidi &#038; Do\u017eivi\",\"item\":\"https:\/\/pozega-tz.hr\/en\/vidi-i-dozivi\/\"},{\"@type\":\"ListItem\",\"position\":2,\"name\":\"Entertainment &#038; Nightlife\"}]},{\"@type\":\"WebSite\",\"@id\":\"https:\/\/pozega-tz.hr\/en\/#website\",\"url\":\"https:\/\/pozega-tz.hr\/en\/\",\"name\":\"Po\u017eega Tourist board\",\"description\":\"Brda&amp;Doline\",\"potentialAction\":[{\"@type\":\"SearchAction\",\"target\":{\"@type\":\"EntryPoint\",\"urlTemplate\":\"https:\/\/pozega-tz.hr\/en\/?s={search_term_string}\"},\"query-input\":{\"@type\":\"PropertyValueSpecification\",\"valueRequired\":true,\"valueName\":\"search_term_string\"}}],\"inLanguage\":\"en-US\"}]}<\/script>\n<!-- \/ Yoast SEO plugin. -->","yoast_head_json":{"title":"Entertainment & Nightlife - Po\u017eega Tourist board","description":"Iako Po\u017eegu kao i cijelu Slavoniju \u010desto poistovje\u0107ujemo samo s tradicionalnom tambura\u0161kom glazbom, ponajprije zbog popularnog festivala Zlatne \u017dice Slavonije, na\u0161 je grad barem jednako tako poznat i kao kolijevka hrvatskog pop, rock i punk zvuka.","robots":{"index":"index","follow":"follow","max-snippet":"max-snippet:-1","max-image-preview":"max-image-preview:large","max-video-preview":"max-video-preview:-1"},"canonical":"http:\/\/pozega-tz.hr\/en\/vidi-i-dozivi\/zabava-nocni-zivot\/","og_locale":"en_US","og_type":"article","og_title":"Entertainment & Nightlife - Po\u017eega Tourist board","og_description":"Iako Po\u017eegu kao i cijelu Slavoniju \u010desto poistovje\u0107ujemo samo s tradicionalnom tambura\u0161kom glazbom, ponajprije zbog popularnog festivala Zlatne \u017dice Slavonije, na\u0161 je grad barem jednako tako poznat i kao kolijevka hrvatskog pop, rock i punk zvuka.","og_url":"http:\/\/pozega-tz.hr\/en\/vidi-i-dozivi\/zabava-nocni-zivot\/","og_site_name":"Po\u017eega Tourist board","article_modified_time":"2021-11-01T22:01:12+00:00","og_image":[{"width":1880,"height":1246,"url":"http:\/\/pozega-tz.hr\/en\/wp-content\/uploads\/2021\/03\/pexels-photo-340996.jpeg","type":"image\/jpeg"}],"twitter_card":"summary_large_image","twitter_misc":{"Est. reading time":"2 minutes"},"schema":{"@context":"https:\/\/schema.org","@graph":[{"@type":"WebPage","@id":"http:\/\/pozega-tz.hr\/en\/vidi-i-dozivi\/zabava-nocni-zivot\/","url":"http:\/\/pozega-tz.hr\/en\/vidi-i-dozivi\/zabava-nocni-zivot\/","name":"Entertainment & Nightlife - Po\u017eega Tourist board","isPartOf":{"@id":"https:\/\/pozega-tz.hr\/en\/#website"},"primaryImageOfPage":{"@id":"http:\/\/pozega-tz.hr\/en\/vidi-i-dozivi\/zabava-nocni-zivot\/#primaryimage"},"image":{"@id":"http:\/\/pozega-tz.hr\/en\/vidi-i-dozivi\/zabava-nocni-zivot\/#primaryimage"},"thumbnailUrl":"https:\/\/pozega-tz.hr\/en\/wp-content\/uploads\/2021\/03\/pexels-photo-340996.jpeg","datePublished":"2021-03-06T12:08:24+00:00","dateModified":"2021-11-01T22:01:12+00:00","description":"Iako Po\u017eegu kao i cijelu Slavoniju \u010desto poistovje\u0107ujemo samo s tradicionalnom tambura\u0161kom glazbom, ponajprije zbog popularnog festivala Zlatne \u017dice Slavonije, na\u0161 je grad barem jednako tako poznat i kao kolijevka hrvatskog pop, rock i punk zvuka.","breadcrumb":{"@id":"http:\/\/pozega-tz.hr\/en\/vidi-i-dozivi\/zabava-nocni-zivot\/#breadcrumb"},"inLanguage":"en-US","potentialAction":[{"@type":"ReadAction","target":["http:\/\/pozega-tz.hr\/en\/vidi-i-dozivi\/zabava-nocni-zivot\/"]}]},{"@type":"ImageObject","inLanguage":"en-US","@id":"http:\/\/pozega-tz.hr\/en\/vidi-i-dozivi\/zabava-nocni-zivot\/#primaryimage","url":"https:\/\/pozega-tz.hr\/en\/wp-content\/uploads\/2021\/03\/pexels-photo-340996.jpeg","contentUrl":"https:\/\/pozega-tz.hr\/en\/wp-content\/uploads\/2021\/03\/pexels-photo-340996.jpeg","width":1880,"height":1246},{"@type":"BreadcrumbList","@id":"http:\/\/pozega-tz.hr\/en\/vidi-i-dozivi\/zabava-nocni-zivot\/#breadcrumb","itemListElement":[{"@type":"ListItem","position":1,"name":"Vidi &#038; Do\u017eivi","item":"https:\/\/pozega-tz.hr\/en\/vidi-i-dozivi\/"},{"@type":"ListItem","position":2,"name":"Entertainment &#038; Nightlife"}]},{"@type":"WebSite","@id":"https:\/\/pozega-tz.hr\/en\/#website","url":"https:\/\/pozega-tz.hr\/en\/","name":"Po\u017eega Tourist board","description":"Brda&amp;Doline","potentialAction":[{"@type":"SearchAction","target":{"@type":"EntryPoint","urlTemplate":"https:\/\/pozega-tz.hr\/en\/?s={search_term_string}"},"query-input":{"@type":"PropertyValueSpecification","valueRequired":true,"valueName":"search_term_string"}}],"inLanguage":"en-US"}]}},"_links":{"self":[{"href":"https:\/\/pozega-tz.hr\/en\/wp-json\/wp\/v2\/pages\/3799","targetHints":{"allow":["GET"]}}],"collection":[{"href":"https:\/\/pozega-tz.hr\/en\/wp-json\/wp\/v2\/pages"}],"about":[{"href":"https:\/\/pozega-tz.hr\/en\/wp-json\/wp\/v2\/types\/page"}],"author":[{"embeddable":true,"href":"https:\/\/pozega-tz.hr\/en\/wp-json\/wp\/v2\/users\/1"}],"replies":[{"embeddable":true,"href":"https:\/\/pozega-tz.hr\/en\/wp-json\/wp\/v2\/comments?post=3799"}],"version-history":[{"count":5,"href":"https:\/\/pozega-tz.hr\/en\/wp-json\/wp\/v2\/pages\/3799\/revisions"}],"predecessor-version":[{"id":4993,"href":"https:\/\/pozega-tz.hr\/en\/wp-json\/wp\/v2\/pages\/3799\/revisions\/4993"}],"up":[{"embeddable":true,"href":"https:\/\/pozega-tz.hr\/en\/wp-json\/wp\/v2\/pages\/3216"}],"wp:featuredmedia":[{"embeddable":true,"href":"https:\/\/pozega-tz.hr\/en\/wp-json\/wp\/v2\/media\/3801"}],"wp:attachment":[{"href":"https:\/\/pozega-tz.hr\/en\/wp-json\/wp\/v2\/media?parent=3799"}],"curies":[{"name":"wp","href":"https:\/\/api.w.org\/{rel}","templated":true}]}}