{"id":3601,"date":"2021-03-02T12:57:05","date_gmt":"2021-03-02T11:57:05","guid":{"rendered":"http:\/\/pozega-tz.hr\/en\/?page_id=3601"},"modified":"2024-11-13T13:21:41","modified_gmt":"2024-11-13T12:21:41","slug":"kavane-slasticarnice","status":"publish","type":"page","link":"https:\/\/pozega-tz.hr\/en\/jedi-pij\/kavane-slasticarnice\/","title":{"rendered":"Coffee &#038; Cakes"},"content":{"rendered":"<p>[et_pb_section fb_built=&#8221;1&#8243; _builder_version=&#8221;4.9.0&#8243; _module_preset=&#8221;default&#8221; custom_padding=&#8221;0px||22px|||&#8221; global_module=&#8221;3473&#8243; saved_tabs=&#8221;all&#8221; global_colors_info=&#8221;{}&#8221;][et_pb_row _builder_version=&#8221;4.16&#8243; _module_preset=&#8221;default&#8221; background_color=&#8221;#ededed&#8221; width=&#8221;100%&#8221; max_width=&#8221;2560px&#8221; custom_padding=&#8221;|3%||3%|false|true&#8221; global_colors_info=&#8221;{}&#8221;][et_pb_column type=&#8221;4_4&#8243; _builder_version=&#8221;4.16&#8243; _module_preset=&#8221;default&#8221; global_colors_info=&#8221;{}&#8221;][et_pb_menu menu_id=&#8221;40&#8243; submenu_direction=&#8221;upwards&#8221; _builder_version=&#8221;4.16&#8243; _module_preset=&#8221;default&#8221; background_enable_color=&#8221;off&#8221; global_colors_info=&#8221;{}&#8221;][\/et_pb_menu][\/et_pb_column][\/et_pb_row][et_pb_row _builder_version=&#8221;4.16&#8243; _module_preset=&#8221;default&#8221; custom_margin=&#8221;20px||||false|false&#8221; global_colors_info=&#8221;{}&#8221;][et_pb_column type=&#8221;4_4&#8243; _builder_version=&#8221;4.16&#8243; _module_preset=&#8221;default&#8221; global_colors_info=&#8221;{}&#8221;][et_pb_text _builder_version=&#8221;4.16&#8243; _dynamic_attributes=&#8221;content&#8221; _module_preset=&#8221;default&#8221; text_font=&#8221;Ubuntu||||||||&#8221; text_font_size=&#8221;41px&#8221; header_font=&#8221;Ubuntu|700|||||||&#8221; header_font_size=&#8221;54px&#8221; global_colors_info=&#8221;{}&#8221;]@ET-DC@eyJkeW5hbWljIjp0cnVlLCJjb250ZW50IjoicG9zdF90aXRsZSIsInNldHRpbmdzIjp7ImJlZm9yZSI6IiIsImFmdGVyIjoiIn19@[\/et_pb_text][\/et_pb_column][\/et_pb_row][\/et_pb_section][et_pb_section fb_built=&#8221;1&#8243; _builder_version=&#8221;4.16&#8243; _module_preset=&#8221;default&#8221; background_color=&#8221;#f9f9f9&#8243; custom_padding=&#8221;0px||0px|||&#8221; global_colors_info=&#8221;{}&#8221;][et_pb_row column_structure=&#8221;1_2,1_2&#8243; use_custom_gutter=&#8221;on&#8221; gutter_width=&#8221;1&#8243; make_equal=&#8221;on&#8221; _builder_version=&#8221;4.16&#8243; _module_preset=&#8221;default&#8221; width=&#8221;100%&#8221; max_width=&#8221;2560px&#8221; module_alignment=&#8221;center&#8221; custom_padding=&#8221;0%||0%||true|true&#8221; global_colors_info=&#8221;{}&#8221;][et_pb_column type=&#8221;1_2&#8243; _builder_version=&#8221;4.16&#8243; _module_preset=&#8221;default&#8221; custom_padding=&#8221;5%|5%|5%|5%|true|false&#8221; global_colors_info=&#8221;{}&#8221;][et_pb_text _builder_version=&#8221;4.16&#8243; _module_preset=&#8221;default&#8221; global_colors_info=&#8221;{}&#8221;]<\/p>\n<p>Can you imagine a more perfect break from a hard day\u2019s work or a rest after a sightseeing tour than sitting back in our picturesque baroque main square and enjoying a nice cup of coffee with homemade cakes and ice cream with the refreshing views of the green slopes of the Po\u017eega Hills? Ah&#8230; Honestly, that just might be one of the main reasons why the people here love their life.<\/p>\n<p>If you are not visiting Croatia for the first time, you must have noticed before that Croats as well as locals here do much more than just drink their coffee. They usually have coffee over a nice, sometimes even ardent, conversation with their friends and colleagues, very rarely sitting alone.<\/p>\n<p>The list of coffees in our coffee houses and pubs can, however, become a bit confusing, mostly because some types of coffee are named differently here than for instance in the menus along the Adriatic Coast. That is mostly because the way coffee was introduced to Croatia since the 18th century from Italy across Turkey or as it is the case in Po\u017eega and the rest of Croatia\u2019s interior, by observing the 19th-century coffee culture in Austria and Vienna with just a splash of Ottoman way of enjoying every sip.<\/p>\n<p>The most popular type of coffee order in Po\u017eega and the rest of the Slavonia region is the \u201cprodu\u017eena kava s mlijekom\u201d which is a longer espresso with some milk. In Zagreb and west Croatia however, to get the same type of coffee, you\u2019ll have to order a \u201ckava s mlijekom\u201d (\u201ccoffee with milk\u201d) which is not to be confused with \u201cbijela kava\u201d in which case you\u2019ll get a cup of milky latte.<\/p>\n<p>If you get invited to coffee at your Croatian friend\u2019s house, then you should be ready for a bit \u201cblacker\u201d version of the aforementioned espresso called \u201cTurska kava\u201d (\u201cTurkish coffee\u201d). You can always add milk and sugar and sometimes it will even be served with a side snack of Turkish delight.<\/p>\n<p>Cakes, pies and other sweet pastry which you\u2019ll find in local patisseries and bakeries are mostly inspired by Croatian traditions and influences from the neighbouring countries. The most popular are the cakes that you\u2019ll find in German and Austrian traditions, like the Schwartzwald and Sacher cakes and those with a typical Ottoman-Turkish flavour such as the baklava. Typical for the lands of the former Yugoslavia, in Po\u017eega\u2019s and other Croatian patisseries you\u2019ll also find the delicious creamy \u201cKrempita\u201d (egg custard pie) and the pretty sweet \u201c\u0160ampita\u201d (meringue pie). A nice cup of coffee will go well with both.<\/p>\n<p>Typically Croatian cakes and pies such as the Makovnja\u010da (poppy seed roll), Orahnja\u010da (walnut roll), Cheese, Apple or Sour cherry Strudel you\u2019ll mostly find in one of the many bakeries, in restaurants and if you\u2019re invited to your Croatian friend\u2019s home.<\/p>\n<p>[\/et_pb_text][\/et_pb_column][et_pb_column type=&#8221;1_2&#8243; _builder_version=&#8221;4.16&#8243; _module_preset=&#8221;default&#8221; background_image=&#8221;http:\/\/pozega-tz.hr\/en\/wp-content\/uploads\/2021\/03\/pexels-roman-odintsov-4553118-scaled.jpg&#8221; global_colors_info=&#8221;{}&#8221;][et_pb_text _builder_version=&#8221;4.16&#8243; _module_preset=&#8221;default&#8221; min_height=&#8221;410px&#8221; global_colors_info=&#8221;{}&#8221;][\/et_pb_text][\/et_pb_column][\/et_pb_row][\/et_pb_section][et_pb_section fb_built=&#8221;1&#8243; _builder_version=&#8221;4.16&#8243; _module_preset=&#8221;default&#8221; background_image=&#8221;http:\/\/pozega-tz.hr\/en\/wp-content\/uploads\/2021\/02\/bg1.png&#8221; parallax=&#8221;on&#8221; parallax_method=&#8221;off&#8221; global_colors_info=&#8221;{}&#8221;][et_pb_row _builder_version=&#8221;4.16&#8243; _module_preset=&#8221;default&#8221; global_colors_info=&#8221;{}&#8221;][et_pb_column type=&#8221;4_4&#8243; _builder_version=&#8221;4.16&#8243; _module_preset=&#8221;default&#8221; global_colors_info=&#8221;{}&#8221;][et_pb_text _builder_version=&#8221;4.16&#8243; _module_preset=&#8221;default&#8221; global_colors_info=&#8221;{}&#8221;]<\/p>\n<h2><strong>To fully experience Po\u017eega\u2019s \u201csweet scene\u201d, we bring you the list of the most popular patisseries:<\/strong><\/h2>\n<p>[\/et_pb_text][\/et_pb_column][\/et_pb_row][et_pb_row column_structure=&#8221;1_3,1_3,1_3&#8243; _builder_version=&#8221;4.27.3&#8243; _module_preset=&#8221;default&#8221; hover_enabled=&#8221;0&#8243; global_colors_info=&#8221;{}&#8221; sticky_enabled=&#8221;0&#8243;][et_pb_column type=&#8221;1_3&#8243; _builder_version=&#8221;4.16&#8243; _module_preset=&#8221;default&#8221; global_colors_info=&#8221;{}&#8221;][et_pb_gallery gallery_ids=&#8221;4046,4047,4048,4049&#8243; fullwidth=&#8221;on&#8221; _builder_version=&#8221;4.16&#8243; _module_preset=&#8221;default&#8221; global_colors_info=&#8221;{}&#8221;][\/et_pb_gallery][et_pb_text _builder_version=&#8221;4.16&#8243; _module_preset=&#8221;default&#8221; global_colors_info=&#8221;{}&#8221;]<\/p>\n<p><strong>Slasti\u010darna Dolce Vita<\/strong><\/p>\n<p>Address: Ulica Sv. Florijana 15, 34000 Po\u017eega<br \/>Web: <span><a href=\"https:\/\/hr-hr.facebook.com\/dolcevitapz\">hr-hr.facebook.com\/dolcevitapz<br \/><\/a><\/span>E-mail: <span><a href=\"mailto:tdreznjak@gmail.com\">tdreznjak@gmail.com<br \/><\/a><\/span>Tel.: 00385 (0)<span>99 275 9000<\/span><\/p>\n<p>[\/et_pb_text][\/et_pb_column][et_pb_column type=&#8221;1_3&#8243; _builder_version=&#8221;4.16&#8243; _module_preset=&#8221;default&#8221; global_colors_info=&#8221;{}&#8221;][et_pb_gallery gallery_ids=&#8221;4045,4044&#8243; fullwidth=&#8221;on&#8221; _builder_version=&#8221;4.16&#8243; _module_preset=&#8221;default&#8221; global_colors_info=&#8221;{}&#8221;][\/et_pb_gallery][et_pb_text _builder_version=&#8221;4.16&#8243; _module_preset=&#8221;default&#8221; global_colors_info=&#8221;{}&#8221;]<\/p>\n<p><strong>Patisserie Aroma<\/strong><\/p>\n<p>Address 1: Ulica Stjepana Radi\u0107a 39, Po\u017eega<br \/>Address 2: Trg Sv. Trojstva 5, 34 000 Po\u017eega<br \/>Web: <span><a href=\"https:\/\/www.facebook.com\/Slasti%C4%8Darnica-AROMA-714325501995998\/\">Slasti\u010darnica Aroma<br \/><\/a><\/span>E-mail: <span><a href=\"mailto:amir.aliti74@gmail.com\">amir.aliti74@gmail.com<br \/><\/a><\/span>Tel.: 00385 (0)34 271 806<\/p>\n<p>[\/et_pb_text][\/et_pb_column][et_pb_column _builder_version=&#8221;4.27.3&#8243; _module_preset=&#8221;default&#8221; type=&#8221;1_3&#8243;][et_pb_text _builder_version=&#8221;4.16&#8243; _module_preset=&#8221;default&#8221; global_colors_info=&#8221;{}&#8221;]<\/p>\n<p><strong>Patisserie Ivan\u010dica<\/strong><\/p>\n<p>Address: Ulica Kamenita Vrata 2, Po\u017eega<br \/>Web: <a href=\"https:\/\/www.facebook.com\/Slasti%C4%8Darnica-Ivan%C4%8Dica-1223940870955630\/\">Slasti\u010darnica Ivan\u010dica<br \/><\/a>E-mail: <a href=\"mailto:slasticarnica.ivancica@po.t-com.hr\">slasticarnica.ivancica@po.t-com.hr<br \/><\/a>Tel.: 00385 (0)34 273 824<\/p>\n<p>[\/et_pb_text][\/et_pb_column][\/et_pb_row][\/et_pb_section]<\/p>\n","protected":false},"excerpt":{"rendered":"<p>Can you imagine a more perfect break from a hard day\u2019s work or a rest after a sightseeing tour than sitting back in our picturesque baroque main square and enjoying a nice cup of coffee with homemade cakes and ice cream with the refreshing views of the green slopes of the Po\u017eega Hills? Ah&#8230; Honestly, that just might be one of the main reasons why the people here love their life.<\/p>\n","protected":false},"author":1,"featured_media":3603,"parent":3467,"menu_order":0,"comment_status":"closed","ping_status":"closed","template":"","meta":{"_acf_changed":false,"_et_pb_use_builder":"on","_et_pb_old_content":"","_et_gb_content_width":"","footnotes":""},"class_list":["post-3601","page","type-page","status-publish","has-post-thumbnail","hentry"],"acf":[],"yoast_head":"<!-- This site is optimized with the Yoast SEO plugin v25.7 - https:\/\/yoast.com\/wordpress\/plugins\/seo\/ -->\n<title>Coffee &amp; Cakes - Po\u017eega Tourist board<\/title>\n<meta name=\"description\" content=\"Mo\u017eete li zamisliti ljep\u0161u pauzu od posla ili odmor nakon turisti\u010dkog obilaska od onoga na jednoj od terasa na glavnom gradskom trgu uz finu kavu i doma\u0107e kola\u010de ili sladoled s pogledom na zelene obronke Po\u017ee\u0161ke gore? Ah\u2026 to je jedan od glavnih razloga za\u0161to Po\u017ee\u017eani toliko vole \u017eivjeti u svome gradu.\" \/>\n<meta name=\"robots\" content=\"index, follow, max-snippet:-1, max-image-preview:large, max-video-preview:-1\" \/>\n<link rel=\"canonical\" href=\"https:\/\/pozega-tz.hr\/en\/jedi-pij\/kavane-slasticarnice\/\" \/>\n<meta property=\"og:locale\" content=\"en_US\" \/>\n<meta property=\"og:type\" content=\"article\" \/>\n<meta property=\"og:title\" content=\"Coffee &amp; Cakes - Po\u017eega Tourist board\" \/>\n<meta property=\"og:description\" content=\"Mo\u017eete li zamisliti ljep\u0161u pauzu od posla ili odmor nakon turisti\u010dkog obilaska od onoga na jednoj od terasa na glavnom gradskom trgu uz finu kavu i doma\u0107e kola\u010de ili sladoled s pogledom na zelene obronke Po\u017ee\u0161ke gore? Ah\u2026 to je jedan od glavnih razloga za\u0161to Po\u017ee\u017eani toliko vole \u017eivjeti u svome gradu.\" \/>\n<meta property=\"og:url\" content=\"https:\/\/pozega-tz.hr\/en\/jedi-pij\/kavane-slasticarnice\/\" \/>\n<meta property=\"og:site_name\" content=\"Po\u017eega Tourist board\" \/>\n<meta property=\"article:modified_time\" content=\"2024-11-13T12:21:41+00:00\" \/>\n<meta property=\"og:image\" content=\"https:\/\/pozega-tz.hr\/en\/wp-content\/uploads\/2021\/03\/pexels-roman-odintsov-4553118-scaled.jpg\" \/>\n\t<meta property=\"og:image:width\" content=\"2560\" \/>\n\t<meta property=\"og:image:height\" content=\"1683\" \/>\n\t<meta property=\"og:image:type\" content=\"image\/jpeg\" \/>\n<meta name=\"twitter:card\" content=\"summary_large_image\" \/>\n<meta name=\"twitter:label1\" content=\"Est. reading time\" \/>\n\t<meta name=\"twitter:data1\" content=\"5 minutes\" \/>\n<script type=\"application\/ld+json\" class=\"yoast-schema-graph\">{\"@context\":\"https:\/\/schema.org\",\"@graph\":[{\"@type\":\"WebPage\",\"@id\":\"https:\/\/pozega-tz.hr\/en\/jedi-pij\/kavane-slasticarnice\/\",\"url\":\"https:\/\/pozega-tz.hr\/en\/jedi-pij\/kavane-slasticarnice\/\",\"name\":\"Coffee & Cakes - Po\u017eega Tourist board\",\"isPartOf\":{\"@id\":\"https:\/\/pozega-tz.hr\/en\/#website\"},\"primaryImageOfPage\":{\"@id\":\"https:\/\/pozega-tz.hr\/en\/jedi-pij\/kavane-slasticarnice\/#primaryimage\"},\"image\":{\"@id\":\"https:\/\/pozega-tz.hr\/en\/jedi-pij\/kavane-slasticarnice\/#primaryimage\"},\"thumbnailUrl\":\"https:\/\/pozega-tz.hr\/en\/wp-content\/uploads\/2021\/03\/pexels-roman-odintsov-4553118-scaled.jpg\",\"datePublished\":\"2021-03-02T11:57:05+00:00\",\"dateModified\":\"2024-11-13T12:21:41+00:00\",\"description\":\"Mo\u017eete li zamisliti ljep\u0161u pauzu od posla ili odmor nakon turisti\u010dkog obilaska od onoga na jednoj od terasa na glavnom gradskom trgu uz finu kavu i doma\u0107e kola\u010de ili sladoled s pogledom na zelene obronke Po\u017ee\u0161ke gore? Ah\u2026 to je jedan od glavnih razloga za\u0161to Po\u017ee\u017eani toliko vole \u017eivjeti u svome gradu.\",\"breadcrumb\":{\"@id\":\"https:\/\/pozega-tz.hr\/en\/jedi-pij\/kavane-slasticarnice\/#breadcrumb\"},\"inLanguage\":\"en-US\",\"potentialAction\":[{\"@type\":\"ReadAction\",\"target\":[\"https:\/\/pozega-tz.hr\/en\/jedi-pij\/kavane-slasticarnice\/\"]}]},{\"@type\":\"ImageObject\",\"inLanguage\":\"en-US\",\"@id\":\"https:\/\/pozega-tz.hr\/en\/jedi-pij\/kavane-slasticarnice\/#primaryimage\",\"url\":\"https:\/\/pozega-tz.hr\/en\/wp-content\/uploads\/2021\/03\/pexels-roman-odintsov-4553118-scaled.jpg\",\"contentUrl\":\"https:\/\/pozega-tz.hr\/en\/wp-content\/uploads\/2021\/03\/pexels-roman-odintsov-4553118-scaled.jpg\",\"width\":2560,\"height\":1683},{\"@type\":\"BreadcrumbList\",\"@id\":\"https:\/\/pozega-tz.hr\/en\/jedi-pij\/kavane-slasticarnice\/#breadcrumb\",\"itemListElement\":[{\"@type\":\"ListItem\",\"position\":1,\"name\":\"Jedi &#038; pij\",\"item\":\"http:\/\/pozega-tz.hr\/en\/jedi-pij\/\"},{\"@type\":\"ListItem\",\"position\":2,\"name\":\"Coffee &#038; Cakes\"}]},{\"@type\":\"WebSite\",\"@id\":\"https:\/\/pozega-tz.hr\/en\/#website\",\"url\":\"https:\/\/pozega-tz.hr\/en\/\",\"name\":\"Po\u017eega Tourist board\",\"description\":\"Brda&amp;Doline\",\"potentialAction\":[{\"@type\":\"SearchAction\",\"target\":{\"@type\":\"EntryPoint\",\"urlTemplate\":\"https:\/\/pozega-tz.hr\/en\/?s={search_term_string}\"},\"query-input\":{\"@type\":\"PropertyValueSpecification\",\"valueRequired\":true,\"valueName\":\"search_term_string\"}}],\"inLanguage\":\"en-US\"}]}<\/script>\n<!-- \/ Yoast SEO plugin. -->","yoast_head_json":{"title":"Coffee & Cakes - Po\u017eega Tourist board","description":"Mo\u017eete li zamisliti ljep\u0161u pauzu od posla ili odmor nakon turisti\u010dkog obilaska od onoga na jednoj od terasa na glavnom gradskom trgu uz finu kavu i doma\u0107e kola\u010de ili sladoled s pogledom na zelene obronke Po\u017ee\u0161ke gore? Ah\u2026 to je jedan od glavnih razloga za\u0161to Po\u017ee\u017eani toliko vole \u017eivjeti u svome gradu.","robots":{"index":"index","follow":"follow","max-snippet":"max-snippet:-1","max-image-preview":"max-image-preview:large","max-video-preview":"max-video-preview:-1"},"canonical":"https:\/\/pozega-tz.hr\/en\/jedi-pij\/kavane-slasticarnice\/","og_locale":"en_US","og_type":"article","og_title":"Coffee & Cakes - Po\u017eega Tourist board","og_description":"Mo\u017eete li zamisliti ljep\u0161u pauzu od posla ili odmor nakon turisti\u010dkog obilaska od onoga na jednoj od terasa na glavnom gradskom trgu uz finu kavu i doma\u0107e kola\u010de ili sladoled s pogledom na zelene obronke Po\u017ee\u0161ke gore? Ah\u2026 to je jedan od glavnih razloga za\u0161to Po\u017ee\u017eani toliko vole \u017eivjeti u svome gradu.","og_url":"https:\/\/pozega-tz.hr\/en\/jedi-pij\/kavane-slasticarnice\/","og_site_name":"Po\u017eega Tourist board","article_modified_time":"2024-11-13T12:21:41+00:00","og_image":[{"width":2560,"height":1683,"url":"https:\/\/pozega-tz.hr\/en\/wp-content\/uploads\/2021\/03\/pexels-roman-odintsov-4553118-scaled.jpg","type":"image\/jpeg"}],"twitter_card":"summary_large_image","twitter_misc":{"Est. reading time":"5 minutes"},"schema":{"@context":"https:\/\/schema.org","@graph":[{"@type":"WebPage","@id":"https:\/\/pozega-tz.hr\/en\/jedi-pij\/kavane-slasticarnice\/","url":"https:\/\/pozega-tz.hr\/en\/jedi-pij\/kavane-slasticarnice\/","name":"Coffee & Cakes - Po\u017eega Tourist board","isPartOf":{"@id":"https:\/\/pozega-tz.hr\/en\/#website"},"primaryImageOfPage":{"@id":"https:\/\/pozega-tz.hr\/en\/jedi-pij\/kavane-slasticarnice\/#primaryimage"},"image":{"@id":"https:\/\/pozega-tz.hr\/en\/jedi-pij\/kavane-slasticarnice\/#primaryimage"},"thumbnailUrl":"https:\/\/pozega-tz.hr\/en\/wp-content\/uploads\/2021\/03\/pexels-roman-odintsov-4553118-scaled.jpg","datePublished":"2021-03-02T11:57:05+00:00","dateModified":"2024-11-13T12:21:41+00:00","description":"Mo\u017eete li zamisliti ljep\u0161u pauzu od posla ili odmor nakon turisti\u010dkog obilaska od onoga na jednoj od terasa na glavnom gradskom trgu uz finu kavu i doma\u0107e kola\u010de ili sladoled s pogledom na zelene obronke Po\u017ee\u0161ke gore? Ah\u2026 to je jedan od glavnih razloga za\u0161to Po\u017ee\u017eani toliko vole \u017eivjeti u svome gradu.","breadcrumb":{"@id":"https:\/\/pozega-tz.hr\/en\/jedi-pij\/kavane-slasticarnice\/#breadcrumb"},"inLanguage":"en-US","potentialAction":[{"@type":"ReadAction","target":["https:\/\/pozega-tz.hr\/en\/jedi-pij\/kavane-slasticarnice\/"]}]},{"@type":"ImageObject","inLanguage":"en-US","@id":"https:\/\/pozega-tz.hr\/en\/jedi-pij\/kavane-slasticarnice\/#primaryimage","url":"https:\/\/pozega-tz.hr\/en\/wp-content\/uploads\/2021\/03\/pexels-roman-odintsov-4553118-scaled.jpg","contentUrl":"https:\/\/pozega-tz.hr\/en\/wp-content\/uploads\/2021\/03\/pexels-roman-odintsov-4553118-scaled.jpg","width":2560,"height":1683},{"@type":"BreadcrumbList","@id":"https:\/\/pozega-tz.hr\/en\/jedi-pij\/kavane-slasticarnice\/#breadcrumb","itemListElement":[{"@type":"ListItem","position":1,"name":"Jedi &#038; pij","item":"http:\/\/pozega-tz.hr\/en\/jedi-pij\/"},{"@type":"ListItem","position":2,"name":"Coffee &#038; Cakes"}]},{"@type":"WebSite","@id":"https:\/\/pozega-tz.hr\/en\/#website","url":"https:\/\/pozega-tz.hr\/en\/","name":"Po\u017eega Tourist board","description":"Brda&amp;Doline","potentialAction":[{"@type":"SearchAction","target":{"@type":"EntryPoint","urlTemplate":"https:\/\/pozega-tz.hr\/en\/?s={search_term_string}"},"query-input":{"@type":"PropertyValueSpecification","valueRequired":true,"valueName":"search_term_string"}}],"inLanguage":"en-US"}]}},"_links":{"self":[{"href":"https:\/\/pozega-tz.hr\/en\/wp-json\/wp\/v2\/pages\/3601","targetHints":{"allow":["GET"]}}],"collection":[{"href":"https:\/\/pozega-tz.hr\/en\/wp-json\/wp\/v2\/pages"}],"about":[{"href":"https:\/\/pozega-tz.hr\/en\/wp-json\/wp\/v2\/types\/page"}],"author":[{"embeddable":true,"href":"https:\/\/pozega-tz.hr\/en\/wp-json\/wp\/v2\/users\/1"}],"replies":[{"embeddable":true,"href":"https:\/\/pozega-tz.hr\/en\/wp-json\/wp\/v2\/comments?post=3601"}],"version-history":[{"count":9,"href":"https:\/\/pozega-tz.hr\/en\/wp-json\/wp\/v2\/pages\/3601\/revisions"}],"predecessor-version":[{"id":5211,"href":"https:\/\/pozega-tz.hr\/en\/wp-json\/wp\/v2\/pages\/3601\/revisions\/5211"}],"up":[{"embeddable":true,"href":"https:\/\/pozega-tz.hr\/en\/wp-json\/wp\/v2\/pages\/3467"}],"wp:featuredmedia":[{"embeddable":true,"href":"https:\/\/pozega-tz.hr\/en\/wp-json\/wp\/v2\/media\/3603"}],"wp:attachment":[{"href":"https:\/\/pozega-tz.hr\/en\/wp-json\/wp\/v2\/media?parent=3601"}],"curies":[{"name":"wp","href":"https:\/\/api.w.org\/{rel}","templated":true}]}}