{"id":3588,"date":"2021-03-02T12:47:49","date_gmt":"2021-03-02T11:47:49","guid":{"rendered":"http:\/\/pozega-tz.hr\/en\/?page_id=3588"},"modified":"2024-11-13T13:20:21","modified_gmt":"2024-11-13T12:20:21","slug":"vino-pivo","status":"publish","type":"page","link":"https:\/\/pozega-tz.hr\/en\/jedi-pij\/vino-pivo\/","title":{"rendered":"Wine &#038; Beer"},"content":{"rendered":"<p>[et_pb_section fb_built=&#8221;1&#8243; _builder_version=&#8221;4.9.0&#8243; _module_preset=&#8221;default&#8221; custom_padding=&#8221;0px||22px|||&#8221; global_module=&#8221;3473&#8243; saved_tabs=&#8221;all&#8221; global_colors_info=&#8221;{}&#8221;][et_pb_row _builder_version=&#8221;4.16&#8243; _module_preset=&#8221;default&#8221; background_color=&#8221;#ededed&#8221; width=&#8221;100%&#8221; max_width=&#8221;2560px&#8221; custom_padding=&#8221;|3%||3%|false|true&#8221; global_colors_info=&#8221;{}&#8221;][et_pb_column type=&#8221;4_4&#8243; _builder_version=&#8221;4.16&#8243; _module_preset=&#8221;default&#8221; global_colors_info=&#8221;{}&#8221;][et_pb_menu menu_id=&#8221;40&#8243; submenu_direction=&#8221;upwards&#8221; _builder_version=&#8221;4.16&#8243; _module_preset=&#8221;default&#8221; background_enable_color=&#8221;off&#8221; global_colors_info=&#8221;{}&#8221;][\/et_pb_menu][\/et_pb_column][\/et_pb_row][et_pb_row _builder_version=&#8221;4.16&#8243; _module_preset=&#8221;default&#8221; custom_margin=&#8221;20px||||false|false&#8221; global_colors_info=&#8221;{}&#8221;][et_pb_column type=&#8221;4_4&#8243; _builder_version=&#8221;4.16&#8243; _module_preset=&#8221;default&#8221; global_colors_info=&#8221;{}&#8221;][et_pb_text _builder_version=&#8221;4.16&#8243; _dynamic_attributes=&#8221;content&#8221; _module_preset=&#8221;default&#8221; text_font=&#8221;Ubuntu||||||||&#8221; text_font_size=&#8221;41px&#8221; header_font=&#8221;Ubuntu|700|||||||&#8221; header_font_size=&#8221;54px&#8221; global_colors_info=&#8221;{}&#8221;]@ET-DC@eyJkeW5hbWljIjp0cnVlLCJjb250ZW50IjoicG9zdF90aXRsZSIsInNldHRpbmdzIjp7ImJlZm9yZSI6IiIsImFmdGVyIjoiIn19@[\/et_pb_text][\/et_pb_column][\/et_pb_row][\/et_pb_section][et_pb_section fb_built=&#8221;1&#8243; _builder_version=&#8221;4.16&#8243; _module_preset=&#8221;default&#8221; background_color=&#8221;#f9f9f9&#8243; custom_padding=&#8221;0px||0px|||&#8221; global_colors_info=&#8221;{}&#8221;][et_pb_row column_structure=&#8221;1_2,1_2&#8243; use_custom_gutter=&#8221;on&#8221; gutter_width=&#8221;1&#8243; make_equal=&#8221;on&#8221; _builder_version=&#8221;4.16&#8243; _module_preset=&#8221;default&#8221; width=&#8221;100%&#8221; max_width=&#8221;2560px&#8221; module_alignment=&#8221;center&#8221; custom_padding=&#8221;0%||0%||true|true&#8221; global_colors_info=&#8221;{}&#8221;][et_pb_column type=&#8221;1_2&#8243; _builder_version=&#8221;4.16&#8243; _module_preset=&#8221;default&#8221; custom_padding=&#8221;5%|5%|5%|5%|true|false&#8221; global_colors_info=&#8221;{}&#8221;][et_pb_text _builder_version=&#8221;4.16&#8243; _module_preset=&#8221;default&#8221; global_colors_info=&#8221;{}&#8221;]<\/p>\n<p>From all sides surrounded by fertile mountain hillsides, vast wine-estates make much of Po\u017eega countryside\u2019s scenery. Wines made by the local wineries, especially those from the town of Kutjevo are considered to be some of the best in Central and Southeast Europe.<\/p>\n<p>Wine production has been a part of the local economy ever since ancient Roman times but the wine culture as we know it today originated and grew since the 13th century. It was in 1232 when the first wine cellar opened next to the nearby Castle of Kutjevo and is still in use today.<\/p>\n<p>Most wine producers are known for their white wines with Gra\u0161evina (Italian Riesling) being their pride and joy as wine made of this sort of grapes is so much more than your \u201cregular\u201d bottle of Riesling. Italian or Welsch Riesling is typical for Central Europe but in Croatia, under the name of Gra\u0161evina it has the best growing conditions so the wines are of the best quality ranging even into Premium wines.\u00a0<\/p>\n<p>Gra\u0161evina wines from the late-harvest and ice-harvest and especially those made according to the Champagne method will also be a great present to your loved ones or perfect as a gift to impress your business partners.<\/p>\n<p>Other white sorts in Po\u017eega\u2019s wine yards include Pinot Gray, Chardonnay, Sauvignon, Gew\u00fcrztraminer, Rhein Riesling and Green Silvaner. Amongst red sorts, most common are Blue Frankish, Pinot Red, Zweigelt, Merlot, Cabernet Sauvignon and Cabernet Franc.\u00a0<\/p>\n<p>Many tourist events in Po\u017eega are inspired by wine. Best known are the two main vine-makers \u2019 holidays \u2013 St. Martin\u2019s celebration of young wine in November and St. Vincent\u2019s blessing of the wine yards in January. Various entertainment programs organized on those occasions attract many visitors to Po\u017eega and the surrounding wine country.<\/p>\n<p>Although Po\u017eega is surrounded by vineyards, the fertile fields of wheat made it possible for the locals to make their own beer. In the past, because home-made beer was cheaper than wine and today because of the new craft-beer renaissance which swept through Croatia and put Po\u017eega on the map as the regional \u201cbeer-central\u201d.<\/p>\n<p>[\/et_pb_text][\/et_pb_column][et_pb_column type=&#8221;1_2&#8243; _builder_version=&#8221;4.16&#8243; _module_preset=&#8221;default&#8221; background_image=&#8221;http:\/\/pozega-tz.hr\/en\/wp-content\/uploads\/2021\/03\/pexels-picjumbocom-225229-scaled.jpg&#8221; parallax=&#8221;on&#8221; global_colors_info=&#8221;{}&#8221;][et_pb_text _builder_version=&#8221;4.16&#8243; _module_preset=&#8221;default&#8221; min_height=&#8221;410px&#8221; global_colors_info=&#8221;{}&#8221;][\/et_pb_text][\/et_pb_column][\/et_pb_row][\/et_pb_section][et_pb_section fb_built=&#8221;1&#8243; _builder_version=&#8221;4.16&#8243; _module_preset=&#8221;default&#8221; background_image=&#8221;http:\/\/pozega-tz.hr\/en\/wp-content\/uploads\/2021\/02\/bg1.png&#8221; parallax=&#8221;on&#8221; parallax_method=&#8221;off&#8221; global_colors_info=&#8221;{}&#8221;][et_pb_row _builder_version=&#8221;4.16&#8243; _module_preset=&#8221;default&#8221; global_colors_info=&#8221;{}&#8221;][et_pb_column type=&#8221;4_4&#8243; _builder_version=&#8221;4.16&#8243; _module_preset=&#8221;default&#8221; global_colors_info=&#8221;{}&#8221;][et_pb_text _builder_version=&#8221;4.16&#8243; _module_preset=&#8221;default&#8221; global_colors_info=&#8221;{}&#8221;]<\/p>\n<h2>Wineries &#8211; wine makers from Po\u017eega<\/h2>\n<p>[\/et_pb_text][\/et_pb_column][\/et_pb_row][et_pb_row column_structure=&#8221;1_3,1_3,1_3&#8243; _builder_version=&#8221;4.16&#8243; _module_preset=&#8221;default&#8221; border_width_bottom=&#8221;2px&#8221; global_colors_info=&#8221;{}&#8221;][et_pb_column type=&#8221;1_3&#8243; _builder_version=&#8221;4.16&#8243; _module_preset=&#8221;default&#8221; global_colors_info=&#8221;{}&#8221;][et_pb_text _builder_version=&#8221;4.16&#8243; _module_preset=&#8221;default&#8221; global_colors_info=&#8221;{}&#8221;]<\/p>\n<p><strong>Winery Bartolovi\u0107<br \/><\/strong><\/p>\n<p>Dubrova\u010dka 83, 34000 Po\u017eega, Sini\u0161a Mili\u010di\u0107 (prodaja), +385 91 278 5059, <span><a href=\"mailto:sinisa@vinarija-bartolovic.com\">sinisa@vinarija-bartolovic.com<\/a><\/span>, info@vinarija-bartolovic.com<\/p>\n<p>[\/et_pb_text][\/et_pb_column][et_pb_column type=&#8221;1_3&#8243; _builder_version=&#8221;4.16&#8243; _module_preset=&#8221;default&#8221; global_colors_info=&#8221;{}&#8221;][et_pb_text _builder_version=&#8221;4.16&#8243; _module_preset=&#8221;default&#8221; global_colors_info=&#8221;{}&#8221;]<\/p>\n<p><strong>Winery Romi\u0107<br \/><\/strong><\/p>\n<p>\u00a0Ivana Matkovi\u0107a 1, 34000 Po\u017eega, 097 616 6495, <span><a href=\"mailto:romicvina@gmail.com\">romicvina@gmail.com<\/a><br \/><\/span><span><a href=\"https:\/\/www.facebook.com\/vinaromic\/\">Facebook Romi\u0107 Winery<\/a><\/span><\/p>\n<p><strong>Winery Zrin\u0161\u010dak<br \/><\/strong><\/p>\n<p>Zrin\u0161\u010dak Winery, Borisa Han\u017eekovi\u0107a 171, 340000 Po\u017eega, 099 510 5022,<br \/><a href=\"mailto:zrinscaki@gmail.com\">zrinscaki@gmail.com<\/a><br \/><span><a href=\"https:\/\/www.facebook.com\/p\/Zrin%C5%A1%C4%8Dak-vina-100063724226306\/\">Facebook Zrin\u0161\u010dak Winanry<\/a><\/span><\/p>\n<p>[\/et_pb_text][\/et_pb_column][et_pb_column type=&#8221;1_3&#8243; _builder_version=&#8221;4.16&#8243; _module_preset=&#8221;default&#8221; global_colors_info=&#8221;{}&#8221;][et_pb_text _builder_version=&#8221;4.16&#8243; _module_preset=&#8221;default&#8221; global_colors_info=&#8221;{}&#8221;]<\/p>\n<p><strong>Winery Vojak<br \/><\/strong>J.J. Strossmayera 95<br \/>34 0000 Po\u017eega<br \/>0919434814<br \/><span><a href=\"http:\/\/www.opgdinkovojak.hr\/kontakt\/\">info@opgdinkovojak.hr<br \/><\/a><\/span><span style=\"font-size: 16px;\"><\/span><a href=\"http:\/\/www.opgdinkovojak.hr\/\" style=\"font-size: 16px;\">www.opgdinkovojak.hr<\/a><\/p>\n<p>[\/et_pb_text][\/et_pb_column][\/et_pb_row][et_pb_row column_structure=&#8221;1_3,1_3,1_3&#8243; _builder_version=&#8221;4.16&#8243; _module_preset=&#8221;default&#8221; border_width_bottom=&#8221;2px&#8221; global_colors_info=&#8221;{}&#8221;][et_pb_column type=&#8221;1_3&#8243; _builder_version=&#8221;4.16&#8243; _module_preset=&#8221;default&#8221; global_colors_info=&#8221;{}&#8221;][et_pb_text _builder_version=&#8221;4.16&#8243; _module_preset=&#8221;default&#8221; global_colors_info=&#8221;{}&#8221;]<\/p>\n<h2>Wine shop<\/h2>\n<p>[\/et_pb_text][et_pb_text _builder_version=&#8221;4.16&#8243; _module_preset=&#8221;default&#8221; custom_padding=&#8221;|||0px||&#8221; global_colors_info=&#8221;{}&#8221;]<\/p>\n<p><strong>Vinum Academicum<\/strong><br \/>Cehovska 2, 34000 Po\u017eega, 099 5226 371, bandrlic@ftrr.hr<\/p>\n<p>www.ftrr.hr\/fakultet\/vinum-academicum<\/p>\n<p>[\/et_pb_text][\/et_pb_column][et_pb_column type=&#8221;1_3&#8243; _builder_version=&#8221;4.16&#8243; _module_preset=&#8221;default&#8221; global_colors_info=&#8221;{}&#8221;][\/et_pb_column][et_pb_column type=&#8221;1_3&#8243; _builder_version=&#8221;4.16&#8243; _module_preset=&#8221;default&#8221; global_colors_info=&#8221;{}&#8221;][\/et_pb_column][\/et_pb_row][\/et_pb_section][et_pb_section fb_built=&#8221;1&#8243; _builder_version=&#8221;4.16&#8243; _module_preset=&#8221;default&#8221; background_color=&#8221;#f9f9f9&#8243; custom_padding=&#8221;0px||0px|||&#8221; global_colors_info=&#8221;{}&#8221;][et_pb_row column_structure=&#8221;1_2,1_2&#8243; use_custom_gutter=&#8221;on&#8221; gutter_width=&#8221;1&#8243; make_equal=&#8221;on&#8221; _builder_version=&#8221;4.16&#8243; _module_preset=&#8221;default&#8221; width=&#8221;100%&#8221; max_width=&#8221;2560px&#8221; module_alignment=&#8221;center&#8221; custom_padding=&#8221;0%||0%||true|true&#8221; global_colors_info=&#8221;{}&#8221;][et_pb_column type=&#8221;1_2&#8243; _builder_version=&#8221;4.16&#8243; _module_preset=&#8221;default&#8221; background_image=&#8221;http:\/\/pozega-tz.hr\/en\/wp-content\/uploads\/2021\/03\/pexels-karolina-grabowska-4968338-scaled.jpg&#8221; global_colors_info=&#8221;{}&#8221;][et_pb_text _builder_version=&#8221;4.16&#8243; _module_preset=&#8221;default&#8221; min_height=&#8221;410px&#8221; global_colors_info=&#8221;{}&#8221;][\/et_pb_text][\/et_pb_column][et_pb_column type=&#8221;1_2&#8243; _builder_version=&#8221;4.16&#8243; _module_preset=&#8221;default&#8221; background_color=&#8221;#FFFFFF&#8221; custom_padding=&#8221;5%|5%|5%|5%|true|false&#8221; global_colors_info=&#8221;{}&#8221;][et_pb_text _builder_version=&#8221;4.16&#8243; _module_preset=&#8221;default&#8221; global_colors_info=&#8221;{}&#8221;]<\/p>\n<h2>Breweries \u2013 craft beer from Po\u017eega<\/h2>\n<p>Not so long ago at the beginning of the 20th century, what is known as \u201chome-brewing\u201d today was very common through ought Po\u017eega\u2019s cereal-covered countryside. The old farmers used what they had around their small estates, such as wheat, barley or corn and with some wild hops they were the first \u201ccraft beer producers\u201d, even if they didn\u2019t know it yet.<\/p>\n<p>To many Croatian and international beer-enthusiasts, it might be interesting to know that one of the most produced beers in Croatia today, the \u201cO\u017eujsko\u201d from Zagreb, was first produced in Po\u017eega. To be exact, it was the recipe for his \u201cMarch Beer\u201d that was made here by the brewery and beer tavern owner, Mr. Dragutin Karlo Loebe. His production was eventually moved to the nearby town of Nova Gradi\u0161ka and after the 2nd World War sold to the brewery in Zagreb.<\/p>\n<p>&nbsp;<\/p>\n<p>[\/et_pb_text][\/et_pb_column][\/et_pb_row][\/et_pb_section][et_pb_section fb_built=&#8221;1&#8243; _builder_version=&#8221;4.16&#8243; _module_preset=&#8221;default&#8221; background_image=&#8221;http:\/\/pozega-tz.hr\/en\/wp-content\/uploads\/2021\/02\/bg1.png&#8221; parallax=&#8221;on&#8221; parallax_method=&#8221;off&#8221; global_colors_info=&#8221;{}&#8221;][et_pb_row _builder_version=&#8221;4.16&#8243; _module_preset=&#8221;default&#8221; global_colors_info=&#8221;{}&#8221;][et_pb_column type=&#8221;4_4&#8243; _builder_version=&#8221;4.16&#8243; _module_preset=&#8221;default&#8221; global_colors_info=&#8221;{}&#8221;][et_pb_text _builder_version=&#8221;4.16&#8243; _module_preset=&#8221;default&#8221; global_colors_info=&#8221;{}&#8221;]<\/p>\n<h2><strong>Breweries<\/strong><\/h2>\n<p>[\/et_pb_text][\/et_pb_column][\/et_pb_row][et_pb_row column_structure=&#8221;1_3,1_3,1_3&#8243; _builder_version=&#8221;4.16&#8243; _module_preset=&#8221;default&#8221; border_width_bottom=&#8221;2px&#8221; global_colors_info=&#8221;{}&#8221;][et_pb_column type=&#8221;1_3&#8243; _builder_version=&#8221;4.16&#8243; _module_preset=&#8221;default&#8221; global_colors_info=&#8221;{}&#8221;][et_pb_text _builder_version=&#8221;4.16&#8243; _module_preset=&#8221;default&#8221; global_colors_info=&#8221;{}&#8221;]<\/p>\n<p><strong>Felix Machina Brewery <br \/><\/strong>Pasikovci 22, 34322 Brestovac<br \/><span style=\"font-size: 16px;\">Sr\u0111an Smoljanovi\u0107<br \/><\/span><span style=\"font-size: 16px;\">091 622 1046<br \/><\/span><span style=\"font-size: 16px;\"><\/span><a href=\"mailto:srdan.smoljanovic@mercator.hr\" style=\"font-size: 16px;\">srdan.smoljanovic@mercator.hr<\/a><\/p>\n<p>[\/et_pb_text][\/et_pb_column][et_pb_column type=&#8221;1_3&#8243; _builder_version=&#8221;4.16&#8243; _module_preset=&#8221;default&#8221; global_colors_info=&#8221;{}&#8221;][et_pb_text _builder_version=&#8221;4.16&#8243; _module_preset=&#8221;default&#8221; global_colors_info=&#8221;{}&#8221;]<\/p>\n<p><span><strong>Pivovara Franz<\/strong><\/span><span> <br \/>Adresa: Ante Star\u010devi\u0107a 35, Pleternica <br \/>Web: <a href=\"mailto:https:\/\/www.facebook.com\/profile.php?id=100057121013001&amp;sk=about\">link<\/a><br \/>Email: <\/span><span><a href=\"mailto:franzpivo@hotmail.com\">franzpivo@hotmail.com<\/a><\/span><span><br \/>Telefon: <\/span><span>091 782 2456<\/span><\/p>\n<p>[\/et_pb_text][\/et_pb_column][et_pb_column type=&#8221;1_3&#8243; _builder_version=&#8221;4.16&#8243; _module_preset=&#8221;default&#8221; global_colors_info=&#8221;{}&#8221;][et_pb_text _builder_version=&#8221;4.16&#8243; _module_preset=&#8221;default&#8221; global_colors_info=&#8221;{}&#8221;]<\/p>\n<p><strong>Kaptol Brewery<br \/><\/strong>Adresa: Alilovci 62b, Kaptol<br \/>Telefon: 099 685 2488<\/p>\n<p>[\/et_pb_text][\/et_pb_column][\/et_pb_row][\/et_pb_section]<\/p>\n","protected":false},"excerpt":{"rendered":"<p>Po\u017eega je sa svih strana okru\u017eena prostranim vinogorjem na obroncima Po\u017ee\u0161ke i Dilj gore, Krndije i Papuka koje slovi za jedno od najkvalitetnijih u srednjoj i jugoisto\u010dnoj Europi.<\/p>\n","protected":false},"author":1,"featured_media":3579,"parent":3467,"menu_order":0,"comment_status":"closed","ping_status":"closed","template":"","meta":{"_acf_changed":false,"_et_pb_use_builder":"on","_et_pb_old_content":"","_et_gb_content_width":"","footnotes":""},"class_list":["post-3588","page","type-page","status-publish","has-post-thumbnail","hentry"],"acf":[],"yoast_head":"<!-- This site is optimized with the Yoast SEO plugin v25.7 - https:\/\/yoast.com\/wordpress\/plugins\/seo\/ -->\n<title>Wine &amp; Beer - Po\u017eega Tourist board<\/title>\n<meta name=\"description\" content=\"Po\u017eega je sa svih strana okru\u017eena prostranim vinogorjem na obroncima Po\u017ee\u0161ke i Dilj gore, Krndije i Papuka koje slovi za jedno od najkvalitetnijih u srednjoj i jugoisto\u010dnoj Europi.\" \/>\n<meta name=\"robots\" content=\"index, follow, max-snippet:-1, max-image-preview:large, max-video-preview:-1\" \/>\n<link rel=\"canonical\" href=\"https:\/\/pozega-tz.hr\/en\/jedi-pij\/vino-pivo\/\" \/>\n<meta property=\"og:locale\" content=\"en_US\" \/>\n<meta property=\"og:type\" content=\"article\" \/>\n<meta property=\"og:title\" content=\"Wine &amp; Beer - Po\u017eega Tourist board\" \/>\n<meta property=\"og:description\" content=\"Po\u017eega je sa svih strana okru\u017eena prostranim vinogorjem na obroncima Po\u017ee\u0161ke i Dilj gore, Krndije i Papuka koje slovi za jedno od najkvalitetnijih u srednjoj i jugoisto\u010dnoj Europi.\" \/>\n<meta property=\"og:url\" content=\"https:\/\/pozega-tz.hr\/en\/jedi-pij\/vino-pivo\/\" \/>\n<meta property=\"og:site_name\" content=\"Po\u017eega Tourist board\" \/>\n<meta property=\"article:modified_time\" content=\"2024-11-13T12:20:21+00:00\" \/>\n<meta property=\"og:image\" content=\"https:\/\/pozega-tz.hr\/en\/wp-content\/uploads\/2021\/03\/pexels-picjumbocom-225229-scaled.jpg\" \/>\n\t<meta property=\"og:image:width\" content=\"2560\" \/>\n\t<meta property=\"og:image:height\" content=\"1707\" \/>\n\t<meta property=\"og:image:type\" content=\"image\/jpeg\" \/>\n<meta name=\"twitter:card\" content=\"summary_large_image\" \/>\n<meta name=\"twitter:label1\" content=\"Est. reading time\" \/>\n\t<meta name=\"twitter:data1\" content=\"8 minutes\" \/>\n<script type=\"application\/ld+json\" class=\"yoast-schema-graph\">{\"@context\":\"https:\/\/schema.org\",\"@graph\":[{\"@type\":\"WebPage\",\"@id\":\"https:\/\/pozega-tz.hr\/en\/jedi-pij\/vino-pivo\/\",\"url\":\"https:\/\/pozega-tz.hr\/en\/jedi-pij\/vino-pivo\/\",\"name\":\"Wine & Beer - Po\u017eega Tourist board\",\"isPartOf\":{\"@id\":\"https:\/\/pozega-tz.hr\/en\/#website\"},\"primaryImageOfPage\":{\"@id\":\"https:\/\/pozega-tz.hr\/en\/jedi-pij\/vino-pivo\/#primaryimage\"},\"image\":{\"@id\":\"https:\/\/pozega-tz.hr\/en\/jedi-pij\/vino-pivo\/#primaryimage\"},\"thumbnailUrl\":\"https:\/\/pozega-tz.hr\/en\/wp-content\/uploads\/2021\/03\/pexels-picjumbocom-225229-scaled.jpg\",\"datePublished\":\"2021-03-02T11:47:49+00:00\",\"dateModified\":\"2024-11-13T12:20:21+00:00\",\"description\":\"Po\u017eega je sa svih strana okru\u017eena prostranim vinogorjem na obroncima Po\u017ee\u0161ke i Dilj gore, Krndije i Papuka koje slovi za jedno od najkvalitetnijih u srednjoj i jugoisto\u010dnoj Europi.\",\"breadcrumb\":{\"@id\":\"https:\/\/pozega-tz.hr\/en\/jedi-pij\/vino-pivo\/#breadcrumb\"},\"inLanguage\":\"en-US\",\"potentialAction\":[{\"@type\":\"ReadAction\",\"target\":[\"https:\/\/pozega-tz.hr\/en\/jedi-pij\/vino-pivo\/\"]}]},{\"@type\":\"ImageObject\",\"inLanguage\":\"en-US\",\"@id\":\"https:\/\/pozega-tz.hr\/en\/jedi-pij\/vino-pivo\/#primaryimage\",\"url\":\"https:\/\/pozega-tz.hr\/en\/wp-content\/uploads\/2021\/03\/pexels-picjumbocom-225229-scaled.jpg\",\"contentUrl\":\"https:\/\/pozega-tz.hr\/en\/wp-content\/uploads\/2021\/03\/pexels-picjumbocom-225229-scaled.jpg\",\"width\":2560,\"height\":1707},{\"@type\":\"BreadcrumbList\",\"@id\":\"https:\/\/pozega-tz.hr\/en\/jedi-pij\/vino-pivo\/#breadcrumb\",\"itemListElement\":[{\"@type\":\"ListItem\",\"position\":1,\"name\":\"Jedi &#038; pij\",\"item\":\"https:\/\/pozega-tz.hr\/en\/jedi-pij\/\"},{\"@type\":\"ListItem\",\"position\":2,\"name\":\"Wine &#038; Beer\"}]},{\"@type\":\"WebSite\",\"@id\":\"https:\/\/pozega-tz.hr\/en\/#website\",\"url\":\"https:\/\/pozega-tz.hr\/en\/\",\"name\":\"Po\u017eega Tourist board\",\"description\":\"Brda&amp;Doline\",\"potentialAction\":[{\"@type\":\"SearchAction\",\"target\":{\"@type\":\"EntryPoint\",\"urlTemplate\":\"https:\/\/pozega-tz.hr\/en\/?s={search_term_string}\"},\"query-input\":{\"@type\":\"PropertyValueSpecification\",\"valueRequired\":true,\"valueName\":\"search_term_string\"}}],\"inLanguage\":\"en-US\"}]}<\/script>\n<!-- \/ Yoast SEO plugin. -->","yoast_head_json":{"title":"Wine & Beer - Po\u017eega Tourist board","description":"Po\u017eega je sa svih strana okru\u017eena prostranim vinogorjem na obroncima Po\u017ee\u0161ke i Dilj gore, Krndije i Papuka koje slovi za jedno od najkvalitetnijih u srednjoj i jugoisto\u010dnoj Europi.","robots":{"index":"index","follow":"follow","max-snippet":"max-snippet:-1","max-image-preview":"max-image-preview:large","max-video-preview":"max-video-preview:-1"},"canonical":"https:\/\/pozega-tz.hr\/en\/jedi-pij\/vino-pivo\/","og_locale":"en_US","og_type":"article","og_title":"Wine & Beer - Po\u017eega Tourist board","og_description":"Po\u017eega je sa svih strana okru\u017eena prostranim vinogorjem na obroncima Po\u017ee\u0161ke i Dilj gore, Krndije i Papuka koje slovi za jedno od najkvalitetnijih u srednjoj i jugoisto\u010dnoj Europi.","og_url":"https:\/\/pozega-tz.hr\/en\/jedi-pij\/vino-pivo\/","og_site_name":"Po\u017eega Tourist board","article_modified_time":"2024-11-13T12:20:21+00:00","og_image":[{"width":2560,"height":1707,"url":"https:\/\/pozega-tz.hr\/en\/wp-content\/uploads\/2021\/03\/pexels-picjumbocom-225229-scaled.jpg","type":"image\/jpeg"}],"twitter_card":"summary_large_image","twitter_misc":{"Est. reading time":"8 minutes"},"schema":{"@context":"https:\/\/schema.org","@graph":[{"@type":"WebPage","@id":"https:\/\/pozega-tz.hr\/en\/jedi-pij\/vino-pivo\/","url":"https:\/\/pozega-tz.hr\/en\/jedi-pij\/vino-pivo\/","name":"Wine & Beer - Po\u017eega Tourist board","isPartOf":{"@id":"https:\/\/pozega-tz.hr\/en\/#website"},"primaryImageOfPage":{"@id":"https:\/\/pozega-tz.hr\/en\/jedi-pij\/vino-pivo\/#primaryimage"},"image":{"@id":"https:\/\/pozega-tz.hr\/en\/jedi-pij\/vino-pivo\/#primaryimage"},"thumbnailUrl":"https:\/\/pozega-tz.hr\/en\/wp-content\/uploads\/2021\/03\/pexels-picjumbocom-225229-scaled.jpg","datePublished":"2021-03-02T11:47:49+00:00","dateModified":"2024-11-13T12:20:21+00:00","description":"Po\u017eega je sa svih strana okru\u017eena prostranim vinogorjem na obroncima Po\u017ee\u0161ke i Dilj gore, Krndije i Papuka koje slovi za jedno od najkvalitetnijih u srednjoj i jugoisto\u010dnoj Europi.","breadcrumb":{"@id":"https:\/\/pozega-tz.hr\/en\/jedi-pij\/vino-pivo\/#breadcrumb"},"inLanguage":"en-US","potentialAction":[{"@type":"ReadAction","target":["https:\/\/pozega-tz.hr\/en\/jedi-pij\/vino-pivo\/"]}]},{"@type":"ImageObject","inLanguage":"en-US","@id":"https:\/\/pozega-tz.hr\/en\/jedi-pij\/vino-pivo\/#primaryimage","url":"https:\/\/pozega-tz.hr\/en\/wp-content\/uploads\/2021\/03\/pexels-picjumbocom-225229-scaled.jpg","contentUrl":"https:\/\/pozega-tz.hr\/en\/wp-content\/uploads\/2021\/03\/pexels-picjumbocom-225229-scaled.jpg","width":2560,"height":1707},{"@type":"BreadcrumbList","@id":"https:\/\/pozega-tz.hr\/en\/jedi-pij\/vino-pivo\/#breadcrumb","itemListElement":[{"@type":"ListItem","position":1,"name":"Jedi &#038; pij","item":"https:\/\/pozega-tz.hr\/en\/jedi-pij\/"},{"@type":"ListItem","position":2,"name":"Wine &#038; Beer"}]},{"@type":"WebSite","@id":"https:\/\/pozega-tz.hr\/en\/#website","url":"https:\/\/pozega-tz.hr\/en\/","name":"Po\u017eega Tourist board","description":"Brda&amp;Doline","potentialAction":[{"@type":"SearchAction","target":{"@type":"EntryPoint","urlTemplate":"https:\/\/pozega-tz.hr\/en\/?s={search_term_string}"},"query-input":{"@type":"PropertyValueSpecification","valueRequired":true,"valueName":"search_term_string"}}],"inLanguage":"en-US"}]}},"_links":{"self":[{"href":"https:\/\/pozega-tz.hr\/en\/wp-json\/wp\/v2\/pages\/3588","targetHints":{"allow":["GET"]}}],"collection":[{"href":"https:\/\/pozega-tz.hr\/en\/wp-json\/wp\/v2\/pages"}],"about":[{"href":"https:\/\/pozega-tz.hr\/en\/wp-json\/wp\/v2\/types\/page"}],"author":[{"embeddable":true,"href":"https:\/\/pozega-tz.hr\/en\/wp-json\/wp\/v2\/users\/1"}],"replies":[{"embeddable":true,"href":"https:\/\/pozega-tz.hr\/en\/wp-json\/wp\/v2\/comments?post=3588"}],"version-history":[{"count":9,"href":"https:\/\/pozega-tz.hr\/en\/wp-json\/wp\/v2\/pages\/3588\/revisions"}],"predecessor-version":[{"id":5210,"href":"https:\/\/pozega-tz.hr\/en\/wp-json\/wp\/v2\/pages\/3588\/revisions\/5210"}],"up":[{"embeddable":true,"href":"https:\/\/pozega-tz.hr\/en\/wp-json\/wp\/v2\/pages\/3467"}],"wp:featuredmedia":[{"embeddable":true,"href":"https:\/\/pozega-tz.hr\/en\/wp-json\/wp\/v2\/media\/3579"}],"wp:attachment":[{"href":"https:\/\/pozega-tz.hr\/en\/wp-json\/wp\/v2\/media?parent=3588"}],"curies":[{"name":"wp","href":"https:\/\/api.w.org\/{rel}","templated":true}]}}