{"id":3562,"date":"2021-03-02T12:12:16","date_gmt":"2021-03-02T11:12:16","guid":{"rendered":"http:\/\/pozega-tz.hr\/en\/?page_id=3562"},"modified":"2021-11-01T21:28:32","modified_gmt":"2021-11-01T20:28:32","slug":"pozega-pozezani","status":"publish","type":"page","link":"https:\/\/pozega-tz.hr\/en\/vidi-i-dozivi\/pozega-pozezani\/","title":{"rendered":"City &#038; Famous citizens"},"content":{"rendered":"<p>[et_pb_section fb_built=&#8221;1&#8243; _builder_version=&#8221;4.9.0&#8243; _module_preset=&#8221;default&#8221; custom_padding=&#8221;0px||22px|||&#8221; global_module=&#8221;3220&#8243; saved_tabs=&#8221;all&#8221; global_colors_info=&#8221;{}&#8221;][et_pb_row _builder_version=&#8221;4.9.0&#8243; _module_preset=&#8221;default&#8221; background_color=&#8221;#ededed&#8221; width=&#8221;100%&#8221; max_width=&#8221;2560px&#8221; custom_padding=&#8221;|3%||3%|false|true&#8221; global_colors_info=&#8221;{}&#8221;][et_pb_column type=&#8221;4_4&#8243; _builder_version=&#8221;4.9.0&#8243; _module_preset=&#8221;default&#8221; global_colors_info=&#8221;{}&#8221;][et_pb_menu menu_id=&#8221;35&#8243; submenu_direction=&#8221;upwards&#8221; _builder_version=&#8221;4.9.0&#8243; _module_preset=&#8221;default&#8221; background_enable_color=&#8221;off&#8221; global_colors_info=&#8221;{}&#8221;][\/et_pb_menu][\/et_pb_column][\/et_pb_row][et_pb_row _builder_version=&#8221;4.9.0&#8243; _module_preset=&#8221;default&#8221; custom_margin=&#8221;20px||||false|false&#8221; global_colors_info=&#8221;{}&#8221;][et_pb_column type=&#8221;4_4&#8243; _builder_version=&#8221;4.9.0&#8243; _module_preset=&#8221;default&#8221; global_colors_info=&#8221;{}&#8221;][et_pb_text _builder_version=&#8221;4.11.3&#8243; _dynamic_attributes=&#8221;content&#8221; _module_preset=&#8221;default&#8221; text_font=&#8221;Ubuntu||||||||&#8221; text_font_size=&#8221;41px&#8221; header_font=&#8221;Ubuntu|700|||||||&#8221; header_font_size=&#8221;54px&#8221; global_colors_info=&#8221;{}&#8221;]@ET-DC@eyJkeW5hbWljIjp0cnVlLCJjb250ZW50IjoicG9zdF90aXRsZSIsInNldHRpbmdzIjp7ImJlZm9yZSI6IiIsImFmdGVyIjoiIn19@[\/et_pb_text][\/et_pb_column][\/et_pb_row][\/et_pb_section][et_pb_section fb_built=&#8221;1&#8243; _builder_version=&#8221;4.9.0&#8243; _module_preset=&#8221;default&#8221; background_color=&#8221;#f9f9f9&#8243; custom_padding=&#8221;0px||0px|||&#8221; global_colors_info=&#8221;{}&#8221;][et_pb_row column_structure=&#8221;1_2,1_2&#8243; use_custom_gutter=&#8221;on&#8221; gutter_width=&#8221;1&#8243; make_equal=&#8221;on&#8221; _builder_version=&#8221;4.9.0&#8243; _module_preset=&#8221;default&#8221; width=&#8221;100%&#8221; max_width=&#8221;2560px&#8221; module_alignment=&#8221;center&#8221; custom_padding=&#8221;0%||0%||true|true&#8221; global_colors_info=&#8221;{}&#8221;][et_pb_column type=&#8221;1_2&#8243; _builder_version=&#8221;4.9.0&#8243; _module_preset=&#8221;default&#8221; custom_padding=&#8221;5%|5%|5%|5%|true|false&#8221; global_colors_info=&#8221;{}&#8221;][et_pb_text _builder_version=&#8221;4.9.0&#8243; _module_preset=&#8221;default&#8221; global_colors_info=&#8221;{}&#8221;]<\/p>\n<p>Your visit to Po\u017eega, just like any visit to another city, will stay with you like a nice memory after you meet a local and get to know the place. It might be your tour guide or even a new friend. And we\u2019re pretty certain you will make friends in Po\u017eega in no time!<\/p>\n<p>\u00a0The citizens of Po\u017eega are known as good hosts. And although like many people from Croatia\u2019s inland they might at first seem to be a bit reserved in communication, unlike the more open Croatians from the Adriatic coast, once you get to know them, you\u2019ll stay friends for life. If you get to meet a person from the city\u2019s countryside, where old traditions are still very much alive, you can expect to be invited to many celebrations such as \u201cKirvaj\u201d (after the German word: Kirchweich), a cheerful religious celebration of a village patron saint\u2019s day. And you will really get to know the place, once you taste the typical local delicacies. And bear in mind that almost every typical Slavonian man or a woman is probably a really good cook.<\/p>\n<p>\u00a0Like most Croats, people of Po\u017eega are especially happy when the weekend arrives and they get to have their well-earned rest. On a Saturday morning, you will most probably see them in the city centre enjoying a nice cup of coffee and a hurtful conversation with their friends. You might see them over a coffee again on Sunday morning, while in the afternoons the city might seem like it was deserted. And the reason is very simple. If you\u2019re looking for the citizens of Po\u017eega on a weekend afternoon, you will most probably find them in their back yard preparing a barbecue or walking and hiking in the nearby hills. In any case, join them!<\/p>\n<p>\u00a0Another interesting personality of a citizen of Po\u017eega that might show very soon after you meet is how proud he or she is of the city and the famous fellow citizens. And even if at first it might sound like bragging, it will most probably be completely true \u2013 Po\u017eega might be a small city on a European or on a World scale, but this city can truly say that many important people were either born here or lived in the city at the time they become famous. For some of the renowned scientists, singers or writers you might have heard before and if not, you will as you continue to read this section of our web site. And who knows, after you finish reading this text, you might even surprise your new friend from Po\u017eega with how much you know about his or her beloved town!<\/p>\n<p>[\/et_pb_text][\/et_pb_column][et_pb_column type=&#8221;1_2&#8243; _builder_version=&#8221;4.9.0&#8243; _module_preset=&#8221;default&#8221; background_image=&#8221;http:\/\/pozega-tz.hr\/en\/wp-content\/uploads\/2021\/02\/pexels-photo-5911280.jpeg&#8221; global_colors_info=&#8221;{}&#8221;][et_pb_text _builder_version=&#8221;4.9.0&#8243; _module_preset=&#8221;default&#8221; min_height=&#8221;410px&#8221; global_colors_info=&#8221;{}&#8221;][\/et_pb_text][\/et_pb_column][\/et_pb_row][\/et_pb_section][et_pb_section fb_built=&#8221;1&#8243; _builder_version=&#8221;4.9.0&#8243; _module_preset=&#8221;default&#8221; background_color=&#8221;#f9f9f9&#8243; custom_padding=&#8221;0px||0px|||&#8221; global_colors_info=&#8221;{}&#8221;][et_pb_row column_structure=&#8221;1_2,1_2&#8243; use_custom_gutter=&#8221;on&#8221; gutter_width=&#8221;1&#8243; make_equal=&#8221;on&#8221; _builder_version=&#8221;4.9.0&#8243; _module_preset=&#8221;default&#8221; width=&#8221;100%&#8221; max_width=&#8221;2560px&#8221; module_alignment=&#8221;center&#8221; custom_padding=&#8221;0%||0%||true|true&#8221; global_colors_info=&#8221;{}&#8221;][et_pb_column type=&#8221;1_2&#8243; _builder_version=&#8221;4.9.0&#8243; _module_preset=&#8221;default&#8221; background_image=&#8221;http:\/\/pozega-tz.hr\/en\/wp-content\/uploads\/2021\/03\/HE1_0932.jpg&#8221; global_colors_info=&#8221;{}&#8221;][et_pb_text _builder_version=&#8221;4.9.0&#8243; _module_preset=&#8221;default&#8221; min_height=&#8221;410px&#8221; global_colors_info=&#8221;{}&#8221;][\/et_pb_text][\/et_pb_column][et_pb_column type=&#8221;1_2&#8243; _builder_version=&#8221;4.9.0&#8243; _module_preset=&#8221;default&#8221; background_color=&#8221;#FFFFFF&#8221; custom_padding=&#8221;5%|5%|5%|5%|true|false&#8221; global_colors_info=&#8221;{}&#8221;][et_pb_text _builder_version=&#8221;4.11.3&#8243; _module_preset=&#8221;default&#8221; global_colors_info=&#8221;{}&#8221;]<\/p>\n<h2><strong>Famous citizens of Po\u017eega<\/strong><\/h2>\n<p>Many citizens from Po\u017eega left a memorable mark on Croatia\u2019s history and with their achievements they made a great contribution to our country\u2019s science, literature, art and other segments of life.<\/p>\n<p>Some of the most famous Croatian writers were born, schooled and worked right here in Po\u017eega. The Jesuit monk Antun Kani\u017eli\u0107 was the author of the 18th-century baroque collection of poems named \u201cSaint Rosalia\u201d. He was also one of the first to write about scientific topics and was very attentive towards keeping the Croatian language safe from non-Slavic influences. As he wished, he was buried in the church of St. Lawrence in Po\u017eega.<\/p>\n<p>Vjekoslav Babuki\u0107, one of the most important linguists and leaders of the Croatian national movement of the 19th century was also born in Po\u017eega. He was the author of \u201cIlirska slovnica\u201d the first Croatian grammar written based on linguistic literature. Since 1838 he was the first secretary of the Illirian (Croatian) library and then became the secretary of the Matica Ilirska (Matrix Croatica). In 1846 he was named the first professor at the Department for Croatian language at the Royal Academy in Zagreb. Vjekoslav Babuki\u0107 was also one of the most prominent proponents of national rights in the period of the Croatian national movement. For those achievements, many streets in Croatia are named after him.<\/p>\n<p>[\/et_pb_text][\/et_pb_column][\/et_pb_row][\/et_pb_section][et_pb_section fb_built=&#8221;1&#8243; _builder_version=&#8221;4.9.0&#8243; _module_preset=&#8221;default&#8221; background_color=&#8221;#f9f9f9&#8243; custom_padding=&#8221;0px||0px|||&#8221; global_colors_info=&#8221;{}&#8221;][et_pb_row column_structure=&#8221;1_2,1_2&#8243; use_custom_gutter=&#8221;on&#8221; gutter_width=&#8221;1&#8243; make_equal=&#8221;on&#8221; _builder_version=&#8221;4.9.0&#8243; _module_preset=&#8221;default&#8221; width=&#8221;100%&#8221; max_width=&#8221;2560px&#8221; module_alignment=&#8221;center&#8221; custom_padding=&#8221;0%||0%||true|true&#8221; global_colors_info=&#8221;{}&#8221;][et_pb_column type=&#8221;1_2&#8243; _builder_version=&#8221;4.9.0&#8243; _module_preset=&#8221;default&#8221; custom_padding=&#8221;5%|5%|5%|5%|true|false&#8221; global_colors_info=&#8221;{}&#8221;][et_pb_text _builder_version=&#8221;4.9.0&#8243; _module_preset=&#8221;default&#8221; global_colors_info=&#8221;{}&#8221;]<\/p>\n<p>\u00a0Miroslav Kraljevi\u0107, a descendent of the famous noble family in Po\u017eega was the author of \u201cPo\u017ee\u0161ki \u0111ak\u201d (The Po\u017eega Student) the first novel in modern Croatian literature. He also founded the first printing house in Po\u017eega, second in Croatia in 1862.<\/p>\n<p>The historian, writer of travelogues and educator Julije Kempf founded the City museum and in his memoirs \u201cMoja po\u017ee\u0161ka sje\u0107anja\u201d (\u201cMy memories of Po\u017eega\u201d) he wrote about important events in Po\u017eega during the end of the 19th and in early 20th century. His capital work was the monograph \u201cPo\u017eega\u201d from 1910.\u00a0<\/p>\n<p>\u00a0One of the most important poets in Croatian literature in-between two World Wars, Dobri\u0161a Cesari\u0107, was born in Po\u017eega just like Matko Pei\u0107, a distinguished art-historian, painter and writer, author of one of the largest collection of travelogues in Croatian literature.<\/p>\n<p>\u00a0Josip Eugen Tomi\u0107, Janko Jurkovi\u0107, Vilim Korajac, Napoleon \u0160pun Stri\u017ei\u0107, Kajo Ad\u017ei\u0107, Armin Pavi\u0107, Franjo Ciraki, Zdenka Markovi\u0107, Josip Pavi\u010di\u0107, Ivan Mesner, are just some of the famous representatives of Croatian literature born in Po\u017eega, the Athens of Slavonia as the city was nicknamed for its many important writers and scientists.<\/p>\n<p>\u00a0Po\u017eega was the birthplace of Dragutin Lerman, the great explorer of Africa and writer of famous travelogues. Lerman was a member of the African expeditions in Congo by Henry Morton Stanley in the second part of the 19th century. Lerman was included in the negotiations with the chiefs of the local tribes in the area around the river Congo. As the general secretary of the Belgian government for the Eastern Congo (Democratic Republic of Congo), he established the Belgian colonial administration. During his explorations, he discovered the waterfalls on the river Kwil in 1893 and named them Zrinski Chutes (Zrinski waterfalls) after the famous and celebrated Croatian noble family. He donated his African collections to the Croatian national museum, today the Ethnographic museum in Zagreb.\u00a0<\/p>\n<p>\u00a0Among the painters from Po\u017eega the most prominent were Gustav Po\u0161a and Jozo Janda. Miroslav Kraljevi\u0107 is considered to be one of the most important painters of the 20th century. He set the foundations of the Croatian modern with his most famous works being \u201cSelf-portrait with a dog\u201d, \u201cThe girl with a doll\u201d and \u201cThe Po\u017eega valley\u201d.<\/p>\n<p>[\/et_pb_text][\/et_pb_column][et_pb_column type=&#8221;1_2&#8243; _builder_version=&#8221;4.9.0&#8243; _module_preset=&#8221;default&#8221; background_image=&#8221;http:\/\/pozega-tz.hr\/en\/wp-content\/uploads\/2021\/03\/dobrisa-cesaric-slika-1.jpg&#8221; parallax=&#8221;on&#8221; global_colors_info=&#8221;{}&#8221;][et_pb_text _builder_version=&#8221;4.9.0&#8243; _module_preset=&#8221;default&#8221; min_height=&#8221;410px&#8221; global_colors_info=&#8221;{}&#8221;][\/et_pb_text][\/et_pb_column][\/et_pb_row][\/et_pb_section][et_pb_section fb_built=&#8221;1&#8243; _builder_version=&#8221;4.9.0&#8243; _module_preset=&#8221;default&#8221; background_color=&#8221;#f9f9f9&#8243; custom_padding=&#8221;0px||0px|||&#8221; global_colors_info=&#8221;{}&#8221;][et_pb_row column_structure=&#8221;1_2,1_2&#8243; use_custom_gutter=&#8221;on&#8221; gutter_width=&#8221;1&#8243; make_equal=&#8221;on&#8221; _builder_version=&#8221;4.9.0&#8243; _module_preset=&#8221;default&#8221; width=&#8221;100%&#8221; max_width=&#8221;2560px&#8221; module_alignment=&#8221;center&#8221; custom_padding=&#8221;0%||0%||true|true&#8221; global_colors_info=&#8221;{}&#8221;][et_pb_column type=&#8221;1_2&#8243; _builder_version=&#8221;4.9.0&#8243; _module_preset=&#8221;default&#8221; background_image=&#8221;http:\/\/pozega-tz.hr\/en\/wp-content\/uploads\/2021\/03\/3eae24a332825a7c638b.jpeg&#8221; global_colors_info=&#8221;{}&#8221;][et_pb_text _builder_version=&#8221;4.9.0&#8243; _module_preset=&#8221;default&#8221; min_height=&#8221;410px&#8221; global_colors_info=&#8221;{}&#8221;][\/et_pb_text][\/et_pb_column][et_pb_column type=&#8221;1_2&#8243; _builder_version=&#8221;4.9.0&#8243; _module_preset=&#8221;default&#8221; background_color=&#8221;#FFFFFF&#8221; custom_padding=&#8221;5%|5%|5%|5%|true|false&#8221; global_colors_info=&#8221;{}&#8221;][et_pb_text _builder_version=&#8221;4.9.0&#8243; _module_preset=&#8221;default&#8221; custom_padding=&#8221;||0px|||&#8221; global_colors_info=&#8221;{}&#8221;]<\/p>\n<p>\u00a0The world of theatre was also enriched by many actors born in Po\u017eega, such as Ervina Dragman, Mia Oremovi\u0107 and Vilma No\u017eini\u0107 the famous opera singer. A prominent place in the history of Croatian sports goes to the famous athlete Boris Han\u017eekovi\u0107. Other people from Po\u017eega also deserve to be mentioned as they all left a big mark in various fields of work, such as the doctor of medicine Andrija \u0160tampar, Ivan Reiner and Matija Ko\u017ei\u0107, then the mathematician \u017deljko Markovi\u0107, botanist Karlo Bo\u0161njak, historian and archivist Josip Buturac, architect Pavao Ju\u0161i\u0107, member of the Croatian academy Filip Potrebica and many others.<\/p>\n<p>\u00a0Still today many people from Po\u017eega stand out in their field of work in Croatia and abroad, such as writers Lana Derka\u010d and Branko Hribar, the painter, director and set designer Zlatko Bourek and historian Tvrtko Jakovina. In the world of music there are Boris \u0106iro Ga\u0161parac, Ivana Kindl and Vesna Pisarovi\u0107. Actresses Nada Ga\u010de\u0161i\u0107-Livakovi\u0107 and Ines Bojani\u0107 have successful careers in theatre and in the world of professional sports the handball player Marko Kopljar stands out.<\/p>\n<p>&nbsp;<\/p>\n<p>[\/et_pb_text][\/et_pb_column][\/et_pb_row][\/et_pb_section]<\/p>\n","protected":false},"excerpt":{"rendered":"<p>Your visit to Po\u017eega, just like any visit to another city, will stay with you like a nice memory after you meet a local and get to know the place. It might be your tour guide or even a new friend. And we\u2019re pretty certain you will make friends in Po\u017eega in no time!<\/p>\n","protected":false},"author":1,"featured_media":3532,"parent":3216,"menu_order":0,"comment_status":"closed","ping_status":"closed","template":"","meta":{"_acf_changed":false,"_et_pb_use_builder":"on","_et_pb_old_content":"","_et_gb_content_width":"","footnotes":""},"class_list":["post-3562","page","type-page","status-publish","has-post-thumbnail","hentry"],"acf":[],"yoast_head":"<!-- This site is optimized with the Yoast SEO plugin v25.7 - https:\/\/yoast.com\/wordpress\/plugins\/seo\/ -->\n<title>City &amp; Famous citizens - Po\u017eega Tourist board<\/title>\n<meta name=\"description\" content=\"Posjet Po\u017eegi, kao vjerujemo i svakome drugom gradu, u najljep\u0161em sje\u0107anju ostat \u0107e zasigurno nakon \u0161to upoznate i ponekog &quot;lokalca&quot;, bio to va\u0161 turisti\u010dki vodi\u010d ili pak prijatelj, koje \u0107ete u na\u0161em gradu vrlo brzo ste\u0107i.\" \/>\n<meta name=\"robots\" content=\"index, follow, max-snippet:-1, max-image-preview:large, max-video-preview:-1\" \/>\n<link rel=\"canonical\" href=\"https:\/\/pozega-tz.hr\/en\/vidi-i-dozivi\/pozega-pozezani\/\" \/>\n<meta property=\"og:locale\" content=\"en_US\" \/>\n<meta property=\"og:type\" content=\"article\" \/>\n<meta property=\"og:title\" content=\"City &amp; Famous citizens - Po\u017eega Tourist board\" \/>\n<meta property=\"og:description\" content=\"Posjet Po\u017eegi, kao vjerujemo i svakome drugom gradu, u najljep\u0161em sje\u0107anju ostat \u0107e zasigurno nakon \u0161to upoznate i ponekog &quot;lokalca&quot;, bio to va\u0161 turisti\u010dki vodi\u010d ili pak prijatelj, koje \u0107ete u na\u0161em gradu vrlo brzo ste\u0107i.\" \/>\n<meta property=\"og:url\" content=\"https:\/\/pozega-tz.hr\/en\/vidi-i-dozivi\/pozega-pozezani\/\" \/>\n<meta property=\"og:site_name\" content=\"Po\u017eega Tourist board\" \/>\n<meta property=\"article:modified_time\" content=\"2021-11-01T20:28:32+00:00\" \/>\n<meta property=\"og:image\" content=\"https:\/\/pozega-tz.hr\/en\/wp-content\/uploads\/2021\/02\/Trg-sv.-Terezije-_Grad-Poz\u030cega2-1-scaled.jpg\" \/>\n\t<meta property=\"og:image:width\" content=\"2560\" \/>\n\t<meta property=\"og:image:height\" content=\"1706\" \/>\n\t<meta property=\"og:image:type\" content=\"image\/jpeg\" \/>\n<meta name=\"twitter:card\" content=\"summary_large_image\" \/>\n<meta name=\"twitter:label1\" content=\"Est. reading time\" \/>\n\t<meta name=\"twitter:data1\" content=\"10 minutes\" \/>\n<script type=\"application\/ld+json\" class=\"yoast-schema-graph\">{\"@context\":\"https:\/\/schema.org\",\"@graph\":[{\"@type\":\"WebPage\",\"@id\":\"https:\/\/pozega-tz.hr\/en\/vidi-i-dozivi\/pozega-pozezani\/\",\"url\":\"https:\/\/pozega-tz.hr\/en\/vidi-i-dozivi\/pozega-pozezani\/\",\"name\":\"City & Famous citizens - Po\u017eega Tourist board\",\"isPartOf\":{\"@id\":\"https:\/\/pozega-tz.hr\/en\/#website\"},\"primaryImageOfPage\":{\"@id\":\"https:\/\/pozega-tz.hr\/en\/vidi-i-dozivi\/pozega-pozezani\/#primaryimage\"},\"image\":{\"@id\":\"https:\/\/pozega-tz.hr\/en\/vidi-i-dozivi\/pozega-pozezani\/#primaryimage\"},\"thumbnailUrl\":\"https:\/\/pozega-tz.hr\/en\/wp-content\/uploads\/2021\/02\/Trg-sv.-Terezije-_Grad-Poz\u030cega2-1-scaled.jpg\",\"datePublished\":\"2021-03-02T11:12:16+00:00\",\"dateModified\":\"2021-11-01T20:28:32+00:00\",\"description\":\"Posjet Po\u017eegi, kao vjerujemo i svakome drugom gradu, u najljep\u0161em sje\u0107anju ostat \u0107e zasigurno nakon \u0161to upoznate i ponekog \\\"lokalca\\\", bio to va\u0161 turisti\u010dki vodi\u010d ili pak prijatelj, koje \u0107ete u na\u0161em gradu vrlo brzo ste\u0107i.\",\"breadcrumb\":{\"@id\":\"https:\/\/pozega-tz.hr\/en\/vidi-i-dozivi\/pozega-pozezani\/#breadcrumb\"},\"inLanguage\":\"en-US\",\"potentialAction\":[{\"@type\":\"ReadAction\",\"target\":[\"https:\/\/pozega-tz.hr\/en\/vidi-i-dozivi\/pozega-pozezani\/\"]}]},{\"@type\":\"ImageObject\",\"inLanguage\":\"en-US\",\"@id\":\"https:\/\/pozega-tz.hr\/en\/vidi-i-dozivi\/pozega-pozezani\/#primaryimage\",\"url\":\"https:\/\/pozega-tz.hr\/en\/wp-content\/uploads\/2021\/02\/Trg-sv.-Terezije-_Grad-Poz\u030cega2-1-scaled.jpg\",\"contentUrl\":\"https:\/\/pozega-tz.hr\/en\/wp-content\/uploads\/2021\/02\/Trg-sv.-Terezije-_Grad-Poz\u030cega2-1-scaled.jpg\",\"width\":2560,\"height\":1706},{\"@type\":\"BreadcrumbList\",\"@id\":\"https:\/\/pozega-tz.hr\/en\/vidi-i-dozivi\/pozega-pozezani\/#breadcrumb\",\"itemListElement\":[{\"@type\":\"ListItem\",\"position\":1,\"name\":\"Vidi &#038; Do\u017eivi\",\"item\":\"http:\/\/pozega-tz.hr\/en\/vidi-i-dozivi\/\"},{\"@type\":\"ListItem\",\"position\":2,\"name\":\"City &#038; Famous citizens\"}]},{\"@type\":\"WebSite\",\"@id\":\"https:\/\/pozega-tz.hr\/en\/#website\",\"url\":\"https:\/\/pozega-tz.hr\/en\/\",\"name\":\"Po\u017eega Tourist board\",\"description\":\"Brda&amp;Doline\",\"potentialAction\":[{\"@type\":\"SearchAction\",\"target\":{\"@type\":\"EntryPoint\",\"urlTemplate\":\"https:\/\/pozega-tz.hr\/en\/?s={search_term_string}\"},\"query-input\":{\"@type\":\"PropertyValueSpecification\",\"valueRequired\":true,\"valueName\":\"search_term_string\"}}],\"inLanguage\":\"en-US\"}]}<\/script>\n<!-- \/ Yoast SEO plugin. -->","yoast_head_json":{"title":"City & Famous citizens - Po\u017eega Tourist board","description":"Posjet Po\u017eegi, kao vjerujemo i svakome drugom gradu, u najljep\u0161em sje\u0107anju ostat \u0107e zasigurno nakon \u0161to upoznate i ponekog \"lokalca\", bio to va\u0161 turisti\u010dki vodi\u010d ili pak prijatelj, koje \u0107ete u na\u0161em gradu vrlo brzo ste\u0107i.","robots":{"index":"index","follow":"follow","max-snippet":"max-snippet:-1","max-image-preview":"max-image-preview:large","max-video-preview":"max-video-preview:-1"},"canonical":"https:\/\/pozega-tz.hr\/en\/vidi-i-dozivi\/pozega-pozezani\/","og_locale":"en_US","og_type":"article","og_title":"City & Famous citizens - Po\u017eega Tourist board","og_description":"Posjet Po\u017eegi, kao vjerujemo i svakome drugom gradu, u najljep\u0161em sje\u0107anju ostat \u0107e zasigurno nakon \u0161to upoznate i ponekog \"lokalca\", bio to va\u0161 turisti\u010dki vodi\u010d ili pak prijatelj, koje \u0107ete u na\u0161em gradu vrlo brzo ste\u0107i.","og_url":"https:\/\/pozega-tz.hr\/en\/vidi-i-dozivi\/pozega-pozezani\/","og_site_name":"Po\u017eega Tourist board","article_modified_time":"2021-11-01T20:28:32+00:00","og_image":[{"width":2560,"height":1706,"url":"https:\/\/pozega-tz.hr\/en\/wp-content\/uploads\/2021\/02\/Trg-sv.-Terezije-_Grad-Poz\u030cega2-1-scaled.jpg","type":"image\/jpeg"}],"twitter_card":"summary_large_image","twitter_misc":{"Est. reading time":"10 minutes"},"schema":{"@context":"https:\/\/schema.org","@graph":[{"@type":"WebPage","@id":"https:\/\/pozega-tz.hr\/en\/vidi-i-dozivi\/pozega-pozezani\/","url":"https:\/\/pozega-tz.hr\/en\/vidi-i-dozivi\/pozega-pozezani\/","name":"City & Famous citizens - Po\u017eega Tourist board","isPartOf":{"@id":"https:\/\/pozega-tz.hr\/en\/#website"},"primaryImageOfPage":{"@id":"https:\/\/pozega-tz.hr\/en\/vidi-i-dozivi\/pozega-pozezani\/#primaryimage"},"image":{"@id":"https:\/\/pozega-tz.hr\/en\/vidi-i-dozivi\/pozega-pozezani\/#primaryimage"},"thumbnailUrl":"https:\/\/pozega-tz.hr\/en\/wp-content\/uploads\/2021\/02\/Trg-sv.-Terezije-_Grad-Poz\u030cega2-1-scaled.jpg","datePublished":"2021-03-02T11:12:16+00:00","dateModified":"2021-11-01T20:28:32+00:00","description":"Posjet Po\u017eegi, kao vjerujemo i svakome drugom gradu, u najljep\u0161em sje\u0107anju ostat \u0107e zasigurno nakon \u0161to upoznate i ponekog \"lokalca\", bio to va\u0161 turisti\u010dki vodi\u010d ili pak prijatelj, koje \u0107ete u na\u0161em gradu vrlo brzo ste\u0107i.","breadcrumb":{"@id":"https:\/\/pozega-tz.hr\/en\/vidi-i-dozivi\/pozega-pozezani\/#breadcrumb"},"inLanguage":"en-US","potentialAction":[{"@type":"ReadAction","target":["https:\/\/pozega-tz.hr\/en\/vidi-i-dozivi\/pozega-pozezani\/"]}]},{"@type":"ImageObject","inLanguage":"en-US","@id":"https:\/\/pozega-tz.hr\/en\/vidi-i-dozivi\/pozega-pozezani\/#primaryimage","url":"https:\/\/pozega-tz.hr\/en\/wp-content\/uploads\/2021\/02\/Trg-sv.-Terezije-_Grad-Poz\u030cega2-1-scaled.jpg","contentUrl":"https:\/\/pozega-tz.hr\/en\/wp-content\/uploads\/2021\/02\/Trg-sv.-Terezije-_Grad-Poz\u030cega2-1-scaled.jpg","width":2560,"height":1706},{"@type":"BreadcrumbList","@id":"https:\/\/pozega-tz.hr\/en\/vidi-i-dozivi\/pozega-pozezani\/#breadcrumb","itemListElement":[{"@type":"ListItem","position":1,"name":"Vidi &#038; Do\u017eivi","item":"http:\/\/pozega-tz.hr\/en\/vidi-i-dozivi\/"},{"@type":"ListItem","position":2,"name":"City &#038; Famous citizens"}]},{"@type":"WebSite","@id":"https:\/\/pozega-tz.hr\/en\/#website","url":"https:\/\/pozega-tz.hr\/en\/","name":"Po\u017eega Tourist board","description":"Brda&amp;Doline","potentialAction":[{"@type":"SearchAction","target":{"@type":"EntryPoint","urlTemplate":"https:\/\/pozega-tz.hr\/en\/?s={search_term_string}"},"query-input":{"@type":"PropertyValueSpecification","valueRequired":true,"valueName":"search_term_string"}}],"inLanguage":"en-US"}]}},"_links":{"self":[{"href":"https:\/\/pozega-tz.hr\/en\/wp-json\/wp\/v2\/pages\/3562","targetHints":{"allow":["GET"]}}],"collection":[{"href":"https:\/\/pozega-tz.hr\/en\/wp-json\/wp\/v2\/pages"}],"about":[{"href":"https:\/\/pozega-tz.hr\/en\/wp-json\/wp\/v2\/types\/page"}],"author":[{"embeddable":true,"href":"https:\/\/pozega-tz.hr\/en\/wp-json\/wp\/v2\/users\/1"}],"replies":[{"embeddable":true,"href":"https:\/\/pozega-tz.hr\/en\/wp-json\/wp\/v2\/comments?post=3562"}],"version-history":[{"count":8,"href":"https:\/\/pozega-tz.hr\/en\/wp-json\/wp\/v2\/pages\/3562\/revisions"}],"predecessor-version":[{"id":4955,"href":"https:\/\/pozega-tz.hr\/en\/wp-json\/wp\/v2\/pages\/3562\/revisions\/4955"}],"up":[{"embeddable":true,"href":"https:\/\/pozega-tz.hr\/en\/wp-json\/wp\/v2\/pages\/3216"}],"wp:featuredmedia":[{"embeddable":true,"href":"https:\/\/pozega-tz.hr\/en\/wp-json\/wp\/v2\/media\/3532"}],"wp:attachment":[{"href":"https:\/\/pozega-tz.hr\/en\/wp-json\/wp\/v2\/media?parent=3562"}],"curies":[{"name":"wp","href":"https:\/\/api.w.org\/{rel}","templated":true}]}}