{"id":3489,"date":"2021-02-28T23:10:30","date_gmt":"2021-02-28T22:10:30","guid":{"rendered":"http:\/\/pozega-tz.hr\/en\/?page_id=3489"},"modified":"2023-04-05T11:56:12","modified_gmt":"2023-04-05T09:56:12","slug":"ostro-pitko","status":"publish","type":"page","link":"https:\/\/pozega-tz.hr\/en\/jedi-pij\/ostro-pitko\/","title":{"rendered":"Spirits &#038; Juices"},"content":{"rendered":"<p>[et_pb_section fb_built=&#8221;1&#8243; _builder_version=&#8221;4.9.0&#8243; _module_preset=&#8221;default&#8221; custom_padding=&#8221;0px||22px|||&#8221; global_module=&#8221;3473&#8243; saved_tabs=&#8221;all&#8221; global_colors_info=&#8221;{}&#8221;][et_pb_row _builder_version=&#8221;4.16&#8243; _module_preset=&#8221;default&#8221; background_color=&#8221;#ededed&#8221; width=&#8221;100%&#8221; max_width=&#8221;2560px&#8221; custom_padding=&#8221;|3%||3%|false|true&#8221; global_colors_info=&#8221;{}&#8221;][et_pb_column type=&#8221;4_4&#8243; _builder_version=&#8221;4.16&#8243; _module_preset=&#8221;default&#8221; global_colors_info=&#8221;{}&#8221;][et_pb_menu menu_id=&#8221;40&#8243; submenu_direction=&#8221;upwards&#8221; _builder_version=&#8221;4.16&#8243; _module_preset=&#8221;default&#8221; background_enable_color=&#8221;off&#8221; global_colors_info=&#8221;{}&#8221;][\/et_pb_menu][\/et_pb_column][\/et_pb_row][et_pb_row _builder_version=&#8221;4.16&#8243; _module_preset=&#8221;default&#8221; custom_margin=&#8221;20px||||false|false&#8221; global_colors_info=&#8221;{}&#8221;][et_pb_column type=&#8221;4_4&#8243; _builder_version=&#8221;4.16&#8243; _module_preset=&#8221;default&#8221; global_colors_info=&#8221;{}&#8221;][et_pb_text _builder_version=&#8221;4.16&#8243; _dynamic_attributes=&#8221;content&#8221; _module_preset=&#8221;default&#8221; text_font=&#8221;Ubuntu||||||||&#8221; text_font_size=&#8221;41px&#8221; header_font=&#8221;Ubuntu|700|||||||&#8221; header_font_size=&#8221;54px&#8221; global_colors_info=&#8221;{}&#8221;]@ET-DC@eyJkeW5hbWljIjp0cnVlLCJjb250ZW50IjoicG9zdF90aXRsZSIsInNldHRpbmdzIjp7ImJlZm9yZSI6IiIsImFmdGVyIjoiIn19@[\/et_pb_text][\/et_pb_column][\/et_pb_row][\/et_pb_section][et_pb_section fb_built=&#8221;1&#8243; _builder_version=&#8221;4.16&#8243; _module_preset=&#8221;default&#8221; background_color=&#8221;#f9f9f9&#8243; custom_padding=&#8221;0px||0px|||&#8221; global_colors_info=&#8221;{}&#8221;][et_pb_row column_structure=&#8221;1_2,1_2&#8243; use_custom_gutter=&#8221;on&#8221; gutter_width=&#8221;1&#8243; make_equal=&#8221;on&#8221; _builder_version=&#8221;4.16&#8243; _module_preset=&#8221;default&#8221; width=&#8221;100%&#8221; max_width=&#8221;2560px&#8221; module_alignment=&#8221;center&#8221; custom_padding=&#8221;0%||0%||true|true&#8221; global_colors_info=&#8221;{}&#8221;][et_pb_column type=&#8221;1_2&#8243; _builder_version=&#8221;4.16&#8243; _module_preset=&#8221;default&#8221; custom_padding=&#8221;5%|5%|5%|5%|true|false&#8221; global_colors_info=&#8221;{}&#8221;][et_pb_text _builder_version=&#8221;4.16&#8243; _module_preset=&#8221;default&#8221; global_colors_info=&#8221;{}&#8221;]<\/p>\n<p>Po\u017eega and its countryside is a well known-wine country but there are also many orchards, especially those with plum trees, apples, pears and apricots. Many family farms locally known as \u201cOPG\u2019s\u201d grow blackberries and rosehip and in recent years also blueberries and cranberries. From all that fruit they produce jams, juices and traditionally, and more commonly, various liqueurs and brandies such as the famous \u201crakija \u0160ljivovica\u201d (plum schnapps).<\/p>\n<p>[\/et_pb_text][\/et_pb_column][et_pb_column type=&#8221;1_2&#8243; _builder_version=&#8221;4.16&#8243; _module_preset=&#8221;default&#8221; background_image=&#8221;http:\/\/pozega-tz.hr\/en\/wp-content\/uploads\/2021\/02\/pexels-cameron-rainey-2663974-scaled.jpg&#8221; parallax=&#8221;on&#8221; global_colors_info=&#8221;{}&#8221;][et_pb_text _builder_version=&#8221;4.16&#8243; _module_preset=&#8221;default&#8221; min_height=&#8221;410px&#8221; global_colors_info=&#8221;{}&#8221;][\/et_pb_text][\/et_pb_column][\/et_pb_row][\/et_pb_section][et_pb_section fb_built=&#8221;1&#8243; _builder_version=&#8221;4.16&#8243; _module_preset=&#8221;default&#8221; background_image=&#8221;http:\/\/pozega-tz.hr\/en\/wp-content\/uploads\/2021\/02\/bg1.png&#8221; parallax=&#8221;on&#8221; parallax_method=&#8221;off&#8221; global_colors_info=&#8221;{}&#8221;][et_pb_row column_structure=&#8221;1_3,1_3,1_3&#8243; _builder_version=&#8221;4.16&#8243; _module_preset=&#8221;default&#8221; global_colors_info=&#8221;{}&#8221;][et_pb_column type=&#8221;1_3&#8243; _builder_version=&#8221;4.16&#8243; _module_preset=&#8221;default&#8221; global_colors_info=&#8221;{}&#8221;][et_pb_gallery gallery_ids=&#8221;4031,4032,4033,4034&#8243; fullwidth=&#8221;on&#8221; _builder_version=&#8221;4.16&#8243; _module_preset=&#8221;default&#8221; global_colors_info=&#8221;{}&#8221;][\/et_pb_gallery][et_pb_text _builder_version=&#8221;4.16&#8243; _module_preset=&#8221;default&#8221; global_colors_info=&#8221;{}&#8221;]<\/p>\n<p><strong>Obiteljsko gospodarstvo Ribi\u010di\u0107<br \/><\/strong>Fruit, herbal and honey brandies <br \/>Kneza Mislava 26, 34 000 Po\u017eega<br \/>034 318044<br \/>Goran Ribi\u010di\u0107 098 256 106<br \/>Tanja Ribi\u010di\u0107 098 1858766,<br \/><span><a href=\"http:\/\/og-ribicic.hr\/\">www.og-ribicic.hr<br \/><\/a><\/span><span style=\"font-size: 16px;\">e-mail: <\/span><span style=\"font-size: 16px;\"><a href=\"mailto:info@og-ribicic.hr\">info@og-ribicic.hr<\/a><\/span><\/p>\n<p>[\/et_pb_text][\/et_pb_column][et_pb_column type=&#8221;1_3&#8243; _builder_version=&#8221;4.16&#8243; _module_preset=&#8221;default&#8221; global_colors_info=&#8221;{}&#8221;][et_pb_gallery gallery_ids=&#8221;4035,4036,4037,4038&#8243; fullwidth=&#8221;on&#8221; _builder_version=&#8221;4.16&#8243; _module_preset=&#8221;default&#8221; global_colors_info=&#8221;{}&#8221;][\/et_pb_gallery][et_pb_text _builder_version=&#8221;4.16&#8243; _module_preset=&#8221;default&#8221; global_colors_info=&#8221;{}&#8221;]<\/p>\n<p><strong>Destilerija \u0160imi\u0107\u00a0 \u00a0<br \/><\/strong>Fruit brandies <br \/>Trg Sv. Trojstva 20, 34000 Po\u017eega<br \/><span style=\"font-size: 16px;\">Zlatko \u0160imi\u0107 034 274-392, 098 256-878<br \/><\/span><span style=\"font-size: 16px;\"><\/span><a href=\"mailto:rakiasimic@gmail.com\" style=\"font-size: 16px;\">rakiasimic@gmail.com<br \/><\/a><a href=\"https:\/\/www.destilerijasimic.com\/\" target=\"_blank\" data-saferedirecturl=\"https:\/\/www.google.com\/url?q=https:\/\/www.destilerijasimic.com\/&amp;source=gmail&amp;ust=1626122290178000&amp;usg=AFQjCNGnUOx9PBK_KEPGeqAX--bXv_Bblg\" rel=\"noopener\">www.<wbr \/>destilerijasimic.com<\/a><\/p>\n<p>[\/et_pb_text][\/et_pb_column][et_pb_column type=&#8221;1_3&#8243; _builder_version=&#8221;4.16&#8243; _module_preset=&#8221;default&#8221; global_colors_info=&#8221;{}&#8221;][\/et_pb_column][\/et_pb_row][\/et_pb_section]<\/p>\n","protected":false},"excerpt":{"rendered":"<p>Po\u017ee\u0161ki je kraj uz uzgoj gro\u017e\u0111a odnosno vinove loze poznat po brojnim vo\u0107njacima, posebno \u0161ljivicima. <\/p>\n","protected":false},"author":1,"featured_media":3491,"parent":3467,"menu_order":0,"comment_status":"closed","ping_status":"closed","template":"","meta":{"_acf_changed":false,"_et_pb_use_builder":"on","_et_pb_old_content":"","_et_gb_content_width":"","footnotes":""},"class_list":["post-3489","page","type-page","status-publish","has-post-thumbnail","hentry"],"acf":[],"yoast_head":"<!-- This site is optimized with the Yoast SEO plugin v25.7 - https:\/\/yoast.com\/wordpress\/plugins\/seo\/ -->\n<title>Spirits &amp; Juices - Po\u017eega Tourist board<\/title>\n<meta name=\"description\" content=\"Po\u017ee\u0161ki je kraj uz uzgoj gro\u017e\u0111a odnosno vinove loze poznat po brojnim vo\u0107njacima, posebno \u0161ljivicima.\" \/>\n<meta name=\"robots\" content=\"index, follow, max-snippet:-1, max-image-preview:large, max-video-preview:-1\" \/>\n<link rel=\"canonical\" href=\"http:\/\/pozega-tz.hr\/en\/jedi-pij\/ostro-pitko\/\" \/>\n<meta property=\"og:locale\" content=\"en_US\" \/>\n<meta property=\"og:type\" content=\"article\" \/>\n<meta property=\"og:title\" content=\"Spirits &amp; Juices - Po\u017eega Tourist board\" \/>\n<meta property=\"og:description\" content=\"Po\u017ee\u0161ki je kraj uz uzgoj gro\u017e\u0111a odnosno vinove loze poznat po brojnim vo\u0107njacima, posebno \u0161ljivicima.\" \/>\n<meta property=\"og:url\" content=\"http:\/\/pozega-tz.hr\/en\/jedi-pij\/ostro-pitko\/\" \/>\n<meta property=\"og:site_name\" content=\"Po\u017eega Tourist board\" \/>\n<meta property=\"article:modified_time\" content=\"2023-04-05T09:56:12+00:00\" \/>\n<meta property=\"og:image\" content=\"http:\/\/pozega-tz.hr\/en\/wp-content\/uploads\/2021\/02\/pexels-cameron-rainey-2663974-scaled.jpg\" \/>\n\t<meta property=\"og:image:width\" content=\"2048\" \/>\n\t<meta property=\"og:image:height\" content=\"2560\" \/>\n\t<meta property=\"og:image:type\" content=\"image\/jpeg\" \/>\n<meta name=\"twitter:card\" content=\"summary_large_image\" \/>\n<meta name=\"twitter:label1\" content=\"Est. reading time\" \/>\n\t<meta name=\"twitter:data1\" content=\"3 minutes\" \/>\n<script type=\"application\/ld+json\" class=\"yoast-schema-graph\">{\"@context\":\"https:\/\/schema.org\",\"@graph\":[{\"@type\":\"WebPage\",\"@id\":\"http:\/\/pozega-tz.hr\/en\/jedi-pij\/ostro-pitko\/\",\"url\":\"http:\/\/pozega-tz.hr\/en\/jedi-pij\/ostro-pitko\/\",\"name\":\"Spirits & Juices - Po\u017eega Tourist board\",\"isPartOf\":{\"@id\":\"http:\/\/pozega-tz.hr\/en\/#website\"},\"primaryImageOfPage\":{\"@id\":\"http:\/\/pozega-tz.hr\/en\/jedi-pij\/ostro-pitko\/#primaryimage\"},\"image\":{\"@id\":\"http:\/\/pozega-tz.hr\/en\/jedi-pij\/ostro-pitko\/#primaryimage\"},\"thumbnailUrl\":\"https:\/\/pozega-tz.hr\/en\/wp-content\/uploads\/2021\/02\/pexels-cameron-rainey-2663974-scaled.jpg\",\"datePublished\":\"2021-02-28T22:10:30+00:00\",\"dateModified\":\"2023-04-05T09:56:12+00:00\",\"description\":\"Po\u017ee\u0161ki je kraj uz uzgoj gro\u017e\u0111a odnosno vinove loze poznat po brojnim vo\u0107njacima, posebno \u0161ljivicima.\",\"breadcrumb\":{\"@id\":\"http:\/\/pozega-tz.hr\/en\/jedi-pij\/ostro-pitko\/#breadcrumb\"},\"inLanguage\":\"en-US\",\"potentialAction\":[{\"@type\":\"ReadAction\",\"target\":[\"http:\/\/pozega-tz.hr\/en\/jedi-pij\/ostro-pitko\/\"]}]},{\"@type\":\"ImageObject\",\"inLanguage\":\"en-US\",\"@id\":\"http:\/\/pozega-tz.hr\/en\/jedi-pij\/ostro-pitko\/#primaryimage\",\"url\":\"https:\/\/pozega-tz.hr\/en\/wp-content\/uploads\/2021\/02\/pexels-cameron-rainey-2663974-scaled.jpg\",\"contentUrl\":\"https:\/\/pozega-tz.hr\/en\/wp-content\/uploads\/2021\/02\/pexels-cameron-rainey-2663974-scaled.jpg\",\"width\":2048,\"height\":2560},{\"@type\":\"BreadcrumbList\",\"@id\":\"http:\/\/pozega-tz.hr\/en\/jedi-pij\/ostro-pitko\/#breadcrumb\",\"itemListElement\":[{\"@type\":\"ListItem\",\"position\":1,\"name\":\"Jedi &#038; pij\",\"item\":\"https:\/\/pozega-tz.hr\/en\/jedi-pij\/\"},{\"@type\":\"ListItem\",\"position\":2,\"name\":\"Spirits &#038; Juices\"}]},{\"@type\":\"WebSite\",\"@id\":\"http:\/\/pozega-tz.hr\/en\/#website\",\"url\":\"http:\/\/pozega-tz.hr\/en\/\",\"name\":\"Po\u017eega Tourist board\",\"description\":\"Brda&amp;Doline\",\"potentialAction\":[{\"@type\":\"SearchAction\",\"target\":{\"@type\":\"EntryPoint\",\"urlTemplate\":\"http:\/\/pozega-tz.hr\/en\/?s={search_term_string}\"},\"query-input\":{\"@type\":\"PropertyValueSpecification\",\"valueRequired\":true,\"valueName\":\"search_term_string\"}}],\"inLanguage\":\"en-US\"}]}<\/script>\n<!-- \/ Yoast SEO plugin. -->","yoast_head_json":{"title":"Spirits & Juices - Po\u017eega Tourist board","description":"Po\u017ee\u0161ki je kraj uz uzgoj gro\u017e\u0111a odnosno vinove loze poznat po brojnim vo\u0107njacima, posebno \u0161ljivicima.","robots":{"index":"index","follow":"follow","max-snippet":"max-snippet:-1","max-image-preview":"max-image-preview:large","max-video-preview":"max-video-preview:-1"},"canonical":"http:\/\/pozega-tz.hr\/en\/jedi-pij\/ostro-pitko\/","og_locale":"en_US","og_type":"article","og_title":"Spirits & Juices - Po\u017eega Tourist board","og_description":"Po\u017ee\u0161ki je kraj uz uzgoj gro\u017e\u0111a odnosno vinove loze poznat po brojnim vo\u0107njacima, posebno \u0161ljivicima.","og_url":"http:\/\/pozega-tz.hr\/en\/jedi-pij\/ostro-pitko\/","og_site_name":"Po\u017eega Tourist board","article_modified_time":"2023-04-05T09:56:12+00:00","og_image":[{"width":2048,"height":2560,"url":"http:\/\/pozega-tz.hr\/en\/wp-content\/uploads\/2021\/02\/pexels-cameron-rainey-2663974-scaled.jpg","type":"image\/jpeg"}],"twitter_card":"summary_large_image","twitter_misc":{"Est. reading time":"3 minutes"},"schema":{"@context":"https:\/\/schema.org","@graph":[{"@type":"WebPage","@id":"http:\/\/pozega-tz.hr\/en\/jedi-pij\/ostro-pitko\/","url":"http:\/\/pozega-tz.hr\/en\/jedi-pij\/ostro-pitko\/","name":"Spirits & Juices - Po\u017eega Tourist board","isPartOf":{"@id":"http:\/\/pozega-tz.hr\/en\/#website"},"primaryImageOfPage":{"@id":"http:\/\/pozega-tz.hr\/en\/jedi-pij\/ostro-pitko\/#primaryimage"},"image":{"@id":"http:\/\/pozega-tz.hr\/en\/jedi-pij\/ostro-pitko\/#primaryimage"},"thumbnailUrl":"https:\/\/pozega-tz.hr\/en\/wp-content\/uploads\/2021\/02\/pexels-cameron-rainey-2663974-scaled.jpg","datePublished":"2021-02-28T22:10:30+00:00","dateModified":"2023-04-05T09:56:12+00:00","description":"Po\u017ee\u0161ki je kraj uz uzgoj gro\u017e\u0111a odnosno vinove loze poznat po brojnim vo\u0107njacima, posebno \u0161ljivicima.","breadcrumb":{"@id":"http:\/\/pozega-tz.hr\/en\/jedi-pij\/ostro-pitko\/#breadcrumb"},"inLanguage":"en-US","potentialAction":[{"@type":"ReadAction","target":["http:\/\/pozega-tz.hr\/en\/jedi-pij\/ostro-pitko\/"]}]},{"@type":"ImageObject","inLanguage":"en-US","@id":"http:\/\/pozega-tz.hr\/en\/jedi-pij\/ostro-pitko\/#primaryimage","url":"https:\/\/pozega-tz.hr\/en\/wp-content\/uploads\/2021\/02\/pexels-cameron-rainey-2663974-scaled.jpg","contentUrl":"https:\/\/pozega-tz.hr\/en\/wp-content\/uploads\/2021\/02\/pexels-cameron-rainey-2663974-scaled.jpg","width":2048,"height":2560},{"@type":"BreadcrumbList","@id":"http:\/\/pozega-tz.hr\/en\/jedi-pij\/ostro-pitko\/#breadcrumb","itemListElement":[{"@type":"ListItem","position":1,"name":"Jedi &#038; pij","item":"https:\/\/pozega-tz.hr\/en\/jedi-pij\/"},{"@type":"ListItem","position":2,"name":"Spirits &#038; Juices"}]},{"@type":"WebSite","@id":"http:\/\/pozega-tz.hr\/en\/#website","url":"http:\/\/pozega-tz.hr\/en\/","name":"Po\u017eega Tourist board","description":"Brda&amp;Doline","potentialAction":[{"@type":"SearchAction","target":{"@type":"EntryPoint","urlTemplate":"http:\/\/pozega-tz.hr\/en\/?s={search_term_string}"},"query-input":{"@type":"PropertyValueSpecification","valueRequired":true,"valueName":"search_term_string"}}],"inLanguage":"en-US"}]}},"_links":{"self":[{"href":"https:\/\/pozega-tz.hr\/en\/wp-json\/wp\/v2\/pages\/3489","targetHints":{"allow":["GET"]}}],"collection":[{"href":"https:\/\/pozega-tz.hr\/en\/wp-json\/wp\/v2\/pages"}],"about":[{"href":"https:\/\/pozega-tz.hr\/en\/wp-json\/wp\/v2\/types\/page"}],"author":[{"embeddable":true,"href":"https:\/\/pozega-tz.hr\/en\/wp-json\/wp\/v2\/users\/1"}],"replies":[{"embeddable":true,"href":"https:\/\/pozega-tz.hr\/en\/wp-json\/wp\/v2\/comments?post=3489"}],"version-history":[{"count":9,"href":"https:\/\/pozega-tz.hr\/en\/wp-json\/wp\/v2\/pages\/3489\/revisions"}],"predecessor-version":[{"id":5158,"href":"https:\/\/pozega-tz.hr\/en\/wp-json\/wp\/v2\/pages\/3489\/revisions\/5158"}],"up":[{"embeddable":true,"href":"https:\/\/pozega-tz.hr\/en\/wp-json\/wp\/v2\/pages\/3467"}],"wp:featuredmedia":[{"embeddable":true,"href":"https:\/\/pozega-tz.hr\/en\/wp-json\/wp\/v2\/media\/3491"}],"wp:attachment":[{"href":"https:\/\/pozega-tz.hr\/en\/wp-json\/wp\/v2\/media?parent=3489"}],"curies":[{"name":"wp","href":"https:\/\/api.w.org\/{rel}","templated":true}]}}