{"id":3470,"date":"2021-02-28T22:36:30","date_gmt":"2021-02-28T21:36:30","guid":{"rendered":"http:\/\/pozega-tz.hr\/en\/?page_id=3470"},"modified":"2021-11-01T20:10:08","modified_gmt":"2021-11-01T19:10:08","slug":"lokalno-ukusno","status":"publish","type":"page","link":"https:\/\/pozega-tz.hr\/en\/jedi-pij\/lokalno-ukusno\/","title":{"rendered":"Local &#038; Tasty"},"content":{"rendered":"<p>[et_pb_section fb_built=&#8221;1&#8243; _builder_version=&#8221;4.9.0&#8243; _module_preset=&#8221;default&#8221; custom_padding=&#8221;0px||22px|||&#8221; global_module=&#8221;3473&#8243; saved_tabs=&#8221;all&#8221; global_colors_info=&#8221;{}&#8221;][et_pb_row _builder_version=&#8221;4.9.0&#8243; _module_preset=&#8221;default&#8221; background_color=&#8221;#ededed&#8221; width=&#8221;100%&#8221; max_width=&#8221;2560px&#8221; custom_padding=&#8221;|3%||3%|false|true&#8221; global_colors_info=&#8221;{}&#8221;][et_pb_column type=&#8221;4_4&#8243; _builder_version=&#8221;4.9.0&#8243; _module_preset=&#8221;default&#8221; global_colors_info=&#8221;{}&#8221;][et_pb_menu menu_id=&#8221;40&#8243; submenu_direction=&#8221;upwards&#8221; _builder_version=&#8221;4.9.0&#8243; _module_preset=&#8221;default&#8221; background_enable_color=&#8221;off&#8221; global_colors_info=&#8221;{}&#8221;][\/et_pb_menu][\/et_pb_column][\/et_pb_row][et_pb_row _builder_version=&#8221;4.9.0&#8243; _module_preset=&#8221;default&#8221; custom_margin=&#8221;20px||||false|false&#8221; global_colors_info=&#8221;{}&#8221;][et_pb_column type=&#8221;4_4&#8243; _builder_version=&#8221;4.9.0&#8243; _module_preset=&#8221;default&#8221; global_colors_info=&#8221;{}&#8221;][et_pb_text _builder_version=&#8221;4.11.3&#8243; _dynamic_attributes=&#8221;content&#8221; _module_preset=&#8221;default&#8221; text_font=&#8221;Ubuntu||||||||&#8221; text_font_size=&#8221;41px&#8221; header_font=&#8221;Ubuntu|700|||||||&#8221; header_font_size=&#8221;54px&#8221; hover_enabled=&#8221;0&#8243; global_colors_info=&#8221;{}&#8221; sticky_enabled=&#8221;0&#8243;]@ET-DC@eyJkeW5hbWljIjp0cnVlLCJjb250ZW50IjoicG9zdF90aXRsZSIsInNldHRpbmdzIjp7ImJlZm9yZSI6IiIsImFmdGVyIjoiIn19@[\/et_pb_text][\/et_pb_column][\/et_pb_row][\/et_pb_section][et_pb_section fb_built=&#8221;1&#8243; _builder_version=&#8221;4.9.0&#8243; _module_preset=&#8221;default&#8221; background_color=&#8221;#f9f9f9&#8243; custom_padding=&#8221;0px||0px|||&#8221; global_colors_info=&#8221;{}&#8221;][et_pb_row column_structure=&#8221;1_2,1_2&#8243; use_custom_gutter=&#8221;on&#8221; gutter_width=&#8221;1&#8243; make_equal=&#8221;on&#8221; _builder_version=&#8221;4.9.0&#8243; _module_preset=&#8221;default&#8221; width=&#8221;100%&#8221; max_width=&#8221;2560px&#8221; module_alignment=&#8221;center&#8221; custom_padding=&#8221;0%||0%||true|true&#8221; global_colors_info=&#8221;{}&#8221;][et_pb_column type=&#8221;1_2&#8243; _builder_version=&#8221;4.9.0&#8243; _module_preset=&#8221;default&#8221; custom_padding=&#8221;5%|5%|5%|5%|true|false&#8221; global_colors_info=&#8221;{}&#8221;][et_pb_text _builder_version=&#8221;4.9.0&#8243; _module_preset=&#8221;default&#8221; global_colors_info=&#8221;{}&#8221;]<\/p>\n<p>Local cuisine in Po\u017eega is a mixture of historical and cultural influences which means that the tastes will reflect not only Croatian and Slavic roots but also Hungarian, Germanic, and Oriental ones. In our local menus, you\u2019ll often find dishes that will remind you of Austria or Hungary and even Turkey because for centuries Croatia was a \u201ccrown-land\u201d of the former Austro-Hungarian Empire on the border with the Ottoman Empire. Therefore, the position of our country and the Po\u017eega-Slavonia County at the crossroads from Central to Southeast Europe resulted in specific gastronomy which you simply must explore.<\/p>\n<p>Even though Po\u017eega is located in the Slavonia region, often thought to be famous only for dishes made of pork and other meats, because of the hilly terrain and many quick, cold and clear creeks, the restaurant\u2019s menus will often offer even the tasty trout.<\/p>\n<p>With the local food, you should try the wine from the nearby wineries, especially the ones from the world-famous Kutjevo wine country. We also recommend that you try the local beers, especially those made by the growing number of home and craft brewers.<\/p>\n<p>[\/et_pb_text][\/et_pb_column][et_pb_column type=&#8221;1_2&#8243; _builder_version=&#8221;4.9.0&#8243; _module_preset=&#8221;default&#8221; background_image=&#8221;http:\/\/pozega-tz.hr\/en\/wp-content\/uploads\/2021\/02\/KOC_7266-copy-copy.jpg&#8221; parallax=&#8221;on&#8221; global_colors_info=&#8221;{}&#8221;][et_pb_text _builder_version=&#8221;4.9.0&#8243; _module_preset=&#8221;default&#8221; min_height=&#8221;410px&#8221; global_colors_info=&#8221;{}&#8221;][\/et_pb_text][\/et_pb_column][\/et_pb_row][\/et_pb_section][et_pb_section fb_built=&#8221;1&#8243; _builder_version=&#8221;4.9.0&#8243; _module_preset=&#8221;default&#8221; background_color=&#8221;#f9f9f9&#8243; custom_padding=&#8221;0px||0px|||&#8221; global_colors_info=&#8221;{}&#8221;][et_pb_row column_structure=&#8221;1_2,1_2&#8243; use_custom_gutter=&#8221;on&#8221; gutter_width=&#8221;1&#8243; make_equal=&#8221;on&#8221; _builder_version=&#8221;4.9.0&#8243; _module_preset=&#8221;default&#8221; width=&#8221;100%&#8221; max_width=&#8221;2560px&#8221; module_alignment=&#8221;center&#8221; custom_padding=&#8221;0%||0%||true|true&#8221; global_colors_info=&#8221;{}&#8221;][et_pb_column type=&#8221;1_2&#8243; _builder_version=&#8221;4.9.0&#8243; _module_preset=&#8221;default&#8221; background_image=&#8221;http:\/\/pozega-tz.hr\/en\/wp-content\/uploads\/2021\/02\/Stari-fenjeri2_Pozega-scaled.jpg&#8221; global_colors_info=&#8221;{}&#8221;][et_pb_text _builder_version=&#8221;4.9.0&#8243; _module_preset=&#8221;default&#8221; min_height=&#8221;410px&#8221; global_colors_info=&#8221;{}&#8221;][\/et_pb_text][\/et_pb_column][et_pb_column type=&#8221;1_2&#8243; _builder_version=&#8221;4.9.0&#8243; _module_preset=&#8221;default&#8221; background_color=&#8221;#FFFFFF&#8221; custom_padding=&#8221;5%|5%|5%|5%|true|false&#8221; global_colors_info=&#8221;{}&#8221;][et_pb_text _builder_version=&#8221;4.11.3&#8243; _module_preset=&#8221;default&#8221; hover_enabled=&#8221;0&#8243; global_colors_info=&#8221;{}&#8221; sticky_enabled=&#8221;0&#8243;]<\/p>\n<h2><strong>Museum in the Cooking pot<\/strong><\/h2>\n<p>One of the most popular projects by the City Museum of Po\u017eega is the delicious \u201cMuseum in the Cooking pot\u201d. This project is essentially a collection of recipes for traditional dishes made in and around Po\u017eega as well as other parts of Eastern Croatia, accompanied by interesting stories inspired by the rich history and culture of this part of Central and Southeast Europe.<\/p>\n<p>This travelling exhibition and the cooking show attracted hundreds of visitors from all parts of Croatia.\u00a0<\/p>\n<p>If you&#8217;d like to taste some of those meals if you visit the local restaurants \u201cZlatni Lug\u201d, \u201cGrgin Dol\u201d and \u201cStari Fenjeri\u201d.<\/p>\n<p>[\/et_pb_text][\/et_pb_column][\/et_pb_row][\/et_pb_section]<\/p>\n","protected":false},"excerpt":{"rendered":"<p>Po\u017ee\u0161ka kuhinja je mje\u0161avina povijesnih kulturnih utjecaja u Slavoniji i Baranji kao i obi\u010daja koje su sa sobom donijeli doseljenici iz drugih krajeva Hrvatske, s Jadrana, iz Zagorja, Me\u0111imurja te Bosne i Hercegovine. <\/p>\n","protected":false},"author":1,"featured_media":3468,"parent":3467,"menu_order":0,"comment_status":"closed","ping_status":"closed","template":"","meta":{"_acf_changed":false,"_et_pb_use_builder":"on","_et_pb_old_content":"","_et_gb_content_width":"","footnotes":""},"class_list":["post-3470","page","type-page","status-publish","has-post-thumbnail","hentry"],"acf":[],"yoast_head":"<!-- This site is optimized with the Yoast SEO plugin v25.7 - https:\/\/yoast.com\/wordpress\/plugins\/seo\/ -->\n<title>Local &amp; Tasty - Po\u017eega Tourist board<\/title>\n<meta name=\"description\" content=\"Po\u017ee\u0161ka kuhinja je mje\u0161avina povijesnih kulturnih utjecaja u Slavoniji i Baranji kao i obi\u010daja koje su sa sobom donijeli doseljenici iz drugih krajeva Hrvatske, s Jadrana, iz Zagorja, Me\u0111imurja te Bosne i Hercegovine.\" \/>\n<meta name=\"robots\" content=\"index, follow, max-snippet:-1, max-image-preview:large, max-video-preview:-1\" \/>\n<link rel=\"canonical\" href=\"https:\/\/pozega-tz.hr\/en\/jedi-pij\/lokalno-ukusno\/\" \/>\n<meta property=\"og:locale\" content=\"en_US\" \/>\n<meta property=\"og:type\" content=\"article\" \/>\n<meta property=\"og:title\" content=\"Local &amp; Tasty - Po\u017eega Tourist board\" \/>\n<meta property=\"og:description\" content=\"Po\u017ee\u0161ka kuhinja je mje\u0161avina povijesnih kulturnih utjecaja u Slavoniji i Baranji kao i obi\u010daja koje su sa sobom donijeli doseljenici iz drugih krajeva Hrvatske, s Jadrana, iz Zagorja, Me\u0111imurja te Bosne i Hercegovine.\" \/>\n<meta property=\"og:url\" content=\"https:\/\/pozega-tz.hr\/en\/jedi-pij\/lokalno-ukusno\/\" \/>\n<meta property=\"og:site_name\" content=\"Po\u017eega Tourist board\" \/>\n<meta property=\"article:modified_time\" content=\"2021-11-01T19:10:08+00:00\" \/>\n<meta property=\"og:image\" content=\"https:\/\/pozega-tz.hr\/en\/wp-content\/uploads\/2021\/02\/KOC_7266-copy-copy-754x1024.jpg\" \/>\n\t<meta property=\"og:image:width\" content=\"754\" \/>\n\t<meta property=\"og:image:height\" content=\"1024\" \/>\n\t<meta property=\"og:image:type\" content=\"image\/jpeg\" \/>\n<meta name=\"twitter:card\" content=\"summary_large_image\" \/>\n<meta name=\"twitter:label1\" content=\"Est. reading time\" \/>\n\t<meta name=\"twitter:data1\" content=\"4 minutes\" \/>\n<script type=\"application\/ld+json\" class=\"yoast-schema-graph\">{\"@context\":\"https:\/\/schema.org\",\"@graph\":[{\"@type\":\"WebPage\",\"@id\":\"https:\/\/pozega-tz.hr\/en\/jedi-pij\/lokalno-ukusno\/\",\"url\":\"https:\/\/pozega-tz.hr\/en\/jedi-pij\/lokalno-ukusno\/\",\"name\":\"Local & Tasty - Po\u017eega Tourist board\",\"isPartOf\":{\"@id\":\"https:\/\/pozega-tz.hr\/en\/#website\"},\"primaryImageOfPage\":{\"@id\":\"https:\/\/pozega-tz.hr\/en\/jedi-pij\/lokalno-ukusno\/#primaryimage\"},\"image\":{\"@id\":\"https:\/\/pozega-tz.hr\/en\/jedi-pij\/lokalno-ukusno\/#primaryimage\"},\"thumbnailUrl\":\"https:\/\/pozega-tz.hr\/en\/wp-content\/uploads\/2021\/02\/KOC_7266-copy-copy.jpg\",\"datePublished\":\"2021-02-28T21:36:30+00:00\",\"dateModified\":\"2021-11-01T19:10:08+00:00\",\"description\":\"Po\u017ee\u0161ka kuhinja je mje\u0161avina povijesnih kulturnih utjecaja u Slavoniji i Baranji kao i obi\u010daja koje su sa sobom donijeli doseljenici iz drugih krajeva Hrvatske, s Jadrana, iz Zagorja, Me\u0111imurja te Bosne i Hercegovine.\",\"breadcrumb\":{\"@id\":\"https:\/\/pozega-tz.hr\/en\/jedi-pij\/lokalno-ukusno\/#breadcrumb\"},\"inLanguage\":\"en-US\",\"potentialAction\":[{\"@type\":\"ReadAction\",\"target\":[\"https:\/\/pozega-tz.hr\/en\/jedi-pij\/lokalno-ukusno\/\"]}]},{\"@type\":\"ImageObject\",\"inLanguage\":\"en-US\",\"@id\":\"https:\/\/pozega-tz.hr\/en\/jedi-pij\/lokalno-ukusno\/#primaryimage\",\"url\":\"https:\/\/pozega-tz.hr\/en\/wp-content\/uploads\/2021\/02\/KOC_7266-copy-copy.jpg\",\"contentUrl\":\"https:\/\/pozega-tz.hr\/en\/wp-content\/uploads\/2021\/02\/KOC_7266-copy-copy.jpg\",\"width\":1693,\"height\":2300},{\"@type\":\"BreadcrumbList\",\"@id\":\"https:\/\/pozega-tz.hr\/en\/jedi-pij\/lokalno-ukusno\/#breadcrumb\",\"itemListElement\":[{\"@type\":\"ListItem\",\"position\":1,\"name\":\"Jedi &#038; pij\",\"item\":\"https:\/\/pozega-tz.hr\/en\/jedi-pij\/\"},{\"@type\":\"ListItem\",\"position\":2,\"name\":\"Local &#038; Tasty\"}]},{\"@type\":\"WebSite\",\"@id\":\"https:\/\/pozega-tz.hr\/en\/#website\",\"url\":\"https:\/\/pozega-tz.hr\/en\/\",\"name\":\"Po\u017eega Tourist board\",\"description\":\"Brda&amp;Doline\",\"potentialAction\":[{\"@type\":\"SearchAction\",\"target\":{\"@type\":\"EntryPoint\",\"urlTemplate\":\"https:\/\/pozega-tz.hr\/en\/?s={search_term_string}\"},\"query-input\":{\"@type\":\"PropertyValueSpecification\",\"valueRequired\":true,\"valueName\":\"search_term_string\"}}],\"inLanguage\":\"en-US\"}]}<\/script>\n<!-- \/ Yoast SEO plugin. -->","yoast_head_json":{"title":"Local & Tasty - Po\u017eega Tourist board","description":"Po\u017ee\u0161ka kuhinja je mje\u0161avina povijesnih kulturnih utjecaja u Slavoniji i Baranji kao i obi\u010daja koje su sa sobom donijeli doseljenici iz drugih krajeva Hrvatske, s Jadrana, iz Zagorja, Me\u0111imurja te Bosne i Hercegovine.","robots":{"index":"index","follow":"follow","max-snippet":"max-snippet:-1","max-image-preview":"max-image-preview:large","max-video-preview":"max-video-preview:-1"},"canonical":"https:\/\/pozega-tz.hr\/en\/jedi-pij\/lokalno-ukusno\/","og_locale":"en_US","og_type":"article","og_title":"Local & Tasty - Po\u017eega Tourist board","og_description":"Po\u017ee\u0161ka kuhinja je mje\u0161avina povijesnih kulturnih utjecaja u Slavoniji i Baranji kao i obi\u010daja koje su sa sobom donijeli doseljenici iz drugih krajeva Hrvatske, s Jadrana, iz Zagorja, Me\u0111imurja te Bosne i Hercegovine.","og_url":"https:\/\/pozega-tz.hr\/en\/jedi-pij\/lokalno-ukusno\/","og_site_name":"Po\u017eega Tourist board","article_modified_time":"2021-11-01T19:10:08+00:00","og_image":[{"width":754,"height":1024,"url":"https:\/\/pozega-tz.hr\/en\/wp-content\/uploads\/2021\/02\/KOC_7266-copy-copy-754x1024.jpg","type":"image\/jpeg"}],"twitter_card":"summary_large_image","twitter_misc":{"Est. reading time":"4 minutes"},"schema":{"@context":"https:\/\/schema.org","@graph":[{"@type":"WebPage","@id":"https:\/\/pozega-tz.hr\/en\/jedi-pij\/lokalno-ukusno\/","url":"https:\/\/pozega-tz.hr\/en\/jedi-pij\/lokalno-ukusno\/","name":"Local & Tasty - Po\u017eega Tourist board","isPartOf":{"@id":"https:\/\/pozega-tz.hr\/en\/#website"},"primaryImageOfPage":{"@id":"https:\/\/pozega-tz.hr\/en\/jedi-pij\/lokalno-ukusno\/#primaryimage"},"image":{"@id":"https:\/\/pozega-tz.hr\/en\/jedi-pij\/lokalno-ukusno\/#primaryimage"},"thumbnailUrl":"https:\/\/pozega-tz.hr\/en\/wp-content\/uploads\/2021\/02\/KOC_7266-copy-copy.jpg","datePublished":"2021-02-28T21:36:30+00:00","dateModified":"2021-11-01T19:10:08+00:00","description":"Po\u017ee\u0161ka kuhinja je mje\u0161avina povijesnih kulturnih utjecaja u Slavoniji i Baranji kao i obi\u010daja koje su sa sobom donijeli doseljenici iz drugih krajeva Hrvatske, s Jadrana, iz Zagorja, Me\u0111imurja te Bosne i Hercegovine.","breadcrumb":{"@id":"https:\/\/pozega-tz.hr\/en\/jedi-pij\/lokalno-ukusno\/#breadcrumb"},"inLanguage":"en-US","potentialAction":[{"@type":"ReadAction","target":["https:\/\/pozega-tz.hr\/en\/jedi-pij\/lokalno-ukusno\/"]}]},{"@type":"ImageObject","inLanguage":"en-US","@id":"https:\/\/pozega-tz.hr\/en\/jedi-pij\/lokalno-ukusno\/#primaryimage","url":"https:\/\/pozega-tz.hr\/en\/wp-content\/uploads\/2021\/02\/KOC_7266-copy-copy.jpg","contentUrl":"https:\/\/pozega-tz.hr\/en\/wp-content\/uploads\/2021\/02\/KOC_7266-copy-copy.jpg","width":1693,"height":2300},{"@type":"BreadcrumbList","@id":"https:\/\/pozega-tz.hr\/en\/jedi-pij\/lokalno-ukusno\/#breadcrumb","itemListElement":[{"@type":"ListItem","position":1,"name":"Jedi &#038; pij","item":"https:\/\/pozega-tz.hr\/en\/jedi-pij\/"},{"@type":"ListItem","position":2,"name":"Local &#038; Tasty"}]},{"@type":"WebSite","@id":"https:\/\/pozega-tz.hr\/en\/#website","url":"https:\/\/pozega-tz.hr\/en\/","name":"Po\u017eega Tourist board","description":"Brda&amp;Doline","potentialAction":[{"@type":"SearchAction","target":{"@type":"EntryPoint","urlTemplate":"https:\/\/pozega-tz.hr\/en\/?s={search_term_string}"},"query-input":{"@type":"PropertyValueSpecification","valueRequired":true,"valueName":"search_term_string"}}],"inLanguage":"en-US"}]}},"_links":{"self":[{"href":"https:\/\/pozega-tz.hr\/en\/wp-json\/wp\/v2\/pages\/3470","targetHints":{"allow":["GET"]}}],"collection":[{"href":"https:\/\/pozega-tz.hr\/en\/wp-json\/wp\/v2\/pages"}],"about":[{"href":"https:\/\/pozega-tz.hr\/en\/wp-json\/wp\/v2\/types\/page"}],"author":[{"embeddable":true,"href":"https:\/\/pozega-tz.hr\/en\/wp-json\/wp\/v2\/users\/1"}],"replies":[{"embeddable":true,"href":"https:\/\/pozega-tz.hr\/en\/wp-json\/wp\/v2\/comments?post=3470"}],"version-history":[{"count":5,"href":"https:\/\/pozega-tz.hr\/en\/wp-json\/wp\/v2\/pages\/3470\/revisions"}],"predecessor-version":[{"id":4886,"href":"https:\/\/pozega-tz.hr\/en\/wp-json\/wp\/v2\/pages\/3470\/revisions\/4886"}],"up":[{"embeddable":true,"href":"https:\/\/pozega-tz.hr\/en\/wp-json\/wp\/v2\/pages\/3467"}],"wp:featuredmedia":[{"embeddable":true,"href":"https:\/\/pozega-tz.hr\/en\/wp-json\/wp\/v2\/media\/3468"}],"wp:attachment":[{"href":"https:\/\/pozega-tz.hr\/en\/wp-json\/wp\/v2\/media?parent=3470"}],"curies":[{"name":"wp","href":"https:\/\/api.w.org\/{rel}","templated":true}]}}