{"id":3460,"date":"2021-02-28T21:55:42","date_gmt":"2021-02-28T20:55:42","guid":{"rendered":"http:\/\/pozega-tz.hr\/en\/?page_id=3460"},"modified":"2021-11-01T21:19:37","modified_gmt":"2021-11-01T20:19:37","slug":"ture-vodici","status":"publish","type":"page","link":"https:\/\/pozega-tz.hr\/en\/putuj-upoznaj\/ture-vodici\/","title":{"rendered":"Travel guides and Itineraries"},"content":{"rendered":"<p>[et_pb_section fb_built=&#8221;1&#8243; _builder_version=&#8221;4.9.0&#8243; _module_preset=&#8221;default&#8221; custom_padding=&#8221;0px||22px|||&#8221; global_module=&#8221;3437&#8243; saved_tabs=&#8221;all&#8221; global_colors_info=&#8221;{}&#8221;][et_pb_row _builder_version=&#8221;4.9.0&#8243; _module_preset=&#8221;default&#8221; background_color=&#8221;#ededed&#8221; width=&#8221;100%&#8221; max_width=&#8221;2560px&#8221; custom_padding=&#8221;|3%||3%|false|true&#8221; global_colors_info=&#8221;{}&#8221;][et_pb_column type=&#8221;4_4&#8243; _builder_version=&#8221;4.9.0&#8243; _module_preset=&#8221;default&#8221; global_colors_info=&#8221;{}&#8221;][et_pb_menu menu_id=&#8221;39&#8243; submenu_direction=&#8221;upwards&#8221; _builder_version=&#8221;4.9.0&#8243; _module_preset=&#8221;default&#8221; background_enable_color=&#8221;off&#8221; global_colors_info=&#8221;{}&#8221;][\/et_pb_menu][\/et_pb_column][\/et_pb_row][et_pb_row _builder_version=&#8221;4.9.0&#8243; _module_preset=&#8221;default&#8221; custom_margin=&#8221;20px||||false|false&#8221; global_colors_info=&#8221;{}&#8221;][et_pb_column type=&#8221;4_4&#8243; _builder_version=&#8221;4.9.0&#8243; _module_preset=&#8221;default&#8221; global_colors_info=&#8221;{}&#8221;][et_pb_text _builder_version=&#8221;4.9.0&#8243; _dynamic_attributes=&#8221;content&#8221; _module_preset=&#8221;default&#8221; text_font=&#8221;Ubuntu||||||||&#8221; text_font_size=&#8221;41px&#8221; header_font=&#8221;Ubuntu|700|||||||&#8221; header_font_size=&#8221;54px&#8221; global_colors_info=&#8221;{}&#8221;]@ET-DC@eyJkeW5hbWljIjp0cnVlLCJjb250ZW50IjoicG9zdF90aXRsZSIsInNldHRpbmdzIjp7ImJlZm9yZSI6IiIsImFmdGVyIjoiIn19@[\/et_pb_text][\/et_pb_column][\/et_pb_row][\/et_pb_section][et_pb_section fb_built=&#8221;1&#8243; _builder_version=&#8221;4.9.0&#8243; _module_preset=&#8221;default&#8221; background_image=&#8221;http:\/\/pozega-tz.hr\/en\/wp-content\/uploads\/2021\/02\/bg1.png&#8221; parallax=&#8221;on&#8221; parallax_method=&#8221;off&#8221; custom_padding=&#8221;0px|||||&#8221; global_colors_info=&#8221;{}&#8221;][et_pb_row _builder_version=&#8221;4.9.0&#8243; _module_preset=&#8221;default&#8221; global_colors_info=&#8221;{}&#8221;][et_pb_column type=&#8221;4_4&#8243; _builder_version=&#8221;4.9.0&#8243; _module_preset=&#8221;default&#8221; global_colors_info=&#8221;{}&#8221;][et_pb_text _builder_version=&#8221;4.9.0&#8243; _module_preset=&#8221;default&#8221; global_colors_info=&#8221;{}&#8221;]<\/p>\n<p>You can see the city sights on your own, but you can really get to know them only once you hear the stories behind the walls. So, even though it might be nice to explore on your own, we recommend that you book a licensed tour guide.<\/p>\n<p>The classic tour of Po\u017eega\u2019s inner city centre usually takes about 45 to 60 minutes. You can browse through the \u201cbest route\u201d if you click on the \u201cWalk &amp; Look around\u201d web menu and arrange the details with your guide.<\/p>\n<p>It is good to know that for a higher quality city tour your group should not be bigger than 50 tourists per 1 guide while the ideal ratio would be 25 to 1.<\/p>\n<p>[\/et_pb_text][\/et_pb_column][\/et_pb_row][et_pb_row column_structure=&#8221;1_2,1_2&#8243; _builder_version=&#8221;4.9.0&#8243; _module_preset=&#8221;default&#8221; global_colors_info=&#8221;{}&#8221;][et_pb_column type=&#8221;1_2&#8243; _builder_version=&#8221;4.9.0&#8243; _module_preset=&#8221;default&#8221; global_colors_info=&#8221;{}&#8221;][et_pb_blurb title=&#8221;Tour guides\u2019 association of Po\u017eega-Slavonia County&#8221; use_icon=&#8221;on&#8221; font_icon=&#8221;%%32%%&#8221; icon_color=&#8221;#000000&#8243; icon_placement=&#8221;left&#8221; _builder_version=&#8221;4.9.0&#8243; _module_preset=&#8221;default&#8221; body_font_size=&#8221;12px&#8221; body_line_height=&#8221;1.9em&#8221; global_colors_info=&#8221;{}&#8221;]<\/p>\n<p>Tour guides will provide you with a high quality service. You can contact them if you wish to see Po\u017eega, other interesting places in Po\u017eega-Slavonia County, as well as those in the rest of the Slavonia and Baranya region.<\/p>\n<p><u>Contact<\/u><\/p>\n<p>Address: Ulica pape Ivana Pavla II br. 2, 34000 Po\u017eega<br \/>Web: <span><a href=\"http:\/\/www.turisticki-vodici-psz.hr\">www.turisticki-vodici-psz.hr<br \/><\/a><\/span>E-mail: <span><a href=\"mailto:info@turisticki-vodici-psz.hr\">info@turisticki-vodici-psz.hr<br \/><\/a><\/span>Tel.: 00385 (0)34 <span>34 272 505<\/span><\/p>\n<p><strong>Some tourist agencies also offer special thematic tours.<\/strong> Browse through their offer and pick your favourite one!<\/p>\n<p><a href=\"https:\/\/www.zoatours.hr\/zlatna-dolina-pozega\" target=\"_blank\" rel=\"noopener noreferrer\">ZOA TOURS<\/a><\/p>\n<p><a href=\"https:\/\/luks-pz.net\/ponuda\/\" target=\"_blank\" rel=\"noopener noreferrer\">LUKS BIKE<\/a><\/p>\n<p>[\/et_pb_blurb][\/et_pb_column][et_pb_column type=&#8221;1_2&#8243; _builder_version=&#8221;4.9.0&#8243; _module_preset=&#8221;default&#8221; global_colors_info=&#8221;{}&#8221;][et_pb_blurb title=&#8221;Po\u017eega from above &#8221; use_icon=&#8221;on&#8221; font_icon=&#8221;%%32%%&#8221; icon_color=&#8221;#000000&#8243; icon_placement=&#8221;left&#8221; _builder_version=&#8221;4.11.3&#8243; _module_preset=&#8221;default&#8221; body_font_size=&#8221;12px&#8221; body_line_height=&#8221;1.9em&#8221; hover_enabled=&#8221;0&#8243; global_colors_info=&#8221;{}&#8221; sticky_enabled=&#8221;0&#8243;]<\/p>\n<p>Get to know Po\u017eega and the countryside while flying in an airplane.<\/p>\n<p><strong>Paragliding and motorised flights by Flyer\u2019s club \u201cBumbar\u201d<\/strong><\/p>\n<p><span><span style=\"text-decoration: underline;\">Contact<\/span><\/span><\/p>\n<p><span style=\"font-size: 12px;\">Lokacija uzleti\u0161ta: gora Papuk &#8211; brdo Pli\u0161, 559 m\/nm, u blizini mjesta Velika, 12 km sjeverno od Po\u017eege<br \/><\/span><span style=\"font-size: 12px;\">Address: Vinogradska ulica 7, 34000 Po\u017eega<br \/><\/span><span style=\"font-size: 12px;\">Web: <a href=\"http:\/\/www.lkbumbar.hr\">www.lkbumbar.hr<\/a><br \/><\/span><span style=\"font-size: 12px;\">E-mail: <a href=\"mailto:lkbumbar@net.hr\">lkbumbar@net.hr<\/a><br \/><\/span><span style=\"font-size: 12px;\">Tel.: 00385 (0) 98 564 456<\/span><\/p>\n<p>[\/et_pb_blurb][\/et_pb_column][\/et_pb_row][\/et_pb_section]<\/p>\n","protected":false},"excerpt":{"rendered":"<p>You can see the city sights on your own, but you can really get to know them only once you hear the stories behind the walls. So, even though it might be nice to explore on your own, we recommend that you book a licensed tour guide.<\/p>\n","protected":false},"author":1,"featured_media":3395,"parent":3423,"menu_order":0,"comment_status":"closed","ping_status":"closed","template":"","meta":{"_acf_changed":false,"_et_pb_use_builder":"on","_et_pb_old_content":"","_et_gb_content_width":"","footnotes":""},"class_list":["post-3460","page","type-page","status-publish","has-post-thumbnail","hentry"],"acf":[],"yoast_head":"<!-- This site is optimized with the Yoast SEO plugin v25.7 - https:\/\/yoast.com\/wordpress\/plugins\/seo\/ -->\n<title>Travel guides and Itineraries - Po\u017eega Tourist board<\/title>\n<meta name=\"description\" content=\"Po\u017eegu mo\u017eete upoznati samostalno, \u0161etnjom gradom bez posebnog plana \u0161to nekad ima svojih \u010dari ili prate\u0107i tiskani turisti\u010dki vodi\u010d.\" \/>\n<meta name=\"robots\" content=\"index, follow, max-snippet:-1, max-image-preview:large, max-video-preview:-1\" \/>\n<link rel=\"canonical\" href=\"https:\/\/pozega-tz.hr\/en\/putuj-upoznaj\/ture-vodici\/\" \/>\n<meta property=\"og:locale\" content=\"en_US\" \/>\n<meta property=\"og:type\" content=\"article\" \/>\n<meta property=\"og:title\" content=\"Travel guides and Itineraries - Po\u017eega Tourist board\" \/>\n<meta property=\"og:description\" content=\"Po\u017eegu mo\u017eete upoznati samostalno, \u0161etnjom gradom bez posebnog plana \u0161to nekad ima svojih \u010dari ili prate\u0107i tiskani turisti\u010dki vodi\u010d.\" \/>\n<meta property=\"og:url\" content=\"https:\/\/pozega-tz.hr\/en\/putuj-upoznaj\/ture-vodici\/\" \/>\n<meta property=\"og:site_name\" content=\"Po\u017eega Tourist board\" \/>\n<meta property=\"article:modified_time\" content=\"2021-11-01T20:19:37+00:00\" \/>\n<meta property=\"og:image\" content=\"https:\/\/pozega-tz.hr\/en\/wp-content\/uploads\/2021\/02\/pexels-photo-5911280.jpeg\" \/>\n\t<meta property=\"og:image:width\" content=\"1500\" \/>\n\t<meta property=\"og:image:height\" content=\"2250\" \/>\n\t<meta property=\"og:image:type\" content=\"image\/jpeg\" \/>\n<meta name=\"twitter:card\" content=\"summary_large_image\" \/>\n<meta name=\"twitter:label1\" content=\"Est. reading time\" \/>\n\t<meta name=\"twitter:data1\" content=\"3 minutes\" \/>\n<script type=\"application\/ld+json\" class=\"yoast-schema-graph\">{\"@context\":\"https:\/\/schema.org\",\"@graph\":[{\"@type\":\"WebPage\",\"@id\":\"https:\/\/pozega-tz.hr\/en\/putuj-upoznaj\/ture-vodici\/\",\"url\":\"https:\/\/pozega-tz.hr\/en\/putuj-upoznaj\/ture-vodici\/\",\"name\":\"Travel guides and Itineraries - Po\u017eega Tourist board\",\"isPartOf\":{\"@id\":\"https:\/\/pozega-tz.hr\/en\/#website\"},\"primaryImageOfPage\":{\"@id\":\"https:\/\/pozega-tz.hr\/en\/putuj-upoznaj\/ture-vodici\/#primaryimage\"},\"image\":{\"@id\":\"https:\/\/pozega-tz.hr\/en\/putuj-upoznaj\/ture-vodici\/#primaryimage\"},\"thumbnailUrl\":\"https:\/\/pozega-tz.hr\/en\/wp-content\/uploads\/2021\/02\/pexels-photo-5911280.jpeg\",\"datePublished\":\"2021-02-28T20:55:42+00:00\",\"dateModified\":\"2021-11-01T20:19:37+00:00\",\"description\":\"Po\u017eegu mo\u017eete upoznati samostalno, \u0161etnjom gradom bez posebnog plana \u0161to nekad ima svojih \u010dari ili prate\u0107i tiskani turisti\u010dki vodi\u010d.\",\"breadcrumb\":{\"@id\":\"https:\/\/pozega-tz.hr\/en\/putuj-upoznaj\/ture-vodici\/#breadcrumb\"},\"inLanguage\":\"en-US\",\"potentialAction\":[{\"@type\":\"ReadAction\",\"target\":[\"https:\/\/pozega-tz.hr\/en\/putuj-upoznaj\/ture-vodici\/\"]}]},{\"@type\":\"ImageObject\",\"inLanguage\":\"en-US\",\"@id\":\"https:\/\/pozega-tz.hr\/en\/putuj-upoznaj\/ture-vodici\/#primaryimage\",\"url\":\"https:\/\/pozega-tz.hr\/en\/wp-content\/uploads\/2021\/02\/pexels-photo-5911280.jpeg\",\"contentUrl\":\"https:\/\/pozega-tz.hr\/en\/wp-content\/uploads\/2021\/02\/pexels-photo-5911280.jpeg\",\"width\":1500,\"height\":2250},{\"@type\":\"BreadcrumbList\",\"@id\":\"https:\/\/pozega-tz.hr\/en\/putuj-upoznaj\/ture-vodici\/#breadcrumb\",\"itemListElement\":[{\"@type\":\"ListItem\",\"position\":1,\"name\":\"Putuj &#038; upoznaj\",\"item\":\"https:\/\/pozega-tz.hr\/en\/putuj-upoznaj\/\"},{\"@type\":\"ListItem\",\"position\":2,\"name\":\"Travel guides and Itineraries\"}]},{\"@type\":\"WebSite\",\"@id\":\"https:\/\/pozega-tz.hr\/en\/#website\",\"url\":\"https:\/\/pozega-tz.hr\/en\/\",\"name\":\"Po\u017eega Tourist board\",\"description\":\"Brda&amp;Doline\",\"potentialAction\":[{\"@type\":\"SearchAction\",\"target\":{\"@type\":\"EntryPoint\",\"urlTemplate\":\"https:\/\/pozega-tz.hr\/en\/?s={search_term_string}\"},\"query-input\":{\"@type\":\"PropertyValueSpecification\",\"valueRequired\":true,\"valueName\":\"search_term_string\"}}],\"inLanguage\":\"en-US\"}]}<\/script>\n<!-- \/ Yoast SEO plugin. -->","yoast_head_json":{"title":"Travel guides and Itineraries - Po\u017eega Tourist board","description":"Po\u017eegu mo\u017eete upoznati samostalno, \u0161etnjom gradom bez posebnog plana \u0161to nekad ima svojih \u010dari ili prate\u0107i tiskani turisti\u010dki vodi\u010d.","robots":{"index":"index","follow":"follow","max-snippet":"max-snippet:-1","max-image-preview":"max-image-preview:large","max-video-preview":"max-video-preview:-1"},"canonical":"https:\/\/pozega-tz.hr\/en\/putuj-upoznaj\/ture-vodici\/","og_locale":"en_US","og_type":"article","og_title":"Travel guides and Itineraries - Po\u017eega Tourist board","og_description":"Po\u017eegu mo\u017eete upoznati samostalno, \u0161etnjom gradom bez posebnog plana \u0161to nekad ima svojih \u010dari ili prate\u0107i tiskani turisti\u010dki vodi\u010d.","og_url":"https:\/\/pozega-tz.hr\/en\/putuj-upoznaj\/ture-vodici\/","og_site_name":"Po\u017eega Tourist board","article_modified_time":"2021-11-01T20:19:37+00:00","og_image":[{"width":1500,"height":2250,"url":"https:\/\/pozega-tz.hr\/en\/wp-content\/uploads\/2021\/02\/pexels-photo-5911280.jpeg","type":"image\/jpeg"}],"twitter_card":"summary_large_image","twitter_misc":{"Est. reading time":"3 minutes"},"schema":{"@context":"https:\/\/schema.org","@graph":[{"@type":"WebPage","@id":"https:\/\/pozega-tz.hr\/en\/putuj-upoznaj\/ture-vodici\/","url":"https:\/\/pozega-tz.hr\/en\/putuj-upoznaj\/ture-vodici\/","name":"Travel guides and Itineraries - Po\u017eega Tourist board","isPartOf":{"@id":"https:\/\/pozega-tz.hr\/en\/#website"},"primaryImageOfPage":{"@id":"https:\/\/pozega-tz.hr\/en\/putuj-upoznaj\/ture-vodici\/#primaryimage"},"image":{"@id":"https:\/\/pozega-tz.hr\/en\/putuj-upoznaj\/ture-vodici\/#primaryimage"},"thumbnailUrl":"https:\/\/pozega-tz.hr\/en\/wp-content\/uploads\/2021\/02\/pexels-photo-5911280.jpeg","datePublished":"2021-02-28T20:55:42+00:00","dateModified":"2021-11-01T20:19:37+00:00","description":"Po\u017eegu mo\u017eete upoznati samostalno, \u0161etnjom gradom bez posebnog plana \u0161to nekad ima svojih \u010dari ili prate\u0107i tiskani turisti\u010dki vodi\u010d.","breadcrumb":{"@id":"https:\/\/pozega-tz.hr\/en\/putuj-upoznaj\/ture-vodici\/#breadcrumb"},"inLanguage":"en-US","potentialAction":[{"@type":"ReadAction","target":["https:\/\/pozega-tz.hr\/en\/putuj-upoznaj\/ture-vodici\/"]}]},{"@type":"ImageObject","inLanguage":"en-US","@id":"https:\/\/pozega-tz.hr\/en\/putuj-upoznaj\/ture-vodici\/#primaryimage","url":"https:\/\/pozega-tz.hr\/en\/wp-content\/uploads\/2021\/02\/pexels-photo-5911280.jpeg","contentUrl":"https:\/\/pozega-tz.hr\/en\/wp-content\/uploads\/2021\/02\/pexels-photo-5911280.jpeg","width":1500,"height":2250},{"@type":"BreadcrumbList","@id":"https:\/\/pozega-tz.hr\/en\/putuj-upoznaj\/ture-vodici\/#breadcrumb","itemListElement":[{"@type":"ListItem","position":1,"name":"Putuj &#038; upoznaj","item":"https:\/\/pozega-tz.hr\/en\/putuj-upoznaj\/"},{"@type":"ListItem","position":2,"name":"Travel guides and Itineraries"}]},{"@type":"WebSite","@id":"https:\/\/pozega-tz.hr\/en\/#website","url":"https:\/\/pozega-tz.hr\/en\/","name":"Po\u017eega Tourist board","description":"Brda&amp;Doline","potentialAction":[{"@type":"SearchAction","target":{"@type":"EntryPoint","urlTemplate":"https:\/\/pozega-tz.hr\/en\/?s={search_term_string}"},"query-input":{"@type":"PropertyValueSpecification","valueRequired":true,"valueName":"search_term_string"}}],"inLanguage":"en-US"}]}},"_links":{"self":[{"href":"https:\/\/pozega-tz.hr\/en\/wp-json\/wp\/v2\/pages\/3460","targetHints":{"allow":["GET"]}}],"collection":[{"href":"https:\/\/pozega-tz.hr\/en\/wp-json\/wp\/v2\/pages"}],"about":[{"href":"https:\/\/pozega-tz.hr\/en\/wp-json\/wp\/v2\/types\/page"}],"author":[{"embeddable":true,"href":"https:\/\/pozega-tz.hr\/en\/wp-json\/wp\/v2\/users\/1"}],"replies":[{"embeddable":true,"href":"https:\/\/pozega-tz.hr\/en\/wp-json\/wp\/v2\/comments?post=3460"}],"version-history":[{"count":5,"href":"https:\/\/pozega-tz.hr\/en\/wp-json\/wp\/v2\/pages\/3460\/revisions"}],"predecessor-version":[{"id":4944,"href":"https:\/\/pozega-tz.hr\/en\/wp-json\/wp\/v2\/pages\/3460\/revisions\/4944"}],"up":[{"embeddable":true,"href":"https:\/\/pozega-tz.hr\/en\/wp-json\/wp\/v2\/pages\/3423"}],"wp:featuredmedia":[{"embeddable":true,"href":"https:\/\/pozega-tz.hr\/en\/wp-json\/wp\/v2\/media\/3395"}],"wp:attachment":[{"href":"https:\/\/pozega-tz.hr\/en\/wp-json\/wp\/v2\/media?parent=3460"}],"curies":[{"name":"wp","href":"https:\/\/api.w.org\/{rel}","templated":true}]}}