{"id":3442,"date":"2021-02-28T21:38:46","date_gmt":"2021-02-28T20:38:46","guid":{"rendered":"http:\/\/pozega-tz.hr\/en\/?page_id=3442"},"modified":"2025-11-10T12:13:46","modified_gmt":"2025-11-10T11:13:46","slug":"agencije-aranzmani","status":"publish","type":"page","link":"https:\/\/pozega-tz.hr\/en\/putuj-upoznaj\/agencije-aranzmani\/","title":{"rendered":"Travel Agencies &#038; Tours"},"content":{"rendered":"<p>[et_pb_section fb_built=&#8221;1&#8243; _builder_version=&#8221;4.9.0&#8243; _module_preset=&#8221;default&#8221; custom_padding=&#8221;0px||22px|||&#8221; global_module=&#8221;3437&#8243; saved_tabs=&#8221;all&#8221; global_colors_info=&#8221;{}&#8221;][et_pb_row _builder_version=&#8221;4.16&#8243; _module_preset=&#8221;default&#8221; background_color=&#8221;#ededed&#8221; width=&#8221;100%&#8221; max_width=&#8221;2560px&#8221; custom_padding=&#8221;|3%||3%|false|true&#8221; global_colors_info=&#8221;{}&#8221;][et_pb_column type=&#8221;4_4&#8243; _builder_version=&#8221;4.16&#8243; _module_preset=&#8221;default&#8221; global_colors_info=&#8221;{}&#8221;][et_pb_menu menu_id=&#8221;39&#8243; submenu_direction=&#8221;upwards&#8221; _builder_version=&#8221;4.16&#8243; _module_preset=&#8221;default&#8221; background_enable_color=&#8221;off&#8221; global_colors_info=&#8221;{}&#8221;][\/et_pb_menu][\/et_pb_column][\/et_pb_row][et_pb_row _builder_version=&#8221;4.16&#8243; _module_preset=&#8221;default&#8221; custom_margin=&#8221;20px||||false|false&#8221; global_colors_info=&#8221;{}&#8221;][et_pb_column type=&#8221;4_4&#8243; _builder_version=&#8221;4.16&#8243; _module_preset=&#8221;default&#8221; global_colors_info=&#8221;{}&#8221;][et_pb_text _builder_version=&#8221;4.16&#8243; _dynamic_attributes=&#8221;content&#8221; _module_preset=&#8221;default&#8221; text_font=&#8221;Ubuntu||||||||&#8221; text_font_size=&#8221;41px&#8221; header_font=&#8221;Ubuntu|700|||||||&#8221; header_font_size=&#8221;54px&#8221; global_colors_info=&#8221;{}&#8221;]@ET-DC@eyJkeW5hbWljIjp0cnVlLCJjb250ZW50IjoicG9zdF90aXRsZSIsInNldHRpbmdzIjp7ImJlZm9yZSI6IiIsImFmdGVyIjoiIn19@[\/et_pb_text][\/et_pb_column][\/et_pb_row][\/et_pb_section][et_pb_section fb_built=&#8221;1&#8243; _builder_version=&#8221;4.16&#8243; _module_preset=&#8221;default&#8221; background_image=&#8221;http:\/\/pozega-tz.hr\/en\/wp-content\/uploads\/2021\/02\/bg1.png&#8221; parallax=&#8221;on&#8221; parallax_method=&#8221;off&#8221; custom_padding=&#8221;0px|||||&#8221; global_colors_info=&#8221;{}&#8221;][et_pb_row _builder_version=&#8221;4.16&#8243; _module_preset=&#8221;default&#8221; global_colors_info=&#8221;{}&#8221;][et_pb_column type=&#8221;4_4&#8243; _builder_version=&#8221;4.16&#8243; _module_preset=&#8221;default&#8221; global_colors_info=&#8221;{}&#8221;][et_pb_text _builder_version=&#8221;4.16&#8243; _module_preset=&#8221;default&#8221; global_colors_info=&#8221;{}&#8221;]<\/p>\n<p>So your visit to Po\u017eega goes without a problem, it is wise to contact a local tourist agency which will, according to your wishes, help you with the itinerary, book all the other services needed and provide you with a nicely rounded tourist arrangement. Your only job will then be to simply relax and enjoy your stay.<\/p>\n<p>[\/et_pb_text][\/et_pb_column][\/et_pb_row][et_pb_row column_structure=&#8221;1_4,1_4,1_4,1_4&#8243; _builder_version=&#8221;4.16&#8243; _module_preset=&#8221;default&#8221; global_colors_info=&#8221;{}&#8221; locked=&#8221;off&#8221;][et_pb_column type=&#8221;1_4&#8243; _builder_version=&#8221;4.16&#8243; _module_preset=&#8221;default&#8221; global_colors_info=&#8221;{}&#8221;][et_pb_image src=&#8221;https:\/\/pozega-tz.hr\/wp-content\/uploads\/2025\/11\/1573123072_logo.png&#8221; _builder_version=&#8221;4.27.4&#8243; _module_preset=&#8221;default&#8221; title_text=&#8221;1573123072_logo&#8221; hover_enabled=&#8221;0&#8243; sticky_enabled=&#8221;0&#8243; width=&#8221;100%&#8221; align=&#8221;center&#8221;][\/et_pb_image][\/et_pb_column][et_pb_column type=&#8221;1_4&#8243; _builder_version=&#8221;4.16&#8243; _module_preset=&#8221;default&#8221; global_colors_info=&#8221;{}&#8221;][et_pb_text _builder_version=&#8221;4.16&#8243; _module_preset=&#8221;default&#8221; global_colors_info=&#8221;{}&#8221;]<\/p>\n<p><strong>Arriva Travel\u00a0<\/strong><br \/>Industrijska 14 , 34000 Po\u017eega<br \/>Web: <span><a href=\"http:\/\/www.arrivatravel.hr\">www.arrivatravel.hr<br \/><\/a><\/span><span style=\"font-size: 16px;\">Tel.: 00385 (0)34 274 345<\/span><\/p>\n<p>[\/et_pb_text][\/et_pb_column][et_pb_column type=&#8221;1_4&#8243; _builder_version=&#8221;4.16&#8243; _module_preset=&#8221;default&#8221; global_colors_info=&#8221;{}&#8221;][et_pb_image src=&#8221;https:\/\/pozega-tz.hr\/wp-content\/uploads\/2025\/11\/AURETIS-POZEGA-LOGO.png&#8221; _builder_version=&#8221;4.27.4&#8243; _module_preset=&#8221;default&#8221; title_text=&#8221;AURETIS POZ\u030cEGA LOGO&#8221; hover_enabled=&#8221;0&#8243; sticky_enabled=&#8221;0&#8243; width=&#8221;67%&#8221; align=&#8221;center&#8221;][\/et_pb_image][\/et_pb_column][et_pb_column type=&#8221;1_4&#8243; _builder_version=&#8221;4.16&#8243; _module_preset=&#8221;default&#8221; global_colors_info=&#8221;{}&#8221;][et_pb_text _builder_version=&#8221;4.27.4&#8243; _module_preset=&#8221;default&#8221; hover_enabled=&#8221;0&#8243; global_colors_info=&#8221;{}&#8221; sticky_enabled=&#8221;0&#8243;]<\/p>\n<p><strong>Auretis Po\u017eega d.o.o.<\/strong><br \/>Trg Sv. Trojstva 1 34000 Po\u017eega<br \/>Web: <a href=\"https:\/\/auretis-pozega.hr\/\">auretis-pozega.hr<\/a><span><a href=\"http:\/\/www.arrivatravel.hr\"><br \/><\/a><\/span><span style=\"font-size: 16px;\">Tel.: <span>098\/747-030<\/span><\/span><\/p>\n<p>[\/et_pb_text][\/et_pb_column][\/et_pb_row][et_pb_row column_structure=&#8221;1_2,1_2&#8243; _builder_version=&#8221;4.16&#8243; _module_preset=&#8221;default&#8221; global_colors_info=&#8221;{}&#8221;][et_pb_column type=&#8221;1_2&#8243; _builder_version=&#8221;4.16&#8243; _module_preset=&#8221;default&#8221; global_colors_info=&#8221;{}&#8221;][et_pb_blurb title=&#8221;Ready to book tour packages and arrangements offered by tourist agencies at this time:&#8221; image=&#8221;http:\/\/pozega-tz.hr\/en\/wp-content\/uploads\/2021\/02\/car.png&#8221; icon_placement=&#8221;left&#8221; _builder_version=&#8221;4.19.0&#8243; _module_preset=&#8221;default&#8221; body_font_size=&#8221;12px&#8221; body_line_height=&#8221;1.9em&#8221; global_colors_info=&#8221;{}&#8221;]<\/p>\n<p>Local tourist agencies specialize in providing year-round ready-to-book tours and field trips in Slavonia and Baranya regions of Eastern Croatia. They also provide city tours of Po\u017eega which often include daily excursions to the nearby wine country and the town of Kutjevo or the Papuk Nature Park.<\/p>\n<p>Click the links below and browse through the tours offered by the tourist agencies, contact them and make a reservation. Then you can spend a beautiful and exciting week or a relaxing weekend in Po\u017eega, among the \u201chills and valleys\u201d.<\/p>\n<p>&nbsp;<\/p>\n<p><a href=\"https:\/\/auretis-pozega.hr\/\">AURETIS PO\u017dEGA D.O.O.<\/a><\/p>\n<p>[\/et_pb_blurb][\/et_pb_column][et_pb_column type=&#8221;1_2&#8243; _builder_version=&#8221;4.16&#8243; _module_preset=&#8221;default&#8221; global_colors_info=&#8221;{}&#8221;][et_pb_blurb title=&#8221;Rent-a-car, tourist bus and van rental &#8221; image=&#8221;http:\/\/pozega-tz.hr\/en\/wp-content\/uploads\/2021\/02\/car.png&#8221; icon_placement=&#8221;left&#8221; _builder_version=&#8221;4.16&#8243; _module_preset=&#8221;default&#8221; body_font_size=&#8221;12px&#8221; body_line_height=&#8221;1.9em&#8221; global_colors_info=&#8221;{}&#8221;]<\/p>\n<p>In this section of our website you can find the list of the businesses from and around Po\u017eega which can provide you with the services such as tourist bus (coach) rental, rental of mini-buses and vans as well as car rental.<\/p>\n<p><strong>Rent a car IT Po\u017eega<br \/><\/strong>Sv. Roka 13,\u00a0Po\u017eega<br \/>Telefon +385 34 271067<br \/>Mobilni: +385 99 606 1079<br \/><span><strong><a href=\"http:\/\/www.rentacar-it.com\">www.rentacar-it.com<\/a><a href=\"http:\/\/www.rentacar-it.com\/\"><br \/><\/a><\/strong><\/span>E-mail: <span><a href=\"mailto:it@trgovina-it.hr\">it@trgovina-it.hr<\/a><\/span><\/p>\n<p><strong>Rent a car Auto Centar Radi\u0107<br \/><\/strong>Zrinska 22, Po\u017eega<br \/>Telefon +385 34 281546<br \/><a href=\"http:\/\/www.ac-radic.hr\/\">www.ac-radic.hr<br \/><\/a>E-mail: <span><a href=\"mailto:info@ac-radic.hr\">info@ac-radic.hr<\/a><\/span><\/p>\n<p><strong>Ivan\u010devi\u0107 promet<br \/><\/strong>Zelena 14, Po\u017eega<br \/>Mobilni: 099 4000288<strong>\u00a0<\/strong><\/p>\n<p><strong>VM centar<br \/><\/strong>Brki\u0107a 9, Zavr\u0161je<br \/>E-mail: <span><a href=\"mailto:vm.centar@gmail.com\">vm.centar@gmail.com<br \/><\/a><\/span>Mobilni 098 235296<\/p>\n<p><strong>Rent a car &#8211; kombi Cvje\u0107arnica Danijela<br \/><\/strong>Trg Sv. Trojstva 9<br \/>Mobilni: 099 248 89 99<\/p>\n<p>[\/et_pb_blurb][\/et_pb_column][\/et_pb_row][\/et_pb_section]<\/p>\n","protected":false},"excerpt":{"rendered":"<p>So your visit to Po\u017eega goes without a problem, it is wise to contact a local tourist agency which will, according to your wishes, help you with the itinerary, book all the other services needed and provide you with a nicely rounded tourist arrangement. Your only job will then be to simply relax and enjoy your stay.<\/p>\n","protected":false},"author":1,"featured_media":3395,"parent":3423,"menu_order":0,"comment_status":"closed","ping_status":"closed","template":"","meta":{"_acf_changed":false,"_et_pb_use_builder":"on","_et_pb_old_content":"","_et_gb_content_width":"","footnotes":""},"class_list":["post-3442","page","type-page","status-publish","has-post-thumbnail","hentry"],"acf":[],"yoast_head":"<!-- This site is optimized with the Yoast SEO plugin v25.7 - https:\/\/yoast.com\/wordpress\/plugins\/seo\/ -->\n<title>Travel Agencies &amp; Tours - Po\u017eega Tourist board<\/title>\n<meta name=\"description\" content=\"Kako bi va\u0161 posjet Po\u017eegi i okolici protekao \u010dim opu\u0161tenije, dobro je obratiti se turisti\u010dkoj agenciji koja \u0107e savjetom ili prema va\u0161oj \u017eelji predlo\u017eiti itinerar i naru\u010diti usluge, te vam predati gotov turisti\u010dki paket aran\u017eman. Va\u0161 jedini \u201ezadatak\u201c bit \u0107e u\u017eivati u lijepom putovanju.\" \/>\n<meta name=\"robots\" content=\"index, follow, max-snippet:-1, max-image-preview:large, max-video-preview:-1\" \/>\n<link rel=\"canonical\" href=\"https:\/\/pozega-tz.hr\/en\/putuj-upoznaj\/agencije-aranzmani\/\" \/>\n<meta property=\"og:locale\" content=\"en_US\" \/>\n<meta property=\"og:type\" content=\"article\" \/>\n<meta property=\"og:title\" content=\"Travel Agencies &amp; Tours - Po\u017eega Tourist board\" \/>\n<meta property=\"og:description\" content=\"Kako bi va\u0161 posjet Po\u017eegi i okolici protekao \u010dim opu\u0161tenije, dobro je obratiti se turisti\u010dkoj agenciji koja \u0107e savjetom ili prema va\u0161oj \u017eelji predlo\u017eiti itinerar i naru\u010diti usluge, te vam predati gotov turisti\u010dki paket aran\u017eman. Va\u0161 jedini \u201ezadatak\u201c bit \u0107e u\u017eivati u lijepom putovanju.\" \/>\n<meta property=\"og:url\" content=\"https:\/\/pozega-tz.hr\/en\/putuj-upoznaj\/agencije-aranzmani\/\" \/>\n<meta property=\"og:site_name\" content=\"Po\u017eega Tourist board\" \/>\n<meta property=\"article:modified_time\" content=\"2025-11-10T11:13:46+00:00\" \/>\n<meta property=\"og:image\" content=\"https:\/\/pozega-tz.hr\/en\/wp-content\/uploads\/2021\/02\/pexels-photo-5911280.jpeg\" \/>\n\t<meta property=\"og:image:width\" content=\"1500\" \/>\n\t<meta property=\"og:image:height\" content=\"2250\" \/>\n\t<meta property=\"og:image:type\" content=\"image\/jpeg\" \/>\n<meta name=\"twitter:card\" content=\"summary_large_image\" \/>\n<meta name=\"twitter:label1\" content=\"Est. reading time\" \/>\n\t<meta name=\"twitter:data1\" content=\"4 minutes\" \/>\n<script type=\"application\/ld+json\" class=\"yoast-schema-graph\">{\"@context\":\"https:\/\/schema.org\",\"@graph\":[{\"@type\":\"WebPage\",\"@id\":\"https:\/\/pozega-tz.hr\/en\/putuj-upoznaj\/agencije-aranzmani\/\",\"url\":\"https:\/\/pozega-tz.hr\/en\/putuj-upoznaj\/agencije-aranzmani\/\",\"name\":\"Travel Agencies & Tours - Po\u017eega Tourist board\",\"isPartOf\":{\"@id\":\"http:\/\/pozega-tz.hr\/en\/#website\"},\"primaryImageOfPage\":{\"@id\":\"https:\/\/pozega-tz.hr\/en\/putuj-upoznaj\/agencije-aranzmani\/#primaryimage\"},\"image\":{\"@id\":\"https:\/\/pozega-tz.hr\/en\/putuj-upoznaj\/agencije-aranzmani\/#primaryimage\"},\"thumbnailUrl\":\"https:\/\/pozega-tz.hr\/en\/wp-content\/uploads\/2021\/02\/pexels-photo-5911280.jpeg\",\"datePublished\":\"2021-02-28T20:38:46+00:00\",\"dateModified\":\"2025-11-10T11:13:46+00:00\",\"description\":\"Kako bi va\u0161 posjet Po\u017eegi i okolici protekao \u010dim opu\u0161tenije, dobro je obratiti se turisti\u010dkoj agenciji koja \u0107e savjetom ili prema va\u0161oj \u017eelji predlo\u017eiti itinerar i naru\u010diti usluge, te vam predati gotov turisti\u010dki paket aran\u017eman. Va\u0161 jedini \u201ezadatak\u201c bit \u0107e u\u017eivati u lijepom putovanju.\",\"breadcrumb\":{\"@id\":\"https:\/\/pozega-tz.hr\/en\/putuj-upoznaj\/agencije-aranzmani\/#breadcrumb\"},\"inLanguage\":\"en-US\",\"potentialAction\":[{\"@type\":\"ReadAction\",\"target\":[\"https:\/\/pozega-tz.hr\/en\/putuj-upoznaj\/agencije-aranzmani\/\"]}]},{\"@type\":\"ImageObject\",\"inLanguage\":\"en-US\",\"@id\":\"https:\/\/pozega-tz.hr\/en\/putuj-upoznaj\/agencije-aranzmani\/#primaryimage\",\"url\":\"https:\/\/pozega-tz.hr\/en\/wp-content\/uploads\/2021\/02\/pexels-photo-5911280.jpeg\",\"contentUrl\":\"https:\/\/pozega-tz.hr\/en\/wp-content\/uploads\/2021\/02\/pexels-photo-5911280.jpeg\",\"width\":1500,\"height\":2250},{\"@type\":\"BreadcrumbList\",\"@id\":\"https:\/\/pozega-tz.hr\/en\/putuj-upoznaj\/agencije-aranzmani\/#breadcrumb\",\"itemListElement\":[{\"@type\":\"ListItem\",\"position\":1,\"name\":\"Putuj &#038; upoznaj\",\"item\":\"http:\/\/pozega-tz.hr\/en\/putuj-upoznaj\/\"},{\"@type\":\"ListItem\",\"position\":2,\"name\":\"Travel Agencies &#038; Tours\"}]},{\"@type\":\"WebSite\",\"@id\":\"http:\/\/pozega-tz.hr\/en\/#website\",\"url\":\"http:\/\/pozega-tz.hr\/en\/\",\"name\":\"Po\u017eega Tourist board\",\"description\":\"Brda&amp;Doline\",\"potentialAction\":[{\"@type\":\"SearchAction\",\"target\":{\"@type\":\"EntryPoint\",\"urlTemplate\":\"http:\/\/pozega-tz.hr\/en\/?s={search_term_string}\"},\"query-input\":{\"@type\":\"PropertyValueSpecification\",\"valueRequired\":true,\"valueName\":\"search_term_string\"}}],\"inLanguage\":\"en-US\"}]}<\/script>\n<!-- \/ Yoast SEO plugin. -->","yoast_head_json":{"title":"Travel Agencies & Tours - Po\u017eega Tourist board","description":"Kako bi va\u0161 posjet Po\u017eegi i okolici protekao \u010dim opu\u0161tenije, dobro je obratiti se turisti\u010dkoj agenciji koja \u0107e savjetom ili prema va\u0161oj \u017eelji predlo\u017eiti itinerar i naru\u010diti usluge, te vam predati gotov turisti\u010dki paket aran\u017eman. Va\u0161 jedini \u201ezadatak\u201c bit \u0107e u\u017eivati u lijepom putovanju.","robots":{"index":"index","follow":"follow","max-snippet":"max-snippet:-1","max-image-preview":"max-image-preview:large","max-video-preview":"max-video-preview:-1"},"canonical":"https:\/\/pozega-tz.hr\/en\/putuj-upoznaj\/agencije-aranzmani\/","og_locale":"en_US","og_type":"article","og_title":"Travel Agencies & Tours - Po\u017eega Tourist board","og_description":"Kako bi va\u0161 posjet Po\u017eegi i okolici protekao \u010dim opu\u0161tenije, dobro je obratiti se turisti\u010dkoj agenciji koja \u0107e savjetom ili prema va\u0161oj \u017eelji predlo\u017eiti itinerar i naru\u010diti usluge, te vam predati gotov turisti\u010dki paket aran\u017eman. Va\u0161 jedini \u201ezadatak\u201c bit \u0107e u\u017eivati u lijepom putovanju.","og_url":"https:\/\/pozega-tz.hr\/en\/putuj-upoznaj\/agencije-aranzmani\/","og_site_name":"Po\u017eega Tourist board","article_modified_time":"2025-11-10T11:13:46+00:00","og_image":[{"width":1500,"height":2250,"url":"https:\/\/pozega-tz.hr\/en\/wp-content\/uploads\/2021\/02\/pexels-photo-5911280.jpeg","type":"image\/jpeg"}],"twitter_card":"summary_large_image","twitter_misc":{"Est. reading time":"4 minutes"},"schema":{"@context":"https:\/\/schema.org","@graph":[{"@type":"WebPage","@id":"https:\/\/pozega-tz.hr\/en\/putuj-upoznaj\/agencije-aranzmani\/","url":"https:\/\/pozega-tz.hr\/en\/putuj-upoznaj\/agencije-aranzmani\/","name":"Travel Agencies & Tours - Po\u017eega Tourist board","isPartOf":{"@id":"http:\/\/pozega-tz.hr\/en\/#website"},"primaryImageOfPage":{"@id":"https:\/\/pozega-tz.hr\/en\/putuj-upoznaj\/agencije-aranzmani\/#primaryimage"},"image":{"@id":"https:\/\/pozega-tz.hr\/en\/putuj-upoznaj\/agencije-aranzmani\/#primaryimage"},"thumbnailUrl":"https:\/\/pozega-tz.hr\/en\/wp-content\/uploads\/2021\/02\/pexels-photo-5911280.jpeg","datePublished":"2021-02-28T20:38:46+00:00","dateModified":"2025-11-10T11:13:46+00:00","description":"Kako bi va\u0161 posjet Po\u017eegi i okolici protekao \u010dim opu\u0161tenije, dobro je obratiti se turisti\u010dkoj agenciji koja \u0107e savjetom ili prema va\u0161oj \u017eelji predlo\u017eiti itinerar i naru\u010diti usluge, te vam predati gotov turisti\u010dki paket aran\u017eman. Va\u0161 jedini \u201ezadatak\u201c bit \u0107e u\u017eivati u lijepom putovanju.","breadcrumb":{"@id":"https:\/\/pozega-tz.hr\/en\/putuj-upoznaj\/agencije-aranzmani\/#breadcrumb"},"inLanguage":"en-US","potentialAction":[{"@type":"ReadAction","target":["https:\/\/pozega-tz.hr\/en\/putuj-upoznaj\/agencije-aranzmani\/"]}]},{"@type":"ImageObject","inLanguage":"en-US","@id":"https:\/\/pozega-tz.hr\/en\/putuj-upoznaj\/agencije-aranzmani\/#primaryimage","url":"https:\/\/pozega-tz.hr\/en\/wp-content\/uploads\/2021\/02\/pexels-photo-5911280.jpeg","contentUrl":"https:\/\/pozega-tz.hr\/en\/wp-content\/uploads\/2021\/02\/pexels-photo-5911280.jpeg","width":1500,"height":2250},{"@type":"BreadcrumbList","@id":"https:\/\/pozega-tz.hr\/en\/putuj-upoznaj\/agencije-aranzmani\/#breadcrumb","itemListElement":[{"@type":"ListItem","position":1,"name":"Putuj &#038; upoznaj","item":"http:\/\/pozega-tz.hr\/en\/putuj-upoznaj\/"},{"@type":"ListItem","position":2,"name":"Travel Agencies &#038; Tours"}]},{"@type":"WebSite","@id":"http:\/\/pozega-tz.hr\/en\/#website","url":"http:\/\/pozega-tz.hr\/en\/","name":"Po\u017eega Tourist board","description":"Brda&amp;Doline","potentialAction":[{"@type":"SearchAction","target":{"@type":"EntryPoint","urlTemplate":"http:\/\/pozega-tz.hr\/en\/?s={search_term_string}"},"query-input":{"@type":"PropertyValueSpecification","valueRequired":true,"valueName":"search_term_string"}}],"inLanguage":"en-US"}]}},"_links":{"self":[{"href":"https:\/\/pozega-tz.hr\/en\/wp-json\/wp\/v2\/pages\/3442","targetHints":{"allow":["GET"]}}],"collection":[{"href":"https:\/\/pozega-tz.hr\/en\/wp-json\/wp\/v2\/pages"}],"about":[{"href":"https:\/\/pozega-tz.hr\/en\/wp-json\/wp\/v2\/types\/page"}],"author":[{"embeddable":true,"href":"https:\/\/pozega-tz.hr\/en\/wp-json\/wp\/v2\/users\/1"}],"replies":[{"embeddable":true,"href":"https:\/\/pozega-tz.hr\/en\/wp-json\/wp\/v2\/comments?post=3442"}],"version-history":[{"count":8,"href":"https:\/\/pozega-tz.hr\/en\/wp-json\/wp\/v2\/pages\/3442\/revisions"}],"predecessor-version":[{"id":8081,"href":"https:\/\/pozega-tz.hr\/en\/wp-json\/wp\/v2\/pages\/3442\/revisions\/8081"}],"up":[{"embeddable":true,"href":"https:\/\/pozega-tz.hr\/en\/wp-json\/wp\/v2\/pages\/3423"}],"wp:featuredmedia":[{"embeddable":true,"href":"https:\/\/pozega-tz.hr\/en\/wp-json\/wp\/v2\/media\/3395"}],"wp:attachment":[{"href":"https:\/\/pozega-tz.hr\/en\/wp-json\/wp\/v2\/media?parent=3442"}],"curies":[{"name":"wp","href":"https:\/\/api.w.org\/{rel}","templated":true}]}}