{"id":3425,"date":"2021-02-28T21:19:37","date_gmt":"2021-02-28T20:19:37","guid":{"rendered":"http:\/\/pozega-tz.hr\/en\/?page_id=3425"},"modified":"2024-11-13T13:12:48","modified_gmt":"2024-11-13T12:12:48","slug":"dolazak-kretanje","status":"publish","type":"page","link":"https:\/\/pozega-tz.hr\/en\/putuj-upoznaj\/dolazak-kretanje\/","title":{"rendered":"Arrival &#038; Getting around"},"content":{"rendered":"<p>[et_pb_section fb_built=&#8221;1&#8243; _builder_version=&#8221;4.9.0&#8243; _module_preset=&#8221;default&#8221; custom_padding=&#8221;0px||22px|||&#8221; global_module=&#8221;3437&#8243; saved_tabs=&#8221;all&#8221; global_colors_info=&#8221;{}&#8221;][et_pb_row _builder_version=&#8221;4.16&#8243; _module_preset=&#8221;default&#8221; background_color=&#8221;#ededed&#8221; width=&#8221;100%&#8221; max_width=&#8221;2560px&#8221; custom_padding=&#8221;|3%||3%|false|true&#8221; global_colors_info=&#8221;{}&#8221;][et_pb_column type=&#8221;4_4&#8243; _builder_version=&#8221;4.16&#8243; _module_preset=&#8221;default&#8221; global_colors_info=&#8221;{}&#8221;][et_pb_menu menu_id=&#8221;39&#8243; submenu_direction=&#8221;upwards&#8221; _builder_version=&#8221;4.16&#8243; _module_preset=&#8221;default&#8221; background_enable_color=&#8221;off&#8221; global_colors_info=&#8221;{}&#8221;][\/et_pb_menu][\/et_pb_column][\/et_pb_row][et_pb_row _builder_version=&#8221;4.16&#8243; _module_preset=&#8221;default&#8221; custom_margin=&#8221;20px||||false|false&#8221; global_colors_info=&#8221;{}&#8221;][et_pb_column type=&#8221;4_4&#8243; _builder_version=&#8221;4.16&#8243; _module_preset=&#8221;default&#8221; global_colors_info=&#8221;{}&#8221;][et_pb_text _builder_version=&#8221;4.16&#8243; _dynamic_attributes=&#8221;content&#8221; _module_preset=&#8221;default&#8221; text_font=&#8221;Ubuntu||||||||&#8221; text_font_size=&#8221;41px&#8221; header_font=&#8221;Ubuntu|700|||||||&#8221; header_font_size=&#8221;54px&#8221; global_colors_info=&#8221;{}&#8221;]@ET-DC@eyJkeW5hbWljIjp0cnVlLCJjb250ZW50IjoicG9zdF90aXRsZSIsInNldHRpbmdzIjp7ImJlZm9yZSI6IiIsImFmdGVyIjoiIn19@[\/et_pb_text][\/et_pb_column][\/et_pb_row][\/et_pb_section][et_pb_section fb_built=&#8221;1&#8243; _builder_version=&#8221;4.16&#8243; _module_preset=&#8221;default&#8221; background_image=&#8221;http:\/\/pozega-tz.hr\/en\/wp-content\/uploads\/2021\/02\/bg1.png&#8221; parallax=&#8221;on&#8221; parallax_method=&#8221;off&#8221; custom_padding=&#8221;0px|||||&#8221; global_colors_info=&#8221;{}&#8221;][et_pb_row _builder_version=&#8221;4.16&#8243; _module_preset=&#8221;default&#8221; global_colors_info=&#8221;{}&#8221;][et_pb_column type=&#8221;4_4&#8243; _builder_version=&#8221;4.16&#8243; _module_preset=&#8221;default&#8221; global_colors_info=&#8221;{}&#8221;][et_pb_text _builder_version=&#8221;4.16&#8243; _module_preset=&#8221;default&#8221; global_colors_info=&#8221;{}&#8221;]<\/p>\n<p>Here you can find out how to travel to Po\u017eega, see which railway and bus links connect here, which airports are the closest, how to move around the city using public transport and where to park your car or a tourist bus.<\/p>\n<p>[\/et_pb_text][\/et_pb_column][\/et_pb_row][et_pb_row column_structure=&#8221;1_3,1_3,1_3&#8243; _builder_version=&#8221;4.16&#8243; _module_preset=&#8221;default&#8221; global_colors_info=&#8221;{}&#8221;][et_pb_column type=&#8221;1_3&#8243; _builder_version=&#8221;4.16&#8243; _module_preset=&#8221;default&#8221; global_colors_info=&#8221;{}&#8221;][et_pb_blurb title=&#8221;By car&#8221; image=&#8221;http:\/\/pozega-tz.hr\/en\/wp-content\/uploads\/2021\/02\/car.png&#8221; icon_placement=&#8221;left&#8221; _builder_version=&#8221;4.16&#8243; _module_preset=&#8221;default&#8221; body_font_size=&#8221;12px&#8221; body_line_height=&#8221;1.9em&#8221; global_colors_info=&#8221;{}&#8221;]<\/p>\n<p>If you are arriving from the west or east it is best to take the A3 highway (Zagreb \u2013 Slavonski Brod) and the highway exits in Nova Gradi\u0161ka or Lu\u017eani. From there it will take you about half an hour to get to Po\u017eega. If you are arriving from the north it would be best to use the state roads from Orahovica and Kutjevo or Virovitica and Vo\u0107in both leading you across and around the Papuk Mountain. If you are arriving from the northeast, it is best to take the state road from Na\u0161ice, and if you are arriving from the northwest take the state road from Daruvar and Pakrac.<\/p>\n<p>[\/et_pb_blurb][\/et_pb_column][et_pb_column type=&#8221;1_3&#8243; _builder_version=&#8221;4.16&#8243; _module_preset=&#8221;default&#8221; global_colors_info=&#8221;{}&#8221;][et_pb_blurb title=&#8221;By train&#8221; image=&#8221;http:\/\/pozega-tz.hr\/en\/wp-content\/uploads\/2021\/02\/underground.png&#8221; icon_placement=&#8221;left&#8221; _builder_version=&#8221;4.16&#8243; _module_preset=&#8221;default&#8221; body_font_size=&#8221;12px&#8221; body_line_height=&#8221;1.9em&#8221; global_colors_info=&#8221;{}&#8221;]<\/p>\n<p>Po\u017eega is located on the side railway line not far from the town of Nova Kapela \u2013 Batrina, where it connects to the main European rail corridor from Central to South-eastern Europe linking the Croatian capital Zagreb with the Serbian capital Belgrade. Passenger rail transport is operated by the Croatian Railways Company (Hrvatske \u017deljeznice \u2013 putni\u010dki prijevoz). To check the timetable and buy railway tickets, click the link to their website: <span><a href=\"http:\/\/www.hzpp.hr\">www.hzpp.hr<\/a><\/span><\/p>\n<p>[\/et_pb_blurb][\/et_pb_column][et_pb_column type=&#8221;1_3&#8243; _builder_version=&#8221;4.16&#8243; _module_preset=&#8221;default&#8221; global_colors_info=&#8221;{}&#8221;][et_pb_blurb title=&#8221;By bus&#8221; image=&#8221;http:\/\/pozega-tz.hr\/en\/wp-content\/uploads\/2021\/02\/bus.png&#8221; icon_placement=&#8221;left&#8221; _builder_version=&#8221;4.16&#8243; _module_preset=&#8221;default&#8221; body_font_size=&#8221;12px&#8221; body_line_height=&#8221;1.9em&#8221; global_colors_info=&#8221;{}&#8221;]<\/p>\n<p>The bus station in Po\u017eega is operated by the Arriva Hrvatska Company, part of the Arriva \u2013 Deutsche Bahn Group. You can get to Po\u017eega by bus (coach) from most cities in the nearby counties of Osijek-Baranja, Brod-Posavina as well as from all towns and municipalities in the Po\u017eega-Slavonia County. To check the time table, buy bus-coach tickets, click the link to their web site: <span><a href=\"http:\/\/www.arriva.com.hr\">www.arriva.com.hr<\/a><\/span><\/p>\n<p>[\/et_pb_blurb][\/et_pb_column][\/et_pb_row][et_pb_row column_structure=&#8221;1_3,1_3,1_3&#8243; _builder_version=&#8221;4.16&#8243; _module_preset=&#8221;default&#8221; global_colors_info=&#8221;{}&#8221;][et_pb_column type=&#8221;1_3&#8243; _builder_version=&#8221;4.16&#8243; _module_preset=&#8221;default&#8221; global_colors_info=&#8221;{}&#8221;][et_pb_blurb title=&#8221;By airplane&#8221; image=&#8221;http:\/\/pozega-tz.hr\/en\/wp-content\/uploads\/2021\/02\/car.png&#8221; icon_placement=&#8221;left&#8221; _builder_version=&#8221;4.16&#8243; _module_preset=&#8221;default&#8221; body_font_size=&#8221;12px&#8221; body_line_height=&#8221;1.9em&#8221; global_colors_info=&#8221;{}&#8221;]<\/p>\n<p>Po\u017eega is relatively close to major regional and international airports in Croatia, Bosnia-Herzegovina, Serbia, Hungary, Slovenia and Austria. From the following cities and airports, you can continue towards Po\u017eega by car or public transport.<\/p>\n<ul>\n<li>Osijek (CRO) \u2013 100 km<\/li>\n<li>Tuzla (BIH) \u2013 176 km<\/li>\n<li>Zagreb (CRO) \u2013 173 km<\/li>\n<li>Beograd (SRB) \u2013 255 km<\/li>\n<li>Sarajevo (BIH) \u2013 264 km<\/li>\n<li>Ljubljana (SLO) \u2013 311 km<\/li>\n<li>Rijeka (CRO) \u2013 329 km<\/li>\n<li>Budapest (HU) \u2013 343 km<\/li>\n<li>Vienna (A) \u2013 546 km<\/li>\n<li>Split (CRO) \u2013 550 km<\/li>\n<\/ul>\n<ul><\/ul>\n<p>[\/et_pb_blurb][\/et_pb_column][et_pb_column type=&#8221;1_3&#8243; _builder_version=&#8221;4.16&#8243; _module_preset=&#8221;default&#8221; global_colors_info=&#8221;{}&#8221;][et_pb_blurb title=&#8221;City public transport &#8221; image=&#8221;http:\/\/pozega-tz.hr\/en\/wp-content\/uploads\/2021\/02\/bus.png&#8221; icon_placement=&#8221;left&#8221; _builder_version=&#8221;4.16&#8243; _module_preset=&#8221;default&#8221; body_font_size=&#8221;12px&#8221; body_line_height=&#8221;1.9em&#8221; global_colors_info=&#8221;{}&#8221;]<\/p>\n<p>Po\u017eega is a relatively small city. Most sights, as well as public institutions, are located in the city center so you can easily get around. If you don\u2019t prefer to walk or you are located further away from the city center but don\u2019t want to go by car (see the following menus on parking and taxi services information), you can use the city bus service operated by Slavonijabus Company.<\/p>\n<p>Check the bus timetable at the following link\u00a0<a href=\"http:\/\/pozega-tz.hr\/en\/wp-content\/uploads\/2021\/09\/AUTOBUSNE-LINIJE-KOMPLET-A4.pdf\">ovdje<\/a>.<\/p>\n<p>[\/et_pb_blurb][\/et_pb_column][et_pb_column type=&#8221;1_3&#8243; _builder_version=&#8221;4.16&#8243; _module_preset=&#8221;default&#8221; global_colors_info=&#8221;{}&#8221;][et_pb_blurb title=&#8221;TAXI&#8221; image=&#8221;http:\/\/pozega-tz.hr\/en\/wp-content\/uploads\/2021\/02\/car.png&#8221; icon_placement=&#8221;left&#8221; _builder_version=&#8221;4.16&#8243; _module_preset=&#8221;default&#8221; body_font_size=&#8221;12px&#8221; body_line_height=&#8221;1.9em&#8221; global_colors_info=&#8221;{}&#8221;]<\/p>\n<p>If you don\u2019t own a car, or you simply need to get quickly from one place to the other within the city, you can call one of the following taxi companies:<\/p>\n<p><a href=\"http:\/\/www.taxieva.hr\/\" target=\"_blank\" rel=\"noopener noreferrer\">Taxi Eva<\/a><span><\/span><\/p>\n<p><a href=\"http:\/\/www.facebook.com\/JavniprijevozAntunGavran\" target=\"_blank\" rel=\"noopener noreferrer\">Taxi Gavran<\/a><span><\/span><\/p>\n<p>&nbsp;<\/p>\n<p>[\/et_pb_blurb][\/et_pb_column][\/et_pb_row][et_pb_row column_structure=&#8221;1_2,1_2&#8243; _builder_version=&#8221;4.16&#8243; _module_preset=&#8221;default&#8221; global_colors_info=&#8221;{}&#8221;][et_pb_column type=&#8221;1_2&#8243; _builder_version=&#8221;4.16&#8243; _module_preset=&#8221;default&#8221; global_colors_info=&#8221;{}&#8221;][et_pb_blurb title=&#8221;Car parking&#8221; image=&#8221;http:\/\/pozega-tz.hr\/en\/wp-content\/uploads\/2021\/02\/car.png&#8221; icon_placement=&#8221;left&#8221; _builder_version=&#8221;4.16&#8243; _module_preset=&#8221;default&#8221; body_font_size=&#8221;12px&#8221; body_line_height=&#8221;1.9em&#8221; global_colors_info=&#8221;{}&#8221;]<\/p>\n<p>If you need to find parking for your car, it\u2019s good to know that in the city centre there are two parking zones with different fares. The 1<sup>st<\/sup> Parking Zone is located in and around the main square and one hour costs 4.00 Kuna. The 2<sup>nd<\/sup> Parking Zone is located elsewhere in the city centre and one hour there costs 3.00 Kuna. From Monday to Friday parking is charged from 7 am to 7 pm. On Saturdays parking is charged from 7 am to 1 pm. On Sundays and Public holidays parking is free of charge. You can buy the parking ticket from the parking meters or via mobile phone by sending an SMS containing your car\u2019s licence plate number to the specific phone number \u2013 in Zone 1: 708341; in Zone 2: 708341.<\/p>\n<p>For more information on public parking visit the web site: <span><a href=\"http:\/\/www.komunalac-pozega.hr\/djelatnosti\/organizacija-naplata-i-odrzavanje-parkiralista\">www.komunalac-pozega.hr\/djelatnosti\/organizacija-naplata-i-odrzavanje-parkiralista<\/a><\/span><\/p>\n<p>[\/et_pb_blurb][\/et_pb_column][et_pb_column type=&#8221;1_2&#8243; _builder_version=&#8221;4.16&#8243; _module_preset=&#8221;default&#8221; global_colors_info=&#8221;{}&#8221;][et_pb_blurb title=&#8221;Tourist bus parking&#8221; image=&#8221;http:\/\/pozega-tz.hr\/en\/wp-content\/uploads\/2021\/02\/car.png&#8221; icon_placement=&#8221;left&#8221; _builder_version=&#8221;4.16&#8243; _module_preset=&#8221;default&#8221; body_font_size=&#8221;12px&#8221; body_line_height=&#8221;1.9em&#8221; global_colors_info=&#8221;{}&#8221;]<\/p>\n<p>You are allowed to drive your tourist bus (coach) to the main square where you can stop at the designated bus stop located just before the crossroads of Trg Svetog Trojstva (Holy Trinity Square) with the Ulica Matice Hrvatske Street and \u017dupanijska Ulica Street. If that stop is taken, you can continue along the square towards the city bus stop in front of the Church of the Holy Spirit. In both places, you are allowed to stop to let the tourists off or back on the bus.<\/p>\n<p>During the time needed for the walking tour of the city center it is best to park your bus coach at the parking (with charge) located in the Ulica Franje Cirakija Street (to the left from the Train Station).\u00a0<\/p>\n<p>&nbsp;<\/p>\n<p>[\/et_pb_blurb][\/et_pb_column][\/et_pb_row][\/et_pb_section]<\/p>\n","protected":false},"excerpt":{"rendered":"<p>Here you can find out how to travel to Po\u017eega, see which railway and bus links connect here, which airports are the closest, how to move around the city using public transport and where to park your car or a tourist bus.<\/p>\n","protected":false},"author":1,"featured_media":3389,"parent":3423,"menu_order":0,"comment_status":"closed","ping_status":"closed","template":"","meta":{"_acf_changed":false,"_et_pb_use_builder":"on","_et_pb_old_content":"","_et_gb_content_width":"","footnotes":""},"class_list":["post-3425","page","type-page","status-publish","has-post-thumbnail","hentry"],"acf":[],"yoast_head":"<!-- This site is optimized with the Yoast SEO plugin v25.7 - https:\/\/yoast.com\/wordpress\/plugins\/seo\/ -->\n<title>Arrival &amp; Getting around - Po\u017eega Tourist board<\/title>\n<meta name=\"description\" content=\"Ovdje pro\u010ditajte kako do\u0107i u Po\u017eegu, doznajte koje \u017eeljezni\u010dke i autobusne linije vode prema na\u0161em gradu, koje zra\u010dne luke koristiti za najbr\u017ei dolazak do Po\u017eege te kako se kretati Po\u017eegom putem javnog prijevoza i gdje parkirati va\u0161e vozilo ili turisti\u010dki autobus.\" \/>\n<meta name=\"robots\" content=\"index, follow, max-snippet:-1, max-image-preview:large, max-video-preview:-1\" \/>\n<link rel=\"canonical\" href=\"https:\/\/pozega-tz.hr\/en\/putuj-upoznaj\/dolazak-kretanje\/\" \/>\n<meta property=\"og:locale\" content=\"en_US\" \/>\n<meta property=\"og:type\" content=\"article\" \/>\n<meta property=\"og:title\" content=\"Arrival &amp; Getting around - Po\u017eega Tourist board\" \/>\n<meta property=\"og:description\" content=\"Ovdje pro\u010ditajte kako do\u0107i u Po\u017eegu, doznajte koje \u017eeljezni\u010dke i autobusne linije vode prema na\u0161em gradu, koje zra\u010dne luke koristiti za najbr\u017ei dolazak do Po\u017eege te kako se kretati Po\u017eegom putem javnog prijevoza i gdje parkirati va\u0161e vozilo ili turisti\u010dki autobus.\" \/>\n<meta property=\"og:url\" content=\"https:\/\/pozega-tz.hr\/en\/putuj-upoznaj\/dolazak-kretanje\/\" \/>\n<meta property=\"og:site_name\" content=\"Po\u017eega Tourist board\" \/>\n<meta property=\"article:modified_time\" content=\"2024-11-13T12:12:48+00:00\" \/>\n<meta property=\"og:image\" content=\"https:\/\/pozega-tz.hr\/en\/wp-content\/uploads\/2021\/02\/Trg-sv.-Terezije-_Grad-Poz\u030cega2-scaled.jpg\" \/>\n\t<meta property=\"og:image:width\" content=\"2560\" \/>\n\t<meta property=\"og:image:height\" content=\"1706\" \/>\n\t<meta property=\"og:image:type\" content=\"image\/jpeg\" \/>\n<meta name=\"twitter:card\" content=\"summary_large_image\" \/>\n<meta name=\"twitter:label1\" content=\"Est. reading time\" \/>\n\t<meta name=\"twitter:data1\" content=\"7 minutes\" \/>\n<script type=\"application\/ld+json\" class=\"yoast-schema-graph\">{\"@context\":\"https:\/\/schema.org\",\"@graph\":[{\"@type\":\"WebPage\",\"@id\":\"https:\/\/pozega-tz.hr\/en\/putuj-upoznaj\/dolazak-kretanje\/\",\"url\":\"https:\/\/pozega-tz.hr\/en\/putuj-upoznaj\/dolazak-kretanje\/\",\"name\":\"Arrival & Getting around - Po\u017eega Tourist board\",\"isPartOf\":{\"@id\":\"https:\/\/pozega-tz.hr\/en\/#website\"},\"primaryImageOfPage\":{\"@id\":\"https:\/\/pozega-tz.hr\/en\/putuj-upoznaj\/dolazak-kretanje\/#primaryimage\"},\"image\":{\"@id\":\"https:\/\/pozega-tz.hr\/en\/putuj-upoznaj\/dolazak-kretanje\/#primaryimage\"},\"thumbnailUrl\":\"https:\/\/pozega-tz.hr\/en\/wp-content\/uploads\/2021\/02\/Trg-sv.-Terezije-_Grad-Poz\u030cega2-scaled.jpg\",\"datePublished\":\"2021-02-28T20:19:37+00:00\",\"dateModified\":\"2024-11-13T12:12:48+00:00\",\"description\":\"Ovdje pro\u010ditajte kako do\u0107i u Po\u017eegu, doznajte koje \u017eeljezni\u010dke i autobusne linije vode prema na\u0161em gradu, koje zra\u010dne luke koristiti za najbr\u017ei dolazak do Po\u017eege te kako se kretati Po\u017eegom putem javnog prijevoza i gdje parkirati va\u0161e vozilo ili turisti\u010dki autobus.\",\"breadcrumb\":{\"@id\":\"https:\/\/pozega-tz.hr\/en\/putuj-upoznaj\/dolazak-kretanje\/#breadcrumb\"},\"inLanguage\":\"en-US\",\"potentialAction\":[{\"@type\":\"ReadAction\",\"target\":[\"https:\/\/pozega-tz.hr\/en\/putuj-upoznaj\/dolazak-kretanje\/\"]}]},{\"@type\":\"ImageObject\",\"inLanguage\":\"en-US\",\"@id\":\"https:\/\/pozega-tz.hr\/en\/putuj-upoznaj\/dolazak-kretanje\/#primaryimage\",\"url\":\"https:\/\/pozega-tz.hr\/en\/wp-content\/uploads\/2021\/02\/Trg-sv.-Terezije-_Grad-Poz\u030cega2-scaled.jpg\",\"contentUrl\":\"https:\/\/pozega-tz.hr\/en\/wp-content\/uploads\/2021\/02\/Trg-sv.-Terezije-_Grad-Poz\u030cega2-scaled.jpg\",\"width\":2560,\"height\":1706},{\"@type\":\"BreadcrumbList\",\"@id\":\"https:\/\/pozega-tz.hr\/en\/putuj-upoznaj\/dolazak-kretanje\/#breadcrumb\",\"itemListElement\":[{\"@type\":\"ListItem\",\"position\":1,\"name\":\"Putuj &#038; upoznaj\",\"item\":\"https:\/\/pozega-tz.hr\/en\/putuj-upoznaj\/\"},{\"@type\":\"ListItem\",\"position\":2,\"name\":\"Arrival &#038; Getting around\"}]},{\"@type\":\"WebSite\",\"@id\":\"https:\/\/pozega-tz.hr\/en\/#website\",\"url\":\"https:\/\/pozega-tz.hr\/en\/\",\"name\":\"Po\u017eega Tourist board\",\"description\":\"Brda&amp;Doline\",\"potentialAction\":[{\"@type\":\"SearchAction\",\"target\":{\"@type\":\"EntryPoint\",\"urlTemplate\":\"https:\/\/pozega-tz.hr\/en\/?s={search_term_string}\"},\"query-input\":{\"@type\":\"PropertyValueSpecification\",\"valueRequired\":true,\"valueName\":\"search_term_string\"}}],\"inLanguage\":\"en-US\"}]}<\/script>\n<!-- \/ Yoast SEO plugin. -->","yoast_head_json":{"title":"Arrival & Getting around - Po\u017eega Tourist board","description":"Ovdje pro\u010ditajte kako do\u0107i u Po\u017eegu, doznajte koje \u017eeljezni\u010dke i autobusne linije vode prema na\u0161em gradu, koje zra\u010dne luke koristiti za najbr\u017ei dolazak do Po\u017eege te kako se kretati Po\u017eegom putem javnog prijevoza i gdje parkirati va\u0161e vozilo ili turisti\u010dki autobus.","robots":{"index":"index","follow":"follow","max-snippet":"max-snippet:-1","max-image-preview":"max-image-preview:large","max-video-preview":"max-video-preview:-1"},"canonical":"https:\/\/pozega-tz.hr\/en\/putuj-upoznaj\/dolazak-kretanje\/","og_locale":"en_US","og_type":"article","og_title":"Arrival & Getting around - Po\u017eega Tourist board","og_description":"Ovdje pro\u010ditajte kako do\u0107i u Po\u017eegu, doznajte koje \u017eeljezni\u010dke i autobusne linije vode prema na\u0161em gradu, koje zra\u010dne luke koristiti za najbr\u017ei dolazak do Po\u017eege te kako se kretati Po\u017eegom putem javnog prijevoza i gdje parkirati va\u0161e vozilo ili turisti\u010dki autobus.","og_url":"https:\/\/pozega-tz.hr\/en\/putuj-upoznaj\/dolazak-kretanje\/","og_site_name":"Po\u017eega Tourist board","article_modified_time":"2024-11-13T12:12:48+00:00","og_image":[{"width":2560,"height":1706,"url":"https:\/\/pozega-tz.hr\/en\/wp-content\/uploads\/2021\/02\/Trg-sv.-Terezije-_Grad-Poz\u030cega2-scaled.jpg","type":"image\/jpeg"}],"twitter_card":"summary_large_image","twitter_misc":{"Est. reading time":"7 minutes"},"schema":{"@context":"https:\/\/schema.org","@graph":[{"@type":"WebPage","@id":"https:\/\/pozega-tz.hr\/en\/putuj-upoznaj\/dolazak-kretanje\/","url":"https:\/\/pozega-tz.hr\/en\/putuj-upoznaj\/dolazak-kretanje\/","name":"Arrival & Getting around - Po\u017eega Tourist board","isPartOf":{"@id":"https:\/\/pozega-tz.hr\/en\/#website"},"primaryImageOfPage":{"@id":"https:\/\/pozega-tz.hr\/en\/putuj-upoznaj\/dolazak-kretanje\/#primaryimage"},"image":{"@id":"https:\/\/pozega-tz.hr\/en\/putuj-upoznaj\/dolazak-kretanje\/#primaryimage"},"thumbnailUrl":"https:\/\/pozega-tz.hr\/en\/wp-content\/uploads\/2021\/02\/Trg-sv.-Terezije-_Grad-Poz\u030cega2-scaled.jpg","datePublished":"2021-02-28T20:19:37+00:00","dateModified":"2024-11-13T12:12:48+00:00","description":"Ovdje pro\u010ditajte kako do\u0107i u Po\u017eegu, doznajte koje \u017eeljezni\u010dke i autobusne linije vode prema na\u0161em gradu, koje zra\u010dne luke koristiti za najbr\u017ei dolazak do Po\u017eege te kako se kretati Po\u017eegom putem javnog prijevoza i gdje parkirati va\u0161e vozilo ili turisti\u010dki autobus.","breadcrumb":{"@id":"https:\/\/pozega-tz.hr\/en\/putuj-upoznaj\/dolazak-kretanje\/#breadcrumb"},"inLanguage":"en-US","potentialAction":[{"@type":"ReadAction","target":["https:\/\/pozega-tz.hr\/en\/putuj-upoznaj\/dolazak-kretanje\/"]}]},{"@type":"ImageObject","inLanguage":"en-US","@id":"https:\/\/pozega-tz.hr\/en\/putuj-upoznaj\/dolazak-kretanje\/#primaryimage","url":"https:\/\/pozega-tz.hr\/en\/wp-content\/uploads\/2021\/02\/Trg-sv.-Terezije-_Grad-Poz\u030cega2-scaled.jpg","contentUrl":"https:\/\/pozega-tz.hr\/en\/wp-content\/uploads\/2021\/02\/Trg-sv.-Terezije-_Grad-Poz\u030cega2-scaled.jpg","width":2560,"height":1706},{"@type":"BreadcrumbList","@id":"https:\/\/pozega-tz.hr\/en\/putuj-upoznaj\/dolazak-kretanje\/#breadcrumb","itemListElement":[{"@type":"ListItem","position":1,"name":"Putuj &#038; upoznaj","item":"https:\/\/pozega-tz.hr\/en\/putuj-upoznaj\/"},{"@type":"ListItem","position":2,"name":"Arrival &#038; Getting around"}]},{"@type":"WebSite","@id":"https:\/\/pozega-tz.hr\/en\/#website","url":"https:\/\/pozega-tz.hr\/en\/","name":"Po\u017eega Tourist board","description":"Brda&amp;Doline","potentialAction":[{"@type":"SearchAction","target":{"@type":"EntryPoint","urlTemplate":"https:\/\/pozega-tz.hr\/en\/?s={search_term_string}"},"query-input":{"@type":"PropertyValueSpecification","valueRequired":true,"valueName":"search_term_string"}}],"inLanguage":"en-US"}]}},"_links":{"self":[{"href":"https:\/\/pozega-tz.hr\/en\/wp-json\/wp\/v2\/pages\/3425","targetHints":{"allow":["GET"]}}],"collection":[{"href":"https:\/\/pozega-tz.hr\/en\/wp-json\/wp\/v2\/pages"}],"about":[{"href":"https:\/\/pozega-tz.hr\/en\/wp-json\/wp\/v2\/types\/page"}],"author":[{"embeddable":true,"href":"https:\/\/pozega-tz.hr\/en\/wp-json\/wp\/v2\/users\/1"}],"replies":[{"embeddable":true,"href":"https:\/\/pozega-tz.hr\/en\/wp-json\/wp\/v2\/comments?post=3425"}],"version-history":[{"count":11,"href":"https:\/\/pozega-tz.hr\/en\/wp-json\/wp\/v2\/pages\/3425\/revisions"}],"predecessor-version":[{"id":5203,"href":"https:\/\/pozega-tz.hr\/en\/wp-json\/wp\/v2\/pages\/3425\/revisions\/5203"}],"up":[{"embeddable":true,"href":"https:\/\/pozega-tz.hr\/en\/wp-json\/wp\/v2\/pages\/3423"}],"wp:featuredmedia":[{"embeddable":true,"href":"https:\/\/pozega-tz.hr\/en\/wp-json\/wp\/v2\/media\/3389"}],"wp:attachment":[{"href":"https:\/\/pozega-tz.hr\/en\/wp-json\/wp\/v2\/media?parent=3425"}],"curies":[{"name":"wp","href":"https:\/\/api.w.org\/{rel}","templated":true}]}}