{"id":3414,"date":"2021-02-28T21:10:09","date_gmt":"2021-02-28T20:10:09","guid":{"rendered":"http:\/\/pozega-tz.hr\/en\/?page_id=3414"},"modified":"2021-11-01T21:54:19","modified_gmt":"2021-11-01T20:54:19","slug":"lov-ribolov","status":"publish","type":"page","link":"https:\/\/pozega-tz.hr\/en\/vidi-i-dozivi\/lov-ribolov\/","title":{"rendered":"Hunting &#038; Fishing"},"content":{"rendered":"<p>[et_pb_section fb_built=&#8221;1&#8243; _builder_version=&#8221;4.9.0&#8243; _module_preset=&#8221;default&#8221; custom_padding=&#8221;0px||22px|||&#8221; global_module=&#8221;3220&#8243; saved_tabs=&#8221;all&#8221; global_colors_info=&#8221;{}&#8221;][et_pb_row _builder_version=&#8221;4.9.0&#8243; _module_preset=&#8221;default&#8221; background_color=&#8221;#ededed&#8221; width=&#8221;100%&#8221; max_width=&#8221;2560px&#8221; custom_padding=&#8221;|3%||3%|false|true&#8221; global_colors_info=&#8221;{}&#8221;][et_pb_column type=&#8221;4_4&#8243; _builder_version=&#8221;4.9.0&#8243; _module_preset=&#8221;default&#8221; global_colors_info=&#8221;{}&#8221;][et_pb_menu menu_id=&#8221;35&#8243; submenu_direction=&#8221;upwards&#8221; _builder_version=&#8221;4.9.0&#8243; _module_preset=&#8221;default&#8221; background_enable_color=&#8221;off&#8221; global_colors_info=&#8221;{}&#8221;][\/et_pb_menu][\/et_pb_column][\/et_pb_row][et_pb_row _builder_version=&#8221;4.9.0&#8243; _module_preset=&#8221;default&#8221; custom_margin=&#8221;20px||||false|false&#8221; global_colors_info=&#8221;{}&#8221;][et_pb_column type=&#8221;4_4&#8243; _builder_version=&#8221;4.9.0&#8243; _module_preset=&#8221;default&#8221; global_colors_info=&#8221;{}&#8221;][et_pb_text _builder_version=&#8221;4.11.3&#8243; _dynamic_attributes=&#8221;content&#8221; _module_preset=&#8221;default&#8221; text_font=&#8221;Ubuntu||||||||&#8221; text_font_size=&#8221;41px&#8221; header_font=&#8221;Ubuntu|700|||||||&#8221; header_font_size=&#8221;54px&#8221; global_colors_info=&#8221;{}&#8221;]@ET-DC@eyJkeW5hbWljIjp0cnVlLCJjb250ZW50IjoicG9zdF90aXRsZSIsInNldHRpbmdzIjp7ImJlZm9yZSI6IiIsImFmdGVyIjoiIn19@[\/et_pb_text][\/et_pb_column][\/et_pb_row][\/et_pb_section][et_pb_section fb_built=&#8221;1&#8243; _builder_version=&#8221;4.9.0&#8243; _module_preset=&#8221;default&#8221; background_color=&#8221;#f9f9f9&#8243; custom_padding=&#8221;0px||0px|||&#8221; global_colors_info=&#8221;{}&#8221;][et_pb_row column_structure=&#8221;1_2,1_2&#8243; use_custom_gutter=&#8221;on&#8221; gutter_width=&#8221;1&#8243; make_equal=&#8221;on&#8221; _builder_version=&#8221;4.9.0&#8243; _module_preset=&#8221;default&#8221; width=&#8221;100%&#8221; max_width=&#8221;2560px&#8221; module_alignment=&#8221;center&#8221; custom_padding=&#8221;0%||0%||true|true&#8221; global_colors_info=&#8221;{}&#8221;][et_pb_column type=&#8221;1_2&#8243; _builder_version=&#8221;4.9.0&#8243; _module_preset=&#8221;default&#8221; custom_padding=&#8221;5%|5%|5%|5%|true|false&#8221; global_colors_info=&#8221;{}&#8221;][et_pb_text _builder_version=&#8221;4.9.0&#8243; _module_preset=&#8221;default&#8221; global_colors_info=&#8221;{}&#8221;]<\/p>\n<p>The Po\u017eega valley and its fields are crisscrossed by many groves. Because of that and thanks to the vast, lush forests on the hillsides of the Po\u017ee\u0161ka Gora and Dilj Gora hills as well as the Krndija, Papuk and Psunj Mountains not far from the city, Po\u017eega can be your base for the perfect hunting weekend.<\/p>\n<p>\u00a0The rivers that flow thru Po\u017eega, the Orljava and Veli\u010danka, may be smaller than the better known Slavonian big rivers, \u201cfisherman\u2019s paradises\u201d of the Danube, Drava and Sava, but not far from the city you\u2019ll find many fishponds rich in fish species such as carp, pike and catfish. Unlike the \u201cbig rivers\u201d, in the creeks coming down from the surrounding mountains, you\u2019ll also find the native Brown trout as well as Californian trout.<\/p>\n<p>&nbsp;<\/p>\n<h2><\/h2>\n<p>[\/et_pb_text][\/et_pb_column][et_pb_column type=&#8221;1_2&#8243; _builder_version=&#8221;4.9.0&#8243; _module_preset=&#8221;default&#8221; background_image=&#8221;http:\/\/pozega-tz.hr\/en\/wp-content\/uploads\/2021\/02\/pexels-cottonbro-4828253-scaled.jpg&#8221; parallax=&#8221;on&#8221; global_colors_info=&#8221;{}&#8221;][et_pb_text _builder_version=&#8221;4.9.0&#8243; _module_preset=&#8221;default&#8221; min_height=&#8221;410px&#8221; global_colors_info=&#8221;{}&#8221;][\/et_pb_text][\/et_pb_column][\/et_pb_row][\/et_pb_section][et_pb_section fb_built=&#8221;1&#8243; _builder_version=&#8221;4.9.0&#8243; _module_preset=&#8221;default&#8221; background_image=&#8221;http:\/\/pozega-tz.hr\/en\/wp-content\/uploads\/2021\/02\/bg1.png&#8221; hover_enabled=&#8221;0&#8243; global_colors_info=&#8221;{}&#8221; sticky_enabled=&#8221;0&#8243;][et_pb_row _builder_version=&#8221;4.9.0&#8243; _module_preset=&#8221;default&#8221; global_colors_info=&#8221;{}&#8221;][et_pb_column type=&#8221;4_4&#8243; _builder_version=&#8221;4.9.0&#8243; _module_preset=&#8221;default&#8221; global_colors_info=&#8221;{}&#8221;][et_pb_text _builder_version=&#8221;4.9.0&#8243; _module_preset=&#8221;default&#8221; global_colors_info=&#8221;{}&#8221;]<\/p>\n<h2>As you plan your hunting or fishing trip, you might need some expert assistance. So it is good to know who you can contact for advice:<\/h2>\n<p>[\/et_pb_text][\/et_pb_column][\/et_pb_row][et_pb_row column_structure=&#8221;1_3,1_3,1_3&#8243; _builder_version=&#8221;4.9.0&#8243; _module_preset=&#8221;default&#8221; hover_enabled=&#8221;0&#8243; global_colors_info=&#8221;{}&#8221; sticky_enabled=&#8221;0&#8243;][et_pb_column type=&#8221;1_3&#8243; _builder_version=&#8221;4.9.0&#8243; _module_preset=&#8221;default&#8221; global_colors_info=&#8221;{}&#8221;][et_pb_text _builder_version=&#8221;4.12.0&#8243; _module_preset=&#8221;default&#8221; hover_enabled=&#8221;0&#8243; global_colors_info=&#8221;{}&#8221; sticky_enabled=&#8221;0&#8243;]<\/p>\n<p><strong>Fishing grounds and picnic site <\/strong><strong>\u201cZlatni Lug\u201d<\/strong><\/p>\n<p>Address: Donji Emovci 32, 34000 Po\u017eega<br \/>Web: <span><a href=\"http:\/\/www.zlatnilug.hr\/\">www.zlatnilug.hr<br \/><\/a><\/span>E-mail: <span><a href=\"mailto:\/\/www.zlatnilug.hr\">leo@zlatnilug.hr<br \/><\/a><\/span>Tel.: 00385 (0)98 472 483<\/p>\n<p>[\/et_pb_text][\/et_pb_column][et_pb_column type=&#8221;1_3&#8243; _builder_version=&#8221;4.9.0&#8243; _module_preset=&#8221;default&#8221; global_colors_info=&#8221;{}&#8221;][et_pb_text _builder_version=&#8221;4.12.0&#8243; _module_preset=&#8221;default&#8221; hover_enabled=&#8221;0&#8243; global_colors_info=&#8221;{}&#8221; sticky_enabled=&#8221;0&#8243;]<\/p>\n<p><strong>Fishing grounds and picnic site <\/strong><strong>\u201cStari fenjeri\u201d<\/strong><\/p>\n<p><span style=\"font-size: 16px;\">Address: Turni\u0107 2A, 34000 Po\u017eega<br \/><\/span><span style=\"font-size: 16px;\">Web: <\/span><span style=\"font-size: 16px;\"><a href=\"http:\/\/www.stari-fenjeri.com\/\">www.stari-fenjeri.com<br \/><\/a><\/span><span style=\"font-size: 16px;\">E-mail: <\/span><span style=\"font-size: 16px;\"><a href=\"mailto:info@stari-fenjeri.com\">info@stari-fenjeri.com<br \/><\/a><\/span><span style=\"font-size: 16px;\">Tel.: 00385 (0)34 622 277<\/span><\/p>\n<p>[\/et_pb_text][\/et_pb_column][et_pb_column type=&#8221;1_3&#8243; _builder_version=&#8221;4.9.0&#8243; _module_preset=&#8221;default&#8221; global_colors_info=&#8221;{}&#8221;][et_pb_text _builder_version=&#8221;4.12.0&#8243; _module_preset=&#8221;default&#8221; hover_enabled=&#8221;0&#8243; global_colors_info=&#8221;{}&#8221; sticky_enabled=&#8221;0&#8243;]<\/p>\n<p><strong>Sports-fishing association of the Po\u017eega-Slavonia County<\/p>\n<p><\/strong>Address: Istarska 6, 34000 Po\u017eega<br \/>Facebook: <span><a href=\"https:\/\/www.facebook.com\/%C5%A0portsko-ribolovni-savez-Po%C5%BEe%C5%A1ko-slavonske-%C5%BEupanije-1749205218512404\/\">\u0160portsko ribolovni savez Po\u017ee\u0161ko slavonske \u017eupanije<br \/><\/a><\/span>Tel.: 00385 (0)34 271 296<\/p>\n<p>[\/et_pb_text][\/et_pb_column][\/et_pb_row][et_pb_row column_structure=&#8221;1_3,1_3,1_3&#8243; _builder_version=&#8221;4.9.0&#8243; _module_preset=&#8221;default&#8221; global_colors_info=&#8221;{}&#8221;][et_pb_column type=&#8221;1_3&#8243; _builder_version=&#8221;4.9.0&#8243; _module_preset=&#8221;default&#8221; global_colors_info=&#8221;{}&#8221;][et_pb_text _builder_version=&#8221;4.12.0&#8243; _module_preset=&#8221;default&#8221; hover_enabled=&#8221;0&#8243; global_colors_info=&#8221;{}&#8221; sticky_enabled=&#8221;0&#8243;]<\/p>\n<p><strong>Hunting association of the Po\u017eega-Slavonia County<\/p>\n<p><\/strong><span style=\"font-size: 16px;\">Address: Dalmatinska 14, 34000 Po\u017eega<br \/><\/span><span style=\"font-size: 16px;\">Tel.: 00385 (0)274 173<\/span><\/p>\n<p>&nbsp;<\/p>\n<p>[\/et_pb_text][\/et_pb_column][et_pb_column type=&#8221;1_3&#8243; _builder_version=&#8221;4.9.0&#8243; _module_preset=&#8221;default&#8221; global_colors_info=&#8221;{}&#8221;][et_pb_text _builder_version=&#8221;4.12.0&#8243; _module_preset=&#8221;default&#8221; hover_enabled=&#8221;0&#8243; global_colors_info=&#8221;{}&#8221; sticky_enabled=&#8221;0&#8243;]<\/p>\n<p><strong>Sports-fishing society \u201c\u0160aran\u201d<\/strong><\/p>\n<p>Ribnjak 1, Eminovci<br \/><span style=\"font-size: 16px;\">Tel: +385 98 362102<\/span><\/p>\n<p>[\/et_pb_text][\/et_pb_column][et_pb_column type=&#8221;1_3&#8243; _builder_version=&#8221;4.9.0&#8243; _module_preset=&#8221;default&#8221; global_colors_info=&#8221;{}&#8221;][et_pb_text _builder_version=&#8221;4.12.0&#8243; _module_preset=&#8221;default&#8221; hover_enabled=&#8221;0&#8243; global_colors_info=&#8221;{}&#8221; sticky_enabled=&#8221;0&#8243;]<\/p>\n<p><strong>Sports-fishing society \u201cUlovi i Pusti\u201d <\/strong><\/p>\n<p>Kneza Trpimira 9, Po\u017eega<br \/>Facebook: <a href=\"https:\/\/www.facebook.com\/SRUUloviPusti\/\">\u0160RU &#8220;Ulovi i Pusti&#8221; Po\u017eega<\/a><strong><br \/><\/strong><\/p>\n<p>[\/et_pb_text][\/et_pb_column][\/et_pb_row][\/et_pb_section]<\/p>\n","protected":false},"excerpt":{"rendered":"<p>The Po\u017eega valley and its fields are crisscrossed by many groves. Because of that and thanks to the vast, lush forests on the hillsides of the Po\u017ee\u0161ka Gora and Dilj Gora hills as well as the Krndija, Papuk and Psunj Mountains not far from the city, Po\u017eega can be your base for the perfect hunting weekend.<\/p>\n","protected":false},"author":1,"featured_media":3416,"parent":3216,"menu_order":0,"comment_status":"closed","ping_status":"closed","template":"","meta":{"_acf_changed":false,"_et_pb_use_builder":"on","_et_pb_old_content":"","_et_gb_content_width":"","footnotes":""},"class_list":["post-3414","page","type-page","status-publish","has-post-thumbnail","hentry"],"acf":[],"yoast_head":"<!-- This site is optimized with the Yoast SEO plugin v25.7 - https:\/\/yoast.com\/wordpress\/plugins\/seo\/ -->\n<title>Hunting &amp; Fishing - Po\u017eega Tourist board<\/title>\n<meta name=\"description\" content=\"Zahvaljuju\u0107i brojnim \u0161umarcima koji presijecaju plodna polja Po\u017ee\u0161ke doline, te posebice zbog prostranih i bujnh \u0161uma na obroncima Po\u017ee\u0161ke gore te ostalih gora, Krndije, Papuka, Psunja i Dilj gore koje okru\u017euju na\u0161 grad, Po\u017eega mo\u017ee biti idealna baza za va\u0161 lova\u010dki vikend.\" \/>\n<meta name=\"robots\" content=\"index, follow, max-snippet:-1, max-image-preview:large, max-video-preview:-1\" \/>\n<link rel=\"canonical\" href=\"https:\/\/pozega-tz.hr\/en\/vidi-i-dozivi\/lov-ribolov\/\" \/>\n<meta property=\"og:locale\" content=\"en_US\" \/>\n<meta property=\"og:type\" content=\"article\" \/>\n<meta property=\"og:title\" content=\"Hunting &amp; Fishing - Po\u017eega Tourist board\" \/>\n<meta property=\"og:description\" content=\"Zahvaljuju\u0107i brojnim \u0161umarcima koji presijecaju plodna polja Po\u017ee\u0161ke doline, te posebice zbog prostranih i bujnh \u0161uma na obroncima Po\u017ee\u0161ke gore te ostalih gora, Krndije, Papuka, Psunja i Dilj gore koje okru\u017euju na\u0161 grad, Po\u017eega mo\u017ee biti idealna baza za va\u0161 lova\u010dki vikend.\" \/>\n<meta property=\"og:url\" content=\"https:\/\/pozega-tz.hr\/en\/vidi-i-dozivi\/lov-ribolov\/\" \/>\n<meta property=\"og:site_name\" content=\"Po\u017eega Tourist board\" \/>\n<meta property=\"article:modified_time\" content=\"2021-11-01T20:54:19+00:00\" \/>\n<meta property=\"og:image\" content=\"https:\/\/pozega-tz.hr\/en\/wp-content\/uploads\/2021\/02\/pexels-cottonbro-4828253-scaled.jpg\" \/>\n\t<meta property=\"og:image:width\" content=\"2560\" \/>\n\t<meta property=\"og:image:height\" content=\"1707\" \/>\n\t<meta property=\"og:image:type\" content=\"image\/jpeg\" \/>\n<meta name=\"twitter:card\" content=\"summary_large_image\" \/>\n<meta name=\"twitter:label1\" content=\"Est. reading time\" \/>\n\t<meta name=\"twitter:data1\" content=\"4 minutes\" \/>\n<script type=\"application\/ld+json\" class=\"yoast-schema-graph\">{\"@context\":\"https:\/\/schema.org\",\"@graph\":[{\"@type\":\"WebPage\",\"@id\":\"https:\/\/pozega-tz.hr\/en\/vidi-i-dozivi\/lov-ribolov\/\",\"url\":\"https:\/\/pozega-tz.hr\/en\/vidi-i-dozivi\/lov-ribolov\/\",\"name\":\"Hunting & Fishing - Po\u017eega Tourist board\",\"isPartOf\":{\"@id\":\"https:\/\/pozega-tz.hr\/en\/#website\"},\"primaryImageOfPage\":{\"@id\":\"https:\/\/pozega-tz.hr\/en\/vidi-i-dozivi\/lov-ribolov\/#primaryimage\"},\"image\":{\"@id\":\"https:\/\/pozega-tz.hr\/en\/vidi-i-dozivi\/lov-ribolov\/#primaryimage\"},\"thumbnailUrl\":\"https:\/\/pozega-tz.hr\/en\/wp-content\/uploads\/2021\/02\/pexels-cottonbro-4828253-scaled.jpg\",\"datePublished\":\"2021-02-28T20:10:09+00:00\",\"dateModified\":\"2021-11-01T20:54:19+00:00\",\"description\":\"Zahvaljuju\u0107i brojnim \u0161umarcima koji presijecaju plodna polja Po\u017ee\u0161ke doline, te posebice zbog prostranih i bujnh \u0161uma na obroncima Po\u017ee\u0161ke gore te ostalih gora, Krndije, Papuka, Psunja i Dilj gore koje okru\u017euju na\u0161 grad, Po\u017eega mo\u017ee biti idealna baza za va\u0161 lova\u010dki vikend.\",\"breadcrumb\":{\"@id\":\"https:\/\/pozega-tz.hr\/en\/vidi-i-dozivi\/lov-ribolov\/#breadcrumb\"},\"inLanguage\":\"en-US\",\"potentialAction\":[{\"@type\":\"ReadAction\",\"target\":[\"https:\/\/pozega-tz.hr\/en\/vidi-i-dozivi\/lov-ribolov\/\"]}]},{\"@type\":\"ImageObject\",\"inLanguage\":\"en-US\",\"@id\":\"https:\/\/pozega-tz.hr\/en\/vidi-i-dozivi\/lov-ribolov\/#primaryimage\",\"url\":\"https:\/\/pozega-tz.hr\/en\/wp-content\/uploads\/2021\/02\/pexels-cottonbro-4828253-scaled.jpg\",\"contentUrl\":\"https:\/\/pozega-tz.hr\/en\/wp-content\/uploads\/2021\/02\/pexels-cottonbro-4828253-scaled.jpg\",\"width\":2560,\"height\":1707},{\"@type\":\"BreadcrumbList\",\"@id\":\"https:\/\/pozega-tz.hr\/en\/vidi-i-dozivi\/lov-ribolov\/#breadcrumb\",\"itemListElement\":[{\"@type\":\"ListItem\",\"position\":1,\"name\":\"Vidi &#038; Do\u017eivi\",\"item\":\"https:\/\/pozega-tz.hr\/en\/vidi-i-dozivi\/\"},{\"@type\":\"ListItem\",\"position\":2,\"name\":\"Hunting &#038; Fishing\"}]},{\"@type\":\"WebSite\",\"@id\":\"https:\/\/pozega-tz.hr\/en\/#website\",\"url\":\"https:\/\/pozega-tz.hr\/en\/\",\"name\":\"Po\u017eega Tourist board\",\"description\":\"Brda&amp;Doline\",\"potentialAction\":[{\"@type\":\"SearchAction\",\"target\":{\"@type\":\"EntryPoint\",\"urlTemplate\":\"https:\/\/pozega-tz.hr\/en\/?s={search_term_string}\"},\"query-input\":{\"@type\":\"PropertyValueSpecification\",\"valueRequired\":true,\"valueName\":\"search_term_string\"}}],\"inLanguage\":\"en-US\"}]}<\/script>\n<!-- \/ Yoast SEO plugin. -->","yoast_head_json":{"title":"Hunting & Fishing - Po\u017eega Tourist board","description":"Zahvaljuju\u0107i brojnim \u0161umarcima koji presijecaju plodna polja Po\u017ee\u0161ke doline, te posebice zbog prostranih i bujnh \u0161uma na obroncima Po\u017ee\u0161ke gore te ostalih gora, Krndije, Papuka, Psunja i Dilj gore koje okru\u017euju na\u0161 grad, Po\u017eega mo\u017ee biti idealna baza za va\u0161 lova\u010dki vikend.","robots":{"index":"index","follow":"follow","max-snippet":"max-snippet:-1","max-image-preview":"max-image-preview:large","max-video-preview":"max-video-preview:-1"},"canonical":"https:\/\/pozega-tz.hr\/en\/vidi-i-dozivi\/lov-ribolov\/","og_locale":"en_US","og_type":"article","og_title":"Hunting & Fishing - Po\u017eega Tourist board","og_description":"Zahvaljuju\u0107i brojnim \u0161umarcima koji presijecaju plodna polja Po\u017ee\u0161ke doline, te posebice zbog prostranih i bujnh \u0161uma na obroncima Po\u017ee\u0161ke gore te ostalih gora, Krndije, Papuka, Psunja i Dilj gore koje okru\u017euju na\u0161 grad, Po\u017eega mo\u017ee biti idealna baza za va\u0161 lova\u010dki vikend.","og_url":"https:\/\/pozega-tz.hr\/en\/vidi-i-dozivi\/lov-ribolov\/","og_site_name":"Po\u017eega Tourist board","article_modified_time":"2021-11-01T20:54:19+00:00","og_image":[{"width":2560,"height":1707,"url":"https:\/\/pozega-tz.hr\/en\/wp-content\/uploads\/2021\/02\/pexels-cottonbro-4828253-scaled.jpg","type":"image\/jpeg"}],"twitter_card":"summary_large_image","twitter_misc":{"Est. reading time":"4 minutes"},"schema":{"@context":"https:\/\/schema.org","@graph":[{"@type":"WebPage","@id":"https:\/\/pozega-tz.hr\/en\/vidi-i-dozivi\/lov-ribolov\/","url":"https:\/\/pozega-tz.hr\/en\/vidi-i-dozivi\/lov-ribolov\/","name":"Hunting & Fishing - Po\u017eega Tourist board","isPartOf":{"@id":"https:\/\/pozega-tz.hr\/en\/#website"},"primaryImageOfPage":{"@id":"https:\/\/pozega-tz.hr\/en\/vidi-i-dozivi\/lov-ribolov\/#primaryimage"},"image":{"@id":"https:\/\/pozega-tz.hr\/en\/vidi-i-dozivi\/lov-ribolov\/#primaryimage"},"thumbnailUrl":"https:\/\/pozega-tz.hr\/en\/wp-content\/uploads\/2021\/02\/pexels-cottonbro-4828253-scaled.jpg","datePublished":"2021-02-28T20:10:09+00:00","dateModified":"2021-11-01T20:54:19+00:00","description":"Zahvaljuju\u0107i brojnim \u0161umarcima koji presijecaju plodna polja Po\u017ee\u0161ke doline, te posebice zbog prostranih i bujnh \u0161uma na obroncima Po\u017ee\u0161ke gore te ostalih gora, Krndije, Papuka, Psunja i Dilj gore koje okru\u017euju na\u0161 grad, Po\u017eega mo\u017ee biti idealna baza za va\u0161 lova\u010dki vikend.","breadcrumb":{"@id":"https:\/\/pozega-tz.hr\/en\/vidi-i-dozivi\/lov-ribolov\/#breadcrumb"},"inLanguage":"en-US","potentialAction":[{"@type":"ReadAction","target":["https:\/\/pozega-tz.hr\/en\/vidi-i-dozivi\/lov-ribolov\/"]}]},{"@type":"ImageObject","inLanguage":"en-US","@id":"https:\/\/pozega-tz.hr\/en\/vidi-i-dozivi\/lov-ribolov\/#primaryimage","url":"https:\/\/pozega-tz.hr\/en\/wp-content\/uploads\/2021\/02\/pexels-cottonbro-4828253-scaled.jpg","contentUrl":"https:\/\/pozega-tz.hr\/en\/wp-content\/uploads\/2021\/02\/pexels-cottonbro-4828253-scaled.jpg","width":2560,"height":1707},{"@type":"BreadcrumbList","@id":"https:\/\/pozega-tz.hr\/en\/vidi-i-dozivi\/lov-ribolov\/#breadcrumb","itemListElement":[{"@type":"ListItem","position":1,"name":"Vidi &#038; Do\u017eivi","item":"https:\/\/pozega-tz.hr\/en\/vidi-i-dozivi\/"},{"@type":"ListItem","position":2,"name":"Hunting &#038; Fishing"}]},{"@type":"WebSite","@id":"https:\/\/pozega-tz.hr\/en\/#website","url":"https:\/\/pozega-tz.hr\/en\/","name":"Po\u017eega Tourist board","description":"Brda&amp;Doline","potentialAction":[{"@type":"SearchAction","target":{"@type":"EntryPoint","urlTemplate":"https:\/\/pozega-tz.hr\/en\/?s={search_term_string}"},"query-input":{"@type":"PropertyValueSpecification","valueRequired":true,"valueName":"search_term_string"}}],"inLanguage":"en-US"}]}},"_links":{"self":[{"href":"https:\/\/pozega-tz.hr\/en\/wp-json\/wp\/v2\/pages\/3414","targetHints":{"allow":["GET"]}}],"collection":[{"href":"https:\/\/pozega-tz.hr\/en\/wp-json\/wp\/v2\/pages"}],"about":[{"href":"https:\/\/pozega-tz.hr\/en\/wp-json\/wp\/v2\/types\/page"}],"author":[{"embeddable":true,"href":"https:\/\/pozega-tz.hr\/en\/wp-json\/wp\/v2\/users\/1"}],"replies":[{"embeddable":true,"href":"https:\/\/pozega-tz.hr\/en\/wp-json\/wp\/v2\/comments?post=3414"}],"version-history":[{"count":6,"href":"https:\/\/pozega-tz.hr\/en\/wp-json\/wp\/v2\/pages\/3414\/revisions"}],"predecessor-version":[{"id":4973,"href":"https:\/\/pozega-tz.hr\/en\/wp-json\/wp\/v2\/pages\/3414\/revisions\/4973"}],"up":[{"embeddable":true,"href":"https:\/\/pozega-tz.hr\/en\/wp-json\/wp\/v2\/pages\/3216"}],"wp:featuredmedia":[{"embeddable":true,"href":"https:\/\/pozega-tz.hr\/en\/wp-json\/wp\/v2\/media\/3416"}],"wp:attachment":[{"href":"https:\/\/pozega-tz.hr\/en\/wp-json\/wp\/v2\/media?parent=3414"}],"curies":[{"name":"wp","href":"https:\/\/api.w.org\/{rel}","templated":true}]}}