{"id":3401,"date":"2021-02-28T20:48:55","date_gmt":"2021-02-28T19:48:55","guid":{"rendered":"http:\/\/pozega-tz.hr\/en\/?page_id=3401"},"modified":"2021-11-01T21:47:10","modified_gmt":"2021-11-01T20:47:10","slug":"priroda-rekreacija","status":"publish","type":"page","link":"https:\/\/pozega-tz.hr\/en\/vidi-i-dozivi\/priroda-rekreacija\/","title":{"rendered":"Nature &#038; Recreation"},"content":{"rendered":"<p>[et_pb_section fb_built=&#8221;1&#8243; _builder_version=&#8221;4.9.0&#8243; _module_preset=&#8221;default&#8221; custom_padding=&#8221;0px||22px|||&#8221; global_module=&#8221;3220&#8243; saved_tabs=&#8221;all&#8221; global_colors_info=&#8221;{}&#8221;][et_pb_row _builder_version=&#8221;4.9.0&#8243; _module_preset=&#8221;default&#8221; background_color=&#8221;#ededed&#8221; width=&#8221;100%&#8221; max_width=&#8221;2560px&#8221; custom_padding=&#8221;|3%||3%|false|true&#8221; global_colors_info=&#8221;{}&#8221;][et_pb_column type=&#8221;4_4&#8243; _builder_version=&#8221;4.9.0&#8243; _module_preset=&#8221;default&#8221; global_colors_info=&#8221;{}&#8221;][et_pb_menu menu_id=&#8221;35&#8243; submenu_direction=&#8221;upwards&#8221; _builder_version=&#8221;4.9.0&#8243; _module_preset=&#8221;default&#8221; background_enable_color=&#8221;off&#8221; global_colors_info=&#8221;{}&#8221;][\/et_pb_menu][\/et_pb_column][\/et_pb_row][et_pb_row _builder_version=&#8221;4.9.0&#8243; _module_preset=&#8221;default&#8221; custom_margin=&#8221;20px||||false|false&#8221; global_colors_info=&#8221;{}&#8221;][et_pb_column type=&#8221;4_4&#8243; _builder_version=&#8221;4.9.0&#8243; _module_preset=&#8221;default&#8221; global_colors_info=&#8221;{}&#8221;][et_pb_text _builder_version=&#8221;4.11.3&#8243; _dynamic_attributes=&#8221;content&#8221; _module_preset=&#8221;default&#8221; text_font=&#8221;Ubuntu||||||||&#8221; text_font_size=&#8221;41px&#8221; header_font=&#8221;Ubuntu|700|||||||&#8221; header_font_size=&#8221;54px&#8221; global_colors_info=&#8221;{}&#8221;]@ET-DC@eyJkeW5hbWljIjp0cnVlLCJjb250ZW50IjoicG9zdF90aXRsZSIsInNldHRpbmdzIjp7ImJlZm9yZSI6IiIsImFmdGVyIjoiIn19@[\/et_pb_text][\/et_pb_column][\/et_pb_row][\/et_pb_section][et_pb_section fb_built=&#8221;1&#8243; _builder_version=&#8221;4.9.0&#8243; _module_preset=&#8221;default&#8221; background_color=&#8221;#f9f9f9&#8243; custom_padding=&#8221;0px||0px|||&#8221; global_colors_info=&#8221;{}&#8221;][et_pb_row column_structure=&#8221;1_2,1_2&#8243; use_custom_gutter=&#8221;on&#8221; gutter_width=&#8221;1&#8243; make_equal=&#8221;on&#8221; _builder_version=&#8221;4.9.0&#8243; _module_preset=&#8221;default&#8221; width=&#8221;100%&#8221; max_width=&#8221;2560px&#8221; module_alignment=&#8221;center&#8221; custom_padding=&#8221;0%||0%||true|true&#8221; global_colors_info=&#8221;{}&#8221;][et_pb_column type=&#8221;1_2&#8243; _builder_version=&#8221;4.9.0&#8243; _module_preset=&#8221;default&#8221; custom_padding=&#8221;5%|5%|5%|5%|true|false&#8221; global_colors_info=&#8221;{}&#8221;][et_pb_text _builder_version=&#8221;4.12.0&#8243; _module_preset=&#8221;default&#8221; hover_enabled=&#8221;0&#8243; global_colors_info=&#8221;{}&#8221; custom_padding=&#8221;||0px|||&#8221; sticky_enabled=&#8221;0&#8243;]<\/p>\n<p>Thanks to its position in-between rivers Orljava and Veli\u010danka on one side and the Po\u017ee\u0161ka Gora hill on the other side, those who like to walk and hike in nature, will be very pleased with the possibilities!<\/p>\n<h2><strong>Walking<\/strong><\/h2>\n<p>Located almost in the city centre you\u2019ll find the walkways along the rivers Orljava and Veli\u010danka where you can not only take a relaxing walk but also enjoy cycling. There is also the \u201cStari grad\u201d hill located in the heart of the city \u2013 the green \u201clungs\u201d of Po\u017eega with gentle hillsides which are perfect for a recreational hike. You can approach the \u201cStari Grad\u201d, the site of the former medieval fortified castle, from two sides, behind the Cathedral and from the entrance located in Ulica Antuna Kani\u017eli\u0107a Street, close to the city sports hall.<\/p>\n<h2><strong>Gentle hiking in the hills and mountain biking<\/strong><\/h2>\n<p>The northern slopes of the Po\u017ee\u0161ka Gora hill are a somewhat more challenging terrain than the \u201cStari grad\u201d hill. But as you hike or cycle along the marked routes over the hilltops, thru the vineyards and orchards, you will get to enjoy some of the most beautiful views \u2013 on one side those of the city rooftops with the Krndija and Papuk Mountains in the back and on the other side the picturesque villages tucked in the lush green valleys.<\/p>\n<p>&nbsp;<\/p>\n<p>&nbsp;<\/p>\n<p>[\/et_pb_text][\/et_pb_column][et_pb_column type=&#8221;1_2&#8243; _builder_version=&#8221;4.9.0&#8243; _module_preset=&#8221;default&#8221; background_image=&#8221;http:\/\/pozega-tz.hr\/en\/wp-content\/uploads\/2021\/02\/pexels-tobi-631986-scaled.jpg&#8221; global_colors_info=&#8221;{}&#8221;][et_pb_text _builder_version=&#8221;4.9.0&#8243; _module_preset=&#8221;default&#8221; min_height=&#8221;410px&#8221; global_colors_info=&#8221;{}&#8221;][\/et_pb_text][\/et_pb_column][\/et_pb_row][\/et_pb_section][et_pb_section fb_built=&#8221;1&#8243; _builder_version=&#8221;4.9.0&#8243; _module_preset=&#8221;default&#8221; background_color=&#8221;#f9f9f9&#8243; custom_padding=&#8221;0px||0px|||&#8221; global_colors_info=&#8221;{}&#8221;][et_pb_row column_structure=&#8221;1_2,1_2&#8243; use_custom_gutter=&#8221;on&#8221; gutter_width=&#8221;1&#8243; make_equal=&#8221;on&#8221; _builder_version=&#8221;4.9.0&#8243; _module_preset=&#8221;default&#8221; width=&#8221;100%&#8221; max_width=&#8221;2560px&#8221; module_alignment=&#8221;center&#8221; custom_padding=&#8221;0%||0%||true|true&#8221; global_colors_info=&#8221;{}&#8221;][et_pb_column type=&#8221;1_2&#8243; _builder_version=&#8221;4.9.0&#8243; _module_preset=&#8221;default&#8221; background_image=&#8221;http:\/\/pozega-tz.hr\/en\/wp-content\/uploads\/2021\/02\/AR4A2175-scaled.jpg&#8221; global_colors_info=&#8221;{}&#8221;][et_pb_text _builder_version=&#8221;4.9.0&#8243; _module_preset=&#8221;default&#8221; min_height=&#8221;410px&#8221; global_colors_info=&#8221;{}&#8221;][\/et_pb_text][\/et_pb_column][et_pb_column type=&#8221;1_2&#8243; _builder_version=&#8221;4.9.0&#8243; _module_preset=&#8221;default&#8221; background_color=&#8221;#FFFFFF&#8221; custom_padding=&#8221;5%|5%|5%|5%|true|false&#8221; global_colors_info=&#8221;{}&#8221;][et_pb_text _builder_version=&#8221;4.12.0&#8243; _module_preset=&#8221;default&#8221; hover_enabled=&#8221;0&#8243; global_colors_info=&#8221;{}&#8221; sticky_enabled=&#8221;0&#8243;]<\/p>\n<h2><strong>The way of the Winegrowers<\/strong><\/h2>\n<p>The shortest circular hiking and cycling route thru the Po\u017ee\u0161ka Gora Hill will take you from the main city square, behind the Church of the Holy Spirit, along the Ulica Svetog Duha Street towards the steps up the hill in the Ulica Svetog Vida Street. From there you will continue walking a few hundred meters up the pebble road along the Vinta\u0161ki Put Way towards the hilltop and the St. Vincent\u2019s Chapel. Before the chapel turn left and follow the Vinogradarski Put Way. Once you get to the crossroads with the Vincelovski Put Way you can pick whether to go downhill towards the Bishop\u2019s Palace and the Antun Kani\u017eli\u0107 Elementary School or to continue, thus making a bigger and more attractive circle thru the vineyards and orchards. If you continue along the Vinogradarski Put Way you will eventually complete the circle and after walking down the Ulica Grgin dol Street and return to the city center. Keeping in mind that most of the route is a dirt road with some steeper sections, it is advisable to dress appropriately for outdoor sports or mountaineering. If you decide to do the shorter hike, it will take you about an hour and to fully enjoy the route you\u2019ll need about one and a half hours. This route is also suited for cycling on a mountain bike.<\/p>\n<p>&nbsp;<\/p>\n<p>[\/et_pb_text][\/et_pb_column][\/et_pb_row][\/et_pb_section][et_pb_section fb_built=&#8221;1&#8243; _builder_version=&#8221;4.9.0&#8243; _module_preset=&#8221;default&#8221; background_color=&#8221;#f9f9f9&#8243; custom_padding=&#8221;0px||0px|||&#8221; global_colors_info=&#8221;{}&#8221;][et_pb_row column_structure=&#8221;1_2,1_2&#8243; use_custom_gutter=&#8221;on&#8221; gutter_width=&#8221;1&#8243; make_equal=&#8221;on&#8221; _builder_version=&#8221;4.9.0&#8243; _module_preset=&#8221;default&#8221; width=&#8221;100%&#8221; max_width=&#8221;2560px&#8221; module_alignment=&#8221;center&#8221; custom_padding=&#8221;0%||0%||true|true&#8221; global_colors_info=&#8221;{}&#8221;][et_pb_column type=&#8221;1_2&#8243; _builder_version=&#8221;4.9.0&#8243; _module_preset=&#8221;default&#8221; custom_padding=&#8221;5%|5%|5%|5%|true|false&#8221; global_colors_info=&#8221;{}&#8221;][et_pb_text _builder_version=&#8221;4.12.0&#8243; _module_preset=&#8221;default&#8221; hover_enabled=&#8221;0&#8243; global_colors_info=&#8221;{}&#8221; sticky_enabled=&#8221;0&#8243;]<\/p>\n<h2><strong>The way of the Hawk<\/strong><\/h2>\n<p>Named after the liberator from the Ottomans, in the late 17th century &#8211; Friar Luka Ibri\u0161imovi\u0107 Sokol (Hawk), this route is more suited for hiking than cycling, unless you are very well experienced with cycling in the hills or decide to only use the route along the city streets. The start of the route is located next to the entrance to the Church of the Holy Spirit in the main square. From there go right past the city\u2019s Green Market, then turn in to the Sokolva Ulica Street and soon after, take a turn right up the Kalvarija Street. When you once again see the family houses, turn left and continue uphill along the shaded forest path. Follow the markings along the Fratarski Put (The Friar\u2019s Way) towards the Calvary (the Way of the Cross), past the St. Anna\u2019s chapel and continue further uphill to the very top named Sokolvac (the Hawk\u2019s place. From under the high metal cross named the Homeland Cross you\u2019ll have a beautiful view of the city, the hills and valleys and the mountains Psunj and Papuk in the distance. To return to the town centre you can follow the city street that goes along the Friars Way (Sala\u0161ki Put Way \u2013 Ulica Svetog Josipa Street \u2013 Ulica Josipa Jurja Strossmayera Street \u2013 Kalvarija Street) and you will once again find yourself next to the main square, The Holy Trinity Square. If you decide to do the whole hike using only the city streets, it will take you about two hours and combining the streets with the described hiking route thru the forest, it will take you a bit longer. Keeping in mind that at least half of this route takes you thru the forest, with some steeper sections, it is advisable to dress appropriately for outdoor sports or mountaineering.<\/p>\n<p>[\/et_pb_text][\/et_pb_column][et_pb_column type=&#8221;1_2&#8243; _builder_version=&#8221;4.9.0&#8243; _module_preset=&#8221;default&#8221; background_color=&#8221;#424242&#8243; background_image=&#8221;http:\/\/pozega-tz.hr\/en\/wp-content\/uploads\/2021\/02\/Poz\u030cega-1-1068&#215;601-1.png&#8221; global_colors_info=&#8221;{}&#8221;][et_pb_text _builder_version=&#8221;4.9.0&#8243; _module_preset=&#8221;default&#8221; min_height=&#8221;410px&#8221; global_colors_info=&#8221;{}&#8221;][\/et_pb_text][\/et_pb_column][\/et_pb_row][\/et_pb_section][et_pb_section fb_built=&#8221;1&#8243; _builder_version=&#8221;4.9.0&#8243; _module_preset=&#8221;default&#8221; background_color=&#8221;#f9f9f9&#8243; custom_padding=&#8221;0px||0px|||&#8221; global_colors_info=&#8221;{}&#8221;][et_pb_row column_structure=&#8221;1_2,1_2&#8243; use_custom_gutter=&#8221;on&#8221; gutter_width=&#8221;1&#8243; make_equal=&#8221;on&#8221; _builder_version=&#8221;4.9.0&#8243; _module_preset=&#8221;default&#8221; width=&#8221;100%&#8221; max_width=&#8221;2560px&#8221; module_alignment=&#8221;center&#8221; custom_padding=&#8221;0%||0%||true|true&#8221; global_colors_info=&#8221;{}&#8221;][et_pb_column type=&#8221;1_2&#8243; _builder_version=&#8221;4.9.0&#8243; _module_preset=&#8221;default&#8221; background_image=&#8221;http:\/\/pozega-tz.hr\/en\/wp-content\/uploads\/2021\/02\/pexels-mikhail-nilov-6620746-scaled.jpg&#8221; global_colors_info=&#8221;{}&#8221;][et_pb_text _builder_version=&#8221;4.9.0&#8243; _module_preset=&#8221;default&#8221; min_height=&#8221;410px&#8221; global_colors_info=&#8221;{}&#8221;][\/et_pb_text][\/et_pb_column][et_pb_column type=&#8221;1_2&#8243; _builder_version=&#8221;4.9.0&#8243; _module_preset=&#8221;default&#8221; background_color=&#8221;#FFFFFF&#8221; custom_padding=&#8221;5%|5%|5%|5%|true|false&#8221; global_colors_info=&#8221;{}&#8221;][et_pb_text _builder_version=&#8221;4.12.0&#8243; _module_preset=&#8221;default&#8221; hover_enabled=&#8221;0&#8243; global_colors_info=&#8221;{}&#8221; sticky_enabled=&#8221;0&#8243;]<\/p>\n<h2><strong>Recreational sports<\/strong><\/h2>\n<p>\u00a0If you are amongst those who prefer to do sports as well as outdoor activities at the appropriate sports grounds, we recommend you to visit two such places. One is the enclosed sports hall named Dvorana \u201cTomislav Pirc\u201d (also known as the Grabrik Hall) in the city centre and the Sports and Recreational Centre located next to the walkway along the Orljava River. There you\u2019ll find the football, basketball and volleyball playgrounds, a children\u2019s playground, an open-air fitness centre, the shooting range and other sports facilities. Next to the sports centre you\u2019ll also find the enclosed and outdoor tennis court. In Po\u017eega you will also find the outdoor swimming pools with the bowling grounds, the Gymnastics centre \u201cSokol\u201d, the football stadium belonging to the NK Slavonija football club as well as the Sports grounds \u201cVidovci\u201d.<\/p>\n<p><strong>All the sports and recreational facilities in the city are managed by the public company named \u201cSportski objekti Po\u017eega\u201d:<\/strong><\/p>\n<p>Lokacija: sportska dvorana \u201eTomislav Pirc\u201c<br \/>Address: Ulica <span>Antuna Kani\u017eli\u0107a 14a<\/span>, 34000 Po\u017eega<br \/>Web: <span><a href=\"http:\/\/www.sportski-objekti-pozega.hr\">www.sportski-objekti-pozega.hr<br \/><\/a><\/span>E-mail: <span><a href=\"mailto:info@sportski-objekti-pozega.hr\">info@sportski-objekti-pozega.hr<br \/><\/a><\/span>Tel.: 00385 (0)34 <span>272 100<\/span><\/p>\n<p>[\/et_pb_text][\/et_pb_column][\/et_pb_row][\/et_pb_section]<\/p>\n","protected":false},"excerpt":{"rendered":"<p>Thanks to its position in-between rivers Orljava and Veli\u010danka on one side and the Po\u017ee\u0161ka Gora hill on the other side, those who like to walk and hike in nature, will be very pleased with the possibilities!<\/p>\n","protected":false},"author":1,"featured_media":3403,"parent":3216,"menu_order":0,"comment_status":"closed","ping_status":"closed","template":"","meta":{"_acf_changed":false,"_et_pb_use_builder":"on","_et_pb_old_content":"","_et_gb_content_width":"","footnotes":""},"class_list":["post-3401","page","type-page","status-publish","has-post-thumbnail","hentry"],"acf":[],"yoast_head":"<!-- This site is optimized with the Yoast SEO plugin v25.7 - https:\/\/yoast.com\/wordpress\/plugins\/seo\/ -->\n<title>Nature &amp; Recreation - Po\u017eega Tourist board<\/title>\n<meta name=\"description\" content=\"Zahvaljuju\u0107i polo\u017eaju izme\u0111u rijeka Orljave i Veli\u010danke s jedne i obronaka Po\u017ee\u0161ke gore s druge strane, posjetom na\u0161em gradu na svoje \u0107e do\u0107i i oni koji vole laganu \u0161etnju kao i oni koji preferiraju ne\u0161to zahtjevniji teren i planinarenje.\" \/>\n<meta name=\"robots\" content=\"index, follow, max-snippet:-1, max-image-preview:large, max-video-preview:-1\" \/>\n<link rel=\"canonical\" href=\"http:\/\/pozega-tz.hr\/en\/vidi-i-dozivi\/priroda-rekreacija\/\" \/>\n<meta property=\"og:locale\" content=\"en_US\" \/>\n<meta property=\"og:type\" content=\"article\" \/>\n<meta property=\"og:title\" content=\"Nature &amp; Recreation - Po\u017eega Tourist board\" \/>\n<meta property=\"og:description\" content=\"Zahvaljuju\u0107i polo\u017eaju izme\u0111u rijeka Orljave i Veli\u010danke s jedne i obronaka Po\u017ee\u0161ke gore s druge strane, posjetom na\u0161em gradu na svoje \u0107e do\u0107i i oni koji vole laganu \u0161etnju kao i oni koji preferiraju ne\u0161to zahtjevniji teren i planinarenje.\" \/>\n<meta property=\"og:url\" content=\"http:\/\/pozega-tz.hr\/en\/vidi-i-dozivi\/priroda-rekreacija\/\" \/>\n<meta property=\"og:site_name\" content=\"Po\u017eega Tourist board\" \/>\n<meta property=\"article:modified_time\" content=\"2021-11-01T20:47:10+00:00\" \/>\n<meta property=\"og:image\" content=\"http:\/\/pozega-tz.hr\/en\/wp-content\/uploads\/2021\/02\/ljubav-u-brdima-i-dolinama.jpeg\" \/>\n\t<meta property=\"og:image:width\" content=\"2500\" \/>\n\t<meta property=\"og:image:height\" content=\"1667\" \/>\n\t<meta property=\"og:image:type\" content=\"image\/jpeg\" \/>\n<meta name=\"twitter:card\" content=\"summary_large_image\" \/>\n<meta name=\"twitter:label1\" content=\"Est. reading time\" \/>\n\t<meta name=\"twitter:data1\" content=\"9 minutes\" \/>\n<script type=\"application\/ld+json\" class=\"yoast-schema-graph\">{\"@context\":\"https:\/\/schema.org\",\"@graph\":[{\"@type\":\"WebPage\",\"@id\":\"http:\/\/pozega-tz.hr\/en\/vidi-i-dozivi\/priroda-rekreacija\/\",\"url\":\"http:\/\/pozega-tz.hr\/en\/vidi-i-dozivi\/priroda-rekreacija\/\",\"name\":\"Nature & Recreation - Po\u017eega Tourist board\",\"isPartOf\":{\"@id\":\"http:\/\/pozega-tz.hr\/en\/#website\"},\"primaryImageOfPage\":{\"@id\":\"http:\/\/pozega-tz.hr\/en\/vidi-i-dozivi\/priroda-rekreacija\/#primaryimage\"},\"image\":{\"@id\":\"http:\/\/pozega-tz.hr\/en\/vidi-i-dozivi\/priroda-rekreacija\/#primaryimage\"},\"thumbnailUrl\":\"https:\/\/pozega-tz.hr\/en\/wp-content\/uploads\/2021\/02\/ljubav-u-brdima-i-dolinama.jpeg\",\"datePublished\":\"2021-02-28T19:48:55+00:00\",\"dateModified\":\"2021-11-01T20:47:10+00:00\",\"description\":\"Zahvaljuju\u0107i polo\u017eaju izme\u0111u rijeka Orljave i Veli\u010danke s jedne i obronaka Po\u017ee\u0161ke gore s druge strane, posjetom na\u0161em gradu na svoje \u0107e do\u0107i i oni koji vole laganu \u0161etnju kao i oni koji preferiraju ne\u0161to zahtjevniji teren i planinarenje.\",\"breadcrumb\":{\"@id\":\"http:\/\/pozega-tz.hr\/en\/vidi-i-dozivi\/priroda-rekreacija\/#breadcrumb\"},\"inLanguage\":\"en-US\",\"potentialAction\":[{\"@type\":\"ReadAction\",\"target\":[\"http:\/\/pozega-tz.hr\/en\/vidi-i-dozivi\/priroda-rekreacija\/\"]}]},{\"@type\":\"ImageObject\",\"inLanguage\":\"en-US\",\"@id\":\"http:\/\/pozega-tz.hr\/en\/vidi-i-dozivi\/priroda-rekreacija\/#primaryimage\",\"url\":\"https:\/\/pozega-tz.hr\/en\/wp-content\/uploads\/2021\/02\/ljubav-u-brdima-i-dolinama.jpeg\",\"contentUrl\":\"https:\/\/pozega-tz.hr\/en\/wp-content\/uploads\/2021\/02\/ljubav-u-brdima-i-dolinama.jpeg\",\"width\":2500,\"height\":1667},{\"@type\":\"BreadcrumbList\",\"@id\":\"http:\/\/pozega-tz.hr\/en\/vidi-i-dozivi\/priroda-rekreacija\/#breadcrumb\",\"itemListElement\":[{\"@type\":\"ListItem\",\"position\":1,\"name\":\"Vidi &#038; Do\u017eivi\",\"item\":\"https:\/\/pozega-tz.hr\/en\/vidi-i-dozivi\/\"},{\"@type\":\"ListItem\",\"position\":2,\"name\":\"Nature &#038; Recreation\"}]},{\"@type\":\"WebSite\",\"@id\":\"http:\/\/pozega-tz.hr\/en\/#website\",\"url\":\"http:\/\/pozega-tz.hr\/en\/\",\"name\":\"Po\u017eega Tourist board\",\"description\":\"Brda&amp;Doline\",\"potentialAction\":[{\"@type\":\"SearchAction\",\"target\":{\"@type\":\"EntryPoint\",\"urlTemplate\":\"http:\/\/pozega-tz.hr\/en\/?s={search_term_string}\"},\"query-input\":{\"@type\":\"PropertyValueSpecification\",\"valueRequired\":true,\"valueName\":\"search_term_string\"}}],\"inLanguage\":\"en-US\"}]}<\/script>\n<!-- \/ Yoast SEO plugin. -->","yoast_head_json":{"title":"Nature & Recreation - Po\u017eega Tourist board","description":"Zahvaljuju\u0107i polo\u017eaju izme\u0111u rijeka Orljave i Veli\u010danke s jedne i obronaka Po\u017ee\u0161ke gore s druge strane, posjetom na\u0161em gradu na svoje \u0107e do\u0107i i oni koji vole laganu \u0161etnju kao i oni koji preferiraju ne\u0161to zahtjevniji teren i planinarenje.","robots":{"index":"index","follow":"follow","max-snippet":"max-snippet:-1","max-image-preview":"max-image-preview:large","max-video-preview":"max-video-preview:-1"},"canonical":"http:\/\/pozega-tz.hr\/en\/vidi-i-dozivi\/priroda-rekreacija\/","og_locale":"en_US","og_type":"article","og_title":"Nature & Recreation - Po\u017eega Tourist board","og_description":"Zahvaljuju\u0107i polo\u017eaju izme\u0111u rijeka Orljave i Veli\u010danke s jedne i obronaka Po\u017ee\u0161ke gore s druge strane, posjetom na\u0161em gradu na svoje \u0107e do\u0107i i oni koji vole laganu \u0161etnju kao i oni koji preferiraju ne\u0161to zahtjevniji teren i planinarenje.","og_url":"http:\/\/pozega-tz.hr\/en\/vidi-i-dozivi\/priroda-rekreacija\/","og_site_name":"Po\u017eega Tourist board","article_modified_time":"2021-11-01T20:47:10+00:00","og_image":[{"width":2500,"height":1667,"url":"http:\/\/pozega-tz.hr\/en\/wp-content\/uploads\/2021\/02\/ljubav-u-brdima-i-dolinama.jpeg","type":"image\/jpeg"}],"twitter_card":"summary_large_image","twitter_misc":{"Est. reading time":"9 minutes"},"schema":{"@context":"https:\/\/schema.org","@graph":[{"@type":"WebPage","@id":"http:\/\/pozega-tz.hr\/en\/vidi-i-dozivi\/priroda-rekreacija\/","url":"http:\/\/pozega-tz.hr\/en\/vidi-i-dozivi\/priroda-rekreacija\/","name":"Nature & Recreation - Po\u017eega Tourist board","isPartOf":{"@id":"http:\/\/pozega-tz.hr\/en\/#website"},"primaryImageOfPage":{"@id":"http:\/\/pozega-tz.hr\/en\/vidi-i-dozivi\/priroda-rekreacija\/#primaryimage"},"image":{"@id":"http:\/\/pozega-tz.hr\/en\/vidi-i-dozivi\/priroda-rekreacija\/#primaryimage"},"thumbnailUrl":"https:\/\/pozega-tz.hr\/en\/wp-content\/uploads\/2021\/02\/ljubav-u-brdima-i-dolinama.jpeg","datePublished":"2021-02-28T19:48:55+00:00","dateModified":"2021-11-01T20:47:10+00:00","description":"Zahvaljuju\u0107i polo\u017eaju izme\u0111u rijeka Orljave i Veli\u010danke s jedne i obronaka Po\u017ee\u0161ke gore s druge strane, posjetom na\u0161em gradu na svoje \u0107e do\u0107i i oni koji vole laganu \u0161etnju kao i oni koji preferiraju ne\u0161to zahtjevniji teren i planinarenje.","breadcrumb":{"@id":"http:\/\/pozega-tz.hr\/en\/vidi-i-dozivi\/priroda-rekreacija\/#breadcrumb"},"inLanguage":"en-US","potentialAction":[{"@type":"ReadAction","target":["http:\/\/pozega-tz.hr\/en\/vidi-i-dozivi\/priroda-rekreacija\/"]}]},{"@type":"ImageObject","inLanguage":"en-US","@id":"http:\/\/pozega-tz.hr\/en\/vidi-i-dozivi\/priroda-rekreacija\/#primaryimage","url":"https:\/\/pozega-tz.hr\/en\/wp-content\/uploads\/2021\/02\/ljubav-u-brdima-i-dolinama.jpeg","contentUrl":"https:\/\/pozega-tz.hr\/en\/wp-content\/uploads\/2021\/02\/ljubav-u-brdima-i-dolinama.jpeg","width":2500,"height":1667},{"@type":"BreadcrumbList","@id":"http:\/\/pozega-tz.hr\/en\/vidi-i-dozivi\/priroda-rekreacija\/#breadcrumb","itemListElement":[{"@type":"ListItem","position":1,"name":"Vidi &#038; Do\u017eivi","item":"https:\/\/pozega-tz.hr\/en\/vidi-i-dozivi\/"},{"@type":"ListItem","position":2,"name":"Nature &#038; Recreation"}]},{"@type":"WebSite","@id":"http:\/\/pozega-tz.hr\/en\/#website","url":"http:\/\/pozega-tz.hr\/en\/","name":"Po\u017eega Tourist board","description":"Brda&amp;Doline","potentialAction":[{"@type":"SearchAction","target":{"@type":"EntryPoint","urlTemplate":"http:\/\/pozega-tz.hr\/en\/?s={search_term_string}"},"query-input":{"@type":"PropertyValueSpecification","valueRequired":true,"valueName":"search_term_string"}}],"inLanguage":"en-US"}]}},"_links":{"self":[{"href":"https:\/\/pozega-tz.hr\/en\/wp-json\/wp\/v2\/pages\/3401","targetHints":{"allow":["GET"]}}],"collection":[{"href":"https:\/\/pozega-tz.hr\/en\/wp-json\/wp\/v2\/pages"}],"about":[{"href":"https:\/\/pozega-tz.hr\/en\/wp-json\/wp\/v2\/types\/page"}],"author":[{"embeddable":true,"href":"https:\/\/pozega-tz.hr\/en\/wp-json\/wp\/v2\/users\/1"}],"replies":[{"embeddable":true,"href":"https:\/\/pozega-tz.hr\/en\/wp-json\/wp\/v2\/comments?post=3401"}],"version-history":[{"count":6,"href":"https:\/\/pozega-tz.hr\/en\/wp-json\/wp\/v2\/pages\/3401\/revisions"}],"predecessor-version":[{"id":4968,"href":"https:\/\/pozega-tz.hr\/en\/wp-json\/wp\/v2\/pages\/3401\/revisions\/4968"}],"up":[{"embeddable":true,"href":"https:\/\/pozega-tz.hr\/en\/wp-json\/wp\/v2\/pages\/3216"}],"wp:featuredmedia":[{"embeddable":true,"href":"https:\/\/pozega-tz.hr\/en\/wp-json\/wp\/v2\/media\/3403"}],"wp:attachment":[{"href":"https:\/\/pozega-tz.hr\/en\/wp-json\/wp\/v2\/media?parent=3401"}],"curies":[{"name":"wp","href":"https:\/\/api.w.org\/{rel}","templated":true}]}}