{"id":3385,"date":"2021-02-28T20:30:55","date_gmt":"2021-02-28T19:30:55","guid":{"rendered":"http:\/\/pozega-tz.hr\/en\/?page_id=3385"},"modified":"2024-11-13T13:07:15","modified_gmt":"2024-11-13T12:07:15","slug":"setaj-razgledaj","status":"publish","type":"page","link":"https:\/\/pozega-tz.hr\/en\/vidi-i-dozivi\/setaj-razgledaj\/","title":{"rendered":"Walk &#038; See the sights"},"content":{"rendered":"<p>[et_pb_section fb_built=&#8221;1&#8243; _builder_version=&#8221;4.9.0&#8243; _module_preset=&#8221;default&#8221; custom_padding=&#8221;0px||22px|||&#8221; global_module=&#8221;3220&#8243; saved_tabs=&#8221;all&#8221; global_colors_info=&#8221;{}&#8221;][et_pb_row _builder_version=&#8221;4.16&#8243; _module_preset=&#8221;default&#8221; background_color=&#8221;#ededed&#8221; width=&#8221;100%&#8221; max_width=&#8221;2560px&#8221; custom_padding=&#8221;|3%||3%|false|true&#8221; global_colors_info=&#8221;{}&#8221;][et_pb_column type=&#8221;4_4&#8243; _builder_version=&#8221;4.16&#8243; _module_preset=&#8221;default&#8221; global_colors_info=&#8221;{}&#8221;][et_pb_menu menu_id=&#8221;35&#8243; submenu_direction=&#8221;upwards&#8221; _builder_version=&#8221;4.16&#8243; _module_preset=&#8221;default&#8221; background_enable_color=&#8221;off&#8221; global_colors_info=&#8221;{}&#8221;][\/et_pb_menu][\/et_pb_column][\/et_pb_row][et_pb_row _builder_version=&#8221;4.16&#8243; _module_preset=&#8221;default&#8221; custom_margin=&#8221;20px||||false|false&#8221; global_colors_info=&#8221;{}&#8221;][et_pb_column type=&#8221;4_4&#8243; _builder_version=&#8221;4.16&#8243; _module_preset=&#8221;default&#8221; global_colors_info=&#8221;{}&#8221;][et_pb_text _builder_version=&#8221;4.16&#8243; _dynamic_attributes=&#8221;content&#8221; _module_preset=&#8221;default&#8221; text_font=&#8221;Ubuntu||||||||&#8221; text_font_size=&#8221;41px&#8221; header_font=&#8221;Ubuntu|700|||||||&#8221; header_font_size=&#8221;54px&#8221; global_colors_info=&#8221;{}&#8221;]@ET-DC@eyJkeW5hbWljIjp0cnVlLCJjb250ZW50IjoicG9zdF90aXRsZSIsInNldHRpbmdzIjp7ImJlZm9yZSI6IiIsImFmdGVyIjoiIn19@[\/et_pb_text][\/et_pb_column][\/et_pb_row][\/et_pb_section][et_pb_section fb_built=&#8221;1&#8243; _builder_version=&#8221;4.16&#8243; _module_preset=&#8221;default&#8221; background_color=&#8221;#f9f9f9&#8243; custom_padding=&#8221;0px||0px|||&#8221; global_colors_info=&#8221;{}&#8221;][et_pb_row column_structure=&#8221;1_2,1_2&#8243; use_custom_gutter=&#8221;on&#8221; gutter_width=&#8221;1&#8243; make_equal=&#8221;on&#8221; _builder_version=&#8221;4.16&#8243; _module_preset=&#8221;default&#8221; width=&#8221;100%&#8221; max_width=&#8221;2560px&#8221; module_alignment=&#8221;center&#8221; custom_padding=&#8221;0%||0%||true|true&#8221; global_colors_info=&#8221;{}&#8221;][et_pb_column type=&#8221;1_2&#8243; _builder_version=&#8221;4.16&#8243; _module_preset=&#8221;default&#8221; custom_padding=&#8221;5%|5%|5%|5%|true|false&#8221; global_colors_info=&#8221;{}&#8221;][et_pb_text _builder_version=&#8221;4.16&#8243; _module_preset=&#8221;default&#8221; global_colors_info=&#8221;{}&#8221;]<\/p>\n<p>After you\u2019ve clicked on the previous web menu and at least browsed through all the city sights and attractions which you can visit during your stay in Po\u017eega, in this menu we\u2019d like to suggest the best sightseeing route which will enable you to see it all and at the end still have enough time for a nice rest over a cup of coffee and cakes, to buy some souvenirs, do some wine tasting, take a sip of local craft beer or have lunch in one of the cities restaurants.<\/p>\n<p>\u00a0If you are arriving by tourist bus or if you are coming on your own by car, the best place to start your city tour would be the main square. If you are a tourist agent or a guide, you might find it useful to know that there is a tourist bus stop right in the square across from the \u201cPlague column\u201d. Make sure all the passengers are off the bus and then take it to the parking next to the Train station. Until you need it again that is.<\/p>\n<p>\u00a0\u201cThe best route\u201d will take you on a circular city tour which will take about 1,5 hours to complete. After you leave the bus you can first get to know the sights in Holy Trinity Square. There you will see: the City Museum, City Hall, the Green Market, Church of the Holy Spirit with the Franciscan Monastery, Holy Trinity Monument known also as the \u201cPlague column\u201d, the City Theatre and the Bishop\u2019s Palace.<\/p>\n<p>[\/et_pb_text][\/et_pb_column][et_pb_column type=&#8221;1_2&#8243; _builder_version=&#8221;4.16&#8243; _module_preset=&#8221;default&#8221; background_image=&#8221;http:\/\/pozega-tz.hr\/en\/wp-content\/uploads\/2021\/02\/Trg-sv.-Terezije-_Grad-Poz\u030cega2-scaled.jpg&#8221; global_colors_info=&#8221;{}&#8221;][et_pb_text _builder_version=&#8221;4.16&#8243; _module_preset=&#8221;default&#8221; min_height=&#8221;410px&#8221; global_colors_info=&#8221;{}&#8221;][\/et_pb_text][\/et_pb_column][\/et_pb_row][\/et_pb_section][et_pb_section fb_built=&#8221;1&#8243; _builder_version=&#8221;4.16&#8243; _module_preset=&#8221;default&#8221; background_color=&#8221;#f9f9f9&#8243; custom_padding=&#8221;0px||0px|||&#8221; global_colors_info=&#8221;{}&#8221;][et_pb_row column_structure=&#8221;1_2,1_2&#8243; use_custom_gutter=&#8221;on&#8221; gutter_width=&#8221;1&#8243; make_equal=&#8221;on&#8221; _builder_version=&#8221;4.16&#8243; _module_preset=&#8221;default&#8221; width=&#8221;100%&#8221; max_width=&#8221;2560px&#8221; module_alignment=&#8221;center&#8221; custom_padding=&#8221;0%||0%||true|true&#8221; global_colors_info=&#8221;{}&#8221;][et_pb_column type=&#8221;1_2&#8243; _builder_version=&#8221;4.16&#8243; _module_preset=&#8221;default&#8221; background_image=&#8221;http:\/\/pozega-tz.hr\/en\/wp-content\/uploads\/2021\/02\/1449590587trg_sv_trojstva.jpg&#8221; global_colors_info=&#8221;{}&#8221;][et_pb_text _builder_version=&#8221;4.16&#8243; _module_preset=&#8221;default&#8221; min_height=&#8221;410px&#8221; global_colors_info=&#8221;{}&#8221;][\/et_pb_text][\/et_pb_column][et_pb_column type=&#8221;1_2&#8243; _builder_version=&#8221;4.16&#8243; _module_preset=&#8221;default&#8221; background_color=&#8221;#FFFFFF&#8221; custom_padding=&#8221;5%|5%|5%|5%|true|false&#8221; global_colors_info=&#8221;{}&#8221;][et_pb_text _builder_version=&#8221;4.16&#8243; _module_preset=&#8221;default&#8221; global_colors_info=&#8221;{}&#8221;]<\/p>\n<p>After you\u2019ve seen the main square, you can take the southern route down the Cehovska ulica street towards the County Court Palace at the corner of the Ulica Dragutin Lerman street (he was a world-famous explorer of Africa in the 19th century) and then continue further down the main street to the \u201cKamenita vrata\u201d (The Stone Gates) and the memorable monument to the soldiers and victims of Croatia\u2019s independence war of 1991, better known as the Homeland War.<\/p>\n<p>\u00a0From there take a right turn and continue down the Ulica Franje Thauzyja street towards the Trg Svete Terezije Square where you will probably want to stay a bit longer. Here you will find the statue of Friar Luka Ibri\u0161imovi\u0107 Sokol, the 17th-century liberator from the Ottomans, the Diocese Museum of the Po\u017eega Bishopric and the beautiful baroque cathedral of St. Theresa of Avila.\u00a0 Behind the nearby Catholic elementary school and Gymnasium you will see a small hill with a nice park-forest promenade called \u201cStari grad\u201d, the site of the former medieval fortified castle.<\/p>\n<p>\u00a0From the cathedral square continue down the Ulica pape Ivana Pavla II Street, next to the Gymnasium towards the Ulica Antuna Kani\u017eli\u0107a Street. There next to the elementary school turn right towards the Convent of Sisters of Charity of St. Vincent. Right next to the convent, in the direction of the main square you will see the last of the sights on the \u201cbest sightseeing route\u201d \u2013 the Romanesque-Gothic-Baroque church of St. Lawrence and from there by only steps away from where you started this walk.<\/p>\n<p>\u00a0We are pretty certain that this suggested route will not tire you down but intrigue you to see all the sights along the way and as you finish the walk give you an idea where to stop afterwards for coffee, cakes or a proper lunch before the tourist bus returns to pick you up. Look around closely and see where you can find some interesting souvenirs too.<\/p>\n<p>[\/et_pb_text][\/et_pb_column][\/et_pb_row][\/et_pb_section][et_pb_section fb_built=&#8221;1&#8243; _builder_version=&#8221;4.16&#8243; _module_preset=&#8221;default&#8221; background_color=&#8221;#f9f9f9&#8243; custom_padding=&#8221;0px||0px|||&#8221; global_colors_info=&#8221;{}&#8221;][et_pb_row column_structure=&#8221;1_2,1_2&#8243; use_custom_gutter=&#8221;on&#8221; gutter_width=&#8221;1&#8243; make_equal=&#8221;on&#8221; _builder_version=&#8221;4.16&#8243; _module_preset=&#8221;default&#8221; width=&#8221;100%&#8221; max_width=&#8221;2560px&#8221; module_alignment=&#8221;center&#8221; custom_padding=&#8221;0%||0%||true|true&#8221; global_colors_info=&#8221;{}&#8221;][et_pb_column type=&#8221;1_2&#8243; _builder_version=&#8221;4.16&#8243; _module_preset=&#8221;default&#8221; custom_padding=&#8221;5%|5%|5%|5%|true|false&#8221; global_colors_info=&#8221;{}&#8221;][et_pb_text _builder_version=&#8221;4.16&#8243; _module_preset=&#8221;default&#8221; global_colors_info=&#8221;{}&#8221;]<\/p>\n<p>One of the souvenirs you simply must take with you from Po\u017eega is a bar of chocolate or a bottle of fruit liqueur made by Zve\u010devo, or a selection of locally produced kulen and cured meats, as well as a bottle of university-crafted wine. Both shops are located close to the point where you started the city tour, in Cehovska and Ulica Sv. Florjana Streets.<\/p>\n<p>\u00a0At the end of the walk, right across from the Bishop\u2019s Palace you will find the tourist info-centre and the Po\u017eega Tourist Office. There you can find city maps and tourist brochures and get more information about the city and the countryside. The tourist office staff will be more than happy to assist you with some tips on what else to visit and experience in Po\u017eega and the surrounding \u201cHills and Walleyes\u201d.<\/p>\n<p>[\/et_pb_text][\/et_pb_column][et_pb_column type=&#8221;1_2&#8243; _builder_version=&#8221;4.16&#8243; _module_preset=&#8221;default&#8221; background_image=&#8221;http:\/\/pozega-tz.hr\/en\/wp-content\/uploads\/2021\/02\/pexels-photo-5911280.jpeg&#8221; global_colors_info=&#8221;{}&#8221;][et_pb_text _builder_version=&#8221;4.16&#8243; _module_preset=&#8221;default&#8221; min_height=&#8221;410px&#8221; global_colors_info=&#8221;{}&#8221;][\/et_pb_text][\/et_pb_column][\/et_pb_row][\/et_pb_section]<\/p>\n","protected":false},"excerpt":{"rendered":"<p>After you\u2019ve clicked on the previous web menu and at least browsed through all the city sights and attractions which you can visit during your stay in Po\u017eega, in this menu we\u2019d like to suggest the best sightseeing route which will enable you to see it all and at the end still have enough time for a nice rest over a cup of coffee and cakes, to buy some souvenirs, do some wine tasting, take a sip of local craft beer or have lunch in one of the cities restaurants.<\/p>\n","protected":false},"author":1,"featured_media":3134,"parent":3216,"menu_order":0,"comment_status":"closed","ping_status":"closed","template":"","meta":{"_acf_changed":false,"_et_pb_use_builder":"on","_et_pb_old_content":"","_et_gb_content_width":"","footnotes":""},"class_list":["post-3385","page","type-page","status-publish","has-post-thumbnail","hentry"],"acf":[],"yoast_head":"<!-- This site is optimized with the Yoast SEO plugin v25.7 - https:\/\/yoast.com\/wordpress\/plugins\/seo\/ -->\n<title>Walk &amp; See the sights - Po\u017eega Tourist board<\/title>\n<meta name=\"description\" content=\"Ukoliko u na\u0161 grad sti\u017eete turisti\u010dkim autobusom, ali i ako ste k nama do\u0161li u vlastitom aran\u017emanu, razgled grada najbolje je zapo\u010deti na glavnom gradskom trgu.\" \/>\n<meta name=\"robots\" content=\"index, follow, max-snippet:-1, max-image-preview:large, max-video-preview:-1\" \/>\n<link rel=\"canonical\" href=\"https:\/\/pozega-tz.hr\/en\/vidi-i-dozivi\/setaj-razgledaj\/\" \/>\n<meta property=\"og:locale\" content=\"en_US\" \/>\n<meta property=\"og:type\" content=\"article\" \/>\n<meta property=\"og:title\" content=\"Walk &amp; See the sights - Po\u017eega Tourist board\" \/>\n<meta property=\"og:description\" content=\"Ukoliko u na\u0161 grad sti\u017eete turisti\u010dkim autobusom, ali i ako ste k nama do\u0161li u vlastitom aran\u017emanu, razgled grada najbolje je zapo\u010deti na glavnom gradskom trgu.\" \/>\n<meta property=\"og:url\" content=\"https:\/\/pozega-tz.hr\/en\/vidi-i-dozivi\/setaj-razgledaj\/\" \/>\n<meta property=\"og:site_name\" content=\"Po\u017eega Tourist board\" \/>\n<meta property=\"article:modified_time\" content=\"2024-11-13T12:07:15+00:00\" \/>\n<meta property=\"og:image\" content=\"https:\/\/pozega-tz.hr\/en\/wp-content\/uploads\/2020\/12\/shutterstock_1758190988.jpg\" \/>\n\t<meta property=\"og:image:width\" content=\"2200\" \/>\n\t<meta property=\"og:image:height\" content=\"1463\" \/>\n\t<meta property=\"og:image:type\" content=\"image\/jpeg\" \/>\n<meta name=\"twitter:card\" content=\"summary_large_image\" \/>\n<meta name=\"twitter:label1\" content=\"Est. reading time\" \/>\n\t<meta name=\"twitter:data1\" content=\"7 minutes\" \/>\n<script type=\"application\/ld+json\" class=\"yoast-schema-graph\">{\"@context\":\"https:\/\/schema.org\",\"@graph\":[{\"@type\":\"WebPage\",\"@id\":\"https:\/\/pozega-tz.hr\/en\/vidi-i-dozivi\/setaj-razgledaj\/\",\"url\":\"https:\/\/pozega-tz.hr\/en\/vidi-i-dozivi\/setaj-razgledaj\/\",\"name\":\"Walk & See the sights - Po\u017eega Tourist board\",\"isPartOf\":{\"@id\":\"http:\/\/pozega-tz.hr\/en\/#website\"},\"primaryImageOfPage\":{\"@id\":\"https:\/\/pozega-tz.hr\/en\/vidi-i-dozivi\/setaj-razgledaj\/#primaryimage\"},\"image\":{\"@id\":\"https:\/\/pozega-tz.hr\/en\/vidi-i-dozivi\/setaj-razgledaj\/#primaryimage\"},\"thumbnailUrl\":\"https:\/\/pozega-tz.hr\/en\/wp-content\/uploads\/2020\/12\/shutterstock_1758190988.jpg\",\"datePublished\":\"2021-02-28T19:30:55+00:00\",\"dateModified\":\"2024-11-13T12:07:15+00:00\",\"description\":\"Ukoliko u na\u0161 grad sti\u017eete turisti\u010dkim autobusom, ali i ako ste k nama do\u0161li u vlastitom aran\u017emanu, razgled grada najbolje je zapo\u010deti na glavnom gradskom trgu.\",\"breadcrumb\":{\"@id\":\"https:\/\/pozega-tz.hr\/en\/vidi-i-dozivi\/setaj-razgledaj\/#breadcrumb\"},\"inLanguage\":\"en-US\",\"potentialAction\":[{\"@type\":\"ReadAction\",\"target\":[\"https:\/\/pozega-tz.hr\/en\/vidi-i-dozivi\/setaj-razgledaj\/\"]}]},{\"@type\":\"ImageObject\",\"inLanguage\":\"en-US\",\"@id\":\"https:\/\/pozega-tz.hr\/en\/vidi-i-dozivi\/setaj-razgledaj\/#primaryimage\",\"url\":\"https:\/\/pozega-tz.hr\/en\/wp-content\/uploads\/2020\/12\/shutterstock_1758190988.jpg\",\"contentUrl\":\"https:\/\/pozega-tz.hr\/en\/wp-content\/uploads\/2020\/12\/shutterstock_1758190988.jpg\",\"width\":2200,\"height\":1463},{\"@type\":\"BreadcrumbList\",\"@id\":\"https:\/\/pozega-tz.hr\/en\/vidi-i-dozivi\/setaj-razgledaj\/#breadcrumb\",\"itemListElement\":[{\"@type\":\"ListItem\",\"position\":1,\"name\":\"Vidi &#038; Do\u017eivi\",\"item\":\"https:\/\/pozega-tz.hr\/en\/vidi-i-dozivi\/\"},{\"@type\":\"ListItem\",\"position\":2,\"name\":\"Walk &#038; See the sights\"}]},{\"@type\":\"WebSite\",\"@id\":\"http:\/\/pozega-tz.hr\/en\/#website\",\"url\":\"http:\/\/pozega-tz.hr\/en\/\",\"name\":\"Po\u017eega Tourist board\",\"description\":\"Brda&amp;Doline\",\"potentialAction\":[{\"@type\":\"SearchAction\",\"target\":{\"@type\":\"EntryPoint\",\"urlTemplate\":\"http:\/\/pozega-tz.hr\/en\/?s={search_term_string}\"},\"query-input\":{\"@type\":\"PropertyValueSpecification\",\"valueRequired\":true,\"valueName\":\"search_term_string\"}}],\"inLanguage\":\"en-US\"}]}<\/script>\n<!-- \/ Yoast SEO plugin. -->","yoast_head_json":{"title":"Walk & See the sights - Po\u017eega Tourist board","description":"Ukoliko u na\u0161 grad sti\u017eete turisti\u010dkim autobusom, ali i ako ste k nama do\u0161li u vlastitom aran\u017emanu, razgled grada najbolje je zapo\u010deti na glavnom gradskom trgu.","robots":{"index":"index","follow":"follow","max-snippet":"max-snippet:-1","max-image-preview":"max-image-preview:large","max-video-preview":"max-video-preview:-1"},"canonical":"https:\/\/pozega-tz.hr\/en\/vidi-i-dozivi\/setaj-razgledaj\/","og_locale":"en_US","og_type":"article","og_title":"Walk & See the sights - Po\u017eega Tourist board","og_description":"Ukoliko u na\u0161 grad sti\u017eete turisti\u010dkim autobusom, ali i ako ste k nama do\u0161li u vlastitom aran\u017emanu, razgled grada najbolje je zapo\u010deti na glavnom gradskom trgu.","og_url":"https:\/\/pozega-tz.hr\/en\/vidi-i-dozivi\/setaj-razgledaj\/","og_site_name":"Po\u017eega Tourist board","article_modified_time":"2024-11-13T12:07:15+00:00","og_image":[{"width":2200,"height":1463,"url":"https:\/\/pozega-tz.hr\/en\/wp-content\/uploads\/2020\/12\/shutterstock_1758190988.jpg","type":"image\/jpeg"}],"twitter_card":"summary_large_image","twitter_misc":{"Est. reading time":"7 minutes"},"schema":{"@context":"https:\/\/schema.org","@graph":[{"@type":"WebPage","@id":"https:\/\/pozega-tz.hr\/en\/vidi-i-dozivi\/setaj-razgledaj\/","url":"https:\/\/pozega-tz.hr\/en\/vidi-i-dozivi\/setaj-razgledaj\/","name":"Walk & See the sights - Po\u017eega Tourist board","isPartOf":{"@id":"http:\/\/pozega-tz.hr\/en\/#website"},"primaryImageOfPage":{"@id":"https:\/\/pozega-tz.hr\/en\/vidi-i-dozivi\/setaj-razgledaj\/#primaryimage"},"image":{"@id":"https:\/\/pozega-tz.hr\/en\/vidi-i-dozivi\/setaj-razgledaj\/#primaryimage"},"thumbnailUrl":"https:\/\/pozega-tz.hr\/en\/wp-content\/uploads\/2020\/12\/shutterstock_1758190988.jpg","datePublished":"2021-02-28T19:30:55+00:00","dateModified":"2024-11-13T12:07:15+00:00","description":"Ukoliko u na\u0161 grad sti\u017eete turisti\u010dkim autobusom, ali i ako ste k nama do\u0161li u vlastitom aran\u017emanu, razgled grada najbolje je zapo\u010deti na glavnom gradskom trgu.","breadcrumb":{"@id":"https:\/\/pozega-tz.hr\/en\/vidi-i-dozivi\/setaj-razgledaj\/#breadcrumb"},"inLanguage":"en-US","potentialAction":[{"@type":"ReadAction","target":["https:\/\/pozega-tz.hr\/en\/vidi-i-dozivi\/setaj-razgledaj\/"]}]},{"@type":"ImageObject","inLanguage":"en-US","@id":"https:\/\/pozega-tz.hr\/en\/vidi-i-dozivi\/setaj-razgledaj\/#primaryimage","url":"https:\/\/pozega-tz.hr\/en\/wp-content\/uploads\/2020\/12\/shutterstock_1758190988.jpg","contentUrl":"https:\/\/pozega-tz.hr\/en\/wp-content\/uploads\/2020\/12\/shutterstock_1758190988.jpg","width":2200,"height":1463},{"@type":"BreadcrumbList","@id":"https:\/\/pozega-tz.hr\/en\/vidi-i-dozivi\/setaj-razgledaj\/#breadcrumb","itemListElement":[{"@type":"ListItem","position":1,"name":"Vidi &#038; Do\u017eivi","item":"https:\/\/pozega-tz.hr\/en\/vidi-i-dozivi\/"},{"@type":"ListItem","position":2,"name":"Walk &#038; See the sights"}]},{"@type":"WebSite","@id":"http:\/\/pozega-tz.hr\/en\/#website","url":"http:\/\/pozega-tz.hr\/en\/","name":"Po\u017eega Tourist board","description":"Brda&amp;Doline","potentialAction":[{"@type":"SearchAction","target":{"@type":"EntryPoint","urlTemplate":"http:\/\/pozega-tz.hr\/en\/?s={search_term_string}"},"query-input":{"@type":"PropertyValueSpecification","valueRequired":true,"valueName":"search_term_string"}}],"inLanguage":"en-US"}]}},"_links":{"self":[{"href":"https:\/\/pozega-tz.hr\/en\/wp-json\/wp\/v2\/pages\/3385","targetHints":{"allow":["GET"]}}],"collection":[{"href":"https:\/\/pozega-tz.hr\/en\/wp-json\/wp\/v2\/pages"}],"about":[{"href":"https:\/\/pozega-tz.hr\/en\/wp-json\/wp\/v2\/types\/page"}],"author":[{"embeddable":true,"href":"https:\/\/pozega-tz.hr\/en\/wp-json\/wp\/v2\/users\/1"}],"replies":[{"embeddable":true,"href":"https:\/\/pozega-tz.hr\/en\/wp-json\/wp\/v2\/comments?post=3385"}],"version-history":[{"count":7,"href":"https:\/\/pozega-tz.hr\/en\/wp-json\/wp\/v2\/pages\/3385\/revisions"}],"predecessor-version":[{"id":5197,"href":"https:\/\/pozega-tz.hr\/en\/wp-json\/wp\/v2\/pages\/3385\/revisions\/5197"}],"up":[{"embeddable":true,"href":"https:\/\/pozega-tz.hr\/en\/wp-json\/wp\/v2\/pages\/3216"}],"wp:featuredmedia":[{"embeddable":true,"href":"https:\/\/pozega-tz.hr\/en\/wp-json\/wp\/v2\/media\/3134"}],"wp:attachment":[{"href":"https:\/\/pozega-tz.hr\/en\/wp-json\/wp\/v2\/media?parent=3385"}],"curies":[{"name":"wp","href":"https:\/\/api.w.org\/{rel}","templated":true}]}}