{"id":3353,"date":"2021-02-22T14:37:53","date_gmt":"2021-02-22T13:37:53","guid":{"rendered":"http:\/\/pozega-tz.hr\/en\/?page_id=3353"},"modified":"2022-10-21T17:33:18","modified_gmt":"2022-10-21T15:33:18","slug":"tz-pozega-clanovi","status":"publish","type":"page","link":"https:\/\/pozega-tz.hr\/en\/tz-pozega-clanovi\/","title":{"rendered":"Tourist board of Po\u017eega and Membership"},"content":{"rendered":"<p>[et_pb_section fb_built=&#8221;1&#8243; _builder_version=&#8221;4.9.0&#8243; _module_preset=&#8221;default&#8221; custom_padding=&#8221;30px||22px|||&#8221; global_module=&#8221;3303&#8243; saved_tabs=&#8221;all&#8221; global_colors_info=&#8221;{}&#8221;][et_pb_row _builder_version=&#8221;4.16&#8243; _module_preset=&#8221;default&#8221; global_colors_info=&#8221;{}&#8221;][et_pb_column type=&#8221;4_4&#8243; _builder_version=&#8221;4.16&#8243; _module_preset=&#8221;default&#8221; global_colors_info=&#8221;{}&#8221;][et_pb_text _builder_version=&#8221;4.16&#8243; _dynamic_attributes=&#8221;content&#8221; _module_preset=&#8221;default&#8221; text_font=&#8221;Ubuntu||||||||&#8221; text_font_size=&#8221;41px&#8221; header_font=&#8221;Ubuntu|700|||||||&#8221; header_font_size=&#8221;54px&#8221; global_colors_info=&#8221;{}&#8221;]@ET-DC@eyJkeW5hbWljIjp0cnVlLCJjb250ZW50IjoicG9zdF90aXRsZSIsInNldHRpbmdzIjp7ImJlZm9yZSI6IiIsImFmdGVyIjoiIn19@[\/et_pb_text][\/et_pb_column][\/et_pb_row][\/et_pb_section][et_pb_section fb_built=&#8221;1&#8243; _builder_version=&#8221;4.16&#8243; _module_preset=&#8221;default&#8221; background_image=&#8221;http:\/\/pozega-tz.hr\/en\/wp-content\/uploads\/2021\/02\/bg1.png&#8221; parallax=&#8221;on&#8221; parallax_method=&#8221;off&#8221; custom_padding=&#8221;0px|||||&#8221; global_colors_info=&#8221;{}&#8221;][et_pb_row column_structure=&#8221;3_5,2_5&#8243; _builder_version=&#8221;4.16&#8243; _module_preset=&#8221;default&#8221; global_colors_info=&#8221;{}&#8221;][et_pb_column type=&#8221;3_5&#8243; _builder_version=&#8221;4.16&#8243; _module_preset=&#8221;default&#8221; global_colors_info=&#8221;{}&#8221;][et_pb_text _builder_version=&#8221;4.16&#8243; _module_preset=&#8221;default&#8221; global_colors_info=&#8221;{}&#8221;]<\/p>\n<p>The tourist board of Po\u017eega, our staff, will be more than happy to assist you so that your visit to Po\u017eega and its countryside, our \u201chills and valleys\u201d, stays in the most pleasant memory.<\/p>\n<p>If you are our member, feel free to contact us. For instance, if you plan to open a new hospitality facility, or if you already own one but wish to know more about how to register a guest or you need assistance in regards to the tourist tax or tourism board membership fee.<\/p>\n<p>We will gladly help you or at least give you additional information by letting you know where to address the more specific questions. For instance, how you can invest in additions to your restaurant&#8217;s equipment so that you can be even better at attracting new visitors and guests.<\/p>\n<p>You can also contact us if you have specific questions about the e-Visitor system for registering tourists on overnight stays.<\/p>\n<p>[\/et_pb_text][\/et_pb_column][et_pb_column type=&#8221;2_5&#8243; _builder_version=&#8221;4.16&#8243; _module_preset=&#8221;default&#8221; global_colors_info=&#8221;{}&#8221;][et_pb_text _builder_version=&#8221;4.16&#8243; _module_preset=&#8221;default&#8221; global_colors_info=&#8221;{}&#8221;]<\/p>\n<h3><strong>Tourist board of the City of Po\u017eega and the Tourist information center Po\u017eega<\/strong><\/h3>\n<p>Open: Monday to Friday from 8am to 3pm; Saturday from 8am to 1pm<\/p>\n<p>Trg Svetog Trojstva 11, 34000 Po\u017eega, Hrvatska<br \/>Tel: +385 (34) 274 900<br \/>OIB &#8211; 07189836658<br \/>IBAN HR7723600001102473727 ( ZABA)<br \/>E-mail:<a href=\"mailto:tz-pozega@po.t-com.hr\">tz-pozega@po.t-com.hr<\/a><\/p>\n<p>[\/et_pb_text][\/et_pb_column][\/et_pb_row][et_pb_row _builder_version=&#8221;4.16&#8243; _module_preset=&#8221;default&#8221; global_colors_info=&#8221;{}&#8221;][et_pb_column type=&#8221;4_4&#8243; _builder_version=&#8221;4.16&#8243; _module_preset=&#8221;default&#8221; global_colors_info=&#8221;{}&#8221;][et_pb_text _builder_version=&#8221;4.16&#8243; _module_preset=&#8221;default&#8221; global_colors_info=&#8221;{}&#8221;]<\/p>\n<h3>Tourist board team<\/h3>\n<p>[\/et_pb_text][\/et_pb_column][\/et_pb_row][et_pb_row column_structure=&#8221;1_4,1_4,1_4,1_4&#8243; _builder_version=&#8221;4.16&#8243; _module_preset=&#8221;default&#8221; global_colors_info=&#8221;{}&#8221;][et_pb_column type=&#8221;1_4&#8243; _builder_version=&#8221;4.16&#8243; _module_preset=&#8221;default&#8221; global_colors_info=&#8221;{}&#8221;][et_pb_blurb title=&#8221;Mirna \u0160imunovi\u0107 Svoboda&#8221; image=&#8221;http:\/\/pozega-tz.hr\/wp-content\/uploads\/2022\/06\/Direktorica.png&#8221; _builder_version=&#8221;4.17.4&#8243; _module_preset=&#8221;default&#8221; body_font_size=&#8221;12px&#8221; body_line_height=&#8221;1.5em&#8221; locked=&#8221;off&#8221; global_colors_info=&#8221;{}&#8221;]<\/p>\n<p>direktorica TZ Grada Po\u017eege<\/p>\n<p>[\/et_pb_blurb][\/et_pb_column][et_pb_column type=&#8221;1_4&#8243; _builder_version=&#8221;4.16&#8243; _module_preset=&#8221;default&#8221; global_colors_info=&#8221;{}&#8221;][et_pb_blurb title=&#8221;Zvonko \u0160imi\u0107&#8221; image=&#8221;http:\/\/pozega-tz.hr\/en\/wp-content\/uploads\/2022\/10\/Zvonko.png&#8221; _builder_version=&#8221;4.18.0&#8243; _module_preset=&#8221;default&#8221; body_font_size=&#8221;12px&#8221; body_line_height=&#8221;1.5em&#8221; global_colors_info=&#8221;{}&#8221;]<\/p>\n<p>Accounting<\/p>\n<p>[\/et_pb_blurb][\/et_pb_column][et_pb_column type=&#8221;1_4&#8243; _builder_version=&#8221;4.16&#8243; _module_preset=&#8221;default&#8221; global_colors_info=&#8221;{}&#8221;][et_pb_blurb title=&#8221;Leonarda Sakoman&#8221; image=&#8221;http:\/\/pozega-tz.hr\/en\/wp-content\/uploads\/2022\/10\/Leonarda.png&#8221; _builder_version=&#8221;4.18.0&#8243; _module_preset=&#8221;default&#8221; body_font_size=&#8221;12px&#8221; body_line_height=&#8221;1.5em&#8221; hover_enabled=&#8221;0&#8243; global_colors_info=&#8221;{}&#8221; title_text=&#8221;Leonarda&#8221; sticky_enabled=&#8221;0&#8243;]<\/p>\n<p>Professional associate<\/p>\n<p>[\/et_pb_blurb][\/et_pb_column][et_pb_column type=&#8221;1_4&#8243; _builder_version=&#8221;4.16&#8243; _module_preset=&#8221;default&#8221; global_colors_info=&#8221;{}&#8221;][\/et_pb_column][\/et_pb_row][\/et_pb_section]<\/p>\n","protected":false},"excerpt":{"rendered":"<p>The tourist board of Po\u017eega, our staff, will be more than happy to assist you so that your visit to Po\u017eega and its countryside, our \u201chills and valleys\u201d, stays in the most pleasant memory.<\/p>\n","protected":false},"author":1,"featured_media":3255,"parent":0,"menu_order":0,"comment_status":"closed","ping_status":"closed","template":"","meta":{"_acf_changed":false,"_et_pb_use_builder":"on","_et_pb_old_content":"","_et_gb_content_width":"","footnotes":""},"class_list":["post-3353","page","type-page","status-publish","has-post-thumbnail","hentry"],"acf":[],"yoast_head":"<!-- This site is optimized with the Yoast SEO plugin v25.7 - https:\/\/yoast.com\/wordpress\/plugins\/seo\/ -->\n<title>Tourist board of Po\u017eega and Membership - Po\u017eega Tourist board<\/title>\n<meta name=\"description\" content=\"Turisti\u010dka zajednica grada Po\u017eege, na\u0161i djelatnici rado \u0107e vam pomo\u0107i da vam va\u0161 posjet Po\u017eegi i okolici, na\u0161im &quot;brdima i dolinama&quot;, ostane u najljep\u0161em sje\u0107anju.\" \/>\n<meta name=\"robots\" content=\"index, follow, max-snippet:-1, max-image-preview:large, max-video-preview:-1\" \/>\n<link rel=\"canonical\" href=\"https:\/\/pozega-tz.hr\/en\/tz-pozega-clanovi\/\" \/>\n<meta property=\"og:locale\" content=\"en_US\" \/>\n<meta property=\"og:type\" content=\"article\" \/>\n<meta property=\"og:title\" content=\"Tourist board of Po\u017eega and Membership - Po\u017eega Tourist board\" \/>\n<meta property=\"og:description\" content=\"Turisti\u010dka zajednica grada Po\u017eege, na\u0161i djelatnici rado \u0107e vam pomo\u0107i da vam va\u0161 posjet Po\u017eegi i okolici, na\u0161im &quot;brdima i dolinama&quot;, ostane u najljep\u0161em sje\u0107anju.\" \/>\n<meta property=\"og:url\" content=\"https:\/\/pozega-tz.hr\/en\/tz-pozega-clanovi\/\" \/>\n<meta property=\"og:site_name\" content=\"Po\u017eega Tourist board\" \/>\n<meta property=\"article:modified_time\" content=\"2022-10-21T15:33:18+00:00\" \/>\n<meta property=\"og:image\" content=\"https:\/\/pozega-tz.hr\/en\/wp-content\/uploads\/2021\/02\/1448839892pozega.jpg\" \/>\n\t<meta property=\"og:image:width\" content=\"1900\" \/>\n\t<meta property=\"og:image:height\" content=\"1117\" \/>\n\t<meta property=\"og:image:type\" content=\"image\/jpeg\" \/>\n<meta name=\"twitter:card\" content=\"summary_large_image\" \/>\n<meta name=\"twitter:label1\" content=\"Est. reading time\" \/>\n\t<meta name=\"twitter:data1\" content=\"3 minutes\" \/>\n<script type=\"application\/ld+json\" class=\"yoast-schema-graph\">{\"@context\":\"https:\/\/schema.org\",\"@graph\":[{\"@type\":\"WebPage\",\"@id\":\"https:\/\/pozega-tz.hr\/en\/tz-pozega-clanovi\/\",\"url\":\"https:\/\/pozega-tz.hr\/en\/tz-pozega-clanovi\/\",\"name\":\"Tourist board of Po\u017eega and Membership - Po\u017eega Tourist board\",\"isPartOf\":{\"@id\":\"https:\/\/pozega-tz.hr\/en\/#website\"},\"primaryImageOfPage\":{\"@id\":\"https:\/\/pozega-tz.hr\/en\/tz-pozega-clanovi\/#primaryimage\"},\"image\":{\"@id\":\"https:\/\/pozega-tz.hr\/en\/tz-pozega-clanovi\/#primaryimage\"},\"thumbnailUrl\":\"https:\/\/pozega-tz.hr\/en\/wp-content\/uploads\/2021\/02\/1448839892pozega.jpg\",\"datePublished\":\"2021-02-22T13:37:53+00:00\",\"dateModified\":\"2022-10-21T15:33:18+00:00\",\"description\":\"Turisti\u010dka zajednica grada Po\u017eege, na\u0161i djelatnici rado \u0107e vam pomo\u0107i da vam va\u0161 posjet Po\u017eegi i okolici, na\u0161im \\\"brdima i dolinama\\\", ostane u najljep\u0161em sje\u0107anju.\",\"inLanguage\":\"en-US\",\"potentialAction\":[{\"@type\":\"ReadAction\",\"target\":[\"https:\/\/pozega-tz.hr\/en\/tz-pozega-clanovi\/\"]}]},{\"@type\":\"ImageObject\",\"inLanguage\":\"en-US\",\"@id\":\"https:\/\/pozega-tz.hr\/en\/tz-pozega-clanovi\/#primaryimage\",\"url\":\"https:\/\/pozega-tz.hr\/en\/wp-content\/uploads\/2021\/02\/1448839892pozega.jpg\",\"contentUrl\":\"https:\/\/pozega-tz.hr\/en\/wp-content\/uploads\/2021\/02\/1448839892pozega.jpg\",\"width\":1900,\"height\":1117},{\"@type\":\"WebSite\",\"@id\":\"https:\/\/pozega-tz.hr\/en\/#website\",\"url\":\"https:\/\/pozega-tz.hr\/en\/\",\"name\":\"Po\u017eega Tourist board\",\"description\":\"Brda&amp;Doline\",\"potentialAction\":[{\"@type\":\"SearchAction\",\"target\":{\"@type\":\"EntryPoint\",\"urlTemplate\":\"https:\/\/pozega-tz.hr\/en\/?s={search_term_string}\"},\"query-input\":{\"@type\":\"PropertyValueSpecification\",\"valueRequired\":true,\"valueName\":\"search_term_string\"}}],\"inLanguage\":\"en-US\"}]}<\/script>\n<!-- \/ Yoast SEO plugin. -->","yoast_head_json":{"title":"Tourist board of Po\u017eega and Membership - Po\u017eega Tourist board","description":"Turisti\u010dka zajednica grada Po\u017eege, na\u0161i djelatnici rado \u0107e vam pomo\u0107i da vam va\u0161 posjet Po\u017eegi i okolici, na\u0161im \"brdima i dolinama\", ostane u najljep\u0161em sje\u0107anju.","robots":{"index":"index","follow":"follow","max-snippet":"max-snippet:-1","max-image-preview":"max-image-preview:large","max-video-preview":"max-video-preview:-1"},"canonical":"https:\/\/pozega-tz.hr\/en\/tz-pozega-clanovi\/","og_locale":"en_US","og_type":"article","og_title":"Tourist board of Po\u017eega and Membership - Po\u017eega Tourist board","og_description":"Turisti\u010dka zajednica grada Po\u017eege, na\u0161i djelatnici rado \u0107e vam pomo\u0107i da vam va\u0161 posjet Po\u017eegi i okolici, na\u0161im \"brdima i dolinama\", ostane u najljep\u0161em sje\u0107anju.","og_url":"https:\/\/pozega-tz.hr\/en\/tz-pozega-clanovi\/","og_site_name":"Po\u017eega Tourist board","article_modified_time":"2022-10-21T15:33:18+00:00","og_image":[{"width":1900,"height":1117,"url":"https:\/\/pozega-tz.hr\/en\/wp-content\/uploads\/2021\/02\/1448839892pozega.jpg","type":"image\/jpeg"}],"twitter_card":"summary_large_image","twitter_misc":{"Est. reading time":"3 minutes"},"schema":{"@context":"https:\/\/schema.org","@graph":[{"@type":"WebPage","@id":"https:\/\/pozega-tz.hr\/en\/tz-pozega-clanovi\/","url":"https:\/\/pozega-tz.hr\/en\/tz-pozega-clanovi\/","name":"Tourist board of Po\u017eega and Membership - Po\u017eega Tourist board","isPartOf":{"@id":"https:\/\/pozega-tz.hr\/en\/#website"},"primaryImageOfPage":{"@id":"https:\/\/pozega-tz.hr\/en\/tz-pozega-clanovi\/#primaryimage"},"image":{"@id":"https:\/\/pozega-tz.hr\/en\/tz-pozega-clanovi\/#primaryimage"},"thumbnailUrl":"https:\/\/pozega-tz.hr\/en\/wp-content\/uploads\/2021\/02\/1448839892pozega.jpg","datePublished":"2021-02-22T13:37:53+00:00","dateModified":"2022-10-21T15:33:18+00:00","description":"Turisti\u010dka zajednica grada Po\u017eege, na\u0161i djelatnici rado \u0107e vam pomo\u0107i da vam va\u0161 posjet Po\u017eegi i okolici, na\u0161im \"brdima i dolinama\", ostane u najljep\u0161em sje\u0107anju.","inLanguage":"en-US","potentialAction":[{"@type":"ReadAction","target":["https:\/\/pozega-tz.hr\/en\/tz-pozega-clanovi\/"]}]},{"@type":"ImageObject","inLanguage":"en-US","@id":"https:\/\/pozega-tz.hr\/en\/tz-pozega-clanovi\/#primaryimage","url":"https:\/\/pozega-tz.hr\/en\/wp-content\/uploads\/2021\/02\/1448839892pozega.jpg","contentUrl":"https:\/\/pozega-tz.hr\/en\/wp-content\/uploads\/2021\/02\/1448839892pozega.jpg","width":1900,"height":1117},{"@type":"WebSite","@id":"https:\/\/pozega-tz.hr\/en\/#website","url":"https:\/\/pozega-tz.hr\/en\/","name":"Po\u017eega Tourist board","description":"Brda&amp;Doline","potentialAction":[{"@type":"SearchAction","target":{"@type":"EntryPoint","urlTemplate":"https:\/\/pozega-tz.hr\/en\/?s={search_term_string}"},"query-input":{"@type":"PropertyValueSpecification","valueRequired":true,"valueName":"search_term_string"}}],"inLanguage":"en-US"}]}},"_links":{"self":[{"href":"https:\/\/pozega-tz.hr\/en\/wp-json\/wp\/v2\/pages\/3353","targetHints":{"allow":["GET"]}}],"collection":[{"href":"https:\/\/pozega-tz.hr\/en\/wp-json\/wp\/v2\/pages"}],"about":[{"href":"https:\/\/pozega-tz.hr\/en\/wp-json\/wp\/v2\/types\/page"}],"author":[{"embeddable":true,"href":"https:\/\/pozega-tz.hr\/en\/wp-json\/wp\/v2\/users\/1"}],"replies":[{"embeddable":true,"href":"https:\/\/pozega-tz.hr\/en\/wp-json\/wp\/v2\/comments?post=3353"}],"version-history":[{"count":16,"href":"https:\/\/pozega-tz.hr\/en\/wp-json\/wp\/v2\/pages\/3353\/revisions"}],"predecessor-version":[{"id":5129,"href":"https:\/\/pozega-tz.hr\/en\/wp-json\/wp\/v2\/pages\/3353\/revisions\/5129"}],"wp:featuredmedia":[{"embeddable":true,"href":"https:\/\/pozega-tz.hr\/en\/wp-json\/wp\/v2\/media\/3255"}],"wp:attachment":[{"href":"https:\/\/pozega-tz.hr\/en\/wp-json\/wp\/v2\/media?parent=3353"}],"curies":[{"name":"wp","href":"https:\/\/api.w.org\/{rel}","templated":true}]}}