{"id":3318,"date":"2021-02-22T14:23:08","date_gmt":"2021-02-22T13:23:08","guid":{"rendered":"http:\/\/pozega-tz.hr\/en\/?page_id=3318"},"modified":"2022-06-21T10:14:47","modified_gmt":"2022-06-21T08:14:47","slug":"dokumenti-informacije","status":"publish","type":"page","link":"https:\/\/pozega-tz.hr\/en\/dokumenti-informacije\/","title":{"rendered":"Documents &#038; Information"},"content":{"rendered":"<p>[et_pb_section fb_built=&#8221;1&#8243; _builder_version=&#8221;4.9.0&#8243; _module_preset=&#8221;default&#8221; custom_padding=&#8221;30px||22px|||&#8221; global_module=&#8221;3303&#8243; saved_tabs=&#8221;all&#8221; global_colors_info=&#8221;{}&#8221;][et_pb_row _builder_version=&#8221;4.9.0&#8243; _module_preset=&#8221;default&#8221; global_colors_info=&#8221;{}&#8221;][et_pb_column type=&#8221;4_4&#8243; _builder_version=&#8221;4.9.0&#8243; _module_preset=&#8221;default&#8221; global_colors_info=&#8221;{}&#8221;][et_pb_text _builder_version=&#8221;4.9.0&#8243; _dynamic_attributes=&#8221;content&#8221; _module_preset=&#8221;default&#8221; text_font=&#8221;Ubuntu||||||||&#8221; text_font_size=&#8221;41px&#8221; header_font=&#8221;Ubuntu|700|||||||&#8221; header_font_size=&#8221;54px&#8221; global_colors_info=&#8221;{}&#8221;]@ET-DC@eyJkeW5hbWljIjp0cnVlLCJjb250ZW50IjoicG9zdF90aXRsZSIsInNldHRpbmdzIjp7ImJlZm9yZSI6IiIsImFmdGVyIjoiIn19@[\/et_pb_text][\/et_pb_column][\/et_pb_row][\/et_pb_section][et_pb_section fb_built=&#8221;1&#8243; _builder_version=&#8221;4.9.0&#8243; _module_preset=&#8221;default&#8221; custom_padding=&#8221;0px|||||&#8221; global_colors_info=&#8221;{}&#8221;][et_pb_row column_structure=&#8221;3_5,2_5&#8243; _builder_version=&#8221;4.9.0&#8243; _module_preset=&#8221;default&#8221; global_colors_info=&#8221;{}&#8221;][et_pb_column type=&#8221;3_5&#8243; _builder_version=&#8221;4.9.0&#8243; _module_preset=&#8221;default&#8221; global_colors_info=&#8221;{}&#8221;][et_pb_text _builder_version=&#8221;4.9.0&#8243; _module_preset=&#8221;default&#8221; global_colors_info=&#8221;{}&#8221;]<\/p>\n<p>The right to obtain information from the Tourist board of the City of Po\u017eega is regulated by the Law on obtaining the right to information (Zakon o pravu na pristup informacijama).\u00a0<\/p>\n<p>The law also prescribes the principles of the right of access, exceptions to the right of access, and the procedure for exercising and protecting the right of access to information. The law aims to enable and provide information to private individuals, businesses, and institutions through openness and publicity of the activities of public authorities, following the law.\u00a0<\/p>\n<p>The right to information is exercised by submitting a request to the Tourist Board of the City of Po\u017eega.\u00a0<\/p>\n<p><strong>INFORMATION OFFICER:<\/strong> Mirna Svoboda, director <span>of<\/span> the Tourist office of the Tourist Board of the City of Po\u017eega\u00a0<\/p>\n<ul>\n<li>Address: Po\u017eega Tourist Board, Trg Sv. Trojstva 11, 34000 Po\u017eega\u00a0<\/li>\n<li>Fax number: 00385 (0)34 274 901\u00a0<\/li>\n<li>E-mail:\u00a0<span><a href=\"mailto:tz-pozega@po.t-com.hr\">tz-pozega@po.t-com.hr<\/a><\/span><\/li>\n<\/ul>\n<p>You can bring the request in person to the Tourist Office of the Tourist Board of the City of Po\u017eega.<\/p>\n<p>There is no need to pay an additional fee with the form when submitting the application.<\/p>\n<ul><\/ul>\n<p>[\/et_pb_text][\/et_pb_column][et_pb_column type=&#8221;2_5&#8243; _builder_version=&#8221;4.9.0&#8243; _module_preset=&#8221;default&#8221; global_colors_info=&#8221;{}&#8221;][\/et_pb_column][\/et_pb_row][\/et_pb_section]<\/p>\n","protected":false},"excerpt":{"rendered":"<p>The right to obtain information from the Tourist board of the City of Po\u017eega is regulated by the Law on obtaining the right to information (Zakon o pravu na pristup informacijama). <\/p>\n","protected":false},"author":1,"featured_media":3134,"parent":0,"menu_order":0,"comment_status":"closed","ping_status":"closed","template":"","meta":{"_acf_changed":false,"_et_pb_use_builder":"on","_et_pb_old_content":"","_et_gb_content_width":"","footnotes":""},"class_list":["post-3318","page","type-page","status-publish","has-post-thumbnail","hentry"],"acf":[],"yoast_head":"<!-- This site is optimized with the Yoast SEO plugin v25.7 - https:\/\/yoast.com\/wordpress\/plugins\/seo\/ -->\n<title>Documents &amp; Information - Po\u017eega Tourist board<\/title>\n<meta name=\"description\" content=\"Pravo na informaciju ostvaruje se podno\u0161enjem zahtjeva Turisti\u010dkoj zajednici Grada Po\u017eege.\" \/>\n<meta name=\"robots\" content=\"index, follow, max-snippet:-1, max-image-preview:large, max-video-preview:-1\" \/>\n<link rel=\"canonical\" href=\"https:\/\/pozega-tz.hr\/en\/dokumenti-informacije\/\" \/>\n<meta property=\"og:locale\" content=\"en_US\" \/>\n<meta property=\"og:type\" content=\"article\" \/>\n<meta property=\"og:title\" content=\"Documents &amp; Information - Po\u017eega Tourist board\" \/>\n<meta property=\"og:description\" content=\"Pravo na informaciju ostvaruje se podno\u0161enjem zahtjeva Turisti\u010dkoj zajednici Grada Po\u017eege.\" \/>\n<meta property=\"og:url\" content=\"https:\/\/pozega-tz.hr\/en\/dokumenti-informacije\/\" \/>\n<meta property=\"og:site_name\" content=\"Po\u017eega Tourist board\" \/>\n<meta property=\"article:modified_time\" content=\"2022-06-21T08:14:47+00:00\" \/>\n<meta property=\"og:image\" content=\"https:\/\/pozega-tz.hr\/en\/wp-content\/uploads\/2020\/12\/shutterstock_1758190988.jpg\" \/>\n\t<meta property=\"og:image:width\" content=\"2200\" \/>\n\t<meta property=\"og:image:height\" content=\"1463\" \/>\n\t<meta property=\"og:image:type\" content=\"image\/jpeg\" \/>\n<meta name=\"twitter:card\" content=\"summary_large_image\" \/>\n<meta name=\"twitter:label1\" content=\"Est. reading time\" \/>\n\t<meta name=\"twitter:data1\" content=\"2 minutes\" \/>\n<script type=\"application\/ld+json\" class=\"yoast-schema-graph\">{\"@context\":\"https:\/\/schema.org\",\"@graph\":[{\"@type\":\"WebPage\",\"@id\":\"https:\/\/pozega-tz.hr\/en\/dokumenti-informacije\/\",\"url\":\"https:\/\/pozega-tz.hr\/en\/dokumenti-informacije\/\",\"name\":\"Documents & Information - Po\u017eega Tourist board\",\"isPartOf\":{\"@id\":\"https:\/\/pozega-tz.hr\/en\/#website\"},\"primaryImageOfPage\":{\"@id\":\"https:\/\/pozega-tz.hr\/en\/dokumenti-informacije\/#primaryimage\"},\"image\":{\"@id\":\"https:\/\/pozega-tz.hr\/en\/dokumenti-informacije\/#primaryimage\"},\"thumbnailUrl\":\"https:\/\/pozega-tz.hr\/en\/wp-content\/uploads\/2020\/12\/shutterstock_1758190988.jpg\",\"datePublished\":\"2021-02-22T13:23:08+00:00\",\"dateModified\":\"2022-06-21T08:14:47+00:00\",\"description\":\"Pravo na informaciju ostvaruje se podno\u0161enjem zahtjeva Turisti\u010dkoj zajednici Grada Po\u017eege.\",\"inLanguage\":\"en-US\",\"potentialAction\":[{\"@type\":\"ReadAction\",\"target\":[\"https:\/\/pozega-tz.hr\/en\/dokumenti-informacije\/\"]}]},{\"@type\":\"ImageObject\",\"inLanguage\":\"en-US\",\"@id\":\"https:\/\/pozega-tz.hr\/en\/dokumenti-informacije\/#primaryimage\",\"url\":\"https:\/\/pozega-tz.hr\/en\/wp-content\/uploads\/2020\/12\/shutterstock_1758190988.jpg\",\"contentUrl\":\"https:\/\/pozega-tz.hr\/en\/wp-content\/uploads\/2020\/12\/shutterstock_1758190988.jpg\",\"width\":2200,\"height\":1463},{\"@type\":\"WebSite\",\"@id\":\"https:\/\/pozega-tz.hr\/en\/#website\",\"url\":\"https:\/\/pozega-tz.hr\/en\/\",\"name\":\"Po\u017eega Tourist board\",\"description\":\"Brda&amp;Doline\",\"potentialAction\":[{\"@type\":\"SearchAction\",\"target\":{\"@type\":\"EntryPoint\",\"urlTemplate\":\"https:\/\/pozega-tz.hr\/en\/?s={search_term_string}\"},\"query-input\":{\"@type\":\"PropertyValueSpecification\",\"valueRequired\":true,\"valueName\":\"search_term_string\"}}],\"inLanguage\":\"en-US\"}]}<\/script>\n<!-- \/ Yoast SEO plugin. -->","yoast_head_json":{"title":"Documents & Information - Po\u017eega Tourist board","description":"Pravo na informaciju ostvaruje se podno\u0161enjem zahtjeva Turisti\u010dkoj zajednici Grada Po\u017eege.","robots":{"index":"index","follow":"follow","max-snippet":"max-snippet:-1","max-image-preview":"max-image-preview:large","max-video-preview":"max-video-preview:-1"},"canonical":"https:\/\/pozega-tz.hr\/en\/dokumenti-informacije\/","og_locale":"en_US","og_type":"article","og_title":"Documents & Information - Po\u017eega Tourist board","og_description":"Pravo na informaciju ostvaruje se podno\u0161enjem zahtjeva Turisti\u010dkoj zajednici Grada Po\u017eege.","og_url":"https:\/\/pozega-tz.hr\/en\/dokumenti-informacije\/","og_site_name":"Po\u017eega Tourist board","article_modified_time":"2022-06-21T08:14:47+00:00","og_image":[{"width":2200,"height":1463,"url":"https:\/\/pozega-tz.hr\/en\/wp-content\/uploads\/2020\/12\/shutterstock_1758190988.jpg","type":"image\/jpeg"}],"twitter_card":"summary_large_image","twitter_misc":{"Est. reading time":"2 minutes"},"schema":{"@context":"https:\/\/schema.org","@graph":[{"@type":"WebPage","@id":"https:\/\/pozega-tz.hr\/en\/dokumenti-informacije\/","url":"https:\/\/pozega-tz.hr\/en\/dokumenti-informacije\/","name":"Documents & Information - Po\u017eega Tourist board","isPartOf":{"@id":"https:\/\/pozega-tz.hr\/en\/#website"},"primaryImageOfPage":{"@id":"https:\/\/pozega-tz.hr\/en\/dokumenti-informacije\/#primaryimage"},"image":{"@id":"https:\/\/pozega-tz.hr\/en\/dokumenti-informacije\/#primaryimage"},"thumbnailUrl":"https:\/\/pozega-tz.hr\/en\/wp-content\/uploads\/2020\/12\/shutterstock_1758190988.jpg","datePublished":"2021-02-22T13:23:08+00:00","dateModified":"2022-06-21T08:14:47+00:00","description":"Pravo na informaciju ostvaruje se podno\u0161enjem zahtjeva Turisti\u010dkoj zajednici Grada Po\u017eege.","inLanguage":"en-US","potentialAction":[{"@type":"ReadAction","target":["https:\/\/pozega-tz.hr\/en\/dokumenti-informacije\/"]}]},{"@type":"ImageObject","inLanguage":"en-US","@id":"https:\/\/pozega-tz.hr\/en\/dokumenti-informacije\/#primaryimage","url":"https:\/\/pozega-tz.hr\/en\/wp-content\/uploads\/2020\/12\/shutterstock_1758190988.jpg","contentUrl":"https:\/\/pozega-tz.hr\/en\/wp-content\/uploads\/2020\/12\/shutterstock_1758190988.jpg","width":2200,"height":1463},{"@type":"WebSite","@id":"https:\/\/pozega-tz.hr\/en\/#website","url":"https:\/\/pozega-tz.hr\/en\/","name":"Po\u017eega Tourist board","description":"Brda&amp;Doline","potentialAction":[{"@type":"SearchAction","target":{"@type":"EntryPoint","urlTemplate":"https:\/\/pozega-tz.hr\/en\/?s={search_term_string}"},"query-input":{"@type":"PropertyValueSpecification","valueRequired":true,"valueName":"search_term_string"}}],"inLanguage":"en-US"}]}},"_links":{"self":[{"href":"https:\/\/pozega-tz.hr\/en\/wp-json\/wp\/v2\/pages\/3318","targetHints":{"allow":["GET"]}}],"collection":[{"href":"https:\/\/pozega-tz.hr\/en\/wp-json\/wp\/v2\/pages"}],"about":[{"href":"https:\/\/pozega-tz.hr\/en\/wp-json\/wp\/v2\/types\/page"}],"author":[{"embeddable":true,"href":"https:\/\/pozega-tz.hr\/en\/wp-json\/wp\/v2\/users\/1"}],"replies":[{"embeddable":true,"href":"https:\/\/pozega-tz.hr\/en\/wp-json\/wp\/v2\/comments?post=3318"}],"version-history":[{"count":10,"href":"https:\/\/pozega-tz.hr\/en\/wp-json\/wp\/v2\/pages\/3318\/revisions"}],"predecessor-version":[{"id":5113,"href":"https:\/\/pozega-tz.hr\/en\/wp-json\/wp\/v2\/pages\/3318\/revisions\/5113"}],"wp:featuredmedia":[{"embeddable":true,"href":"https:\/\/pozega-tz.hr\/en\/wp-json\/wp\/v2\/media\/3134"}],"wp:attachment":[{"href":"https:\/\/pozega-tz.hr\/en\/wp-json\/wp\/v2\/media?parent=3318"}],"curies":[{"name":"wp","href":"https:\/\/api.w.org\/{rel}","templated":true}]}}