{"id":3310,"date":"2021-02-22T14:19:48","date_gmt":"2021-02-22T13:19:48","guid":{"rendered":"http:\/\/pozega-tz.hr\/en\/?page_id=3310"},"modified":"2024-08-21T10:05:21","modified_gmt":"2024-08-21T08:05:21","slug":"medija-press","status":"publish","type":"page","link":"https:\/\/pozega-tz.hr\/en\/medija-press\/","title":{"rendered":"Media &#038; Press"},"content":{"rendered":"<p>[et_pb_section fb_built=&#8221;1&#8243; _builder_version=&#8221;4.9.0&#8243; _module_preset=&#8221;default&#8221; custom_padding=&#8221;30px||22px|||&#8221; global_module=&#8221;3303&#8243; saved_tabs=&#8221;all&#8221; global_colors_info=&#8221;{}&#8221;][et_pb_row _builder_version=&#8221;4.16&#8243; _module_preset=&#8221;default&#8221; global_colors_info=&#8221;{}&#8221;][et_pb_column type=&#8221;4_4&#8243; _builder_version=&#8221;4.16&#8243; _module_preset=&#8221;default&#8221; global_colors_info=&#8221;{}&#8221;][et_pb_text _builder_version=&#8221;4.16&#8243; _dynamic_attributes=&#8221;content&#8221; _module_preset=&#8221;default&#8221; text_font=&#8221;Ubuntu||||||||&#8221; text_font_size=&#8221;41px&#8221; header_font=&#8221;Ubuntu|700|||||||&#8221; header_font_size=&#8221;54px&#8221; global_colors_info=&#8221;{}&#8221;]@ET-DC@eyJkeW5hbWljIjp0cnVlLCJjb250ZW50IjoicG9zdF90aXRsZSIsInNldHRpbmdzIjp7ImJlZm9yZSI6IiIsImFmdGVyIjoiIn19@[\/et_pb_text][\/et_pb_column][\/et_pb_row][\/et_pb_section][et_pb_section fb_built=&#8221;1&#8243; _builder_version=&#8221;4.16&#8243; _module_preset=&#8221;default&#8221; custom_padding=&#8221;0px|||||&#8221; global_colors_info=&#8221;{}&#8221;][et_pb_row _builder_version=&#8221;4.16&#8243; _module_preset=&#8221;default&#8221; global_colors_info=&#8221;{}&#8221;][et_pb_column type=&#8221;4_4&#8243; _builder_version=&#8221;4.16&#8243; _module_preset=&#8221;default&#8221; global_colors_info=&#8221;{}&#8221;][et_pb_text _builder_version=&#8221;4.16&#8243; _module_preset=&#8221;default&#8221; global_colors_info=&#8221;{}&#8221;]<\/p>\n<p>Here you can find photographs, video material, texts and other media content about the city of Po\u017eega. You can use them for private purposes as well as for use in newspapers and online articles.<\/p>\n<p><strong>Tourism texts about Po\u017eega\u00a0<\/strong><\/p>\n<p>Texts provided in the above links are protected by copyright. The Tourist board of the city of Po\u017eega cannot authorize their usage by any third person.<\/p>\n<p>Photographs downloaded from the Tourist board\u2019s website: if you plan to use the photographs publicly and for marketing purposes, please let us know by sending us an e-mail. Also, be sure to state the source of the photograph: \u201cVisit Po\u017eega \u2013 Tourist board of the city of Po\u017eega\u201d and also provide an active internet link to our website:\u00a0<span><a href=\"http:\/\/www.pozega-tz.hr\">www.pozega-tz.hr<\/a><\/span>.\u00a0<\/p>\n<p>[\/et_pb_text][\/et_pb_column][\/et_pb_row][et_pb_row column_structure=&#8221;1_3,1_3,1_3&#8243; _builder_version=&#8221;4.24.3&#8243; _module_preset=&#8221;default&#8221; global_colors_info=&#8221;{}&#8221;][et_pb_column type=&#8221;1_3&#8243; _builder_version=&#8221;4.16&#8243; _module_preset=&#8221;default&#8221; global_colors_info=&#8221;{}&#8221;][et_pb_button button_url=&#8221;https:\/\/pozega-tz.hr\/wp-content\/uploads\/2023\/04\/KS_TZ_POZEGA.pdf&#8221; button_text=&#8221;Download Tourist Board logo (.pdf)&#8221; _builder_version=&#8221;4.20.4&#8243; _module_preset=&#8221;default&#8221; global_colors_info=&#8221;{}&#8221;][\/et_pb_button][\/et_pb_column][et_pb_column type=&#8221;1_3&#8243; _builder_version=&#8221;4.16&#8243; _module_preset=&#8221;default&#8221; global_colors_info=&#8221;{}&#8221;][et_pb_button button_url=&#8221;http:\/\/pozega-tz.hr\/en\/wp-content\/uploads\/2021\/03\/TZP-Otkrij-svoju-pricu-u-Pozegi.pdf&#8221; url_new_window=&#8221;on&#8221; button_text=&#8221;Download the city brochure (.pdf)&#8221; _builder_version=&#8221;4.16&#8243; _module_preset=&#8221;default&#8221; global_colors_info=&#8221;{}&#8221;][\/et_pb_button][\/et_pb_column][et_pb_column type=&#8221;1_3&#8243; _builder_version=&#8221;4.16&#8243; _module_preset=&#8221;default&#8221; global_colors_info=&#8221;{}&#8221;][et_pb_button button_url=&#8221;http:\/\/pozega-tz.hr\/en\/wp-content\/uploads\/2024\/08\/TZPozega-CityTouristMap.pdf&#8221; url_new_window=&#8221;on&#8221; button_text=&#8221;Download the city map (.pdf)&#8221; _builder_version=&#8221;4.24.3&#8243; _module_preset=&#8221;default&#8221; global_colors_info=&#8221;{}&#8221;][\/et_pb_button][et_pb_image src=&#8221;http:\/\/pozega-tz.hr\/en\/wp-content\/uploads\/2024\/08\/TZPozega-CityTouristMap-scaled.jpg&#8221; title_text=&#8221;TZPozega-CityTouristMap&#8221; _builder_version=&#8221;4.24.3&#8243; _module_preset=&#8221;default&#8221; box_shadow_style=&#8221;preset1&#8243; global_colors_info=&#8221;{}&#8221;][\/et_pb_image][\/et_pb_column][\/et_pb_row][\/et_pb_section]<\/p>\n","protected":false},"excerpt":{"rendered":"<p>Here you can find photographs, video material, texts and other media content about the city of Po\u017eega. You can use them for private purposes as well as for use in newspapers and online articles.<\/p>\n","protected":false},"author":1,"featured_media":3255,"parent":0,"menu_order":0,"comment_status":"closed","ping_status":"closed","template":"","meta":{"_acf_changed":false,"_et_pb_use_builder":"on","_et_pb_old_content":"","_et_gb_content_width":"","footnotes":""},"class_list":["post-3310","page","type-page","status-publish","has-post-thumbnail","hentry"],"acf":[],"yoast_head":"<!-- This site is optimized with the Yoast SEO plugin v25.7 - https:\/\/yoast.com\/wordpress\/plugins\/seo\/ -->\n<title>Media &amp; Press - Po\u017eega Tourist board<\/title>\n<meta name=\"description\" content=\"Ovdje prona\u0111ite fotografije, video materijale, tekstove i druge medijske sadr\u017eaje o Po\u017eegi koje mo\u017eete iskoristiti za privatne potrebe ili za potrebe objave u novinama ili na internetu\" \/>\n<meta name=\"robots\" content=\"index, follow, max-snippet:-1, max-image-preview:large, max-video-preview:-1\" \/>\n<link rel=\"canonical\" href=\"https:\/\/pozega-tz.hr\/en\/medija-press\/\" \/>\n<meta property=\"og:locale\" content=\"en_US\" \/>\n<meta property=\"og:type\" content=\"article\" \/>\n<meta property=\"og:title\" content=\"Media &amp; Press - Po\u017eega Tourist board\" \/>\n<meta property=\"og:description\" content=\"Ovdje prona\u0111ite fotografije, video materijale, tekstove i druge medijske sadr\u017eaje o Po\u017eegi koje mo\u017eete iskoristiti za privatne potrebe ili za potrebe objave u novinama ili na internetu\" \/>\n<meta property=\"og:url\" content=\"https:\/\/pozega-tz.hr\/en\/medija-press\/\" \/>\n<meta property=\"og:site_name\" content=\"Po\u017eega Tourist board\" \/>\n<meta property=\"article:modified_time\" content=\"2024-08-21T08:05:21+00:00\" \/>\n<meta property=\"og:image\" content=\"https:\/\/pozega-tz.hr\/en\/wp-content\/uploads\/2021\/02\/1448839892pozega.jpg\" \/>\n\t<meta property=\"og:image:width\" content=\"1900\" \/>\n\t<meta property=\"og:image:height\" content=\"1117\" \/>\n\t<meta property=\"og:image:type\" content=\"image\/jpeg\" \/>\n<meta name=\"twitter:card\" content=\"summary_large_image\" \/>\n<meta name=\"twitter:label1\" content=\"Est. reading time\" \/>\n\t<meta name=\"twitter:data1\" content=\"2 minutes\" \/>\n<script type=\"application\/ld+json\" class=\"yoast-schema-graph\">{\"@context\":\"https:\/\/schema.org\",\"@graph\":[{\"@type\":\"WebPage\",\"@id\":\"https:\/\/pozega-tz.hr\/en\/medija-press\/\",\"url\":\"https:\/\/pozega-tz.hr\/en\/medija-press\/\",\"name\":\"Media & Press - Po\u017eega Tourist board\",\"isPartOf\":{\"@id\":\"http:\/\/pozega-tz.hr\/en\/#website\"},\"primaryImageOfPage\":{\"@id\":\"https:\/\/pozega-tz.hr\/en\/medija-press\/#primaryimage\"},\"image\":{\"@id\":\"https:\/\/pozega-tz.hr\/en\/medija-press\/#primaryimage\"},\"thumbnailUrl\":\"https:\/\/pozega-tz.hr\/en\/wp-content\/uploads\/2021\/02\/1448839892pozega.jpg\",\"datePublished\":\"2021-02-22T13:19:48+00:00\",\"dateModified\":\"2024-08-21T08:05:21+00:00\",\"description\":\"Ovdje prona\u0111ite fotografije, video materijale, tekstove i druge medijske sadr\u017eaje o Po\u017eegi koje mo\u017eete iskoristiti za privatne potrebe ili za potrebe objave u novinama ili na internetu\",\"inLanguage\":\"en-US\",\"potentialAction\":[{\"@type\":\"ReadAction\",\"target\":[\"https:\/\/pozega-tz.hr\/en\/medija-press\/\"]}]},{\"@type\":\"ImageObject\",\"inLanguage\":\"en-US\",\"@id\":\"https:\/\/pozega-tz.hr\/en\/medija-press\/#primaryimage\",\"url\":\"https:\/\/pozega-tz.hr\/en\/wp-content\/uploads\/2021\/02\/1448839892pozega.jpg\",\"contentUrl\":\"https:\/\/pozega-tz.hr\/en\/wp-content\/uploads\/2021\/02\/1448839892pozega.jpg\",\"width\":1900,\"height\":1117},{\"@type\":\"WebSite\",\"@id\":\"http:\/\/pozega-tz.hr\/en\/#website\",\"url\":\"http:\/\/pozega-tz.hr\/en\/\",\"name\":\"Po\u017eega Tourist board\",\"description\":\"Brda&amp;Doline\",\"potentialAction\":[{\"@type\":\"SearchAction\",\"target\":{\"@type\":\"EntryPoint\",\"urlTemplate\":\"http:\/\/pozega-tz.hr\/en\/?s={search_term_string}\"},\"query-input\":{\"@type\":\"PropertyValueSpecification\",\"valueRequired\":true,\"valueName\":\"search_term_string\"}}],\"inLanguage\":\"en-US\"}]}<\/script>\n<!-- \/ Yoast SEO plugin. -->","yoast_head_json":{"title":"Media & Press - Po\u017eega Tourist board","description":"Ovdje prona\u0111ite fotografije, video materijale, tekstove i druge medijske sadr\u017eaje o Po\u017eegi koje mo\u017eete iskoristiti za privatne potrebe ili za potrebe objave u novinama ili na internetu","robots":{"index":"index","follow":"follow","max-snippet":"max-snippet:-1","max-image-preview":"max-image-preview:large","max-video-preview":"max-video-preview:-1"},"canonical":"https:\/\/pozega-tz.hr\/en\/medija-press\/","og_locale":"en_US","og_type":"article","og_title":"Media & Press - Po\u017eega Tourist board","og_description":"Ovdje prona\u0111ite fotografije, video materijale, tekstove i druge medijske sadr\u017eaje o Po\u017eegi koje mo\u017eete iskoristiti za privatne potrebe ili za potrebe objave u novinama ili na internetu","og_url":"https:\/\/pozega-tz.hr\/en\/medija-press\/","og_site_name":"Po\u017eega Tourist board","article_modified_time":"2024-08-21T08:05:21+00:00","og_image":[{"width":1900,"height":1117,"url":"https:\/\/pozega-tz.hr\/en\/wp-content\/uploads\/2021\/02\/1448839892pozega.jpg","type":"image\/jpeg"}],"twitter_card":"summary_large_image","twitter_misc":{"Est. reading time":"2 minutes"},"schema":{"@context":"https:\/\/schema.org","@graph":[{"@type":"WebPage","@id":"https:\/\/pozega-tz.hr\/en\/medija-press\/","url":"https:\/\/pozega-tz.hr\/en\/medija-press\/","name":"Media & Press - Po\u017eega Tourist board","isPartOf":{"@id":"http:\/\/pozega-tz.hr\/en\/#website"},"primaryImageOfPage":{"@id":"https:\/\/pozega-tz.hr\/en\/medija-press\/#primaryimage"},"image":{"@id":"https:\/\/pozega-tz.hr\/en\/medija-press\/#primaryimage"},"thumbnailUrl":"https:\/\/pozega-tz.hr\/en\/wp-content\/uploads\/2021\/02\/1448839892pozega.jpg","datePublished":"2021-02-22T13:19:48+00:00","dateModified":"2024-08-21T08:05:21+00:00","description":"Ovdje prona\u0111ite fotografije, video materijale, tekstove i druge medijske sadr\u017eaje o Po\u017eegi koje mo\u017eete iskoristiti za privatne potrebe ili za potrebe objave u novinama ili na internetu","inLanguage":"en-US","potentialAction":[{"@type":"ReadAction","target":["https:\/\/pozega-tz.hr\/en\/medija-press\/"]}]},{"@type":"ImageObject","inLanguage":"en-US","@id":"https:\/\/pozega-tz.hr\/en\/medija-press\/#primaryimage","url":"https:\/\/pozega-tz.hr\/en\/wp-content\/uploads\/2021\/02\/1448839892pozega.jpg","contentUrl":"https:\/\/pozega-tz.hr\/en\/wp-content\/uploads\/2021\/02\/1448839892pozega.jpg","width":1900,"height":1117},{"@type":"WebSite","@id":"http:\/\/pozega-tz.hr\/en\/#website","url":"http:\/\/pozega-tz.hr\/en\/","name":"Po\u017eega Tourist board","description":"Brda&amp;Doline","potentialAction":[{"@type":"SearchAction","target":{"@type":"EntryPoint","urlTemplate":"http:\/\/pozega-tz.hr\/en\/?s={search_term_string}"},"query-input":{"@type":"PropertyValueSpecification","valueRequired":true,"valueName":"search_term_string"}}],"inLanguage":"en-US"}]}},"_links":{"self":[{"href":"https:\/\/pozega-tz.hr\/en\/wp-json\/wp\/v2\/pages\/3310","targetHints":{"allow":["GET"]}}],"collection":[{"href":"https:\/\/pozega-tz.hr\/en\/wp-json\/wp\/v2\/pages"}],"about":[{"href":"https:\/\/pozega-tz.hr\/en\/wp-json\/wp\/v2\/types\/page"}],"author":[{"embeddable":true,"href":"https:\/\/pozega-tz.hr\/en\/wp-json\/wp\/v2\/users\/1"}],"replies":[{"embeddable":true,"href":"https:\/\/pozega-tz.hr\/en\/wp-json\/wp\/v2\/comments?post=3310"}],"version-history":[{"count":9,"href":"https:\/\/pozega-tz.hr\/en\/wp-json\/wp\/v2\/pages\/3310\/revisions"}],"predecessor-version":[{"id":5167,"href":"https:\/\/pozega-tz.hr\/en\/wp-json\/wp\/v2\/pages\/3310\/revisions\/5167"}],"wp:featuredmedia":[{"embeddable":true,"href":"https:\/\/pozega-tz.hr\/en\/wp-json\/wp\/v2\/media\/3255"}],"wp:attachment":[{"href":"https:\/\/pozega-tz.hr\/en\/wp-json\/wp\/v2\/media?parent=3310"}],"curies":[{"name":"wp","href":"https:\/\/api.w.org\/{rel}","templated":true}]}}