{"id":3251,"date":"2021-02-22T13:14:19","date_gmt":"2021-02-22T12:14:19","guid":{"rendered":"http:\/\/pozega-tz.hr\/en\/?page_id=3251"},"modified":"2021-11-01T21:19:03","modified_gmt":"2021-11-01T20:19:03","slug":"znamenitosti-atrakcije","status":"publish","type":"page","link":"https:\/\/pozega-tz.hr\/en\/vidi-i-dozivi\/znamenitosti-atrakcije\/","title":{"rendered":"Sights &#038; Attractions"},"content":{"rendered":"<p>[et_pb_section fb_built=&#8221;1&#8243; _builder_version=&#8221;4.9.0&#8243; _module_preset=&#8221;default&#8221; custom_padding=&#8221;0px||22px|||&#8221; global_module=&#8221;3220&#8243; saved_tabs=&#8221;all&#8221; global_colors_info=&#8221;{}&#8221;][et_pb_row _builder_version=&#8221;4.9.0&#8243; _module_preset=&#8221;default&#8221; background_color=&#8221;#ededed&#8221; width=&#8221;100%&#8221; max_width=&#8221;2560px&#8221; custom_padding=&#8221;|3%||3%|false|true&#8221; global_colors_info=&#8221;{}&#8221;][et_pb_column type=&#8221;4_4&#8243; _builder_version=&#8221;4.9.0&#8243; _module_preset=&#8221;default&#8221; global_colors_info=&#8221;{}&#8221;][et_pb_menu menu_id=&#8221;35&#8243; submenu_direction=&#8221;upwards&#8221; _builder_version=&#8221;4.9.0&#8243; _module_preset=&#8221;default&#8221; background_enable_color=&#8221;off&#8221; global_colors_info=&#8221;{}&#8221;][\/et_pb_menu][\/et_pb_column][\/et_pb_row][et_pb_row _builder_version=&#8221;4.9.0&#8243; _module_preset=&#8221;default&#8221; custom_margin=&#8221;20px||||false|false&#8221; global_colors_info=&#8221;{}&#8221;][et_pb_column type=&#8221;4_4&#8243; _builder_version=&#8221;4.9.0&#8243; _module_preset=&#8221;default&#8221; global_colors_info=&#8221;{}&#8221;][et_pb_text _builder_version=&#8221;4.11.3&#8243; _dynamic_attributes=&#8221;content&#8221; _module_preset=&#8221;default&#8221; text_font=&#8221;Ubuntu||||||||&#8221; text_font_size=&#8221;41px&#8221; header_font=&#8221;Ubuntu|700|||||||&#8221; header_font_size=&#8221;54px&#8221; global_colors_info=&#8221;{}&#8221;]@ET-DC@eyJkeW5hbWljIjp0cnVlLCJjb250ZW50IjoicG9zdF90aXRsZSIsInNldHRpbmdzIjp7ImJlZm9yZSI6IiIsImFmdGVyIjoiIn19@[\/et_pb_text][\/et_pb_column][\/et_pb_row][\/et_pb_section][et_pb_section fb_built=&#8221;1&#8243; _builder_version=&#8221;4.9.0&#8243; _module_preset=&#8221;default&#8221; custom_padding=&#8221;0px|||||&#8221; global_colors_info=&#8221;{}&#8221;][et_pb_row column_structure=&#8221;2_3,1_3&#8243; make_equal=&#8221;on&#8221; _builder_version=&#8221;4.9.0&#8243; _module_preset=&#8221;default&#8221; global_colors_info=&#8221;{}&#8221;][et_pb_column type=&#8221;2_3&#8243; _builder_version=&#8221;4.9.0&#8243; _module_preset=&#8221;default&#8221; global_colors_info=&#8221;{}&#8221;][et_pb_text _builder_version=&#8221;4.11.3&#8243; _module_preset=&#8221;default&#8221; hover_enabled=&#8221;0&#8243; global_colors_info=&#8221;{}&#8221; sticky_enabled=&#8221;0&#8243;]<\/p>\n<p>If you are one of those tourists who like to get to know as much as they can about their next travel destination before they come to visit, then you are in the right place. Not only that you will be happy but your travel companions will also be thankful for your thorough preparation before the actual trip.<\/p>\n<p>And even though one might think that it is just another small town, according to the last census from 2011 26000 people are living here, throughout history Po\u017eega had an important role for the region of Slavonia as well as for all of Croatia.<\/p>\n<p>\u00a0If you wish to visit all of the sights and attractions it might take some time. If you decide to include, and we do hurtfully recommend it, a lunch break to your city tour, your visit to Po\u017eega might leave a mark on the state of your fitness \u2013 it might it make better of course!<\/p>\n<p>If you are in a rush to see all the sights in the shortest time possible, then we recommend that you click on the \u201cWalk &amp; Look around\u201d menu. There you will find the \u201cbest route\u201d for a thorough and compact introduction to Po\u017eega, but you should still leave some time in your itinerary at least for some coffee and cake!\u00a0<\/p>\n<p>[\/et_pb_text][\/et_pb_column][et_pb_column type=&#8221;1_3&#8243; _builder_version=&#8221;4.9.0&#8243; _module_preset=&#8221;default&#8221; background_color=&#8221;#e5e5e5&#8243; global_colors_info=&#8221;{}&#8221;][\/et_pb_column][\/et_pb_row][et_pb_row _builder_version=&#8221;4.9.2&#8243; _module_preset=&#8221;default&#8221; global_colors_info=&#8221;{}&#8221;][et_pb_column type=&#8221;4_4&#8243; _builder_version=&#8221;4.9.2&#8243; _module_preset=&#8221;default&#8221; global_colors_info=&#8221;{}&#8221;][et_pb_blog fullwidth=&#8221;off&#8221; posts_number=&#8221;50&#8243; include_categories=&#8221;43&#8243; show_author=&#8221;off&#8221; show_date=&#8221;off&#8221; show_categories=&#8221;off&#8221; show_excerpt=&#8221;off&#8221; show_pagination=&#8221;off&#8221; use_overlay=&#8221;on&#8221; module_class=&#8221;cu-blog&#8221; _builder_version=&#8221;4.9.2&#8243; _module_preset=&#8221;default&#8221; header_text_align=&#8221;center&#8221; header_font_size=&#8221;15px&#8221; custom_css_title=&#8221;height:50px;&#8221; border_radii=&#8221;off|||50px|&#8221; border_width_all=&#8221;0px&#8221; border_color_all=&#8221;rgba(122,122,122,0.55)&#8221; box_shadow_style=&#8221;preset2&#8243; box_shadow_color=&#8221;rgba(0,0,0,0.07)&#8221; global_colors_info=&#8221;{}&#8221;][\/et_pb_blog][\/et_pb_column][\/et_pb_row][\/et_pb_section]<\/p>\n","protected":false},"excerpt":{"rendered":"<p>If you are one of those tourists who like to get to know as much as they can about their next travel destination before they come to visit, then you are in the right place. Not only that you will be happy but your travel companions will also be thankful for your thorough preparation before the actual trip.<\/p>\n","protected":false},"author":1,"featured_media":3134,"parent":3216,"menu_order":0,"comment_status":"closed","ping_status":"closed","template":"","meta":{"_acf_changed":false,"_et_pb_use_builder":"on","_et_pb_old_content":"","_et_gb_content_width":"","footnotes":""},"class_list":["post-3251","page","type-page","status-publish","has-post-thumbnail","hentry"],"acf":[],"yoast_head":"<!-- This site is optimized with the Yoast SEO plugin v25.7 - https:\/\/yoast.com\/wordpress\/plugins\/seo\/ -->\n<title>Sights &amp; Attractions - Po\u017eega Tourist board<\/title>\n<meta name=\"description\" content=\"Ako ste jedna od onih orooms koja prije nego posjeti novi grad voli \u010dim vi\u0161e doznati o svemu \u0161to ondje mo\u017ee vidjeti, a va\u0161i suputnici vam budu zahvalni na dobroj pripremi, onda \u0107e narednih nekoliko stranica biti kao stvorene za vas. Jer kako poslovica ka\u017ee: \u201edobra priprema je pola posla!\u201c.\" \/>\n<meta name=\"robots\" content=\"index, follow, max-snippet:-1, max-image-preview:large, max-video-preview:-1\" \/>\n<link rel=\"canonical\" href=\"http:\/\/pozega-tz.hr\/en\/vidi-i-dozivi\/znamenitosti-atrakcije\/\" \/>\n<meta property=\"og:locale\" content=\"en_US\" \/>\n<meta property=\"og:type\" content=\"article\" \/>\n<meta property=\"og:title\" content=\"Sights &amp; Attractions - Po\u017eega Tourist board\" \/>\n<meta property=\"og:description\" content=\"Ako ste jedna od onih orooms koja prije nego posjeti novi grad voli \u010dim vi\u0161e doznati o svemu \u0161to ondje mo\u017ee vidjeti, a va\u0161i suputnici vam budu zahvalni na dobroj pripremi, onda \u0107e narednih nekoliko stranica biti kao stvorene za vas. Jer kako poslovica ka\u017ee: \u201edobra priprema je pola posla!\u201c.\" \/>\n<meta property=\"og:url\" content=\"http:\/\/pozega-tz.hr\/en\/vidi-i-dozivi\/znamenitosti-atrakcije\/\" \/>\n<meta property=\"og:site_name\" content=\"Po\u017eega Tourist board\" \/>\n<meta property=\"article:modified_time\" content=\"2021-11-01T20:19:03+00:00\" \/>\n<meta property=\"og:image\" content=\"http:\/\/pozega-tz.hr\/en\/wp-content\/uploads\/2020\/12\/shutterstock_1758190988.jpg\" \/>\n\t<meta property=\"og:image:width\" content=\"2200\" \/>\n\t<meta property=\"og:image:height\" content=\"1463\" \/>\n\t<meta property=\"og:image:type\" content=\"image\/jpeg\" \/>\n<meta name=\"twitter:card\" content=\"summary_large_image\" \/>\n<meta name=\"twitter:label1\" content=\"Est. reading time\" \/>\n\t<meta name=\"twitter:data1\" content=\"3 minutes\" \/>\n<script type=\"application\/ld+json\" class=\"yoast-schema-graph\">{\"@context\":\"https:\/\/schema.org\",\"@graph\":[{\"@type\":\"WebPage\",\"@id\":\"http:\/\/pozega-tz.hr\/en\/vidi-i-dozivi\/znamenitosti-atrakcije\/\",\"url\":\"http:\/\/pozega-tz.hr\/en\/vidi-i-dozivi\/znamenitosti-atrakcije\/\",\"name\":\"Sights & Attractions - Po\u017eega Tourist board\",\"isPartOf\":{\"@id\":\"https:\/\/pozega-tz.hr\/en\/#website\"},\"primaryImageOfPage\":{\"@id\":\"http:\/\/pozega-tz.hr\/en\/vidi-i-dozivi\/znamenitosti-atrakcije\/#primaryimage\"},\"image\":{\"@id\":\"http:\/\/pozega-tz.hr\/en\/vidi-i-dozivi\/znamenitosti-atrakcije\/#primaryimage\"},\"thumbnailUrl\":\"https:\/\/pozega-tz.hr\/en\/wp-content\/uploads\/2020\/12\/shutterstock_1758190988.jpg\",\"datePublished\":\"2021-02-22T12:14:19+00:00\",\"dateModified\":\"2021-11-01T20:19:03+00:00\",\"description\":\"Ako ste jedna od onih orooms koja prije nego posjeti novi grad voli \u010dim vi\u0161e doznati o svemu \u0161to ondje mo\u017ee vidjeti, a va\u0161i suputnici vam budu zahvalni na dobroj pripremi, onda \u0107e narednih nekoliko stranica biti kao stvorene za vas. Jer kako poslovica ka\u017ee: \u201edobra priprema je pola posla!\u201c.\",\"breadcrumb\":{\"@id\":\"http:\/\/pozega-tz.hr\/en\/vidi-i-dozivi\/znamenitosti-atrakcije\/#breadcrumb\"},\"inLanguage\":\"en-US\",\"potentialAction\":[{\"@type\":\"ReadAction\",\"target\":[\"http:\/\/pozega-tz.hr\/en\/vidi-i-dozivi\/znamenitosti-atrakcije\/\"]}]},{\"@type\":\"ImageObject\",\"inLanguage\":\"en-US\",\"@id\":\"http:\/\/pozega-tz.hr\/en\/vidi-i-dozivi\/znamenitosti-atrakcije\/#primaryimage\",\"url\":\"https:\/\/pozega-tz.hr\/en\/wp-content\/uploads\/2020\/12\/shutterstock_1758190988.jpg\",\"contentUrl\":\"https:\/\/pozega-tz.hr\/en\/wp-content\/uploads\/2020\/12\/shutterstock_1758190988.jpg\",\"width\":2200,\"height\":1463},{\"@type\":\"BreadcrumbList\",\"@id\":\"http:\/\/pozega-tz.hr\/en\/vidi-i-dozivi\/znamenitosti-atrakcije\/#breadcrumb\",\"itemListElement\":[{\"@type\":\"ListItem\",\"position\":1,\"name\":\"Vidi &#038; Do\u017eivi\",\"item\":\"https:\/\/pozega-tz.hr\/en\/vidi-i-dozivi\/\"},{\"@type\":\"ListItem\",\"position\":2,\"name\":\"Sights &#038; Attractions\"}]},{\"@type\":\"WebSite\",\"@id\":\"https:\/\/pozega-tz.hr\/en\/#website\",\"url\":\"https:\/\/pozega-tz.hr\/en\/\",\"name\":\"Po\u017eega Tourist board\",\"description\":\"Brda&amp;Doline\",\"potentialAction\":[{\"@type\":\"SearchAction\",\"target\":{\"@type\":\"EntryPoint\",\"urlTemplate\":\"https:\/\/pozega-tz.hr\/en\/?s={search_term_string}\"},\"query-input\":{\"@type\":\"PropertyValueSpecification\",\"valueRequired\":true,\"valueName\":\"search_term_string\"}}],\"inLanguage\":\"en-US\"}]}<\/script>\n<!-- \/ Yoast SEO plugin. -->","yoast_head_json":{"title":"Sights & Attractions - Po\u017eega Tourist board","description":"Ako ste jedna od onih orooms koja prije nego posjeti novi grad voli \u010dim vi\u0161e doznati o svemu \u0161to ondje mo\u017ee vidjeti, a va\u0161i suputnici vam budu zahvalni na dobroj pripremi, onda \u0107e narednih nekoliko stranica biti kao stvorene za vas. Jer kako poslovica ka\u017ee: \u201edobra priprema je pola posla!\u201c.","robots":{"index":"index","follow":"follow","max-snippet":"max-snippet:-1","max-image-preview":"max-image-preview:large","max-video-preview":"max-video-preview:-1"},"canonical":"http:\/\/pozega-tz.hr\/en\/vidi-i-dozivi\/znamenitosti-atrakcije\/","og_locale":"en_US","og_type":"article","og_title":"Sights & Attractions - Po\u017eega Tourist board","og_description":"Ako ste jedna od onih orooms koja prije nego posjeti novi grad voli \u010dim vi\u0161e doznati o svemu \u0161to ondje mo\u017ee vidjeti, a va\u0161i suputnici vam budu zahvalni na dobroj pripremi, onda \u0107e narednih nekoliko stranica biti kao stvorene za vas. Jer kako poslovica ka\u017ee: \u201edobra priprema je pola posla!\u201c.","og_url":"http:\/\/pozega-tz.hr\/en\/vidi-i-dozivi\/znamenitosti-atrakcije\/","og_site_name":"Po\u017eega Tourist board","article_modified_time":"2021-11-01T20:19:03+00:00","og_image":[{"width":2200,"height":1463,"url":"http:\/\/pozega-tz.hr\/en\/wp-content\/uploads\/2020\/12\/shutterstock_1758190988.jpg","type":"image\/jpeg"}],"twitter_card":"summary_large_image","twitter_misc":{"Est. reading time":"3 minutes"},"schema":{"@context":"https:\/\/schema.org","@graph":[{"@type":"WebPage","@id":"http:\/\/pozega-tz.hr\/en\/vidi-i-dozivi\/znamenitosti-atrakcije\/","url":"http:\/\/pozega-tz.hr\/en\/vidi-i-dozivi\/znamenitosti-atrakcije\/","name":"Sights & Attractions - Po\u017eega Tourist board","isPartOf":{"@id":"https:\/\/pozega-tz.hr\/en\/#website"},"primaryImageOfPage":{"@id":"http:\/\/pozega-tz.hr\/en\/vidi-i-dozivi\/znamenitosti-atrakcije\/#primaryimage"},"image":{"@id":"http:\/\/pozega-tz.hr\/en\/vidi-i-dozivi\/znamenitosti-atrakcije\/#primaryimage"},"thumbnailUrl":"https:\/\/pozega-tz.hr\/en\/wp-content\/uploads\/2020\/12\/shutterstock_1758190988.jpg","datePublished":"2021-02-22T12:14:19+00:00","dateModified":"2021-11-01T20:19:03+00:00","description":"Ako ste jedna od onih orooms koja prije nego posjeti novi grad voli \u010dim vi\u0161e doznati o svemu \u0161to ondje mo\u017ee vidjeti, a va\u0161i suputnici vam budu zahvalni na dobroj pripremi, onda \u0107e narednih nekoliko stranica biti kao stvorene za vas. Jer kako poslovica ka\u017ee: \u201edobra priprema je pola posla!\u201c.","breadcrumb":{"@id":"http:\/\/pozega-tz.hr\/en\/vidi-i-dozivi\/znamenitosti-atrakcije\/#breadcrumb"},"inLanguage":"en-US","potentialAction":[{"@type":"ReadAction","target":["http:\/\/pozega-tz.hr\/en\/vidi-i-dozivi\/znamenitosti-atrakcije\/"]}]},{"@type":"ImageObject","inLanguage":"en-US","@id":"http:\/\/pozega-tz.hr\/en\/vidi-i-dozivi\/znamenitosti-atrakcije\/#primaryimage","url":"https:\/\/pozega-tz.hr\/en\/wp-content\/uploads\/2020\/12\/shutterstock_1758190988.jpg","contentUrl":"https:\/\/pozega-tz.hr\/en\/wp-content\/uploads\/2020\/12\/shutterstock_1758190988.jpg","width":2200,"height":1463},{"@type":"BreadcrumbList","@id":"http:\/\/pozega-tz.hr\/en\/vidi-i-dozivi\/znamenitosti-atrakcije\/#breadcrumb","itemListElement":[{"@type":"ListItem","position":1,"name":"Vidi &#038; Do\u017eivi","item":"https:\/\/pozega-tz.hr\/en\/vidi-i-dozivi\/"},{"@type":"ListItem","position":2,"name":"Sights &#038; Attractions"}]},{"@type":"WebSite","@id":"https:\/\/pozega-tz.hr\/en\/#website","url":"https:\/\/pozega-tz.hr\/en\/","name":"Po\u017eega Tourist board","description":"Brda&amp;Doline","potentialAction":[{"@type":"SearchAction","target":{"@type":"EntryPoint","urlTemplate":"https:\/\/pozega-tz.hr\/en\/?s={search_term_string}"},"query-input":{"@type":"PropertyValueSpecification","valueRequired":true,"valueName":"search_term_string"}}],"inLanguage":"en-US"}]}},"_links":{"self":[{"href":"https:\/\/pozega-tz.hr\/en\/wp-json\/wp\/v2\/pages\/3251","targetHints":{"allow":["GET"]}}],"collection":[{"href":"https:\/\/pozega-tz.hr\/en\/wp-json\/wp\/v2\/pages"}],"about":[{"href":"https:\/\/pozega-tz.hr\/en\/wp-json\/wp\/v2\/types\/page"}],"author":[{"embeddable":true,"href":"https:\/\/pozega-tz.hr\/en\/wp-json\/wp\/v2\/users\/1"}],"replies":[{"embeddable":true,"href":"https:\/\/pozega-tz.hr\/en\/wp-json\/wp\/v2\/comments?post=3251"}],"version-history":[{"count":14,"href":"https:\/\/pozega-tz.hr\/en\/wp-json\/wp\/v2\/pages\/3251\/revisions"}],"predecessor-version":[{"id":4942,"href":"https:\/\/pozega-tz.hr\/en\/wp-json\/wp\/v2\/pages\/3251\/revisions\/4942"}],"up":[{"embeddable":true,"href":"https:\/\/pozega-tz.hr\/en\/wp-json\/wp\/v2\/pages\/3216"}],"wp:featuredmedia":[{"embeddable":true,"href":"https:\/\/pozega-tz.hr\/en\/wp-json\/wp\/v2\/media\/3134"}],"wp:attachment":[{"href":"https:\/\/pozega-tz.hr\/en\/wp-json\/wp\/v2\/media?parent=3251"}],"curies":[{"name":"wp","href":"https:\/\/api.w.org\/{rel}","templated":true}]}}