{"id":3164,"date":"2020-12-09T19:07:43","date_gmt":"2020-12-09T18:07:43","guid":{"rendered":"http:\/\/pozega-tz.hr\/en\/?page_id=3164"},"modified":"2025-08-19T21:36:15","modified_gmt":"2025-08-19T19:36:15","slug":"naslovna","status":"publish","type":"page","link":"https:\/\/pozega-tz.hr\/en\/","title":{"rendered":"Naslovna"},"content":{"rendered":"<p>[et_pb_section fb_built=&#8221;1&#8243; fullwidth=&#8221;on&#8221; _builder_version=&#8221;4.16&#8243; _module_preset=&#8221;default&#8221; global_colors_info=&#8221;{}&#8221;][et_pb_fullwidth_post_slider include_categories=&#8221;41&#8243; more_text=&#8221;Vidi vi\u0161e&#8221; show_meta=&#8221;off&#8221; _builder_version=&#8221;4.16&#8243; _module_preset=&#8221;default&#8221; text_orientation=&#8221;left&#8221; global_colors_info=&#8221;{}&#8221;][\/et_pb_fullwidth_post_slider][\/et_pb_section][et_pb_section fb_built=&#8221;1&#8243; _builder_version=&#8221;4.16&#8243; _module_preset=&#8221;default&#8221; background_color=&#8221;rgba(0,0,0,0.07)&#8221; background_image=&#8221;http:\/\/pozega-tz.hr\/en\/wp-content\/uploads\/2021\/02\/bg1.png&#8221; parallax=&#8221;on&#8221; parallax_method=&#8221;off&#8221; global_colors_info=&#8221;{}&#8221;][et_pb_row _builder_version=&#8221;4.16&#8243; _module_preset=&#8221;default&#8221; global_colors_info=&#8221;{}&#8221;][et_pb_column type=&#8221;4_4&#8243; _builder_version=&#8221;4.16&#8243; _module_preset=&#8221;default&#8221; global_colors_info=&#8221;{}&#8221;][et_pb_text _builder_version=&#8221;4.16&#8243; _module_preset=&#8221;default&#8221; text_font_size=&#8221;18px&#8221; text_line_height=&#8221;1.8em&#8221; global_colors_info=&#8221;{}&#8221;]<\/p>\n<p>From the road that leads through the <strong>flat fields in Po\u017eega<\/strong> in the distance you can see the mountains, which we often forget when thinking about the east of Croatia. Po\u017eega is located under their auspices, in the so-called Golden Valley.<\/p>\n<p>[\/et_pb_text][et_pb_toggle title=&#8221;&#8230;&#8221; open_toggle_background_color=&#8221;rgba(0,0,0,0)&#8221; closed_toggle_background_color=&#8221;rgba(0,0,0,0)&#8221; _builder_version=&#8221;4.16&#8243; _module_preset=&#8221;default&#8221; closed_title_text_align=&#8221;left&#8221; closed_title_font_size=&#8221;27px&#8221; body_font_size=&#8221;18px&#8221; global_colors_info=&#8221;{}&#8221;]<\/p>\n<p>The city is situated in between hills and valleys so it has a street layout that is untypical for the region of Slavonia, often seen as endless lowland of fields. Because of that and because of the baroque architecture in the city centre, tourists often say Po\u017eega reminds them of some towns they previously visited in Czechia and Austria.<\/p>\n<p>It is also a place where you will very easily make new acquaintances with one of 26000 proud citizens of Po\u017eega. Ad a glass of world-renowned regional wines, a pint of locally produced beer, or a platter of the beloved food delicacies and you will soon become real friends.<\/p>\n<p style=\"text-align: center;\"><a href=\"https:\/\/pozega-tz.hr\/en\/vidi-i-dozivi\/grad-povijest\/\">read more&#8230;<\/a><\/p>\n<p>[\/et_pb_toggle][\/et_pb_column][\/et_pb_row][et_pb_row _builder_version=&#8221;4.16&#8243; _module_preset=&#8221;default&#8221; global_colors_info=&#8221;{}&#8221;][et_pb_column type=&#8221;4_4&#8243; _builder_version=&#8221;4.16&#8243; _module_preset=&#8221;default&#8221; global_colors_info=&#8221;{}&#8221;][et_pb_code _builder_version=&#8221;4.16&#8243; _module_preset=&#8221;default&#8221; global_colors_info=&#8221;{}&#8221;]<iframe width=\"100%\" height=\"500\" allowfullscreen src=https:\/\/tourmkr.com\/F1ww8NhZpw><\/iframe>[\/et_pb_code][\/et_pb_column][\/et_pb_row][et_pb_row column_structure=&#8221;1_3,1_3,1_3&#8243; _builder_version=&#8221;4.16&#8243; _module_preset=&#8221;default&#8221; global_colors_info=&#8221;{}&#8221;][et_pb_column type=&#8221;1_3&#8243; _builder_version=&#8221;4.16&#8243; _module_preset=&#8221;default&#8221; global_colors_info=&#8221;{}&#8221;][et_pb_blurb title=&#8221;Sights &#038; Atractions&#8221; url=&#8221;http:\/\/pozega-tz.hr\/en\/vidi-i-dozivi\/znamenitosti-atrakcije\/&#8221; use_icon=&#8221;on&#8221; font_icon=&#8221;&#x35;||divi||400&#8243; icon_placement=&#8221;left&#8221; image_icon_width=&#8221;23px&#8221; _builder_version=&#8221;4.16&#8243; _module_preset=&#8221;default&#8221; icon_font_size=&#8221;23px&#8221; global_colors_info=&#8221;{}&#8221;][\/et_pb_blurb][\/et_pb_column][et_pb_column type=&#8221;1_3&#8243; _builder_version=&#8221;4.16&#8243; _module_preset=&#8221;default&#8221; global_colors_info=&#8221;{}&#8221;][et_pb_blurb title=&#8221;Work &#038; Enjoy&#8221; url=&#8221;http:\/\/pozega-tz.hr\/en\/radi-uzivaj\/&#8221; use_icon=&#8221;on&#8221; font_icon=&#8221;&#x35;||divi||400&#8243; icon_placement=&#8221;left&#8221; image_icon_width=&#8221;23px&#8221; _builder_version=&#8221;4.16&#8243; _module_preset=&#8221;default&#8221; icon_font_size=&#8221;23px&#8221; global_colors_info=&#8221;{}&#8221;][\/et_pb_blurb][\/et_pb_column][et_pb_column type=&#8221;1_3&#8243; _builder_version=&#8221;4.16&#8243; _module_preset=&#8221;default&#8221; global_colors_info=&#8221;{}&#8221;][et_pb_blurb title=&#8221;Stay&#8221; url=&#8221;http:\/\/pozega-tz.hr\/en\/odmori-prenoci\/&#8221; use_icon=&#8221;on&#8221; font_icon=&#8221;&#x35;||divi||400&#8243; icon_placement=&#8221;left&#8221; image_icon_width=&#8221;23px&#8221; _builder_version=&#8221;4.16&#8243; _module_preset=&#8221;default&#8221; icon_font_size=&#8221;23px&#8221; global_colors_info=&#8221;{}&#8221;][\/et_pb_blurb][\/et_pb_column][\/et_pb_row][\/et_pb_section][et_pb_section fb_built=&#8221;1&#8243; _builder_version=&#8221;4.16&#8243; _module_preset=&#8221;default&#8221; background_image=&#8221;http:\/\/pozega-tz.hr\/en\/wp-content\/uploads\/2020\/12\/shutterstock_735418753.jpg&#8221; parallax=&#8221;on&#8221; parallax_method=&#8221;off&#8221; custom_padding=&#8221;84px||36px|||&#8221; global_colors_info=&#8221;{}&#8221;][et_pb_row column_structure=&#8221;2_5,3_5&#8243; _builder_version=&#8221;4.16&#8243; _module_preset=&#8221;default&#8221; background_enable_image=&#8221;off&#8221; custom_padding=&#8221;||70px|||&#8221; global_colors_info=&#8221;{}&#8221;][et_pb_column type=&#8221;2_5&#8243; _builder_version=&#8221;4.16&#8243; _module_preset=&#8221;default&#8221; global_colors_info=&#8221;{}&#8221;][et_pb_text _builder_version=&#8221;4.16&#8243; _module_preset=&#8221;default&#8221; text_font=&#8221;||||||||&#8221; header_font=&#8221;||||||||&#8221; header_text_color=&#8221;#ffffff&#8221; header_font_size=&#8221;42px&#8221; header_line_height=&#8221;1.2em&#8221; header_2_font=&#8221;|600|||||||&#8221; header_2_text_align=&#8221;left&#8221; header_2_text_color=&#8221;#ffffff&#8221; header_2_font_size=&#8221;19px&#8221; background_color=&#8221;rgba(0,0,0,0)&#8221; custom_padding=&#8221;40px|20px|40px|20px|true|true&#8221; global_colors_info=&#8221;{}&#8221;]<\/p>\n<div class=\"static-intro-desc\">\n<h1>eat &amp; drink<\/h1>\n<h2>Take a bite of some of the most delicious Slavonian dishes, explore how to recognize a real Slavonian kulen and visit one of the restaurants in Po\u017eega.<\/h2>\n<\/div>\n<p>[\/et_pb_text][\/et_pb_column][et_pb_column type=&#8221;3_5&#8243; _builder_version=&#8221;4.16&#8243; _module_preset=&#8221;default&#8221; background_enable_color=&#8221;off&#8221; custom_padding=&#8221;20px||20px|20px|true|false&#8221; global_colors_info=&#8221;{}&#8221;][\/et_pb_column][\/et_pb_row][et_pb_row column_structure=&#8221;1_4,1_4,1_4,1_4&#8243; _builder_version=&#8221;4.16&#8243; _module_preset=&#8221;default&#8221; custom_padding=&#8221;|||13px||&#8221; global_colors_info=&#8221;{}&#8221;][et_pb_column type=&#8221;1_4&#8243; _builder_version=&#8221;4.16&#8243; _module_preset=&#8221;default&#8221; global_colors_info=&#8221;{}&#8221;][et_pb_button button_url=&#8221;http:\/\/pozega-tz.hr\/en\/jedi-pij\/lokalno-ukusno\/&#8221; button_text=&#8221;Local &#038; Tasty&#8221; _builder_version=&#8221;4.16&#8243; _module_preset=&#8221;default&#8221; custom_button=&#8221;on&#8221; button_text_size=&#8221;12px&#8221; button_text_color=&#8221;#ffffff&#8221; button_border_width=&#8221;10px&#8221; button_border_color=&#8221;#000000&#8243; global_colors_info=&#8221;{}&#8221;][\/et_pb_button][\/et_pb_column][et_pb_column type=&#8221;1_4&#8243; _builder_version=&#8221;4.16&#8243; _module_preset=&#8221;default&#8221; global_colors_info=&#8221;{}&#8221;][\/et_pb_column][et_pb_column type=&#8221;1_4&#8243; _builder_version=&#8221;4.16&#8243; _module_preset=&#8221;default&#8221; global_colors_info=&#8221;{}&#8221;][\/et_pb_column][et_pb_column type=&#8221;1_4&#8243; _builder_version=&#8221;4.16&#8243; _module_preset=&#8221;default&#8221; global_colors_info=&#8221;{}&#8221;][\/et_pb_column][\/et_pb_row][\/et_pb_section][et_pb_section fb_built=&#8221;1&#8243; _builder_version=&#8221;4.16&#8243; _module_preset=&#8221;default&#8221; background_image=&#8221;http:\/\/pozega-tz.hr\/en\/wp-content\/uploads\/2021\/02\/bg1.png&#8221; parallax=&#8221;on&#8221; parallax_method=&#8221;off&#8221; global_colors_info=&#8221;{}&#8221;][et_pb_row _builder_version=&#8221;4.16&#8243; _module_preset=&#8221;default&#8221; global_colors_info=&#8221;{}&#8221;][et_pb_column type=&#8221;4_4&#8243; _builder_version=&#8221;4.16&#8243; _module_preset=&#8221;default&#8221; global_colors_info=&#8221;{}&#8221;][et_pb_text _builder_version=&#8221;4.16&#8243; _module_preset=&#8221;default&#8221; header_font_size=&#8221;48px&#8221; global_colors_info=&#8221;{}&#8221;]<\/p>\n<h1>see &amp; explore<\/h1>\n<p>[\/et_pb_text][\/et_pb_column][\/et_pb_row][et_pb_row column_structure=&#8221;1_3,1_3,1_3&#8243; make_equal=&#8221;on&#8221; _builder_version=&#8221;4.16&#8243; _module_preset=&#8221;default&#8221; global_colors_info=&#8221;{}&#8221;][et_pb_column type=&#8221;1_3&#8243; _builder_version=&#8221;4.16&#8243; _module_preset=&#8221;default&#8221; background_color=&#8221;rgba(0,0,0,0.35)&#8221; background_image=&#8221;http:\/\/pozega-tz.hr\/en\/wp-content\/uploads\/2020\/12\/shutterstock_1758190988.jpg&#8221; background_blend=&#8221;multiply&#8221; custom_padding=&#8221;||50px||false|false&#8221; global_colors_info=&#8221;{}&#8221;][et_pb_text _builder_version=&#8221;4.16&#8243; _module_preset=&#8221;default&#8221; text_text_color=&#8221;#ffffff&#8221; header_text_color=&#8221;#ffffff&#8221; header_font_size=&#8221;21px&#8221; background_enable_color=&#8221;off&#8221; custom_margin=&#8221;100px|30px|1px|30px|false|true&#8221; custom_padding=&#8221;10px|10px|10px|10px|true|true&#8221; global_colors_info=&#8221;{}&#8221;]<\/p>\n<h1>City &amp; Culture<\/h1>\n<h1><span style=\"font-size: 16px; font-weight: 500;\">The history of Po\u017eega and the Po\u017eega valley dates back to prehistoric times, when the name of the town of Po\u017eega was first mentioned with a written trace in the 13th century.<\/span><\/h1>\n<div class=\"static-p-desc\"><\/div>\n<p>[\/et_pb_text][et_pb_button button_url=&#8221;http:\/\/pozega-tz.hr\/en\/vidi-i-dozivi\/grad-povijest\/&#8221; button_text=&#8221;more&#8221; button_alignment=&#8221;right&#8221; _builder_version=&#8221;4.16&#8243; _module_preset=&#8221;default&#8221; custom_button=&#8221;on&#8221; button_text_size=&#8221;14px&#8221; button_text_color=&#8221;#ffffff&#8221; button_border_width=&#8221;8px&#8221; button_border_color=&#8221;#000000&#8243; global_colors_info=&#8221;{}&#8221;][\/et_pb_button][\/et_pb_column][et_pb_column type=&#8221;1_3&#8243; _builder_version=&#8221;4.16&#8243; _module_preset=&#8221;default&#8221; background_color=&#8221;rgba(0,0,0,0.4)&#8221; background_image=&#8221;http:\/\/pozega-tz.hr\/en\/wp-content\/uploads\/2020\/12\/shutterstock_1111023701.jpg&#8221; background_blend=&#8221;multiply&#8221; custom_padding=&#8221;||50px||false|false&#8221; global_colors_info=&#8221;{}&#8221;][et_pb_text _builder_version=&#8221;4.16&#8243; _module_preset=&#8221;default&#8221; text_text_color=&#8221;#ffffff&#8221; header_text_color=&#8221;#ffffff&#8221; header_font_size=&#8221;21px&#8221; background_enable_color=&#8221;off&#8221; custom_margin=&#8221;100px|30px|1px|30px|false|true&#8221; custom_padding=&#8221;10px|10px|10px|10px|true|true&#8221; link_option_url=&#8221;http:\/\/pozega-tz.hr\/en\/vidi-i-dozivi\/priroda-rekreacija\/&#8221; global_colors_info=&#8221;{}&#8221;]<\/p>\n<h1>Nature &amp; Recreation<\/h1>\n<div class=\"static-intro-desc\">\n<div class=\"static-intro-desc\">\n<p>Thanks to the position between the rivers Orljava and Veli\u010danka on one side and the slopes of Po\u017ee\u0161ka gora on the other, visiting our city will appeal to those who like easy walking as well as those who prefer slightly more demanding terrain and hiking.<\/p>\n<\/div>\n<\/div>\n<div class=\"static-p-desc\"><\/div>\n<p>[\/et_pb_text][et_pb_button button_url=&#8221;http:\/\/pozega-tz.hr\/en\/vidi-i-dozivi\/priroda-rekreacija\/&#8221; button_text=&#8221;more&#8221; button_alignment=&#8221;right&#8221; _builder_version=&#8221;4.16&#8243; _module_preset=&#8221;default&#8221; custom_button=&#8221;on&#8221; button_text_size=&#8221;14px&#8221; button_text_color=&#8221;#ffffff&#8221; button_border_width=&#8221;8px&#8221; button_border_color=&#8221;#000000&#8243; global_colors_info=&#8221;{}&#8221;][\/et_pb_button][\/et_pb_column][et_pb_column type=&#8221;1_3&#8243; _builder_version=&#8221;4.16&#8243; _module_preset=&#8221;default&#8221; background_color=&#8221;rgba(0,0,0,0.4)&#8221; background_image=&#8221;http:\/\/pozega-tz.hr\/en\/wp-content\/uploads\/2021\/02\/Trg-sv.-Terezije-_Grad-Poz\u030cega2-1-scaled.jpg&#8221; background_blend=&#8221;multiply&#8221; custom_padding=&#8221;||50px||false|false&#8221; global_colors_info=&#8221;{}&#8221;][et_pb_text _builder_version=&#8221;4.16&#8243; _module_preset=&#8221;default&#8221; text_text_color=&#8221;#ffffff&#8221; header_text_color=&#8221;#ffffff&#8221; header_font_size=&#8221;21px&#8221; background_enable_color=&#8221;off&#8221; custom_margin=&#8221;100px|30px|13px|30px|false|true&#8221; custom_padding=&#8221;10px|10px|10px|10px|true|true&#8221; global_colors_info=&#8221;{}&#8221;]<\/p>\n<h1><span>Walk &amp; Explore<\/span><\/h1>\n<div class=\"static-intro-desc\">\n<div class=\"static-intro-desc\">\n<div class=\"static-p-desc\">\n<p>Explore the route where you will see all top atractions on the one hand, and at the same time you will have enough time for coffee and cakes, buying souvenirs, enjoying a wine tasting, a mug of homemade beer or lunch in one of the city restaurants.<\/p>\n<\/div>\n<\/div>\n<\/div>\n<div class=\"static-p-desc\"><\/div>\n<p>[\/et_pb_text][et_pb_button button_url=&#8221;http:\/\/pozega-tz.hr\/en\/vidi-i-dozivi\/setaj-razgledaj\/&#8221; button_text=&#8221;more&#8221; button_alignment=&#8221;right&#8221; _builder_version=&#8221;4.16&#8243; _module_preset=&#8221;default&#8221; custom_button=&#8221;on&#8221; button_text_size=&#8221;14px&#8221; button_text_color=&#8221;#ffffff&#8221; button_border_width=&#8221;8px&#8221; button_border_color=&#8221;#000000&#8243; global_colors_info=&#8221;{}&#8221;][\/et_pb_button][\/et_pb_column][\/et_pb_row][\/et_pb_section][et_pb_section fb_built=&#8221;1&#8243; _builder_version=&#8221;4.16&#8243; _module_preset=&#8221;default&#8221; background_image=&#8221;http:\/\/pozega-tz.hr\/en\/wp-content\/uploads\/2021\/03\/IMG-f2eb618722f277dc83f08c23e4e83931-V-1.jpg&#8221; parallax=&#8221;on&#8221; parallax_method=&#8221;off&#8221; custom_padding=&#8221;154px||156px|||&#8221; global_colors_info=&#8221;{}&#8221;][et_pb_row column_structure=&#8221;1_5,3_5,1_5&#8243; _builder_version=&#8221;4.16&#8243; _module_preset=&#8221;default&#8221; background_color=&#8221;rgba(0,0,0,0.78)&#8221; background_image=&#8221;http:\/\/pozega-tz.hr\/en\/wp-content\/uploads\/2021\/02\/bg2_white.png&#8221; parallax=&#8221;on&#8221; parallax_method=&#8221;off&#8221; custom_padding=&#8221;||40px|||&#8221; global_colors_info=&#8221;{}&#8221;][et_pb_column type=&#8221;1_5&#8243; _builder_version=&#8221;4.16&#8243; _module_preset=&#8221;default&#8221; global_colors_info=&#8221;{}&#8221;][\/et_pb_column][et_pb_column type=&#8221;3_5&#8243; _builder_version=&#8221;4.16&#8243; _module_preset=&#8221;default&#8221; global_colors_info=&#8221;{}&#8221;][et_pb_text _builder_version=&#8221;4.16&#8243; _module_preset=&#8221;default&#8221; text_font=&#8221;||||||||&#8221; header_font=&#8221;||||||||&#8221; header_text_align=&#8221;center&#8221; header_text_color=&#8221;#ffffff&#8221; header_font_size=&#8221;42px&#8221; header_line_height=&#8221;1.2em&#8221; header_2_font=&#8221;|600|||||||&#8221; header_2_text_align=&#8221;center&#8221; header_2_text_color=&#8221;#ffffff&#8221; header_2_font_size=&#8221;19px&#8221; background_color=&#8221;rgba(0,0,0,0)&#8221; text_orientation=&#8221;center&#8221; custom_padding=&#8221;25px|20px|25px|20px|true|true&#8221; global_colors_info=&#8221;{}&#8221;]<\/p>\n<div class=\"static-intro-desc\">\n<h1>Golden Valley &amp; Papuk<\/h1>\n<h2>During your longer stay in Po\u017eega, we invite you to visit and explore other destinations near the city. Explore Po\u017ee\u0161tina, the Golden Valley, as it was called by the ancient Romans thanks to a golden drop of wine from the local vineyards, or go hiking on the green slopes of the Papuk Mountains.<\/h2>\n<p><span style=\"color: #ffffff;\"><a href=\"http:\/\/pozega-tz.hr\/en\/vidi-i-dozivi\/zlatna-dolina-papuk\/\" style=\"color: #ffffff;\">EXPLORE MORE<\/a><\/span><\/p>\n<\/div>\n<p>[\/et_pb_text][\/et_pb_column][et_pb_column type=&#8221;1_5&#8243; _builder_version=&#8221;4.16&#8243; _module_preset=&#8221;default&#8221; global_colors_info=&#8221;{}&#8221;][\/et_pb_column][\/et_pb_row][\/et_pb_section][et_pb_section fb_built=&#8221;1&#8243; _builder_version=&#8221;4.16&#8243; _module_preset=&#8221;default&#8221; background_image=&#8221;http:\/\/pozega-tz.hr\/en\/wp-content\/uploads\/2021\/02\/bg1.png&#8221; parallax=&#8221;on&#8221; parallax_method=&#8221;off&#8221; global_colors_info=&#8221;{}&#8221;][et_pb_row _builder_version=&#8221;4.16&#8243; _module_preset=&#8221;default&#8221; global_colors_info=&#8221;{}&#8221;][et_pb_column type=&#8221;4_4&#8243; _builder_version=&#8221;4.16&#8243; _module_preset=&#8221;default&#8221; global_colors_info=&#8221;{}&#8221;][et_pb_text _builder_version=&#8221;4.16&#8243; _module_preset=&#8221;default&#8221; header_font_size=&#8221;48px&#8221; global_colors_info=&#8221;{}&#8221;]<\/p>\n<h1>stories&#8230;<\/h1>\n<p>[\/et_pb_text][\/et_pb_column][\/et_pb_row][et_pb_row _builder_version=&#8221;4.16&#8243; _module_preset=&#8221;default&#8221; global_colors_info=&#8221;{}&#8221;][et_pb_column type=&#8221;4_4&#8243; _builder_version=&#8221;4.16&#8243; _module_preset=&#8221;default&#8221; global_colors_info=&#8221;{}&#8221;][et_pb_blog fullwidth=&#8221;off&#8221; posts_number=&#8221;3&#8243; include_categories=&#8221;41&#8243; show_author=&#8221;off&#8221; show_date=&#8221;off&#8221; show_categories=&#8221;off&#8221; show_pagination=&#8221;off&#8221; _builder_version=&#8221;4.16&#8243; _module_preset=&#8221;default&#8221; body_font_size=&#8221;15px&#8221; border_width_all=&#8221;0px&#8221; global_colors_info=&#8221;{}&#8221;][\/et_pb_blog][\/et_pb_column][\/et_pb_row][\/et_pb_section]<\/p>\n","protected":false},"excerpt":{"rendered":"<p>Po\u017eega je biser &#8220;Zlatne doline&#8221;, a smje\u0161tena u srcu kotline koju okru\u017euju Psunj, Papuk, Krndija, Dilj i Po\u017ee\u0161ka gora.<\/p>\n","protected":false},"author":1,"featured_media":3134,"parent":0,"menu_order":0,"comment_status":"closed","ping_status":"closed","template":"","meta":{"_acf_changed":false,"_et_pb_use_builder":"on","_et_pb_old_content":"<!-- wp:divi\/placeholder \/-->","_et_gb_content_width":"","footnotes":""},"class_list":["post-3164","page","type-page","status-publish","has-post-thumbnail","hentry"],"acf":[],"yoast_head":"<!-- This site is optimized with the Yoast SEO plugin v25.7 - https:\/\/yoast.com\/wordpress\/plugins\/seo\/ -->\n<title>Naslovna - Po\u017eega Tourist board<\/title>\n<meta name=\"robots\" content=\"index, follow, max-snippet:-1, max-image-preview:large, max-video-preview:-1\" \/>\n<link rel=\"canonical\" href=\"https:\/\/pozega-tz.hr\/en\/\" \/>\n<meta property=\"og:locale\" content=\"en_US\" \/>\n<meta property=\"og:type\" content=\"article\" \/>\n<meta property=\"og:title\" content=\"Naslovna - Po\u017eega Tourist board\" \/>\n<meta property=\"og:description\" content=\"Po\u017eega je biser &quot;Zlatne doline&quot;, a smje\u0161tena u srcu kotline koju okru\u017euju Psunj, Papuk, Krndija, Dilj i Po\u017ee\u0161ka gora.\" \/>\n<meta property=\"og:url\" content=\"https:\/\/pozega-tz.hr\/en\/\" \/>\n<meta property=\"og:site_name\" content=\"Po\u017eega Tourist board\" \/>\n<meta property=\"article:modified_time\" content=\"2025-08-19T19:36:15+00:00\" \/>\n<meta property=\"og:image\" content=\"https:\/\/pozega-tz.hr\/en\/wp-content\/uploads\/2020\/12\/shutterstock_1758190988.jpg\" \/>\n\t<meta property=\"og:image:width\" content=\"2200\" \/>\n\t<meta property=\"og:image:height\" content=\"1463\" \/>\n\t<meta property=\"og:image:type\" content=\"image\/jpeg\" \/>\n<meta name=\"twitter:card\" content=\"summary_large_image\" \/>\n<meta name=\"twitter:label1\" content=\"Est. reading time\" \/>\n\t<meta name=\"twitter:data1\" content=\"9 minutes\" \/>\n<script type=\"application\/ld+json\" class=\"yoast-schema-graph\">{\"@context\":\"https:\/\/schema.org\",\"@graph\":[{\"@type\":\"WebPage\",\"@id\":\"https:\/\/pozega-tz.hr\/en\/\",\"url\":\"https:\/\/pozega-tz.hr\/en\/\",\"name\":\"Naslovna - Po\u017eega Tourist board\",\"isPartOf\":{\"@id\":\"https:\/\/pozega-tz.hr\/en\/#website\"},\"primaryImageOfPage\":{\"@id\":\"https:\/\/pozega-tz.hr\/en\/#primaryimage\"},\"image\":{\"@id\":\"https:\/\/pozega-tz.hr\/en\/#primaryimage\"},\"thumbnailUrl\":\"https:\/\/pozega-tz.hr\/en\/wp-content\/uploads\/2020\/12\/shutterstock_1758190988.jpg\",\"datePublished\":\"2020-12-09T18:07:43+00:00\",\"dateModified\":\"2025-08-19T19:36:15+00:00\",\"inLanguage\":\"en-US\",\"potentialAction\":[{\"@type\":\"ReadAction\",\"target\":[\"https:\/\/pozega-tz.hr\/en\/\"]}]},{\"@type\":\"ImageObject\",\"inLanguage\":\"en-US\",\"@id\":\"https:\/\/pozega-tz.hr\/en\/#primaryimage\",\"url\":\"https:\/\/pozega-tz.hr\/en\/wp-content\/uploads\/2020\/12\/shutterstock_1758190988.jpg\",\"contentUrl\":\"https:\/\/pozega-tz.hr\/en\/wp-content\/uploads\/2020\/12\/shutterstock_1758190988.jpg\",\"width\":2200,\"height\":1463},{\"@type\":\"WebSite\",\"@id\":\"https:\/\/pozega-tz.hr\/en\/#website\",\"url\":\"https:\/\/pozega-tz.hr\/en\/\",\"name\":\"Po\u017eega Tourist board\",\"description\":\"Brda&amp;Doline\",\"potentialAction\":[{\"@type\":\"SearchAction\",\"target\":{\"@type\":\"EntryPoint\",\"urlTemplate\":\"https:\/\/pozega-tz.hr\/en\/?s={search_term_string}\"},\"query-input\":{\"@type\":\"PropertyValueSpecification\",\"valueRequired\":true,\"valueName\":\"search_term_string\"}}],\"inLanguage\":\"en-US\"}]}<\/script>\n<!-- \/ Yoast SEO plugin. -->","yoast_head_json":{"title":"Naslovna - Po\u017eega Tourist board","robots":{"index":"index","follow":"follow","max-snippet":"max-snippet:-1","max-image-preview":"max-image-preview:large","max-video-preview":"max-video-preview:-1"},"canonical":"https:\/\/pozega-tz.hr\/en\/","og_locale":"en_US","og_type":"article","og_title":"Naslovna - Po\u017eega Tourist board","og_description":"Po\u017eega je biser \"Zlatne doline\", a smje\u0161tena u srcu kotline koju okru\u017euju Psunj, Papuk, Krndija, Dilj i Po\u017ee\u0161ka gora.","og_url":"https:\/\/pozega-tz.hr\/en\/","og_site_name":"Po\u017eega Tourist board","article_modified_time":"2025-08-19T19:36:15+00:00","og_image":[{"width":2200,"height":1463,"url":"https:\/\/pozega-tz.hr\/en\/wp-content\/uploads\/2020\/12\/shutterstock_1758190988.jpg","type":"image\/jpeg"}],"twitter_card":"summary_large_image","twitter_misc":{"Est. reading time":"9 minutes"},"schema":{"@context":"https:\/\/schema.org","@graph":[{"@type":"WebPage","@id":"https:\/\/pozega-tz.hr\/en\/","url":"https:\/\/pozega-tz.hr\/en\/","name":"Naslovna - Po\u017eega Tourist board","isPartOf":{"@id":"https:\/\/pozega-tz.hr\/en\/#website"},"primaryImageOfPage":{"@id":"https:\/\/pozega-tz.hr\/en\/#primaryimage"},"image":{"@id":"https:\/\/pozega-tz.hr\/en\/#primaryimage"},"thumbnailUrl":"https:\/\/pozega-tz.hr\/en\/wp-content\/uploads\/2020\/12\/shutterstock_1758190988.jpg","datePublished":"2020-12-09T18:07:43+00:00","dateModified":"2025-08-19T19:36:15+00:00","inLanguage":"en-US","potentialAction":[{"@type":"ReadAction","target":["https:\/\/pozega-tz.hr\/en\/"]}]},{"@type":"ImageObject","inLanguage":"en-US","@id":"https:\/\/pozega-tz.hr\/en\/#primaryimage","url":"https:\/\/pozega-tz.hr\/en\/wp-content\/uploads\/2020\/12\/shutterstock_1758190988.jpg","contentUrl":"https:\/\/pozega-tz.hr\/en\/wp-content\/uploads\/2020\/12\/shutterstock_1758190988.jpg","width":2200,"height":1463},{"@type":"WebSite","@id":"https:\/\/pozega-tz.hr\/en\/#website","url":"https:\/\/pozega-tz.hr\/en\/","name":"Po\u017eega Tourist board","description":"Brda&amp;Doline","potentialAction":[{"@type":"SearchAction","target":{"@type":"EntryPoint","urlTemplate":"https:\/\/pozega-tz.hr\/en\/?s={search_term_string}"},"query-input":{"@type":"PropertyValueSpecification","valueRequired":true,"valueName":"search_term_string"}}],"inLanguage":"en-US"}]}},"_links":{"self":[{"href":"https:\/\/pozega-tz.hr\/en\/wp-json\/wp\/v2\/pages\/3164","targetHints":{"allow":["GET"]}}],"collection":[{"href":"https:\/\/pozega-tz.hr\/en\/wp-json\/wp\/v2\/pages"}],"about":[{"href":"https:\/\/pozega-tz.hr\/en\/wp-json\/wp\/v2\/types\/page"}],"author":[{"embeddable":true,"href":"https:\/\/pozega-tz.hr\/en\/wp-json\/wp\/v2\/users\/1"}],"replies":[{"embeddable":true,"href":"https:\/\/pozega-tz.hr\/en\/wp-json\/wp\/v2\/comments?post=3164"}],"version-history":[{"count":47,"href":"https:\/\/pozega-tz.hr\/en\/wp-json\/wp\/v2\/pages\/3164\/revisions"}],"predecessor-version":[{"id":8039,"href":"https:\/\/pozega-tz.hr\/en\/wp-json\/wp\/v2\/pages\/3164\/revisions\/8039"}],"wp:featuredmedia":[{"embeddable":true,"href":"https:\/\/pozega-tz.hr\/en\/wp-json\/wp\/v2\/media\/3134"}],"wp:attachment":[{"href":"https:\/\/pozega-tz.hr\/en\/wp-json\/wp\/v2\/media?parent=3164"}],"curies":[{"name":"wp","href":"https:\/\/api.w.org\/{rel}","templated":true}]}}