{"id":3668,"date":"2021-03-06T11:54:23","date_gmt":"2021-03-06T10:54:23","guid":{"rendered":"http:\/\/pozega-tz.hr\/en\/?page_id=3668"},"modified":"2025-10-02T10:12:03","modified_gmt":"2025-10-02T08:12:03","slug":"odmori-prenoci","status":"publish","type":"page","link":"http:\/\/pozega-tz.hr\/en\/odmori-prenoci\/","title":{"rendered":"Stay the night &#038; Rest"},"content":{"rendered":"<p>[et_pb_section fb_built=&#8221;1&#8243; _builder_version=&#8221;4.16&#8243; _module_preset=&#8221;default&#8221; custom_padding=&#8221;0px||22px|||&#8221; saved_tabs=&#8221;all&#8221; global_colors_info=&#8221;{}&#8221;][et_pb_row _builder_version=&#8221;4.16&#8243; _module_preset=&#8221;default&#8221; custom_margin=&#8221;20px||||false|false&#8221; global_colors_info=&#8221;{}&#8221;][et_pb_column type=&#8221;4_4&#8243; _builder_version=&#8221;4.16&#8243; _module_preset=&#8221;default&#8221; global_colors_info=&#8221;{}&#8221;][et_pb_text _builder_version=&#8221;4.16&#8243; _dynamic_attributes=&#8221;content&#8221; _module_preset=&#8221;default&#8221; text_font=&#8221;Ubuntu||||||||&#8221; text_font_size=&#8221;41px&#8221; header_font=&#8221;Ubuntu|700|||||||&#8221; header_font_size=&#8221;54px&#8221; global_colors_info=&#8221;{}&#8221;]@ET-DC@eyJkeW5hbWljIjp0cnVlLCJjb250ZW50IjoicG9zdF90aXRsZSIsInNldHRpbmdzIjp7ImJlZm9yZSI6IiIsImFmdGVyIjoiIn19@[\/et_pb_text][\/et_pb_column][\/et_pb_row][\/et_pb_section][et_pb_section fb_built=&#8221;1&#8243; _builder_version=&#8221;4.16&#8243; _module_preset=&#8221;default&#8221; background_color=&#8221;#f9f9f9&#8243; custom_padding=&#8221;0px||0px|||&#8221; global_colors_info=&#8221;{}&#8221;][et_pb_row column_structure=&#8221;1_2,1_2&#8243; use_custom_gutter=&#8221;on&#8221; gutter_width=&#8221;1&#8243; make_equal=&#8221;on&#8221; _builder_version=&#8221;4.16&#8243; _module_preset=&#8221;default&#8221; width=&#8221;100%&#8221; max_width=&#8221;2560px&#8221; module_alignment=&#8221;center&#8221; custom_padding=&#8221;0%||0%||true|true&#8221; global_colors_info=&#8221;{}&#8221;][et_pb_column type=&#8221;1_2&#8243; _builder_version=&#8221;4.16&#8243; _module_preset=&#8221;default&#8221; custom_padding=&#8221;5%|5%|5%|5%|true|false&#8221; global_colors_info=&#8221;{}&#8221;][et_pb_text _builder_version=&#8221;4.16&#8243; _module_preset=&#8221;default&#8221; global_colors_info=&#8221;{}&#8221;]<\/p>\n<h2>The pensions and inns will accommodate your need for an overnight stay, especially if you are looking for a more intimate atmosphere, no matter if you are here on vacation or a business trip.<\/h2>\n<p>[\/et_pb_text][et_pb_button button_url=&#8221;#pansioni&#8221; button_text=&#8221;Guesthouses &#038; Inns&#8221; _builder_version=&#8221;4.27.4&#8243; _module_preset=&#8221;default&#8221; custom_margin=&#8221;||15px||false|false&#8221; hover_enabled=&#8221;0&#8243; global_colors_info=&#8221;{}&#8221; sticky_enabled=&#8221;0&#8243;][\/et_pb_button][et_pb_button button_url=&#8221;#sobe&#8221; button_text=&#8221;Apartments &#038; Rooms&#8221; _builder_version=&#8221;4.16&#8243; _module_preset=&#8221;default&#8221; custom_margin=&#8221;||15px||false|false&#8221; global_colors_info=&#8221;{}&#8221;][\/et_pb_button][et_pb_button button_url=&#8221;#kampovi&#8221; button_text=&#8221;Farm stay &#038; Holiday houses&#8221; _builder_version=&#8221;4.16&#8243; _module_preset=&#8221;default&#8221; custom_margin=&#8221;||15px||false|false&#8221; global_colors_info=&#8221;{}&#8221;][\/et_pb_button][\/et_pb_column][et_pb_column type=&#8221;1_2&#8243; _builder_version=&#8221;4.16&#8243; _module_preset=&#8221;default&#8221; background_enable_image=&#8221;off&#8221; global_colors_info=&#8221;{}&#8221;][et_pb_code _builder_version=&#8221;4.16&#8243; _module_preset=&#8221;default&#8221; global_colors_info=&#8221;{}&#8221;]<ins class=\"bookingaff\" data-aid=\"2138768\" data-target_aid=\"2138768\" data-prod=\"map\" data-width=\"100%\" data-height=\"590\" data-lang=\"ualng\" data-dest_id=\"0\" data-dest_type=\"landmark\" data-latitude=\"45.3314763\" data-longitude=\"17.6744748\" data-mwhsb=\"0\" data-address=\"Po\u017eega, Croatia\"><!-- [et_pb_line_break_holder] -->    <!-- Anything inside will go away once widget is loaded. --><!-- [et_pb_line_break_holder] -->        <a href=\"\/\/www.booking.com?aid=2138768\">Booking.com<\/a><!-- [et_pb_line_break_holder] --><\/ins><!-- [et_pb_line_break_holder] --><script type=\"text\/javascript\"><!-- [et_pb_line_break_holder] -->    (function(d, sc, u) {<!-- [et_pb_line_break_holder] -->      var s = d.createElement(sc), p = d.getElementsByTagName(sc)[0];<!-- [et_pb_line_break_holder] -->      s.type = 'text\/javascript';<!-- [et_pb_line_break_holder] -->      s.async = true;<!-- [et_pb_line_break_holder] -->      s.src = u + '?v=' + (+new Date());<!-- [et_pb_line_break_holder] -->      p.parentNode.insertBefore(s,p);<!-- [et_pb_line_break_holder] -->      })(document, 'script', '\/\/aff.bstatic.com\/static\/affiliate_base\/js\/flexiproduct.js');<!-- [et_pb_line_break_holder] --><\/script>[\/et_pb_code][\/et_pb_column][\/et_pb_row][\/et_pb_section][et_pb_section fb_built=&#8221;1&#8243; _builder_version=&#8221;4.16&#8243; _module_preset=&#8221;default&#8221; background_image=&#8221;http:\/\/pozega-tz.hr\/en\/wp-content\/uploads\/2021\/02\/bg1.png&#8221; parallax=&#8221;on&#8221; parallax_method=&#8221;off&#8221; global_colors_info=&#8221;{}&#8221;][et_pb_row module_id=&#8221;pansioni&#8221; _builder_version=&#8221;4.16&#8243; _module_preset=&#8221;default&#8221; global_colors_info=&#8221;{}&#8221;][et_pb_column type=&#8221;4_4&#8243; _builder_version=&#8221;4.16&#8243; _module_preset=&#8221;default&#8221; global_colors_info=&#8221;{}&#8221;][et_pb_text _builder_version=&#8221;4.16&#8243; _module_preset=&#8221;default&#8221; global_colors_info=&#8221;{}&#8221;]<\/p>\n<h2><strong>Pensions &amp; Inns<\/strong><\/h2>\n<p>The pensions and inns will accommodate your need for an overnight stay, especially if you are looking for a more intimate atmosphere, no matter if you are here on vacation or a business trip.<\/p>\n<p>[\/et_pb_text][et_pb_blog fullwidth=&#8221;off&#8221; posts_number=&#8221;30&#8243; include_categories=&#8221;50&#8243; show_author=&#8221;off&#8221; show_date=&#8221;off&#8221; show_categories=&#8221;off&#8221; show_excerpt=&#8221;off&#8221; show_pagination=&#8221;off&#8221; _builder_version=&#8221;4.27.3&#8243; _module_preset=&#8221;default&#8221; custom_css_title=&#8221;height:70px;&#8221; border_width_all=&#8221;0px&#8221; locked=&#8221;off&#8221; global_colors_info=&#8221;{}&#8221;][\/et_pb_blog][\/et_pb_column][\/et_pb_row][et_pb_row module_id=&#8221;sobe&#8221; _builder_version=&#8221;4.16&#8243; _module_preset=&#8221;default&#8221; global_colors_info=&#8221;{}&#8221;][et_pb_column type=&#8221;4_4&#8243; _builder_version=&#8221;4.16&#8243; _module_preset=&#8221;default&#8221; global_colors_info=&#8221;{}&#8221;][et_pb_text _builder_version=&#8221;4.16&#8243; _module_preset=&#8221;default&#8221; global_colors_info=&#8221;{}&#8221;]<\/p>\n<h2>Apartments &amp; Rooms<\/h2>\n<p>If you plan to visit Po\u017eega for a day or two but also if you plan to stay longer, in the list below you will find the accommodation best suited to your needs.<\/p>\n<p>[\/et_pb_text][et_pb_blog fullwidth=&#8221;off&#8221; posts_number=&#8221;30&#8243; include_categories=&#8221;57&#8243; show_author=&#8221;off&#8221; show_date=&#8221;off&#8221; show_categories=&#8221;off&#8221; show_excerpt=&#8221;off&#8221; show_pagination=&#8221;off&#8221; _builder_version=&#8221;4.27.3&#8243; _module_preset=&#8221;default&#8221; custom_css_title=&#8221;height:70px;&#8221; border_width_all=&#8221;0px&#8221; locked=&#8221;off&#8221; global_colors_info=&#8221;{}&#8221;][\/et_pb_blog][\/et_pb_column][\/et_pb_row][et_pb_row module_id=&#8221;kampovi&#8221; _builder_version=&#8221;4.16&#8243; _module_preset=&#8221;default&#8221; global_colors_info=&#8221;{}&#8221;][et_pb_column type=&#8221;4_4&#8243; _builder_version=&#8221;4.16&#8243; _module_preset=&#8221;default&#8221; global_colors_info=&#8221;{}&#8221;][et_pb_text _builder_version=&#8221;4.16&#8243; _module_preset=&#8221;default&#8221; global_colors_info=&#8221;{}&#8221;]<\/p>\n<h2>Family farms &#038; Camping<\/h2>\n<p>[\/et_pb_text][et_pb_blog fullwidth=&#8221;off&#8221; posts_number=&#8221;30&#8243; include_categories=&#8221;46&#8243; show_author=&#8221;off&#8221; show_date=&#8221;off&#8221; show_categories=&#8221;off&#8221; show_excerpt=&#8221;off&#8221; show_pagination=&#8221;off&#8221; _builder_version=&#8221;4.27.3&#8243; _module_preset=&#8221;default&#8221; custom_css_title=&#8221;height:70px;&#8221; border_width_all=&#8221;0px&#8221; locked=&#8221;off&#8221; global_colors_info=&#8221;{}&#8221;][\/et_pb_blog][\/et_pb_column][\/et_pb_row][\/et_pb_section]<\/p>\n","protected":false},"excerpt":{"rendered":"<p>The pensions and inns will accommodate your need for an overnight stay, especially if you are looking for a more intimate atmosphere, no matter if you are here on vacation or a business trip.<\/p>\n","protected":false},"author":1,"featured_media":3671,"parent":0,"menu_order":0,"comment_status":"closed","ping_status":"closed","template":"","meta":{"_acf_changed":false,"_et_pb_use_builder":"on","_et_pb_old_content":"","_et_gb_content_width":"","footnotes":""},"class_list":["post-3668","page","type-page","status-publish","has-post-thumbnail","hentry"],"acf":[],"yoast_head":"<!-- This site is optimized with the Yoast SEO plugin v25.7 - https:\/\/yoast.com\/wordpress\/plugins\/seo\/ -->\n<title>Stay the night &amp; Rest - Po\u017eega Tourist board<\/title>\n<meta name=\"description\" content=\"Po\u017ee\u0161ki hoteli, apartmani, kampovi, pansioni i preno\u0107i\u0161ta zadovoljit \u0107e potrebe svih putnika koji vole ne\u0161to intimniju atmosferu.\" \/>\n<meta name=\"robots\" content=\"index, follow, max-snippet:-1, max-image-preview:large, max-video-preview:-1\" \/>\n<link rel=\"canonical\" href=\"http:\/\/pozega-tz.hr\/en\/odmori-prenoci\/\" \/>\n<meta property=\"og:locale\" content=\"en_US\" \/>\n<meta property=\"og:type\" content=\"article\" \/>\n<meta property=\"og:title\" content=\"Stay the night &amp; Rest - Po\u017eega Tourist board\" \/>\n<meta property=\"og:description\" content=\"Po\u017ee\u0161ki hoteli, apartmani, kampovi, pansioni i preno\u0107i\u0161ta zadovoljit \u0107e potrebe svih putnika koji vole ne\u0161to intimniju atmosferu.\" \/>\n<meta property=\"og:url\" content=\"http:\/\/pozega-tz.hr\/en\/odmori-prenoci\/\" \/>\n<meta property=\"og:site_name\" content=\"Po\u017eega Tourist board\" \/>\n<meta property=\"article:modified_time\" content=\"2025-10-02T08:12:03+00:00\" \/>\n<meta property=\"og:image\" content=\"http:\/\/pozega-tz.hr\/en\/wp-content\/uploads\/2021\/03\/Marko1_6.jpg\" \/>\n\t<meta property=\"og:image:width\" content=\"1200\" \/>\n\t<meta property=\"og:image:height\" content=\"800\" \/>\n\t<meta property=\"og:image:type\" content=\"image\/jpeg\" \/>\n<meta name=\"twitter:card\" content=\"summary_large_image\" \/>\n<meta name=\"twitter:label1\" content=\"Est. reading time\" \/>\n\t<meta name=\"twitter:data1\" content=\"4 minutes\" \/>\n<script type=\"application\/ld+json\" class=\"yoast-schema-graph\">{\"@context\":\"https:\/\/schema.org\",\"@graph\":[{\"@type\":\"WebPage\",\"@id\":\"http:\/\/pozega-tz.hr\/en\/odmori-prenoci\/\",\"url\":\"http:\/\/pozega-tz.hr\/en\/odmori-prenoci\/\",\"name\":\"Stay the night & Rest - Po\u017eega Tourist board\",\"isPartOf\":{\"@id\":\"http:\/\/pozega-tz.hr\/en\/#website\"},\"primaryImageOfPage\":{\"@id\":\"http:\/\/pozega-tz.hr\/en\/odmori-prenoci\/#primaryimage\"},\"image\":{\"@id\":\"http:\/\/pozega-tz.hr\/en\/odmori-prenoci\/#primaryimage\"},\"thumbnailUrl\":\"http:\/\/pozega-tz.hr\/en\/wp-content\/uploads\/2021\/03\/Marko1_6.jpg\",\"datePublished\":\"2021-03-06T10:54:23+00:00\",\"dateModified\":\"2025-10-02T08:12:03+00:00\",\"description\":\"Po\u017ee\u0161ki hoteli, apartmani, kampovi, pansioni i preno\u0107i\u0161ta zadovoljit \u0107e potrebe svih putnika koji vole ne\u0161to intimniju atmosferu.\",\"inLanguage\":\"en-US\",\"potentialAction\":[{\"@type\":\"ReadAction\",\"target\":[\"http:\/\/pozega-tz.hr\/en\/odmori-prenoci\/\"]}]},{\"@type\":\"ImageObject\",\"inLanguage\":\"en-US\",\"@id\":\"http:\/\/pozega-tz.hr\/en\/odmori-prenoci\/#primaryimage\",\"url\":\"http:\/\/pozega-tz.hr\/en\/wp-content\/uploads\/2021\/03\/Marko1_6.jpg\",\"contentUrl\":\"http:\/\/pozega-tz.hr\/en\/wp-content\/uploads\/2021\/03\/Marko1_6.jpg\",\"width\":1200,\"height\":800},{\"@type\":\"WebSite\",\"@id\":\"http:\/\/pozega-tz.hr\/en\/#website\",\"url\":\"http:\/\/pozega-tz.hr\/en\/\",\"name\":\"Po\u017eega Tourist board\",\"description\":\"Brda&amp;Doline\",\"potentialAction\":[{\"@type\":\"SearchAction\",\"target\":{\"@type\":\"EntryPoint\",\"urlTemplate\":\"http:\/\/pozega-tz.hr\/en\/?s={search_term_string}\"},\"query-input\":{\"@type\":\"PropertyValueSpecification\",\"valueRequired\":true,\"valueName\":\"search_term_string\"}}],\"inLanguage\":\"en-US\"}]}<\/script>\n<!-- \/ Yoast SEO plugin. -->","yoast_head_json":{"title":"Stay the night & Rest - Po\u017eega Tourist board","description":"Po\u017ee\u0161ki hoteli, apartmani, kampovi, pansioni i preno\u0107i\u0161ta zadovoljit \u0107e potrebe svih putnika koji vole ne\u0161to intimniju atmosferu.","robots":{"index":"index","follow":"follow","max-snippet":"max-snippet:-1","max-image-preview":"max-image-preview:large","max-video-preview":"max-video-preview:-1"},"canonical":"http:\/\/pozega-tz.hr\/en\/odmori-prenoci\/","og_locale":"en_US","og_type":"article","og_title":"Stay the night & Rest - Po\u017eega Tourist board","og_description":"Po\u017ee\u0161ki hoteli, apartmani, kampovi, pansioni i preno\u0107i\u0161ta zadovoljit \u0107e potrebe svih putnika koji vole ne\u0161to intimniju atmosferu.","og_url":"http:\/\/pozega-tz.hr\/en\/odmori-prenoci\/","og_site_name":"Po\u017eega Tourist board","article_modified_time":"2025-10-02T08:12:03+00:00","og_image":[{"width":1200,"height":800,"url":"http:\/\/pozega-tz.hr\/en\/wp-content\/uploads\/2021\/03\/Marko1_6.jpg","type":"image\/jpeg"}],"twitter_card":"summary_large_image","twitter_misc":{"Est. reading time":"4 minutes"},"schema":{"@context":"https:\/\/schema.org","@graph":[{"@type":"WebPage","@id":"http:\/\/pozega-tz.hr\/en\/odmori-prenoci\/","url":"http:\/\/pozega-tz.hr\/en\/odmori-prenoci\/","name":"Stay the night & Rest - Po\u017eega Tourist board","isPartOf":{"@id":"http:\/\/pozega-tz.hr\/en\/#website"},"primaryImageOfPage":{"@id":"http:\/\/pozega-tz.hr\/en\/odmori-prenoci\/#primaryimage"},"image":{"@id":"http:\/\/pozega-tz.hr\/en\/odmori-prenoci\/#primaryimage"},"thumbnailUrl":"http:\/\/pozega-tz.hr\/en\/wp-content\/uploads\/2021\/03\/Marko1_6.jpg","datePublished":"2021-03-06T10:54:23+00:00","dateModified":"2025-10-02T08:12:03+00:00","description":"Po\u017ee\u0161ki hoteli, apartmani, kampovi, pansioni i preno\u0107i\u0161ta zadovoljit \u0107e potrebe svih putnika koji vole ne\u0161to intimniju atmosferu.","inLanguage":"en-US","potentialAction":[{"@type":"ReadAction","target":["http:\/\/pozega-tz.hr\/en\/odmori-prenoci\/"]}]},{"@type":"ImageObject","inLanguage":"en-US","@id":"http:\/\/pozega-tz.hr\/en\/odmori-prenoci\/#primaryimage","url":"http:\/\/pozega-tz.hr\/en\/wp-content\/uploads\/2021\/03\/Marko1_6.jpg","contentUrl":"http:\/\/pozega-tz.hr\/en\/wp-content\/uploads\/2021\/03\/Marko1_6.jpg","width":1200,"height":800},{"@type":"WebSite","@id":"http:\/\/pozega-tz.hr\/en\/#website","url":"http:\/\/pozega-tz.hr\/en\/","name":"Po\u017eega Tourist board","description":"Brda&amp;Doline","potentialAction":[{"@type":"SearchAction","target":{"@type":"EntryPoint","urlTemplate":"http:\/\/pozega-tz.hr\/en\/?s={search_term_string}"},"query-input":{"@type":"PropertyValueSpecification","valueRequired":true,"valueName":"search_term_string"}}],"inLanguage":"en-US"}]}},"_links":{"self":[{"href":"http:\/\/pozega-tz.hr\/en\/wp-json\/wp\/v2\/pages\/3668","targetHints":{"allow":["GET"]}}],"collection":[{"href":"http:\/\/pozega-tz.hr\/en\/wp-json\/wp\/v2\/pages"}],"about":[{"href":"http:\/\/pozega-tz.hr\/en\/wp-json\/wp\/v2\/types\/page"}],"author":[{"embeddable":true,"href":"http:\/\/pozega-tz.hr\/en\/wp-json\/wp\/v2\/users\/1"}],"replies":[{"embeddable":true,"href":"http:\/\/pozega-tz.hr\/en\/wp-json\/wp\/v2\/comments?post=3668"}],"version-history":[{"count":39,"href":"http:\/\/pozega-tz.hr\/en\/wp-json\/wp\/v2\/pages\/3668\/revisions"}],"predecessor-version":[{"id":8079,"href":"http:\/\/pozega-tz.hr\/en\/wp-json\/wp\/v2\/pages\/3668\/revisions\/8079"}],"wp:featuredmedia":[{"embeddable":true,"href":"http:\/\/pozega-tz.hr\/en\/wp-json\/wp\/v2\/media\/3671"}],"wp:attachment":[{"href":"http:\/\/pozega-tz.hr\/en\/wp-json\/wp\/v2\/media?parent=3668"}],"curies":[{"name":"wp","href":"https:\/\/api.w.org\/{rel}","templated":true}]}}