{"id":3652,"date":"2021-03-06T11:33:08","date_gmt":"2021-03-06T10:33:08","guid":{"rendered":"http:\/\/pozega-tz.hr\/en\/?page_id=3652"},"modified":"2026-01-28T00:49:08","modified_gmt":"2026-01-27T23:49:08","slug":"radi-uzivaj","status":"publish","type":"page","link":"http:\/\/pozega-tz.hr\/en\/radi-uzivaj\/","title":{"rendered":"Work &#038; Relax"},"content":{"rendered":"<p>[et_pb_section fb_built=&#8221;1&#8243; _builder_version=&#8221;4.16&#8243; _module_preset=&#8221;default&#8221; custom_padding=&#8221;0px||22px|||&#8221; saved_tabs=&#8221;all&#8221; global_colors_info=&#8221;{}&#8221;][et_pb_row _builder_version=&#8221;4.16&#8243; _module_preset=&#8221;default&#8221; custom_margin=&#8221;20px||||false|false&#8221; global_colors_info=&#8221;{}&#8221;][et_pb_column type=&#8221;4_4&#8243; _builder_version=&#8221;4.16&#8243; _module_preset=&#8221;default&#8221; global_colors_info=&#8221;{}&#8221;][et_pb_text _builder_version=&#8221;4.16&#8243; _dynamic_attributes=&#8221;content&#8221; _module_preset=&#8221;default&#8221; text_font=&#8221;Ubuntu||||||||&#8221; text_font_size=&#8221;41px&#8221; header_font=&#8221;Ubuntu|700|||||||&#8221; header_font_size=&#8221;54px&#8221; global_colors_info=&#8221;{}&#8221;]@ET-DC@eyJkeW5hbWljIjp0cnVlLCJjb250ZW50IjoicG9zdF90aXRsZSIsInNldHRpbmdzIjp7ImJlZm9yZSI6IiIsImFmdGVyIjoiIn19@[\/et_pb_text][\/et_pb_column][\/et_pb_row][\/et_pb_section][et_pb_section fb_built=&#8221;1&#8243; _builder_version=&#8221;4.16&#8243; _module_preset=&#8221;default&#8221; background_color=&#8221;#f9f9f9&#8243; custom_padding=&#8221;0px||0px|||&#8221; global_colors_info=&#8221;{}&#8221;][et_pb_row column_structure=&#8221;1_2,1_2&#8243; use_custom_gutter=&#8221;on&#8221; gutter_width=&#8221;1&#8243; make_equal=&#8221;on&#8221; _builder_version=&#8221;4.16&#8243; _module_preset=&#8221;default&#8221; width=&#8221;100%&#8221; max_width=&#8221;2560px&#8221; module_alignment=&#8221;center&#8221; custom_padding=&#8221;0%||0%||true|true&#8221; global_colors_info=&#8221;{}&#8221;][et_pb_column type=&#8221;1_2&#8243; _builder_version=&#8221;4.16&#8243; _module_preset=&#8221;default&#8221; custom_padding=&#8221;5%|5%|5%|5%|true|false&#8221; global_colors_info=&#8221;{}&#8221;][et_pb_text _builder_version=&#8221;4.16&#8243; _module_preset=&#8221;default&#8221; global_colors_info=&#8221;{}&#8221;]<\/p>\n<h2><strong>Seminars &amp; Congresses <\/strong><\/h2>\n<p>If you\u2019re looking for a way how to join together your business trip and spending a nice time at your destination, then look no further than Po\u017eega. Here you can organize a smaller scale congress or a meeting and spend the afternoon exploring the city and the surrounding wine country or engage in some type of team building activities.<\/p>\n<p>In this part of our website, we bring you the list of places suitable for congresses, trade fairs, business meetings, seminars, workshops and similar official events.<\/p>\n<p>.<\/p>\n<p>[\/et_pb_text][\/et_pb_column][et_pb_column type=&#8221;1_2&#8243; _builder_version=&#8221;4.16&#8243; _module_preset=&#8221;default&#8221; background_image=&#8221;http:\/\/pozega-tz.hr\/en\/wp-content\/uploads\/2021\/03\/pexels-photo-601170.jpeg&#8221; global_colors_info=&#8221;{}&#8221;][et_pb_text _builder_version=&#8221;4.16&#8243; _module_preset=&#8221;default&#8221; min_height=&#8221;410px&#8221; global_colors_info=&#8221;{}&#8221;][\/et_pb_text][\/et_pb_column][\/et_pb_row][\/et_pb_section][et_pb_section fb_built=&#8221;1&#8243; _builder_version=&#8221;4.16&#8243; _module_preset=&#8221;default&#8221; background_image=&#8221;http:\/\/pozega-tz.hr\/en\/wp-content\/uploads\/2021\/02\/bg1.png&#8221; parallax=&#8221;on&#8221; parallax_method=&#8221;off&#8221; custom_padding=&#8221;0px||0px|||&#8221; global_colors_info=&#8221;{}&#8221;][et_pb_row _builder_version=&#8221;4.16&#8243; _module_preset=&#8221;default&#8221; width=&#8221;100%&#8221; max_width=&#8221;2457px&#8221; custom_margin=&#8221;0px||||false|false&#8221; custom_padding=&#8221;0px||0px|||&#8221; global_colors_info=&#8221;{}&#8221;][et_pb_column type=&#8221;4_4&#8243; _builder_version=&#8221;4.16&#8243; _module_preset=&#8221;default&#8221; global_colors_info=&#8221;{}&#8221;][et_pb_tabs _builder_version=&#8221;4.16&#8243; _module_preset=&#8221;default&#8221; background_image=&#8221;http:\/\/pozega-tz.hr\/en\/wp-content\/uploads\/2021\/02\/bg1.png&#8221; parallax=&#8221;on&#8221; parallax_method=&#8221;off&#8221; custom_padding=&#8221;|10%||10%|false|true&#8221; global_colors_info=&#8221;{}&#8221;][et_pb_tab title=&#8221;Conference halls&#8221; _builder_version=&#8221;4.16&#8243; _module_preset=&#8221;default&#8221; global_colors_info=&#8221;{}&#8221;]<\/p>\n<p>&nbsp;<\/p>\n<p><strong>City theatre <\/strong><\/p>\n<p>Address: Ulica Antuna Kani\u017eli\u0107a 1, 34000 Po\u017eega<br \/>Web: <span><a href=\"http:\/\/www.gkp.hr\">www.gkp.hr<\/a><\/span><span><a href=\"http:\/\/www.gkpz.hr\/\"><br \/><\/a><\/span>E-mail: <span><a href=\"mailto:gkpz@gkpz.hr\">gkpz@gkpz.hr<br \/><\/a><\/span>Tel.: 00385 (0)34 275 362<\/p>\n<p><strong>____<\/strong><\/p>\n<p><strong>City library<\/strong><\/p>\n<p>Address: <span><a href=\"https:\/\/www.google.hr\/maps\/dir\/45.33075034143905,17.677039733729544\">Trg Sv. Trojstva 20, 34000 Po\u017eega<br \/><\/a><\/span>Web:<span><a href=\"http:\/\/www.gkpz.hr\/\"> www.gkpz.hr<\/a><\/span>E-mail: <span><a href=\"mailto:marketing@gkp.hr\">marketing@gkp.hr<br \/><\/a><\/span>Tel.: 0385 (0)34 273 161<\/p>\n<p><strong>____<\/strong><\/p>\n<p><strong>Zlatni Lug inn<\/strong><\/p>\n<p>Address: <span><a href=\"https:\/\/www.google.hr\/maps\/dir\/45.342976273269684,17.64226198196411\">Donji Emovci 32, Po\u017eega<br \/><\/a><\/span>Web: <span><a href=\"http:\/\/www.zlatnilug.hr\/\">www.zlatnilug.hr<br \/><\/a><\/span>E-mail: <span><a href=\"mailto:prenociste@zlatnilug.hr\">prenociste@zlatnilug.hr<br \/><\/a><\/span>Mob: 00385 (0)98 472 483<br \/>Mob: 00385 (0)99 473 2834<\/p>\n<p><strong>____<\/strong><\/p>\n<p><strong>Grgin Dol inn<\/strong><\/p>\n<p>Address: <span><a href=\"https:\/\/www.google.hr\/maps\/dir\/45.331377205401544,17.682580947875977\">Grgin dol 20, Po\u017eega<br \/><\/a><\/span>Web:<span><a href=\"http:\/\/www.hotel-grgin-dol.hr\/\">www.hotel-grgin-dol.hr<br \/><\/a><\/span>E-mail: <span><a href=\"mailto:marijana@hotel-grgin-dol.hr\">marijana@hotel-grgin-dol.hr<br \/><\/a><\/span>Tel.: 00385 (0)34 273 222<br \/>Mob: 00385 (0)98 954 37 57<\/p>\n<p><strong>____<\/strong><\/p>\n<p><strong>Croatian chamber of commerce &#8211; County chamber in Po\u017eega<\/strong><\/p>\n<p><strong>\u017dupanijska komora Po\u017eega<br \/><\/strong>Address: Vukovarska 6, Po\u017eega<br \/>Telefon: <span><a href=\"tel:+385%2034%20273%20260\">+385 34 273 260<br \/><\/a><\/span>Email: <span><a href=\"mailto:hgkpz@hgk.hr\">hgkpz@hgk.hr<\/a><br \/>Web: <a href=\"https:\/\/www.hgk.hr\/zupanijska-komora-pozega\" target=\"_blank\" data-saferedirecturl=\"https:\/\/www.google.com\/url?q=https:\/\/www.hgk.hr\/zupanijska-komora-pozega&amp;source=gmail&amp;ust=1631112971098000&amp;usg=AFQjCNHxuxOAx5N6uRIrzEp8hECDC-_WPQ\" rel=\"noopener\">www.hgk.hr\/<wbr \/>zupanijska-komora-pozega<\/a>\u00a0<\/span><\/p>\n<p><strong>____<\/strong><\/p>\n<p><strong>The Faculty of Tourism and Rural Development in Po\u017eega, <\/strong><br \/>Tel: +385 34 311 460, <br \/>E-mail: <a href=\"mailto:ured@ftrr.hr\">ured@ftrr.hr <\/a><\/p>\n<p>Web: <a href=\"http:\/\/www.ftrr.hr\">http:\/\/www.ftrr.hr<\/a><span><\/span><\/p>\n<p><strong>____<\/strong><\/p>\n<p>Local Development Agency Po\u017eega LO-RA- Po\u017eega, <br \/>Address: Industrijska 39, Po\u017eega <br \/>Tel: <a href=\"tel:+385%2034%20270%20203\">+385 34 270 203<\/a><\/p>\n<p>E-mail: <a href=\"mailto:lo-ra@pozega.hr\">lo-ra@pozega.hr<\/a><\/p>\n<p><strong>____<\/strong><\/p>\n<p><strong>Coworking Panora<\/strong><br \/>Address: Ulica Republike Hrvatske 1B, Po\u017eega, <br \/>E-mail: <span><a href=\"mailto:coworking@pszupanija.hr\">coworking@pszupanija.hr<\/a><\/span><\/p>\n<p>&nbsp;<\/p>\n<p>[\/et_pb_tab][et_pb_tab title=&#8221;Trade fairs locations&#8221; _builder_version=&#8221;4.16&#8243; _module_preset=&#8221;default&#8221; global_colors_info=&#8221;{}&#8221;]<\/p>\n<p><strong>The sports hall \u201eTomislav Pirc\u201c\u00a0<\/strong><\/p>\n<p>The central sports hall located in the city centre, not far from the main square, is suitable for various business events which include a gathering of a larger number of people. If you are looking for a location where to organise a trade fair, the \u201cTomislav Pirc\u201d sports hall is the best option.<\/p>\n<p>\u201eSportski objekti Po\u017eega\u201c<br \/>Address: Ulica <span>Antuna Kani\u017eli\u0107a 14a<\/span>, 34000 Po\u017eega<br \/>Web: <span><a href=\"http:\/\/www.sportski-objekti-pozega.hr\">www.sportski-objekti-pozega.hr<br \/><\/a><\/span>E-mail: <span><a href=\"mailto:info@sportski-objekti-pozega.hr\">info@sportski-objekti-pozega.hr<br \/><\/a><\/span>Tel.: 00385 (0)34 <span>272 100<\/span><\/p>\n<p><u>_____<\/u><\/p>\n<p><strong>Sports and recreational centre Po\u017eega \u2013 SRC Po\u017eega<\/strong><\/p>\n<p>A large fair or a market can be organised outdoors in the sports grounds located next to the walkway along Orljava River, not far from the city centre.<\/p>\n<p>\u201eSportski objekti Po\u017eega\u201c<br \/>Address: Ulica Milke Trnine bb, 34000 Po\u017eega<br \/>Web: <span><a href=\"http:\/\/www.sportski-objekti-pozega.hr\">www.sportski-objekti-pozega.hr<br \/><\/a><\/span>E-mail: <span><a href=\"mailto:info@sportski-objekti-pozega.hr\">info@sportski-objekti-pozega.hr<br \/><\/a><\/span>Tel.: 00385 (0)34 <span>272 100<\/span><\/p>\n<p>&nbsp;<\/p>\n<p>[\/et_pb_tab][et_pb_tab title=&#8221;Technical support and services&#8221; _builder_version=&#8221;4.16&#8243; _module_preset=&#8221;default&#8221; global_colors_info=&#8221;{}&#8221;]<\/p>\n<p><span>Obrt za usluge<strong> Sounding<\/strong><br \/>Zrinska 63<br \/>Telefon: 095 583 6366<\/span><\/p>\n<p>_____<\/p>\n<p><strong>Poyer, sound and lighting systems<\/strong><\/p>\n<p>Cerovac 86, 34308 Jak\u0161i\u0107<br \/>Telefon: +385 98 940 96 66<\/p>\n<p>[\/et_pb_tab][et_pb_tab title=&#8221;Translation services&#8221; _builder_version=&#8221;4.16&#8243; _module_preset=&#8221;default&#8221; global_colors_info=&#8221;{}&#8221;]<\/p>\n<p><strong>Simultaneous interpretation \u201eStentor\u201c<\/strong><\/p>\n<p>Translation &#8211; simultaneous and consecutive interpretation at conferences and congresses.<\/p>\n<p>Address: Ulica grada Vukovara 284, 10000 Zagreb<br \/>Web: <span><a href=\"http:\/\/www.stentor.hr\">www.stentor.hr<br \/><\/a><\/span>E-mail: <span><a href=\"mailto:info@stentor.hr\">info@stentor.hr<br \/><\/a><\/span>Tel.: 00385 (0)1 3907 360<\/p>\n<p><strong>______<\/strong><\/p>\n<p><strong>Language Translation \u201ePraktikum\u201c<\/strong><\/p>\n<p>Address: Babuki\u0107eva 3, 34000 Po\u017eega<br \/>Web: <span><a href=\"http:\/\/www.praktikum.hr\">www.praktikum.hr<br \/><\/a><\/span>E-mail: <span><a href=\"mailto:info@praktikum.hr\">info@praktikum.hr<br \/><\/a><\/span>Tel.: 00385 (0)34 274 823<\/p>\n<p><strong>______<\/strong><\/p>\n<p><strong>Language Translation \u201c<\/strong><strong>Grozdanka Larva\u201d<\/strong><\/p>\n<p>Address: \u017dupanijska 24, 34000 Po\u017eega<br \/>Tel.: 00385 (0)34 272 941<\/p>\n<p><strong>______<\/strong><\/p>\n<p><strong>Translations services \u201cTvornica prijevoda\u201d<\/strong><\/p>\n<p>Obrt za prevoditeljske usluge<br \/>Address: Grgin dol 7, Po\u017eega<br \/>Tel: +385 256 234<\/p>\n<p>[\/et_pb_tab][et_pb_tab title=&#8221;Printing services&#8221; _builder_version=&#8221;4.16&#8243; _module_preset=&#8221;default&#8221; global_colors_info=&#8221;{}&#8221;]<\/p>\n<p><strong>Printing house \u201eVidi\u0107\u201c<\/strong><\/p>\n<p>Address: Primorska 12, 34000 Po\u017eega<br \/>Web: <span><a href=\"http:\/\/www.tiskara-vidic.hr\">www.tiskara-vidic.hr<br \/><\/a><\/span>E-mail: <span><a href=\"mailto:info@tiskara-vidic.hr\">info@tiskara-vidic.hr<br \/><\/a><\/span>Tel.: 00385 (0)34 272 643<\/p>\n<p>_____<\/p>\n<p><strong>Printing house \u201ePismoreklam\u201c<\/strong><\/p>\n<p>Address: Antuna Kani\u017eli\u0107a 9, 34000 Po\u017eega<br \/>Web: <span><a href=\"http:\/\/www.pismoreklam.hr\">www.pismoreklam.hr<br \/><\/a><\/span>E-mail: <span><a href=\"mailto:info@pismoreklam.hr\">info@pismoreklam.hr<br \/><\/a><\/span>Tel.: 00385 (0)97 698 6443<\/p>\n<p><strong>_____<\/strong><\/p>\n<p><strong>Printing house \u201eUdo\u201c<\/strong><\/p>\n<p>Address: Tina Ujevi\u0107a 3, 34000 Po\u017eega<br \/>Web: <span><a href=\"http:\/\/www.udo.hr\">www.udo.hr<br \/><\/a><\/span>E-mail: <a href=\"mailto:udo-reklame@udo.hr\">udo-reklame@udo.hr<\/a><br \/>Tel.: 00385 (0)34 291 842<\/p>\n<p><strong>\u00a0_____<\/strong><\/p>\n<p><strong> Printing house<\/strong><strong>\u00a0\u201eNeonreklam\u201c<\/strong><\/p>\n<p><u><\/u><\/p>\n<p>Address: Njema\u010dka br. 2, 34000 Po\u017eega<br \/>Web: <span><a href=\"http:\/\/www.neonreklam.hr\">www.neonreklam.hr<br \/><\/a><\/span>E-mail: <span><a href=\"mailto:neonreklam1@gmail.com\">neonreklam1@gmail.com<\/a><\/span><br \/>Tel.: 00385 (0)34<\/p>\n<p>[\/et_pb_tab][et_pb_tab title=&#8221;Catering&#8221; _builder_version=&#8221;4.16&#8243; _module_preset=&#8221;default&#8221; global_colors_info=&#8221;{}&#8221;]<\/p>\n<p><strong>Catering: \u201e<\/strong><strong>Grill Lav\u201c<\/strong><\/p>\n<p>Address: Ulica Stjepana Radi\u0107a 5, 34000 Po\u017eega<br \/>Web: <span><a href=\"http:\/\/www.grill-lav.hr\">www.grill-lav.hr<br \/><\/a><\/span>E-mail: <span><a href=\"mailto:grill.lav@gmail.com\">grill.lav@gmail.com<br \/><\/a><\/span>Tel.: 00385 (0)34 272 169<\/p>\n<p><strong>_____<\/strong><\/p>\n<p><strong>Catering: Restaurant \u201eGrgin Dol\u201c<\/strong><\/p>\n<p>Address: Ulica Grgin dol 20, 34000 Po\u017eega<br \/>Web: <a href=\"http:\/\/www.hotel-grgin-dol.hr\">www.hotel-grgin-dol.hr<\/a><br \/>E-mail: <span><a href=\"mailto:marijana@hotel-grgin-dol.hr\">marijana@hotel-grgin-dol.hr<br \/><\/a><\/span>Tel.: 00385 (0)34 273 222<\/p>\n<p><strong>_____<\/strong><\/p>\n<p><strong>Catering: Pizzeria Mama Mia<\/strong><\/p>\n<p>Address: Ulica Sv. Florijana 17, 34000 Po\u017eega<br \/>Web: <a href=\"http:\/\/www.facebook.com\/Mama-Mia-Po\u017eega-674037209286103\">www.facebook.com\/Mama-Mia-Po\u017eega-674037209286103<\/a><br \/>E-mail:<br \/>Tel.: 00385 (0)34 275 900<\/p>\n<p><strong>Catering: Funky Food<\/strong><\/p>\n<p>Address: Ul. dr. Franje Tu\u0111mana 10, 34000 Po\u017eega<br \/>Web: <span><a href=\"http:\/\/www.funky-food.hr\">www.funky-food.hr<br \/><\/a><\/span>E-mail: <span><a href=\"mailto:nikola@funky-food.hr\">nikola@funky-food.hr<br \/><\/a><\/span>Tel.: 00385 (0)98 9274 925<\/p>\n<p><strong>_____<\/strong><\/p>\n<p><strong>Restaurtant &amp; catering Marta<\/strong><\/p>\n<p>Address:, 34000 Po\u017eega<br \/>Web: <span><a href=\"https:\/\/restoran-i-catering-marta.business.site\">https:\/\/restoran-i-catering-marta.business.site<br \/><\/a><\/span>Tel.: 00385 (0)34 201 501<\/p>\n<p><strong>_____<\/strong><\/p>\n<p><strong>Bistro \u201eLedi\u0107 catering\u201c<\/strong><\/p>\n<p>Address: Njema\u010dka ulica 11, 34000 Po\u017eega<br \/>Web: <span><a href=\"https:\/\/www.facebook.com\/Bistro-Ledi%C4%87-Catering-690318998004423\">https:\/\/www.facebook.com\/Bistro-Ledi%C4%87-Catering-690318998004423<br \/><\/a><\/span>Tel.: 00385 (0)99 411 4119<\/p>\n<p><strong>_____<\/strong><\/p>\n<p><strong>Catering: Pizza i grill Platinum<\/strong><\/p>\n<p>Address: Cehovska 8, 34000 Po\u017eega<br \/>Web: <span><a href=\"https:\/\/www.facebook.com\/platinumgrillpozega\/?fref=ts\">https:\/\/www.facebook.com\/platinumgrillpozega\/?fref=ts<br \/><\/a><\/span>E-mail: <span><a href=\"mailto:platinum@mediain.hr\">platinum@mediain.hr<br \/><\/a><\/span>Tel.: 00385 (0)34 <span>252 555<\/span><\/p>\n<p><strong>_____<\/strong><\/p>\n<p><strong>Catering: Restaurtant \u201eZlatni Lug\u201c<\/strong><\/p>\n<p>Address: Donji Emovci 32, 34000 Po\u017eega<br \/>Web: <a href=\"http:\/\/www.zlatnilug.hr\">www.zlatnilug.hr<\/a><br \/>E-mail: <span><a href=\"mailto:prenociste@zlatnilug.hr\">prenociste@zlatnilug.hr<br \/><\/a><\/span>Tel.: 00385 (0)34 472 483<\/p>\n<p><strong>_____<\/strong><\/p>\n<p><span><strong>Catering: Snack bar &#8211; minipizzeria \u201eDami\u201c<\/strong><\/span><\/p>\n<p>Address: Hrvatskih branitelja 1a, 34000 Po\u017eega<br \/>Web: <span><a href=\"http:\/\/www.dami.hr\">www.dami.hr<br \/><\/a><\/span>E-mail: <span><a href=\"mailto:info@dami.hr\">info@dami.hr<br \/><\/a><\/span>Tel.: 00385 (0)34 311 011<\/p>\n<p><strong>_____<\/strong><\/p>\n<p><strong>Catering Bilburger LaGarage<\/strong><\/p>\n<p><span>Address<\/span>: Ul. bana Josipa Jela\u010di\u0107a 98, 34000, Po\u017eega<br \/><span>Telefon<\/span>: <span>034 281 078<\/span><\/p>\n<p>[\/et_pb_tab][et_pb_tab title=&#8221;Agencies&#8221; _builder_version=&#8221;4.16&#8243; _module_preset=&#8221;default&#8221; global_colors_info=&#8221;{}&#8221;]<\/p>\n<p><strong>Teambuilding: <\/strong><strong>\u201eZlatni Lug\u201c<\/strong><u><\/u><\/p>\n<p>Address: Donji Emovci 32, 34000 Po\u017eega<br \/>Web: <span><a href=\"http:\/\/www.zlatnilug.hr\">www.zlatnilug.hr<br \/><\/a><\/span>E-mail: <span><a href=\"mailto:prenociste@zlatnilug.hr\">prenociste@zlatnilug.hr<\/a><\/span><br \/>Tel.: 00385 (0)34 472 483<\/p>\n<p>______<\/p>\n<p><strong>Luks Bike Adventure<\/strong><\/p>\n<p>Address: Ulica Franje Cirakija 2, 34000 Po\u017eega<br \/>Web: <span><a href=\"http:\/\/luks-pz.net\/team-building-izlet-u-srcu-slavonije\">http:\/\/luks-pz.net\/team-building-izlet-u-srcu-slavonije<br \/><\/a><\/span>E-mail: <span><a href=\"mailto:info@luks-pz.net\">info@luks-pz.net<br \/><\/a><\/span>Tel.: 00385 (0)34 312 588<\/p>\n<p>&nbsp;<\/p>\n<p>[\/et_pb_tab][\/et_pb_tabs][\/et_pb_column][\/et_pb_row][\/et_pb_section]<\/p>\n","protected":false},"excerpt":{"rendered":"<p>Spoj ugodnog s korisnim? Po\u017eega je grad idealan za naoko nespojivo, rad i u\u017eitak u odmoru daleko od buke velegrada ili razvikanog kongresnog sredi\u0161ta. <\/p>\n","protected":false},"author":1,"featured_media":3654,"parent":0,"menu_order":0,"comment_status":"closed","ping_status":"closed","template":"","meta":{"_acf_changed":false,"_et_pb_use_builder":"on","_et_pb_old_content":"","_et_gb_content_width":"","footnotes":""},"class_list":["post-3652","page","type-page","status-publish","has-post-thumbnail","hentry"],"acf":[],"yoast_head":"<!-- This site is optimized with the Yoast SEO plugin v25.7 - https:\/\/yoast.com\/wordpress\/plugins\/seo\/ -->\n<title>Work &amp; Relax - Po\u017eega Tourist board<\/title>\n<meta name=\"description\" content=\"Spoj ugodnog s korisnim? Po\u017eega je grad idealan za naoko nespojivo, rad i u\u017eitak u odmoru daleko od buke velegrada ili razvikanog kongresnog sredi\u0161ta.\" \/>\n<meta name=\"robots\" content=\"index, follow, max-snippet:-1, max-image-preview:large, max-video-preview:-1\" \/>\n<link rel=\"canonical\" href=\"http:\/\/pozega-tz.hr\/en\/radi-uzivaj\/\" \/>\n<meta property=\"og:locale\" content=\"en_US\" \/>\n<meta property=\"og:type\" content=\"article\" \/>\n<meta property=\"og:title\" content=\"Work &amp; Relax - Po\u017eega Tourist board\" \/>\n<meta property=\"og:description\" content=\"Spoj ugodnog s korisnim? Po\u017eega je grad idealan za naoko nespojivo, rad i u\u017eitak u odmoru daleko od buke velegrada ili razvikanog kongresnog sredi\u0161ta.\" \/>\n<meta property=\"og:url\" content=\"http:\/\/pozega-tz.hr\/en\/radi-uzivaj\/\" \/>\n<meta property=\"og:site_name\" content=\"Po\u017eega Tourist board\" \/>\n<meta property=\"article:modified_time\" content=\"2026-01-27T23:49:08+00:00\" \/>\n<meta property=\"og:image\" content=\"http:\/\/pozega-tz.hr\/en\/wp-content\/uploads\/2021\/03\/pexels-photo-601170.jpeg\" \/>\n\t<meta property=\"og:image:width\" content=\"1124\" \/>\n\t<meta property=\"og:image:height\" content=\"750\" \/>\n\t<meta property=\"og:image:type\" content=\"image\/jpeg\" \/>\n<meta name=\"twitter:card\" content=\"summary_large_image\" \/>\n<meta name=\"twitter:label1\" content=\"Est. reading time\" \/>\n\t<meta name=\"twitter:data1\" content=\"6 minutes\" \/>\n<script type=\"application\/ld+json\" class=\"yoast-schema-graph\">{\"@context\":\"https:\/\/schema.org\",\"@graph\":[{\"@type\":\"WebPage\",\"@id\":\"http:\/\/pozega-tz.hr\/en\/radi-uzivaj\/\",\"url\":\"http:\/\/pozega-tz.hr\/en\/radi-uzivaj\/\",\"name\":\"Work & Relax - Po\u017eega Tourist board\",\"isPartOf\":{\"@id\":\"https:\/\/pozega-tz.hr\/en\/#website\"},\"primaryImageOfPage\":{\"@id\":\"http:\/\/pozega-tz.hr\/en\/radi-uzivaj\/#primaryimage\"},\"image\":{\"@id\":\"http:\/\/pozega-tz.hr\/en\/radi-uzivaj\/#primaryimage\"},\"thumbnailUrl\":\"http:\/\/pozega-tz.hr\/en\/wp-content\/uploads\/2021\/03\/pexels-photo-601170.jpeg\",\"datePublished\":\"2021-03-06T10:33:08+00:00\",\"dateModified\":\"2026-01-27T23:49:08+00:00\",\"description\":\"Spoj ugodnog s korisnim? Po\u017eega je grad idealan za naoko nespojivo, rad i u\u017eitak u odmoru daleko od buke velegrada ili razvikanog kongresnog sredi\u0161ta.\",\"inLanguage\":\"en-US\",\"potentialAction\":[{\"@type\":\"ReadAction\",\"target\":[\"http:\/\/pozega-tz.hr\/en\/radi-uzivaj\/\"]}]},{\"@type\":\"ImageObject\",\"inLanguage\":\"en-US\",\"@id\":\"http:\/\/pozega-tz.hr\/en\/radi-uzivaj\/#primaryimage\",\"url\":\"http:\/\/pozega-tz.hr\/en\/wp-content\/uploads\/2021\/03\/pexels-photo-601170.jpeg\",\"contentUrl\":\"http:\/\/pozega-tz.hr\/en\/wp-content\/uploads\/2021\/03\/pexels-photo-601170.jpeg\",\"width\":1124,\"height\":750},{\"@type\":\"WebSite\",\"@id\":\"https:\/\/pozega-tz.hr\/en\/#website\",\"url\":\"https:\/\/pozega-tz.hr\/en\/\",\"name\":\"Po\u017eega Tourist board\",\"description\":\"Brda&amp;Doline\",\"potentialAction\":[{\"@type\":\"SearchAction\",\"target\":{\"@type\":\"EntryPoint\",\"urlTemplate\":\"https:\/\/pozega-tz.hr\/en\/?s={search_term_string}\"},\"query-input\":{\"@type\":\"PropertyValueSpecification\",\"valueRequired\":true,\"valueName\":\"search_term_string\"}}],\"inLanguage\":\"en-US\"}]}<\/script>\n<!-- \/ Yoast SEO plugin. -->","yoast_head_json":{"title":"Work & Relax - Po\u017eega Tourist board","description":"Spoj ugodnog s korisnim? Po\u017eega je grad idealan za naoko nespojivo, rad i u\u017eitak u odmoru daleko od buke velegrada ili razvikanog kongresnog sredi\u0161ta.","robots":{"index":"index","follow":"follow","max-snippet":"max-snippet:-1","max-image-preview":"max-image-preview:large","max-video-preview":"max-video-preview:-1"},"canonical":"http:\/\/pozega-tz.hr\/en\/radi-uzivaj\/","og_locale":"en_US","og_type":"article","og_title":"Work & Relax - Po\u017eega Tourist board","og_description":"Spoj ugodnog s korisnim? Po\u017eega je grad idealan za naoko nespojivo, rad i u\u017eitak u odmoru daleko od buke velegrada ili razvikanog kongresnog sredi\u0161ta.","og_url":"http:\/\/pozega-tz.hr\/en\/radi-uzivaj\/","og_site_name":"Po\u017eega Tourist board","article_modified_time":"2026-01-27T23:49:08+00:00","og_image":[{"width":1124,"height":750,"url":"http:\/\/pozega-tz.hr\/en\/wp-content\/uploads\/2021\/03\/pexels-photo-601170.jpeg","type":"image\/jpeg"}],"twitter_card":"summary_large_image","twitter_misc":{"Est. reading time":"6 minutes"},"schema":{"@context":"https:\/\/schema.org","@graph":[{"@type":"WebPage","@id":"http:\/\/pozega-tz.hr\/en\/radi-uzivaj\/","url":"http:\/\/pozega-tz.hr\/en\/radi-uzivaj\/","name":"Work & Relax - Po\u017eega Tourist board","isPartOf":{"@id":"https:\/\/pozega-tz.hr\/en\/#website"},"primaryImageOfPage":{"@id":"http:\/\/pozega-tz.hr\/en\/radi-uzivaj\/#primaryimage"},"image":{"@id":"http:\/\/pozega-tz.hr\/en\/radi-uzivaj\/#primaryimage"},"thumbnailUrl":"http:\/\/pozega-tz.hr\/en\/wp-content\/uploads\/2021\/03\/pexels-photo-601170.jpeg","datePublished":"2021-03-06T10:33:08+00:00","dateModified":"2026-01-27T23:49:08+00:00","description":"Spoj ugodnog s korisnim? Po\u017eega je grad idealan za naoko nespojivo, rad i u\u017eitak u odmoru daleko od buke velegrada ili razvikanog kongresnog sredi\u0161ta.","inLanguage":"en-US","potentialAction":[{"@type":"ReadAction","target":["http:\/\/pozega-tz.hr\/en\/radi-uzivaj\/"]}]},{"@type":"ImageObject","inLanguage":"en-US","@id":"http:\/\/pozega-tz.hr\/en\/radi-uzivaj\/#primaryimage","url":"http:\/\/pozega-tz.hr\/en\/wp-content\/uploads\/2021\/03\/pexels-photo-601170.jpeg","contentUrl":"http:\/\/pozega-tz.hr\/en\/wp-content\/uploads\/2021\/03\/pexels-photo-601170.jpeg","width":1124,"height":750},{"@type":"WebSite","@id":"https:\/\/pozega-tz.hr\/en\/#website","url":"https:\/\/pozega-tz.hr\/en\/","name":"Po\u017eega Tourist board","description":"Brda&amp;Doline","potentialAction":[{"@type":"SearchAction","target":{"@type":"EntryPoint","urlTemplate":"https:\/\/pozega-tz.hr\/en\/?s={search_term_string}"},"query-input":{"@type":"PropertyValueSpecification","valueRequired":true,"valueName":"search_term_string"}}],"inLanguage":"en-US"}]}},"_links":{"self":[{"href":"http:\/\/pozega-tz.hr\/en\/wp-json\/wp\/v2\/pages\/3652","targetHints":{"allow":["GET"]}}],"collection":[{"href":"http:\/\/pozega-tz.hr\/en\/wp-json\/wp\/v2\/pages"}],"about":[{"href":"http:\/\/pozega-tz.hr\/en\/wp-json\/wp\/v2\/types\/page"}],"author":[{"embeddable":true,"href":"http:\/\/pozega-tz.hr\/en\/wp-json\/wp\/v2\/users\/1"}],"replies":[{"embeddable":true,"href":"http:\/\/pozega-tz.hr\/en\/wp-json\/wp\/v2\/comments?post=3652"}],"version-history":[{"count":17,"href":"http:\/\/pozega-tz.hr\/en\/wp-json\/wp\/v2\/pages\/3652\/revisions"}],"predecessor-version":[{"id":8126,"href":"http:\/\/pozega-tz.hr\/en\/wp-json\/wp\/v2\/pages\/3652\/revisions\/8126"}],"wp:featuredmedia":[{"embeddable":true,"href":"http:\/\/pozega-tz.hr\/en\/wp-json\/wp\/v2\/media\/3654"}],"wp:attachment":[{"href":"http:\/\/pozega-tz.hr\/en\/wp-json\/wp\/v2\/media?parent=3652"}],"curies":[{"name":"wp","href":"https:\/\/api.w.org\/{rel}","templated":true}]}}